{"id":1642,"date":"2021-04-07T11:28:47","date_gmt":"2021-04-07T18:28:47","guid":{"rendered":"https:\/\/alps.edu\/?page_id=1642"},"modified":"2021-04-07T13:03:14","modified_gmt":"2021-04-07T20:03:14","slug":"englisch-lernen-seattle-taiwan","status":"publish","type":"page","link":"https:\/\/alps.edu\/de\/study-english-seattle-taiwan\/","title":{"rendered":"\u5728\u7f8e\u570b\u897f\u96c5\u5716\u5b78\u7fd2\u82f1\u8a9e"},"content":{"rendered":"<div data-elementor-type=\"wp-page\" data-elementor-id=\"1642\" class=\"elementor elementor-1642\" data-elementor-post-type=\"page\">\n\t\t\t\t\t\t<section data-particle_enable=\"false\" data-particle-mobile-disabled=\"false\" class=\"elementor-section elementor-top-section elementor-element elementor-element-61e48a3 elementor-section-boxed elementor-section-height-default elementor-section-height-default\" data-id=\"61e48a3\" data-element_type=\"section\" data-e-type=\"section\">\n\t\t\t\t\t\t<div class=\"elementor-container elementor-column-gap-default\">\n\t\t\t\t\t<div class=\"elementor-column elementor-col-50 elementor-top-column elementor-element elementor-element-904a38e\" data-id=\"904a38e\" data-element_type=\"column\" data-e-type=\"column\">\n\t\t\t<div class=\"elementor-widget-wrap elementor-element-populated\">\n\t\t\t\t\t\t<div class=\"elementor-element elementor-element-24315e0 elementor-widget elementor-widget-text-editor\" data-id=\"24315e0\" data-element_type=\"widget\" data-e-type=\"widget\" data-widget_type=\"text-editor.default\">\n\t\t\t\t<div class=\"elementor-widget-container\">\n\t\t\t\t\t\t\t\t\t<h1 style=\"text-align: center;\"><strong><a href=\"https:\/\/alps.edu\/zh\/\" target=\"_blank\" rel=\"noopener\">ALPS\u8a9e\u8a00\u5b78\u6821<\/a><\/strong><br \/>\u7f8e\u570b\u897f\u96c5\u5716\u6210\u4eba\u82f1\u8a9e\u8ab2<\/h1><h2>\u8ab2\u7a0b\u4ecb\u7d39<\/h2><p><strong><a href=\"https:\/\/alps.edu\/zh\/courses\/\" target=\"_blank\" rel=\"noopener\">\u5718\u9ad4\u8ab2\u7a0b<\/a><\/strong><\/p><p>\u5c0f\u73ed\u6559\u5b78(\u6700\u591a8\u4eba)<\/p><p><strong>\u807d\u8207\u8aaa<\/strong>\u7684\u8a13\u7df4\u5305\u542b\u82f1\u8a9e\u7684\u807d\u8207\u8aaa\u7684\u7df4\u7fd2\u5916, \u4e5f\u5305\u542b\u4e86\u6587\u6cd5, \u95b1\u8b80\u8207\u5beb\u4f5c\u7684\u529f\u8ab2, \u9078\u4fee\u8ab2\u7a0b\u5247\u6709\u7247\u8a9e\u3001\u8afa\u8a9e\u3001\u65e5\u5e38\u751f\u6d3b\u82f1\u8a9e\uff0c\u7d1a\u6578\u7531\u521d\u7d1a\u81f3\u9ad8\u7d1a\u3002<\/p><p><strong>\u95b1\u8b80\u8207\u5beb\u4f5c\u3001\u6258\u798f\u8207\u591a\u76ca\u6e96\u5099\u8ab2\u7a0b<\/strong>\u7d1a\u6578\u7531\u521d\u7d1a\u81f3\u9ad8\u7d1a.<\/p><hr \/><p><a href=\"https:\/\/alps.edu\/zh\/housing\/\" target=\"_blank\" rel=\"noopener\"><strong>\u4f4f\u5bbf\u548c\u63a5\u6a5f\u670d\u52d9<\/strong><\/a><\/p><p>ALPS \u2013 \u4e00\u500b\u7368\u7acb\u7684\u4f4f\u5bbf\u5bb6\u5ead\u7d44\u7e54.\u8a72\u7d44\u7e54\u8207ALPS\u8a9e\u8a00\u5b78\u6821\u70ba\u4e0d\u540c\u7684\u7d44\u7e54.\u4ed6\u5011\u5b89\u6392\u5b78\u751f\u4f4f\u5728\u7f8e\u570b\u4eba\u5bb6\u88cf\u6216\u516c\u5bd3\u88e1\u9762.\u5927\u591a\u6578\u7684\u5b78\u751f\u504f\u611b\u4f4f\u5728\u7f8e\u570b\u4eba\u5bb6\u88cf,\u56e0\u70ba\u9019\u7a2e\u65b9\u5f0f\u662f\u53ef\u4ee5\u8b93\u4ed6\u5011\u4e00\u9762\u7d93\u6b77\u7f8e\u570b\u6587\u5316\u548c\u4e00\u9762\u7df4\u7fd2\u82f1\u8a9e\u7684\u826f\u597d\u7ba1\u9053.<\/p><p>\u8a72\u7d44\u7e54\u901a\u5e38\u4ee5\u53cb\u5584\u3001\u71b1\u8aa0\u548c\u8ca0\u8cac\u4efb\u7684\u6a19\u6e96\u4f86\u7be9\u9078\u4f4f\u5bbf\u5bb6\u5ead, \u5118\u53ef\u80fd\u7684\u5b89\u6392\u8207\u5b78\u751f\u5011\u6709\u76f8\u540c\u8208\u8da3\u7684\u4f4f\u5bbf\u5bb6\u5ead\u540c\u4f4f.<\/p><p>\u5728\u4f4f\u5bbf\u5bb6\u5ead\u4e2d, \u4f4f\u5bbf\u5bb6\u5ead\u6309\u6708\u6536\u8cbb\u7684\u63d0\u4f9b\u5b78\u751f\u7368\u7acb\u4f7f\u7528\u7684\u623f\u9593\u548c\u4f19\u98df, \u5b78\u751f\u5011\u88ab\u9f13\u52f5\u53c3\u52a0\u5bb6\u5ead\u7684\u6d3b\u52d5.\u5b78\u751f\u53ef\u80fd\u5c45\u4f4f\u5728\u4e00\u68df\u623f\u5b50\u6216\u4e00\u68df\u516c\u5bd3.\u6709\u4e9b\u5b78\u751f\u504f\u611b\u8207\u55ae\u8eab\u7684\u7f8e\u570b\u4eba\u5206\u79df\u4e00\u68df\u516c\u5bd3,\u6709\u4e9b\u5b78\u751f\u5247\u504f\u611b\u548c\u5df2\u5a5a\u7684\u592b\u5a66\u5c45\u4f4f.\u56e0\u70ba\u4f4f\u5bbf\u5bb6\u5ead\u7684\u7a2e\u985e\u7bc4\u570d\u5ee3\u6cdb,\u5b78\u751f\u80fd\u8207\u50b3\u7d71\u7684\u7f8e\u570b\u5bb6\u5ead\u5206\u4eab\u6216\u548c\u5927\u7d04\u76f8\u540c\u7684\u5e74\u9f61\u3001\u55ae\u8eab\u7684\u7f8e\u570b\u4eba\u904e\u4e00\u500b\u6bd4\u8f03\u7368\u7acb\u7684\u751f\u6d3b\u98a8\u683c\u3002\u4f4f\u5bbf\u5bb6\u5ead\u7684\u63a5\u5f85\u8005\u548c\u5b78\u751f\u90fd\u80fd\u5f9e\u6587\u5316\u7684\u4ea4\u63db\u4e2d\u7372\u76ca\u3002\u6b32\u7533\u8acb\u4f4f\u5bbf\u5bb6\u5ead\u8005\uff0c\u9808\u652f\u4ed8\u4f4f\u5bbf\u5b89\u6392\u8cbb\u548c\u6bcf\u500b\u6708\u7684\u4f4f\u5bbf\u8cbb\u8207\u4f19\u98df\u8cbb.<\/p>\t\t\t\t\t\t\t\t<\/div>\n\t\t\t\t<\/div>\n\t\t\t\t<div class=\"elementor-element elementor-element-a67e164 elementor-align-center elementor-widget elementor-widget-button\" data-id=\"a67e164\" data-element_type=\"widget\" data-e-type=\"widget\" data-widget_type=\"button.default\">\n\t\t\t\t<div class=\"elementor-widget-container\">\n\t\t\t\t\t\t\t\t\t<div class=\"elementor-button-wrapper\">\n\t\t\t\t\t<a class=\"elementor-button elementor-button-link elementor-size-xl\" href=\"https:\/\/alps.edu\/zh\/contact\/\">\n\t\t\t\t\t\t<span class=\"elementor-button-content-wrapper\">\n\t\t\t\t\t\t\t\t\t<span class=\"elementor-button-text\">\u7acb\u5373\u806f\u7d61\u6211\u5011<\/span>\n\t\t\t\t\t<\/span>\n\t\t\t\t\t<\/a>\n\t\t\t\t<\/div>\n\t\t\t\t\t\t\t\t<\/div>\n\t\t\t\t<\/div>\n\t\t\t\t<div class=\"elementor-element elementor-element-9d6b3b4 elementor-widget elementor-widget-spacer\" data-id=\"9d6b3b4\" data-element_type=\"widget\" data-e-type=\"widget\" data-widget_type=\"spacer.default\">\n\t\t\t\t<div class=\"elementor-widget-container\">\n\t\t\t\t\t\t\t<div class=\"elementor-spacer\">\n\t\t\t<div class=\"elementor-spacer-inner\"><\/div>\n\t\t<\/div>\n\t\t\t\t\t\t<\/div>\n\t\t\t\t<\/div>\n\t\t\t\t<div class=\"elementor-element elementor-element-947e6e6 elementor-cta--skin-classic elementor-animated-content elementor-bg-transform elementor-bg-transform-zoom-in elementor-widget elementor-widget-call-to-action\" data-id=\"947e6e6\" data-element_type=\"widget\" data-e-type=\"widget\" data-widget_type=\"call-to-action.default\">\n\t\t\t\t<div class=\"elementor-widget-container\">\n\t\t\t\t\t\t\t<a class=\"elementor-cta\" href=\"https:\/\/alps.edu\/zh\/prices\/\" target=\"_blank\">\n\t\t\t\t\t<div class=\"elementor-cta__bg-wrapper\">\n\t\t\t\t<div class=\"elementor-cta__bg elementor-bg\" style=\"background-image: url(https:\/\/alps.edu\/wp-content\/uploads\/2020\/07\/Seattle-Ferry-Trip-768x511.jpg);\" role=\"img\" aria-label=\"ALPS-Sch\u00fcler auf Schulaktivit\u00e4t Seattle F\u00e4hre Gruppenbild\"><\/div>\n\t\t\t\t<div class=\"elementor-cta__bg-overlay\"><\/div>\n\t\t\t<\/div>\n\t\t\t\t\t\t\t<div class=\"elementor-cta__content\">\n\t\t\t\t\n\t\t\t\t\n\t\t\t\t\n\t\t\t\t\t\t\t\t\t<div class=\"elementor-cta__button-wrapper elementor-cta__content-item elementor-content-item\">\n\t\t\t\t\t<span class=\"elementor-cta__button elementor-button elementor-size-\">\n\t\t\t\t\t\t\u50f9\u683c\t\t\t\t\t<\/span>\n\t\t\t\t\t<\/div>\n\t\t\t\t\t\t\t<\/div>\n\t\t\t\t\t\t<\/a>\n\t\t\t\t\t\t<\/div>\n\t\t\t\t<\/div>\n\t\t\t\t<div class=\"elementor-element elementor-element-6ec1604 elementor-cta--skin-classic elementor-animated-content elementor-bg-transform elementor-bg-transform-zoom-in elementor-widget elementor-widget-call-to-action\" data-id=\"6ec1604\" data-element_type=\"widget\" data-e-type=\"widget\" data-widget_type=\"call-to-action.default\">\n\t\t\t\t<div class=\"elementor-widget-container\">\n\t\t\t\t\t\t\t<a class=\"elementor-cta\" href=\"https:\/\/alps.edu\/zh\/courses\/\" target=\"_blank\">\n\t\t\t\t\t<div class=\"elementor-cta__bg-wrapper\">\n\t\t\t\t<div class=\"elementor-cta__bg elementor-bg\" style=\"background-image: url(https:\/\/alps.edu\/wp-content\/uploads\/2020\/07\/Group-1-768x606.jpg);\" role=\"img\" aria-label=\"ALPS Sch\u00fcler Aktivit\u00e4tsgruppe von Sch\u00fclern am Mount Rainier in der N\u00e4he von Seattle mit Lehrer\"><\/div>\n\t\t\t\t<div class=\"elementor-cta__bg-overlay\"><\/div>\n\t\t\t<\/div>\n\t\t\t\t\t\t\t<div class=\"elementor-cta__content\">\n\t\t\t\t\n\t\t\t\t\n\t\t\t\t\n\t\t\t\t\t\t\t\t\t<div class=\"elementor-cta__button-wrapper elementor-cta__content-item elementor-content-item\">\n\t\t\t\t\t<span class=\"elementor-cta__button elementor-button elementor-size-\">\n\t\t\t\t\t\t\u8ab2\u7a0b\u4ecb\u7d39\t\t\t\t\t<\/span>\n\t\t\t\t\t<\/div>\n\t\t\t\t\t\t\t<\/div>\n\t\t\t\t\t\t<\/a>\n\t\t\t\t\t\t<\/div>\n\t\t\t\t<\/div>\n\t\t\t\t<div class=\"elementor-element elementor-element-b4e06fb elementor-widget elementor-widget-spacer\" data-id=\"b4e06fb\" data-element_type=\"widget\" data-e-type=\"widget\" data-widget_type=\"spacer.default\">\n\t\t\t\t<div class=\"elementor-widget-container\">\n\t\t\t\t\t\t\t<div class=\"elementor-spacer\">\n\t\t\t<div class=\"elementor-spacer-inner\"><\/div>\n\t\t<\/div>\n\t\t\t\t\t\t<\/div>\n\t\t\t\t<\/div>\n\t\t\t\t\t<\/div>\n\t\t<\/div>\n\t\t\t\t<div class=\"elementor-column elementor-col-50 elementor-top-column elementor-element elementor-element-6259165\" data-id=\"6259165\" data-element_type=\"column\" data-e-type=\"column\">\n\t\t\t<div class=\"elementor-widget-wrap elementor-element-populated\">\n\t\t\t\t\t\t<div class=\"elementor-element elementor-element-7a8c06e elementor-widget elementor-widget-google_maps\" data-id=\"7a8c06e\" data-element_type=\"widget\" data-e-type=\"widget\" data-widget_type=\"google_maps.default\">\n\t\t\t\t<div class=\"elementor-widget-container\">\n\t\t\t\t\t\t\t<div class=\"elementor-custom-embed\">\n\t\t\t<iframe loading=\"lazy\"\n\t\t\t\t\tsrc=\"https:\/\/maps.google.com\/maps?q=alps%20language%20school%20430%20Broadway%20E%2C%20Seattle%2C%20WA%2098102&#038;t=m&#038;z=10&#038;output=embed&#038;iwloc=near\"\n\t\t\t\t\ttitle=\"Sprachschule der Alpen 430 Broadway E, Seattle, WA 98102\"\n\t\t\t\t\taria-label=\"Sprachschule der Alpen 430 Broadway E, Seattle, WA 98102\"\n\t\t\t><\/iframe>\n\t\t<\/div>\n\t\t\t\t\t\t<\/div>\n\t\t\t\t<\/div>\n\t\t\t\t\t<\/div>\n\t\t<\/div>\n\t\t\t\t\t<\/div>\n\t\t<\/section>\n\t\t\t\t<section data-particle_enable=\"false\" data-particle-mobile-disabled=\"false\" class=\"elementor-section elementor-top-section elementor-element elementor-element-bed8fa2 elementor-section-boxed elementor-section-height-default elementor-section-height-default\" data-id=\"bed8fa2\" data-element_type=\"section\" data-e-type=\"section\">\n\t\t\t\t\t\t<div class=\"elementor-container elementor-column-gap-default\">\n\t\t\t\t\t<div class=\"elementor-column elementor-col-100 elementor-top-column elementor-element elementor-element-1d47d2a\" data-id=\"1d47d2a\" data-element_type=\"column\" data-e-type=\"column\">\n\t\t\t<div class=\"elementor-widget-wrap\">\n\t\t\t\t\t\t\t<\/div>\n\t\t<\/div>\n\t\t\t\t\t<\/div>\n\t\t<\/section>\n\t\t\t\t<section data-particle_enable=\"false\" data-particle-mobile-disabled=\"false\" class=\"elementor-section elementor-top-section elementor-element elementor-element-ccb0408 elementor-section-boxed elementor-section-height-default elementor-section-height-default\" data-id=\"ccb0408\" data-element_type=\"section\" data-e-type=\"section\">\n\t\t\t\t\t\t<div class=\"elementor-container elementor-column-gap-default\">\n\t\t\t\t\t<div class=\"elementor-column elementor-col-100 elementor-top-column elementor-element elementor-element-f710492\" data-id=\"f710492\" data-element_type=\"column\" data-e-type=\"column\">\n\t\t\t<div class=\"elementor-widget-wrap\">\n\t\t\t\t\t\t\t<\/div>\n\t\t<\/div>\n\t\t\t\t\t<\/div>\n\t\t<\/section>\n\t\t\t\t<\/div>","protected":false},"excerpt":{"rendered":"<p>ALPS-Elektronik f\u00fcr Haushaltsger\u00e4te, Elektrowerkzeuge ... Die meisten elektronischen Ger\u00e4te sind mit integrierten elektronischen Komponenten ausgestattet, die den Computer mit einem integrierten Mikrofon verbinden, die Anzeige von Tastenanschl\u00e4gen steuern und die Anzeige von Tastenanschl\u00e4gen steuern.\u95b1\u8b80\u8207\u5beb\u4f5c,\u6258\u798f\u8207\u591a\u76ca\u6e96\u5099\u8ab2\u7a0b\u91dd\u5c0d\u9700\u8981\u5b78\u8853\u95b1\u8b80,\u5beb\u4f5c\u8207\u5b57\u5f59\u767c\u5c55\u8a13\u7df4\u7684\u5b78\u751f\u6240\u8a2d\u8a08\u7684\u8ab2\u7a0b\uff0c\u7d1a\u6578\u7531\u521d\u7d1a\u81f3\u9ad8\u7d1a. \u4f4f\u5bbf und\u63a5\u6a5f\u670d\u52d9 ALPS\u8a9e\u8a00\u5b78\u6821\u70ba\u5b78\u751f\u5b89\u6392\u4f4f\u5bbf\u5bb6\u5ead\u6216\u516c\u5bd3 \u2013 Die meisten Benutzer k\u00f6nnen die Einstellungen \u00e4ndern, indem sie auf die Schaltfl\u00e4che &quot;Neue Benutzeroberfl\u00e4che anzeigen&quot; klicken. Die ALPS-Software unterst\u00fctzt mehrere Ger\u00e4te gleichzeitig. Die meisten Benutzer k\u00f6nnen die Einstellungen \u00e4ndern, indem sie auf die Schaltfl\u00e4che &quot;Neue Benutzeroberfl\u00e4che anzeigen&quot; klicken. \u3002Die meisten Mobiltelefone sind mit einem USB-C-Anschluss ausgestattet, der \u00fcber einen USB-C-Anschluss verf\u00fcgt, der mit dem Computer verbunden ist und \u00fcber eine handels\u00fcbliche Stromversorgung verf\u00fcgt. Die meisten Benutzer haben Probleme mit der Softwareinstallation und der Softwareinstallation, da die Softwareinstallation \u00fcber einen integrierten Entwicklungscomputer mit einem integrierten Grafikprozessor erfolgt. Die meisten Computer sind mit einem integrierten Grafikprozessor ausgestattet, der die meisten Computerhardware und -software unterst\u00fctzt und die meisten Betriebssysteme unterst\u00fctzt. Die meisten Menschen sind von Natur aus sehr anf\u00e4llig f\u00fcr \u00dcberschwemmungen. Die meisten Menschen sind anf\u00e4llig f\u00fcr \u00dcberschwemmungen, die meisten Menschen sind anf\u00e4llig f\u00fcr \u00dcberschwemmungen. Die meisten Mobiltelefone sind mit einem drahtlosen Internetzugang ausgestattet, der die meisten Mobiltelefone mit einem drahtlosen Internetzugang versorgt und die meisten Mobiltelefone mit einem drahtlosen Internetzugang versorgt. Die meisten Menschen leiden unter einer schweren Herzerkrankung, die zu einer schweren Herzerkrankung f\u00fchren kann. Die meisten Menschen leiden unter einer Herzerkrankung, die zu einer schweren Herzerkrankung f\u00fchrt und zu einer schweren Herzerkrankung. Die meisten Menschen leiden unter einer Herzerkrankung, die zu einer schweren Herzerkrankung f\u00fchrt.<\/p>","protected":false},"author":2,"featured_media":844,"parent":0,"menu_order":0,"comment_status":"closed","ping_status":"closed","template":"","meta":{"_acf_changed":false,"footnotes":""},"class_list":["post-1642","page","type-page","status-publish","has-post-thumbnail","hentry"],"acf":[],"yoast_head":"<!-- This site is optimized with the Yoast SEO plugin v27.1.1 - https:\/\/yoast.com\/product\/yoast-seo-wordpress\/ -->\n<title>\u5728\u7f8e\u570b\u897f\u96c5\u5716\u5b78\u7fd2\u82f1\u8a9e - ALPS Language School<\/title>\n<meta name=\"description\" content=\"ESL \ud504\ub85c\uadf8\ub7a8 | \uc720\ucc3d\ud558\uac8c \uc601\uc5b4 \ud68c\ud654 \ubc30\uc6b0\uae30. | \ub2e8\uccb4 \ubc0f \uac1c\uc778 \uc5b8\uc5b4 \uacfc\uc815 \uc81c\uacf5. | \uc18c\uaddc\ubaa8 \uadf8\ub8f9 \uc218\uc5c5\uc73c\ub85c \uc544\uce74\ub370\ubbf9 \uc601\uc5b4\ub97c. | \ube60\ub974\uac8c \ubc30\uc6b8 \uc218 \uc788\uc2b5\ub2c8\ub2e4! \uc778\uc6d0 \ucd5c\ub300 8\uba85. | \uc9c0\uae08 \ub4f1\ub85d\ud558\uc138\uc694!\" \/>\n<meta name=\"robots\" content=\"index, follow, max-snippet:-1, max-image-preview:large, max-video-preview:-1\" \/>\n<link rel=\"canonical\" href=\"https:\/\/alps.edu\/de\/englisch-lernen-seattle-taiwan\/\" \/>\n<meta property=\"og:locale\" content=\"de_DE\" \/>\n<meta property=\"og:type\" content=\"article\" \/>\n<meta property=\"og:title\" content=\"\u5728\u7f8e\u570b\u897f\u96c5\u5716\u5b78\u7fd2\u82f1\u8a9e - ALPS Language School\" \/>\n<meta property=\"og:description\" content=\"ESL \ud504\ub85c\uadf8\ub7a8 | \uc720\ucc3d\ud558\uac8c \uc601\uc5b4 \ud68c\ud654 \ubc30\uc6b0\uae30. | \ub2e8\uccb4 \ubc0f \uac1c\uc778 \uc5b8\uc5b4 \uacfc\uc815 \uc81c\uacf5. | \uc18c\uaddc\ubaa8 \uadf8\ub8f9 \uc218\uc5c5\uc73c\ub85c \uc544\uce74\ub370\ubbf9 \uc601\uc5b4\ub97c. | \ube60\ub974\uac8c \ubc30\uc6b8 \uc218 \uc788\uc2b5\ub2c8\ub2e4! \uc778\uc6d0 \ucd5c\ub300 8\uba85. | \uc9c0\uae08 \ub4f1\ub85d\ud558\uc138\uc694!\" \/>\n<meta property=\"og:url\" content=\"https:\/\/alps.edu\/de\/englisch-lernen-seattle-taiwan\/\" \/>\n<meta property=\"og:site_name\" content=\"ALPS Language School\" \/>\n<meta property=\"article:publisher\" content=\"https:\/\/www.facebook.com\/ALPS.Language.School\/\" \/>\n<meta property=\"article:modified_time\" content=\"2021-04-07T20:03:14+00:00\" \/>\n<meta property=\"og:image\" content=\"https:\/\/alps.edu\/wp-content\/uploads\/2020\/07\/Home-AND-Contact-scaled-e1594793791165.jpg\" \/>\n\t<meta property=\"og:image:width\" content=\"1600\" \/>\n\t<meta property=\"og:image:height\" content=\"1066\" \/>\n\t<meta property=\"og:image:type\" content=\"image\/jpeg\" \/>\n<meta name=\"twitter:card\" content=\"summary_large_image\" \/>\n<meta name=\"twitter:site\" content=\"@ALPS_School\" \/>\n<meta name=\"twitter:label1\" content=\"Gesch\u00e4tzte Lesezeit\" \/>\n\t<meta name=\"twitter:data1\" content=\"1\u00a0Minute\" \/>\n<script type=\"application\/ld+json\" class=\"yoast-schema-graph\">{\"@context\":\"https:\/\/schema.org\",\"@graph\":[{\"@type\":\"WebPage\",\"@id\":\"https:\/\/alps.edu\/study-english-seattle-taiwan\/\",\"url\":\"https:\/\/alps.edu\/study-english-seattle-taiwan\/\",\"name\":\"\u5728\u7f8e\u570b\u897f\u96c5\u5716\u5b78\u7fd2\u82f1\u8a9e - ALPS Language School\",\"isPartOf\":{\"@id\":\"https:\/\/alps.edu\/#website\"},\"primaryImageOfPage\":{\"@id\":\"https:\/\/alps.edu\/study-english-seattle-taiwan\/#primaryimage\"},\"image\":{\"@id\":\"https:\/\/alps.edu\/study-english-seattle-taiwan\/#primaryimage\"},\"thumbnailUrl\":\"https:\/\/alps.edu\/wp-content\/uploads\/2020\/07\/Home-AND-Contact-scaled-e1594793791165.jpg\",\"datePublished\":\"2021-04-07T18:28:47+00:00\",\"dateModified\":\"2021-04-07T20:03:14+00:00\",\"description\":\"ESL \ud504\ub85c\uadf8\ub7a8 | \uc720\ucc3d\ud558\uac8c \uc601\uc5b4 \ud68c\ud654 \ubc30\uc6b0\uae30. | \ub2e8\uccb4 \ubc0f \uac1c\uc778 \uc5b8\uc5b4 \uacfc\uc815 \uc81c\uacf5. | \uc18c\uaddc\ubaa8 \uadf8\ub8f9 \uc218\uc5c5\uc73c\ub85c \uc544\uce74\ub370\ubbf9 \uc601\uc5b4\ub97c. | \ube60\ub974\uac8c \ubc30\uc6b8 \uc218 \uc788\uc2b5\ub2c8\ub2e4! \uc778\uc6d0 \ucd5c\ub300 8\uba85. | \uc9c0\uae08 \ub4f1\ub85d\ud558\uc138\uc694!\",\"breadcrumb\":{\"@id\":\"https:\/\/alps.edu\/study-english-seattle-taiwan\/#breadcrumb\"},\"inLanguage\":\"de\",\"potentialAction\":[{\"@type\":\"ReadAction\",\"target\":[\"https:\/\/alps.edu\/study-english-seattle-taiwan\/\"]}]},{\"@type\":\"ImageObject\",\"inLanguage\":\"de\",\"@id\":\"https:\/\/alps.edu\/study-english-seattle-taiwan\/#primaryimage\",\"url\":\"https:\/\/alps.edu\/wp-content\/uploads\/2020\/07\/Home-AND-Contact-scaled-e1594793791165.jpg\",\"contentUrl\":\"https:\/\/alps.edu\/wp-content\/uploads\/2020\/07\/Home-AND-Contact-scaled-e1594793791165.jpg\",\"width\":1600,\"height\":1066},{\"@type\":\"BreadcrumbList\",\"@id\":\"https:\/\/alps.edu\/study-english-seattle-taiwan\/#breadcrumb\",\"itemListElement\":[{\"@type\":\"ListItem\",\"position\":1,\"name\":\"Home\",\"item\":\"https:\/\/alps.edu\/\"},{\"@type\":\"ListItem\",\"position\":2,\"name\":\"\u5728\u7f8e\u570b\u897f\u96c5\u5716\u5b78\u7fd2\u82f1\u8a9e\"}]},{\"@type\":\"WebSite\",\"@id\":\"https:\/\/alps.edu\/#website\",\"url\":\"https:\/\/alps.edu\/\",\"name\":\"ALPS Language School\",\"description\":\"Seattle English Classes for Adults\",\"publisher\":{\"@id\":\"https:\/\/alps.edu\/#organization\"},\"potentialAction\":[{\"@type\":\"SearchAction\",\"target\":{\"@type\":\"EntryPoint\",\"urlTemplate\":\"https:\/\/alps.edu\/?s={search_term_string}\"},\"query-input\":{\"@type\":\"PropertyValueSpecification\",\"valueRequired\":true,\"valueName\":\"search_term_string\"}}],\"inLanguage\":\"de\"},{\"@type\":\"Organization\",\"@id\":\"https:\/\/alps.edu\/#organization\",\"name\":\"ALPS Language School\",\"url\":\"https:\/\/alps.edu\/\",\"logo\":{\"@type\":\"ImageObject\",\"inLanguage\":\"de\",\"@id\":\"https:\/\/alps.edu\/#\/schema\/logo\/image\/\",\"url\":\"https:\/\/alps.edu\/wp-content\/uploads\/2020\/04\/alps-logo.png\",\"contentUrl\":\"https:\/\/alps.edu\/wp-content\/uploads\/2020\/04\/alps-logo.png\",\"width\":256,\"height\":181,\"caption\":\"ALPS Language School\"},\"image\":{\"@id\":\"https:\/\/alps.edu\/#\/schema\/logo\/image\/\"},\"sameAs\":[\"https:\/\/www.facebook.com\/ALPS.Language.School\/\",\"https:\/\/x.com\/ALPS_School\",\"https:\/\/www.linkedin.com\/school\/alps-language-school\/\"]}]}<\/script>\n<!-- \/ Yoast SEO plugin. -->","yoast_head_json":{"title":"\u5728\u7f8e\u570b\u897f\u96c5\u5716\u5b78\u7fd2\u82f1\u8a9e - ALPS Language School","description":"ESL-Schulung | \uc720\ucc3d\ud558\uac8c \uc601\uc5b4 \ud68c\ud654 \ubc30\uc6b0\uae30. | \ub2e8\uccb4 \ubc0f \uac1c\uc778 \uc5b8\uc5b4 \uacfc\uc815 \uc81c\uacf5. | \uc18c\uaddc\ubaa8 \uadf8\ub8f9 \uc218\uc5c5\uc73c\ub85c \uc544\uce74\ub370\ubbf9 \uc601\uc5b4\ub97c. | Ich liebe dich! Vor 8 Monaten. | Keine Sorge!","robots":{"index":"index","follow":"follow","max-snippet":"max-snippet:-1","max-image-preview":"max-image-preview:large","max-video-preview":"max-video-preview:-1"},"canonical":"https:\/\/alps.edu\/de\/englisch-lernen-seattle-taiwan\/","og_locale":"de_DE","og_type":"article","og_title":"\u5728\u7f8e\u570b\u897f\u96c5\u5716\u5b78\u7fd2\u82f1\u8a9e - ALPS Language School","og_description":"ESL \ud504\ub85c\uadf8\ub7a8 | \uc720\ucc3d\ud558\uac8c \uc601\uc5b4 \ud68c\ud654 \ubc30\uc6b0\uae30. | \ub2e8\uccb4 \ubc0f \uac1c\uc778 \uc5b8\uc5b4 \uacfc\uc815 \uc81c\uacf5. | \uc18c\uaddc\ubaa8 \uadf8\ub8f9 \uc218\uc5c5\uc73c\ub85c \uc544\uce74\ub370\ubbf9 \uc601\uc5b4\ub97c. | \ube60\ub974\uac8c \ubc30\uc6b8 \uc218 \uc788\uc2b5\ub2c8\ub2e4! \uc778\uc6d0 \ucd5c\ub300 8\uba85. | \uc9c0\uae08 \ub4f1\ub85d\ud558\uc138\uc694!","og_url":"https:\/\/alps.edu\/de\/englisch-lernen-seattle-taiwan\/","og_site_name":"ALPS Language School","article_publisher":"https:\/\/www.facebook.com\/ALPS.Language.School\/","article_modified_time":"2021-04-07T20:03:14+00:00","og_image":[{"width":1600,"height":1066,"url":"https:\/\/alps.edu\/wp-content\/uploads\/2020\/07\/Home-AND-Contact-scaled-e1594793791165.jpg","type":"image\/jpeg"}],"twitter_card":"summary_large_image","twitter_site":"@ALPS_School","twitter_misc":{"Gesch\u00e4tzte Lesezeit":"1\u00a0Minute"},"schema":{"@context":"https:\/\/schema.org","@graph":[{"@type":"WebPage","@id":"https:\/\/alps.edu\/study-english-seattle-taiwan\/","url":"https:\/\/alps.edu\/study-english-seattle-taiwan\/","name":"\u5728\u7f8e\u570b\u897f\u96c5\u5716\u5b78\u7fd2\u82f1\u8a9e - ALPS Language School","isPartOf":{"@id":"https:\/\/alps.edu\/#website"},"primaryImageOfPage":{"@id":"https:\/\/alps.edu\/study-english-seattle-taiwan\/#primaryimage"},"image":{"@id":"https:\/\/alps.edu\/study-english-seattle-taiwan\/#primaryimage"},"thumbnailUrl":"https:\/\/alps.edu\/wp-content\/uploads\/2020\/07\/Home-AND-Contact-scaled-e1594793791165.jpg","datePublished":"2021-04-07T18:28:47+00:00","dateModified":"2021-04-07T20:03:14+00:00","description":"ESL-Schulung | \uc720\ucc3d\ud558\uac8c \uc601\uc5b4 \ud68c\ud654 \ubc30\uc6b0\uae30. | \ub2e8\uccb4 \ubc0f \uac1c\uc778 \uc5b8\uc5b4 \uacfc\uc815 \uc81c\uacf5. | \uc18c\uaddc\ubaa8 \uadf8\ub8f9 \uc218\uc5c5\uc73c\ub85c \uc544\uce74\ub370\ubbf9 \uc601\uc5b4\ub97c. | Ich liebe dich! Vor 8 Monaten. | Keine Sorge!","breadcrumb":{"@id":"https:\/\/alps.edu\/study-english-seattle-taiwan\/#breadcrumb"},"inLanguage":"de","potentialAction":[{"@type":"ReadAction","target":["https:\/\/alps.edu\/study-english-seattle-taiwan\/"]}]},{"@type":"ImageObject","inLanguage":"de","@id":"https:\/\/alps.edu\/study-english-seattle-taiwan\/#primaryimage","url":"https:\/\/alps.edu\/wp-content\/uploads\/2020\/07\/Home-AND-Contact-scaled-e1594793791165.jpg","contentUrl":"https:\/\/alps.edu\/wp-content\/uploads\/2020\/07\/Home-AND-Contact-scaled-e1594793791165.jpg","width":1600,"height":1066},{"@type":"BreadcrumbList","@id":"https:\/\/alps.edu\/study-english-seattle-taiwan\/#breadcrumb","itemListElement":[{"@type":"ListItem","position":1,"name":"Home","item":"https:\/\/alps.edu\/"},{"@type":"ListItem","position":2,"name":"\u5728\u7f8e\u570b\u897f\u96c5\u5716\u5b78\u7fd2\u82f1\u8a9e"}]},{"@type":"WebSite","@id":"https:\/\/alps.edu\/#website","url":"https:\/\/alps.edu\/","name":"ALPS Sprachschule","description":"Seattle Englischkurse f\u00fcr Erwachsene","publisher":{"@id":"https:\/\/alps.edu\/#organization"},"potentialAction":[{"@type":"SearchAction","target":{"@type":"EntryPoint","urlTemplate":"https:\/\/alps.edu\/?s={search_term_string}"},"query-input":{"@type":"PropertyValueSpecification","valueRequired":true,"valueName":"search_term_string"}}],"inLanguage":"de"},{"@type":"Organization","@id":"https:\/\/alps.edu\/#organization","name":"ALPS Sprachschule","url":"https:\/\/alps.edu\/","logo":{"@type":"ImageObject","inLanguage":"de","@id":"https:\/\/alps.edu\/#\/schema\/logo\/image\/","url":"https:\/\/alps.edu\/wp-content\/uploads\/2020\/04\/alps-logo.png","contentUrl":"https:\/\/alps.edu\/wp-content\/uploads\/2020\/04\/alps-logo.png","width":256,"height":181,"caption":"ALPS Language School"},"image":{"@id":"https:\/\/alps.edu\/#\/schema\/logo\/image\/"},"sameAs":["https:\/\/www.facebook.com\/ALPS.Language.School\/","https:\/\/x.com\/ALPS_School","https:\/\/www.linkedin.com\/school\/alps-language-school\/"]}]}},"_links":{"self":[{"href":"https:\/\/alps.edu\/de\/wp-json\/wp\/v2\/pages\/1642","targetHints":{"allow":["GET"]}}],"collection":[{"href":"https:\/\/alps.edu\/de\/wp-json\/wp\/v2\/pages"}],"about":[{"href":"https:\/\/alps.edu\/de\/wp-json\/wp\/v2\/types\/page"}],"author":[{"embeddable":true,"href":"https:\/\/alps.edu\/de\/wp-json\/wp\/v2\/users\/2"}],"replies":[{"embeddable":true,"href":"https:\/\/alps.edu\/de\/wp-json\/wp\/v2\/comments?post=1642"}],"version-history":[{"count":7,"href":"https:\/\/alps.edu\/de\/wp-json\/wp\/v2\/pages\/1642\/revisions"}],"predecessor-version":[{"id":1657,"href":"https:\/\/alps.edu\/de\/wp-json\/wp\/v2\/pages\/1642\/revisions\/1657"}],"wp:featuredmedia":[{"embeddable":true,"href":"https:\/\/alps.edu\/de\/wp-json\/wp\/v2\/media\/844"}],"wp:attachment":[{"href":"https:\/\/alps.edu\/de\/wp-json\/wp\/v2\/media?parent=1642"}],"curies":[{"name":"wp","href":"https:\/\/api.w.org\/{rel}","templated":true}]}}