{"id":1383,"date":"2020-09-18T12:22:11","date_gmt":"2020-09-18T19:22:11","guid":{"rendered":"https:\/\/alps.edu\/?page_id=1383"},"modified":"2026-03-23T15:25:02","modified_gmt":"2026-03-23T22:25:02","slug":"gracias-inicial-f-1","status":"publish","type":"page","link":"https:\/\/alps.edu\/es\/thank-you-initial-f-1\/","title":{"rendered":"Gracias"},"content":{"rendered":"<div data-elementor-type=\"wp-page\" data-elementor-id=\"1383\" class=\"elementor elementor-1383\" data-elementor-post-type=\"page\">\n\t\t\t\t\t\t<section data-particle_enable=\"false\" data-particle-mobile-disabled=\"false\" class=\"elementor-section elementor-top-section elementor-element elementor-element-e2745fc elementor-section-boxed elementor-section-height-default elementor-section-height-default\" data-id=\"e2745fc\" data-element_type=\"section\" data-e-type=\"section\">\n\t\t\t\t\t\t<div class=\"elementor-container elementor-column-gap-default\">\n\t\t\t\t\t<div class=\"elementor-column elementor-col-100 elementor-top-column elementor-element elementor-element-35e1ec5\" data-id=\"35e1ec5\" data-element_type=\"column\" data-e-type=\"column\">\n\t\t\t<div class=\"elementor-widget-wrap elementor-element-populated\">\n\t\t\t\t\t\t<div data-dce-title-color=\"#000000\" class=\"elementor-element elementor-element-423a7dbf elementor-widget elementor-widget-heading\" data-id=\"423a7dbf\" data-element_type=\"widget\" data-e-type=\"widget\" data-widget_type=\"heading.default\">\n\t\t\t\t<div class=\"elementor-widget-container\">\n\t\t\t\t\t<h2 class=\"elementor-heading-title elementor-size-default\">\u00a1Gracias por tu aplicaci\u00f3n!<\/h2>\t\t\t\t<\/div>\n\t\t\t\t<\/div>\n\t\t\t\t<div class=\"elementor-element elementor-element-7a6345d3 elementor-widget elementor-widget-text-editor\" data-id=\"7a6345d3\" data-element_type=\"widget\" data-e-type=\"widget\" data-widget_type=\"text-editor.default\">\n\t\t\t\t<div class=\"elementor-widget-container\">\n\t\t\t\t\t\t\t\t\t<p><strong>El personal de admisiones de ALPS se comunicar\u00e1 con usted dentro de 1-2 d\u00edas h\u00e1biles.<\/strong><\/p><p><span style=\"text-decoration: underline;\"><strong>Pr\u00f3ximos pasos:<\/strong><\/span><\/p><p>Por favor, pague la tarifa de solicitud no reembolsable ($150). Puede pagar en l\u00ednea con tarjeta de cr\u00e9dito o d\u00e9bito, o a trav\u00e9s de la aplicaci\u00f3n de pago Zelle (una aplicaci\u00f3n de pago com\u00fan en EE. UU. \u2013 m\u00e1s informaci\u00f3n). <a href=\"https:\/\/enroll.zellepay.com\/\" target=\"_blank\" rel=\"noopener\">aqu\u00ed<\/a>).<\/p>\t\t\t\t\t\t\t\t<\/div>\n\t\t\t\t<\/div>\n\t\t\t\t<section data-particle_enable=\"false\" data-particle-mobile-disabled=\"false\" class=\"elementor-section elementor-inner-section elementor-element elementor-element-e9a0e70 elementor-section-boxed elementor-section-height-default elementor-section-height-default\" data-id=\"e9a0e70\" data-element_type=\"section\" data-e-type=\"section\">\n\t\t\t\t\t\t<div class=\"elementor-container elementor-column-gap-default\">\n\t\t\t\t\t<div class=\"elementor-column elementor-col-50 elementor-inner-column elementor-element elementor-element-02db09c\" data-id=\"02db09c\" data-element_type=\"column\" data-e-type=\"column\">\n\t\t\t<div class=\"elementor-widget-wrap elementor-element-populated\">\n\t\t\t\t\t\t<div class=\"elementor-element elementor-element-c70aea8 elementor-widget elementor-widget-heading\" data-id=\"c70aea8\" data-element_type=\"widget\" data-e-type=\"widget\" data-widget_type=\"heading.default\">\n\t\t\t\t<div class=\"elementor-widget-container\">\n\t\t\t\t\t<h2 class=\"elementor-heading-title elementor-size-default\">Pagar en l\u00ednea con tarjeta de cr\u00e9dito\/d\u00e9bito<\/h2>\t\t\t\t<\/div>\n\t\t\t\t<\/div>\n\t\t\t\t<div class=\"elementor-element elementor-element-1ce2af0 elementor-align-center elementor-widget elementor-widget-button\" data-id=\"1ce2af0\" data-element_type=\"widget\" data-e-type=\"widget\" data-widget_type=\"button.default\">\n\t\t\t\t<div class=\"elementor-widget-container\">\n\t\t\t\t\t\t\t\t\t<div class=\"elementor-button-wrapper\">\n\t\t\t\t\t<a class=\"elementor-button elementor-button-link elementor-size-xl\" href=\"https:\/\/paynow.cardx.com\/alpslanguage?amount=150\" target=\"_blank\">\n\t\t\t\t\t\t<span class=\"elementor-button-content-wrapper\">\n\t\t\t\t\t\t\t\t\t<span class=\"elementor-button-text\">Pague $150 aqu\u00ed<\/span>\n\t\t\t\t\t<\/span>\n\t\t\t\t\t<\/a>\n\t\t\t\t<\/div>\n\t\t\t\t\t\t\t\t<\/div>\n\t\t\t\t<\/div>\n\t\t\t\t<div class=\"elementor-element elementor-element-25edb09 elementor-widget elementor-widget-spacer\" data-id=\"25edb09\" data-element_type=\"widget\" data-e-type=\"widget\" data-widget_type=\"spacer.default\">\n\t\t\t\t<div class=\"elementor-widget-container\">\n\t\t\t\t\t\t\t<div class=\"elementor-spacer\">\n\t\t\t<div class=\"elementor-spacer-inner\"><\/div>\n\t\t<\/div>\n\t\t\t\t\t\t<\/div>\n\t\t\t\t<\/div>\n\t\t\t\t\t<\/div>\n\t\t<\/div>\n\t\t\t\t<div class=\"elementor-column elementor-col-50 elementor-inner-column elementor-element elementor-element-f65d8c0\" data-id=\"f65d8c0\" data-element_type=\"column\" data-e-type=\"column\">\n\t\t\t<div class=\"elementor-widget-wrap elementor-element-populated\">\n\t\t\t\t\t\t<div class=\"elementor-element elementor-element-24b5797 elementor-widget elementor-widget-heading\" data-id=\"24b5797\" data-element_type=\"widget\" data-e-type=\"widget\" data-widget_type=\"heading.default\">\n\t\t\t\t<div class=\"elementor-widget-container\">\n\t\t\t\t\t<h2 class=\"elementor-heading-title elementor-size-default\">Pagar con Zelle<\/h2>\t\t\t\t<\/div>\n\t\t\t\t<\/div>\n\t\t\t\t<div class=\"elementor-element elementor-element-2fe675e elementor-widget elementor-widget-text-editor\" data-id=\"2fe675e\" data-element_type=\"widget\" data-e-type=\"widget\" data-widget_type=\"text-editor.default\">\n\t\t\t\t<div class=\"elementor-widget-container\">\n\t\t\t\t\t\t\t\t\t<p>Etiqueta Zelle de ALPS:\u00a0<strong>Alpes-Seattle<\/strong><\/p>\t\t\t\t\t\t\t\t<\/div>\n\t\t\t\t<\/div>\n\t\t\t\t<div class=\"elementor-element elementor-element-61da697 elementor-widget elementor-widget-spacer\" data-id=\"61da697\" data-element_type=\"widget\" data-e-type=\"widget\" data-widget_type=\"spacer.default\">\n\t\t\t\t<div class=\"elementor-widget-container\">\n\t\t\t\t\t\t\t<div class=\"elementor-spacer\">\n\t\t\t<div class=\"elementor-spacer-inner\"><\/div>\n\t\t<\/div>\n\t\t\t\t\t\t<\/div>\n\t\t\t\t<\/div>\n\t\t\t\t\t<\/div>\n\t\t<\/div>\n\t\t\t\t\t<\/div>\n\t\t<\/section>\n\t\t\t\t<div class=\"elementor-element elementor-element-91f2dfd elementor-widget elementor-widget-heading\" data-id=\"91f2dfd\" data-element_type=\"widget\" data-e-type=\"widget\" data-widget_type=\"heading.default\">\n\t\t\t\t<div class=\"elementor-widget-container\">\n\t\t\t\t\t<h2 class=\"elementor-heading-title elementor-size-default\">Enviar documentos<\/h2>\t\t\t\t<\/div>\n\t\t\t\t<\/div>\n\t\t\t\t<div class=\"elementor-element elementor-element-ee813f5 elementor-widget elementor-widget-text-editor\" data-id=\"ee813f5\" data-element_type=\"widget\" data-e-type=\"widget\" data-widget_type=\"text-editor.default\">\n\t\t\t\t<div class=\"elementor-widget-container\">\n\t\t\t\t\t\t\t\t\t<p>Env\u00ede tambi\u00e9n los siguientes documentos por correo electr\u00f3nico a <a href=\"mailto:info@alps.edu\" target=\"_blank\" rel=\"noopener\">info@alps.edu<\/a>:<\/p><p><strong>1. Una copia de la p\u00e1gina de la foto de su pasaporte<\/strong><\/p><p>Si tiene dependientes F-2, env\u00ede tambi\u00e9n copias de las p\u00e1ginas de fotos de su pasaporte.<\/p><p><strong>2. Un documento financiero \/ extracto bancario<\/strong><\/p><ul><li>Esta debe ser una carta oficial del banco, en papel que tenga impreso el nombre del banco, firmada por un funcionario del banco, que demuestre que hay suficiente dinero disponible para su matr\u00edcula y gastos de manutenci\u00f3n. O bien, puede ser un extracto bancario de un banco en los EE. UU.<\/li><li>Tu documento financiero debe mostrar un saldo m\u00ednimo de $2800 USD (o su equivalente en moneda extranjera) por cada sesi\u00f3n de 4 semanas que planees estudiar. Por ejemplo, si planeas estudiar durante 12 semanas, debes mostrar un saldo m\u00ednimo de $8400.<br \/>El documento financiero puede ser para su cuenta bancaria personal o para la cuenta de su familia\/patrocinador.<\/li><li>La fecha de su documento financiero debe tener menos de 6 meses.<\/li><li>Debe guardar la copia original del documento financiero para su cita para la visa de estudiante F-1.<\/li><li>Si tiene dependientes F-2, su documento financiero debe mostrar $500 adicional por dependiente F-2 por sesi\u00f3n de 4 semanas que planea estudiar.<\/li><\/ul><p><strong>3. Una Declaraci\u00f3n de responsabilidad financiera (solo para estudiantes con patrocinadores) <\/strong><\/p><p>Si el titular de la cuenta en su documento financiero tiene un apellido diferente al suyo, p\u00eddale al titular de la cuenta que llene y firme un <a href=\"https:\/\/alps.edu\/wp-content\/uploads\/2021\/03\/Financial-Responsibility-Statement.pdf\">Declaraci\u00f3n de responsabilidad financiera<\/a>. No es necesario completar este formulario si usted y su patrocinador tienen el mismo apellido.<\/p><p>Por favor contactar <a href=\"mailto:info@alps.edu\">info@alps.edu<\/a> con cualquier pregunta relacionada con su solicitud. \u00a1Esperamos que estudies con nosotros!<\/p>\t\t\t\t\t\t\t\t<\/div>\n\t\t\t\t<\/div>\n\t\t\t\t\t<\/div>\n\t\t<\/div>\n\t\t\t\t\t<\/div>\n\t\t<\/section>\n\t\t\t\t<\/div>","protected":false},"excerpt":{"rendered":"<p>Thank you for your application! ALPS admissions staff will contact you within 1-2 business days. Next steps: Please pay the non-refundable application fee ($150). You can pay online with a credit or debit card, or you can pay via the payment app Zelle (a commonly used payment app in the US &#8211; more information here). [&hellip;]<\/p>\n","protected":false},"author":2,"featured_media":0,"parent":0,"menu_order":0,"comment_status":"closed","ping_status":"closed","template":"","meta":{"_acf_changed":false,"footnotes":""},"class_list":["post-1383","page","type-page","status-publish","hentry"],"acf":[],"yoast_head":"<!-- This site is optimized with the Yoast SEO plugin v27.1.1 - https:\/\/yoast.com\/product\/yoast-seo-wordpress\/ -->\n<title>Thank You - ALPS Language School<\/title>\n<meta name=\"robots\" content=\"index, follow, max-snippet:-1, max-image-preview:large, max-video-preview:-1\" \/>\n<link rel=\"canonical\" href=\"https:\/\/alps.edu\/es\/gracias-inicial-f-1\/\" \/>\n<meta property=\"og:locale\" content=\"es_MX\" \/>\n<meta property=\"og:type\" content=\"article\" \/>\n<meta property=\"og:title\" content=\"Thank You - ALPS Language School\" \/>\n<meta property=\"og:description\" content=\"Thank you for your application! ALPS admissions staff will contact you within 1-2 business days. Next steps: Please pay the non-refundable application fee ($150). You can pay online with a credit or debit card, or you can pay via the payment app Zelle (a commonly used payment app in the US &#8211; more information here). [&hellip;]\" \/>\n<meta property=\"og:url\" content=\"https:\/\/alps.edu\/es\/gracias-inicial-f-1\/\" \/>\n<meta property=\"og:site_name\" content=\"ALPS Language School\" \/>\n<meta property=\"article:publisher\" content=\"https:\/\/www.facebook.com\/ALPS.Language.School\/\" \/>\n<meta property=\"article:modified_time\" content=\"2026-03-23T22:25:02+00:00\" \/>\n<meta name=\"twitter:card\" content=\"summary_large_image\" \/>\n<meta name=\"twitter:site\" content=\"@ALPS_School\" \/>\n<meta name=\"twitter:label1\" content=\"Tiempo de lectura\" \/>\n\t<meta name=\"twitter:data1\" content=\"2 minutos\" \/>\n<script type=\"application\/ld+json\" class=\"yoast-schema-graph\">{\"@context\":\"https:\/\/schema.org\",\"@graph\":[{\"@type\":\"WebPage\",\"@id\":\"https:\/\/alps.edu\/thank-you-initial-f-1\/\",\"url\":\"https:\/\/alps.edu\/thank-you-initial-f-1\/\",\"name\":\"Thank You - ALPS Language School\",\"isPartOf\":{\"@id\":\"https:\/\/alps.edu\/#website\"},\"datePublished\":\"2020-09-18T19:22:11+00:00\",\"dateModified\":\"2026-03-23T22:25:02+00:00\",\"breadcrumb\":{\"@id\":\"https:\/\/alps.edu\/thank-you-initial-f-1\/#breadcrumb\"},\"inLanguage\":\"es\",\"potentialAction\":[{\"@type\":\"ReadAction\",\"target\":[\"https:\/\/alps.edu\/thank-you-initial-f-1\/\"]}]},{\"@type\":\"BreadcrumbList\",\"@id\":\"https:\/\/alps.edu\/thank-you-initial-f-1\/#breadcrumb\",\"itemListElement\":[{\"@type\":\"ListItem\",\"position\":1,\"name\":\"Home\",\"item\":\"https:\/\/alps.edu\/\"},{\"@type\":\"ListItem\",\"position\":2,\"name\":\"Thank You\"}]},{\"@type\":\"WebSite\",\"@id\":\"https:\/\/alps.edu\/#website\",\"url\":\"https:\/\/alps.edu\/\",\"name\":\"ALPS Language School\",\"description\":\"Seattle English Classes for Adults\",\"publisher\":{\"@id\":\"https:\/\/alps.edu\/#organization\"},\"potentialAction\":[{\"@type\":\"SearchAction\",\"target\":{\"@type\":\"EntryPoint\",\"urlTemplate\":\"https:\/\/alps.edu\/?s={search_term_string}\"},\"query-input\":{\"@type\":\"PropertyValueSpecification\",\"valueRequired\":true,\"valueName\":\"search_term_string\"}}],\"inLanguage\":\"es\"},{\"@type\":\"Organization\",\"@id\":\"https:\/\/alps.edu\/#organization\",\"name\":\"ALPS Language School\",\"url\":\"https:\/\/alps.edu\/\",\"logo\":{\"@type\":\"ImageObject\",\"inLanguage\":\"es\",\"@id\":\"https:\/\/alps.edu\/#\/schema\/logo\/image\/\",\"url\":\"https:\/\/alps.edu\/wp-content\/uploads\/2020\/04\/alps-logo.png\",\"contentUrl\":\"https:\/\/alps.edu\/wp-content\/uploads\/2020\/04\/alps-logo.png\",\"width\":256,\"height\":181,\"caption\":\"ALPS Language School\"},\"image\":{\"@id\":\"https:\/\/alps.edu\/#\/schema\/logo\/image\/\"},\"sameAs\":[\"https:\/\/www.facebook.com\/ALPS.Language.School\/\",\"https:\/\/x.com\/ALPS_School\",\"https:\/\/www.linkedin.com\/school\/alps-language-school\/\"]}]}<\/script>\n<!-- \/ Yoast SEO plugin. -->","yoast_head_json":{"title":"Gracias - Escuela de idiomas ALPS","robots":{"index":"index","follow":"follow","max-snippet":"max-snippet:-1","max-image-preview":"max-image-preview:large","max-video-preview":"max-video-preview:-1"},"canonical":"https:\/\/alps.edu\/es\/gracias-inicial-f-1\/","og_locale":"es_MX","og_type":"article","og_title":"Thank You - ALPS Language School","og_description":"Thank you for your application! ALPS admissions staff will contact you within 1-2 business days. Next steps: Please pay the non-refundable application fee ($150). You can pay online with a credit or debit card, or you can pay via the payment app Zelle (a commonly used payment app in the US &#8211; more information here). [&hellip;]","og_url":"https:\/\/alps.edu\/es\/gracias-inicial-f-1\/","og_site_name":"ALPS Language School","article_publisher":"https:\/\/www.facebook.com\/ALPS.Language.School\/","article_modified_time":"2026-03-23T22:25:02+00:00","twitter_card":"summary_large_image","twitter_site":"@ALPS_School","twitter_misc":{"Tiempo de lectura":"2 minutos"},"schema":{"@context":"https:\/\/schema.org","@graph":[{"@type":"WebPage","@id":"https:\/\/alps.edu\/thank-you-initial-f-1\/","url":"https:\/\/alps.edu\/thank-you-initial-f-1\/","name":"Gracias - Escuela de idiomas ALPS","isPartOf":{"@id":"https:\/\/alps.edu\/#website"},"datePublished":"2020-09-18T19:22:11+00:00","dateModified":"2026-03-23T22:25:02+00:00","breadcrumb":{"@id":"https:\/\/alps.edu\/thank-you-initial-f-1\/#breadcrumb"},"inLanguage":"es","potentialAction":[{"@type":"ReadAction","target":["https:\/\/alps.edu\/thank-you-initial-f-1\/"]}]},{"@type":"BreadcrumbList","@id":"https:\/\/alps.edu\/thank-you-initial-f-1\/#breadcrumb","itemListElement":[{"@type":"ListItem","position":1,"name":"Home","item":"https:\/\/alps.edu\/"},{"@type":"ListItem","position":2,"name":"Thank You"}]},{"@type":"WebSite","@id":"https:\/\/alps.edu\/#website","url":"https:\/\/alps.edu\/","name":"ALPS Language School","description":"Clases de ingl\u00e9s en Seattle para adultos","publisher":{"@id":"https:\/\/alps.edu\/#organization"},"potentialAction":[{"@type":"SearchAction","target":{"@type":"EntryPoint","urlTemplate":"https:\/\/alps.edu\/?s={search_term_string}"},"query-input":{"@type":"PropertyValueSpecification","valueRequired":true,"valueName":"search_term_string"}}],"inLanguage":"es"},{"@type":"Organization","@id":"https:\/\/alps.edu\/#organization","name":"ALPS Language School","url":"https:\/\/alps.edu\/","logo":{"@type":"ImageObject","inLanguage":"es","@id":"https:\/\/alps.edu\/#\/schema\/logo\/image\/","url":"https:\/\/alps.edu\/wp-content\/uploads\/2020\/04\/alps-logo.png","contentUrl":"https:\/\/alps.edu\/wp-content\/uploads\/2020\/04\/alps-logo.png","width":256,"height":181,"caption":"ALPS Language School"},"image":{"@id":"https:\/\/alps.edu\/#\/schema\/logo\/image\/"},"sameAs":["https:\/\/www.facebook.com\/ALPS.Language.School\/","https:\/\/x.com\/ALPS_School","https:\/\/www.linkedin.com\/school\/alps-language-school\/"]}]}},"_links":{"self":[{"href":"https:\/\/alps.edu\/es\/wp-json\/wp\/v2\/pages\/1383","targetHints":{"allow":["GET"]}}],"collection":[{"href":"https:\/\/alps.edu\/es\/wp-json\/wp\/v2\/pages"}],"about":[{"href":"https:\/\/alps.edu\/es\/wp-json\/wp\/v2\/types\/page"}],"author":[{"embeddable":true,"href":"https:\/\/alps.edu\/es\/wp-json\/wp\/v2\/users\/2"}],"replies":[{"embeddable":true,"href":"https:\/\/alps.edu\/es\/wp-json\/wp\/v2\/comments?post=1383"}],"version-history":[{"count":54,"href":"https:\/\/alps.edu\/es\/wp-json\/wp\/v2\/pages\/1383\/revisions"}],"predecessor-version":[{"id":3800,"href":"https:\/\/alps.edu\/es\/wp-json\/wp\/v2\/pages\/1383\/revisions\/3800"}],"wp:attachment":[{"href":"https:\/\/alps.edu\/es\/wp-json\/wp\/v2\/media?parent=1383"}],"curies":[{"name":"wp","href":"https:\/\/api.w.org\/{rel}","templated":true}]}}