{"id":1387,"date":"2020-09-18T12:28:57","date_gmt":"2020-09-18T19:28:57","guid":{"rendered":"https:\/\/alps.edu\/?page_id=1387"},"modified":"2026-03-23T15:20:22","modified_gmt":"2026-03-23T22:20:22","slug":"merci-de-transferer","status":"publish","type":"page","link":"https:\/\/alps.edu\/fr\/thank-you-transfer\/","title":{"rendered":"Merci \u2013 Demande de transfert"},"content":{"rendered":"<div data-elementor-type=\"wp-page\" data-elementor-id=\"1387\" class=\"elementor elementor-1387\" data-elementor-post-type=\"page\">\n\t\t\t\t\t\t<section data-particle_enable=\"false\" data-particle-mobile-disabled=\"false\" class=\"elementor-section elementor-top-section elementor-element elementor-element-e2745fc elementor-section-boxed elementor-section-height-default elementor-section-height-default\" data-id=\"e2745fc\" data-element_type=\"section\" data-e-type=\"section\">\n\t\t\t\t\t\t<div class=\"elementor-container elementor-column-gap-default\">\n\t\t\t\t\t<div class=\"elementor-column elementor-col-100 elementor-top-column elementor-element elementor-element-35e1ec5\" data-id=\"35e1ec5\" data-element_type=\"column\" data-e-type=\"column\">\n\t\t\t<div class=\"elementor-widget-wrap elementor-element-populated\">\n\t\t\t\t\t\t<div data-dce-title-color=\"#000000\" class=\"elementor-element elementor-element-423a7dbf elementor-widget elementor-widget-heading\" data-id=\"423a7dbf\" data-element_type=\"widget\" data-e-type=\"widget\" data-widget_type=\"heading.default\">\n\t\t\t\t<div class=\"elementor-widget-container\">\n\t\t\t\t\t<h2 class=\"elementor-heading-title elementor-size-default\">Merci pour votre candidature!<\/h2>\t\t\t\t<\/div>\n\t\t\t\t<\/div>\n\t\t\t\t<div class=\"elementor-element elementor-element-7a6345d3 elementor-widget elementor-widget-text-editor\" data-id=\"7a6345d3\" data-element_type=\"widget\" data-e-type=\"widget\" data-widget_type=\"text-editor.default\">\n\t\t\t\t<div class=\"elementor-widget-container\">\n\t\t\t\t\t\t\t\t\t<p><strong>Le personnel des admissions ALPS vous contactera dans les 1 \u00e0 2 jours ouvrables.<\/strong><\/p><p><span style=\"text-decoration: underline;\"><strong>Prochaines \u00e9tapes:<\/strong><\/span><\/p><p>Veuillez r\u00e9gler les frais de dossier non remboursables ($150). Vous pouvez payer en ligne par carte bancaire ou via l&#039;application Zelle (application de paiement courante aux \u00c9tats-Unis \u2013 plus d&#039;informations ici). <a href=\"https:\/\/enroll.zellepay.com\/\" target=\"_blank\" rel=\"noopener\">ici<\/a>).<\/p><form action=\"https:\/\/www.paypal.com\/cgi-bin\/webscr\" method=\"post\" target=\"_top\"><input name=\"cmd\" type=\"hidden\" value=\"_s-xclick\" \/><\/form>\t\t\t\t\t\t\t\t<\/div>\n\t\t\t\t<\/div>\n\t\t\t\t<section data-particle_enable=\"false\" data-particle-mobile-disabled=\"false\" class=\"elementor-section elementor-inner-section elementor-element elementor-element-f53f72c elementor-section-boxed elementor-section-height-default elementor-section-height-default\" data-id=\"f53f72c\" data-element_type=\"section\" data-e-type=\"section\">\n\t\t\t\t\t\t<div class=\"elementor-container elementor-column-gap-default\">\n\t\t\t\t\t<div class=\"elementor-column elementor-col-50 elementor-inner-column elementor-element elementor-element-8a8b835\" data-id=\"8a8b835\" data-element_type=\"column\" data-e-type=\"column\">\n\t\t\t<div class=\"elementor-widget-wrap elementor-element-populated\">\n\t\t\t\t\t\t<div class=\"elementor-element elementor-element-70dc8dd elementor-widget elementor-widget-heading\" data-id=\"70dc8dd\" data-element_type=\"widget\" data-e-type=\"widget\" data-widget_type=\"heading.default\">\n\t\t\t\t<div class=\"elementor-widget-container\">\n\t\t\t\t\t<h2 class=\"elementor-heading-title elementor-size-default\">Payer en ligne par carte bancaire<\/h2>\t\t\t\t<\/div>\n\t\t\t\t<\/div>\n\t\t\t\t<div class=\"elementor-element elementor-element-9da1087 elementor-align-center elementor-widget elementor-widget-button\" data-id=\"9da1087\" data-element_type=\"widget\" data-e-type=\"widget\" data-widget_type=\"button.default\">\n\t\t\t\t<div class=\"elementor-widget-container\">\n\t\t\t\t\t\t\t\t\t<div class=\"elementor-button-wrapper\">\n\t\t\t\t\t<a class=\"elementor-button elementor-button-link elementor-size-xl\" href=\"https:\/\/paynow.cardx.com\/alpslanguage?amount=150\" target=\"_blank\">\n\t\t\t\t\t\t<span class=\"elementor-button-content-wrapper\">\n\t\t\t\t\t\t\t\t\t<span class=\"elementor-button-text\">Payez $150 ici<\/span>\n\t\t\t\t\t<\/span>\n\t\t\t\t\t<\/a>\n\t\t\t\t<\/div>\n\t\t\t\t\t\t\t\t<\/div>\n\t\t\t\t<\/div>\n\t\t\t\t<div class=\"elementor-element elementor-element-54a0179 elementor-widget elementor-widget-spacer\" data-id=\"54a0179\" data-element_type=\"widget\" data-e-type=\"widget\" data-widget_type=\"spacer.default\">\n\t\t\t\t<div class=\"elementor-widget-container\">\n\t\t\t\t\t\t\t<div class=\"elementor-spacer\">\n\t\t\t<div class=\"elementor-spacer-inner\"><\/div>\n\t\t<\/div>\n\t\t\t\t\t\t<\/div>\n\t\t\t\t<\/div>\n\t\t\t\t\t<\/div>\n\t\t<\/div>\n\t\t\t\t<div class=\"elementor-column elementor-col-50 elementor-inner-column elementor-element elementor-element-874aee3\" data-id=\"874aee3\" data-element_type=\"column\" data-e-type=\"column\">\n\t\t\t<div class=\"elementor-widget-wrap elementor-element-populated\">\n\t\t\t\t\t\t<div class=\"elementor-element elementor-element-4ae7e72 elementor-widget elementor-widget-heading\" data-id=\"4ae7e72\" data-element_type=\"widget\" data-e-type=\"widget\" data-widget_type=\"heading.default\">\n\t\t\t\t<div class=\"elementor-widget-container\">\n\t\t\t\t\t<h2 class=\"elementor-heading-title elementor-size-default\">Payer avec Zelle<\/h2>\t\t\t\t<\/div>\n\t\t\t\t<\/div>\n\t\t\t\t<div class=\"elementor-element elementor-element-4e21867 elementor-widget elementor-widget-text-editor\" data-id=\"4e21867\" data-element_type=\"widget\" data-e-type=\"widget\" data-widget_type=\"text-editor.default\">\n\t\t\t\t<div class=\"elementor-widget-container\">\n\t\t\t\t\t\t\t\t\t<p>\u00c9tiquette Zelle d&#039;ALPS\u00a0:\u00a0<strong>Alpes-Seattle<\/strong><\/p>\t\t\t\t\t\t\t\t<\/div>\n\t\t\t\t<\/div>\n\t\t\t\t<div class=\"elementor-element elementor-element-3045513 elementor-widget elementor-widget-spacer\" data-id=\"3045513\" data-element_type=\"widget\" data-e-type=\"widget\" data-widget_type=\"spacer.default\">\n\t\t\t\t<div class=\"elementor-widget-container\">\n\t\t\t\t\t\t\t<div class=\"elementor-spacer\">\n\t\t\t<div class=\"elementor-spacer-inner\"><\/div>\n\t\t<\/div>\n\t\t\t\t\t\t<\/div>\n\t\t\t\t<\/div>\n\t\t\t\t\t<\/div>\n\t\t<\/div>\n\t\t\t\t\t<\/div>\n\t\t<\/section>\n\t\t\t\t<div class=\"elementor-element elementor-element-6f2d4ca elementor-widget elementor-widget-heading\" data-id=\"6f2d4ca\" data-element_type=\"widget\" data-e-type=\"widget\" data-widget_type=\"heading.default\">\n\t\t\t\t<div class=\"elementor-widget-container\">\n\t\t\t\t\t<h2 class=\"elementor-heading-title elementor-size-default\">Envoyer des documents<\/h2>\t\t\t\t<\/div>\n\t\t\t\t<\/div>\n\t\t\t\t<div class=\"elementor-element elementor-element-9d36935 elementor-widget elementor-widget-text-editor\" data-id=\"9d36935\" data-element_type=\"widget\" data-e-type=\"widget\" data-widget_type=\"text-editor.default\">\n\t\t\t\t<div class=\"elementor-widget-container\">\n\t\t\t\t\t\t\t\t\t<p>Veuillez \u00e9galement envoyer les documents suivants par e-mail \u00e0 <a href=\"mailto:info@alps.edu\">info@alps.edu<\/a>:<\/p><p><strong>1. Copies de votre page de photo de passeport, visa F-1 et <a href=\"https:\/\/i94.cbp.dhs.gov\/I94\/#\/home\" target=\"_blank\" rel=\"noopener\">I-94 le plus r\u00e9cent<\/a><\/strong><\/p><p style=\"padding-left: 40px;\">Si vous avez des personnes \u00e0 charge F-2, veuillez \u00e9galement soumettre des copies de leurs pages de photos de passeport, des visas F-2 et des I-94 les plus r\u00e9cents.<\/p><p><strong>2. Document financier<\/strong><\/p><ul><li>Il doit s&#039;agir d&#039;une lettre officielle de la banque, sur papier portant le nom de la banque, sign\u00e9e par un responsable de la banque, indiquant qu&#039;il y a suffisamment d&#039;argent disponible pour vos frais de scolarit\u00e9 et de subsistance. Ou, il peut s&#039;agir d&#039;un relev\u00e9 bancaire d&#039;une banque aux \u00c9tats-Unis.<\/li><li>Votre document financier doit montrer un solde d&#039;au moins <strong>$2800 USD (ou son \u00e9quivalent en devise \u00e9trang\u00e8re) par session de 4 semaines que vous pr\u00e9voyez d&#039;\u00e9tudier.<\/strong> Par exemple, si vous pr\u00e9voyez d&#039;\u00e9tudier pendant 12 semaines, vous devez pr\u00e9senter un solde d&#039;au moins $8400.<\/li><li>Le document financier peut \u00eatre pour votre compte bancaire personnel ou le compte de votre famille \/ sponsor.<\/li><li>La date sur votre document financier doit \u00eatre inf\u00e9rieure \u00e0 6 mois.<\/li><li>Si vous avez des personnes \u00e0 charge F-2, votre document financier doit indiquer $500 suppl\u00e9mentaires par personne \u00e0 charge F-2 par session de 4 semaines que vous envisagez d&#039;\u00e9tudier.<\/li><\/ul><p><strong>3. D\u00e9claration de responsabilit\u00e9 financi\u00e8re (uniquement pour les \u00e9tudiants avec parrains)<\/strong><\/p><p style=\"padding-left: 40px;\">Si le titulaire du compte sur votre document financier a un nom de famille diff\u00e9rent du v\u00f4tre, veuillez demander au titulaire du compte de remplir et de signer une <a href=\"https:\/\/alps.edu\/wp-content\/uploads\/2021\/03\/Financial-Responsibility-Statement.pdf\">D\u00e9claration de responsabilit\u00e9 financi\u00e8re.<\/a> Il n&#039;est pas n\u00e9cessaire de remplir ce formulaire si vous et votre r\u00e9pondant avez le m\u00eame nom de famille.<\/p><p>S&#039;il vous pla\u00eet contactez <a href=\"mailto:info@alps.edu\">info@alps.edu<\/a> pour toute question concernant votre candidature. Nous sommes impatients de vous voir \u00e9tudier avec nous\u00a0!<\/p>\t\t\t\t\t\t\t\t<\/div>\n\t\t\t\t<\/div>\n\t\t\t\t\t<\/div>\n\t\t<\/div>\n\t\t\t\t\t<\/div>\n\t\t<\/section>\n\t\t\t\t<\/div>","protected":false},"excerpt":{"rendered":"<p>Thank you for your application! ALPS admissions staff will contact you within 1-2 business days. Next steps: Please pay the non-refundable application fee ($150). You can pay online with a credit or debit card, or you can pay with the payment app Zelle (a commonly used payment app in the US &#8211; more info here). [&hellip;]<\/p>\n","protected":false},"author":2,"featured_media":0,"parent":0,"menu_order":0,"comment_status":"closed","ping_status":"closed","template":"","meta":{"_acf_changed":false,"footnotes":""},"class_list":["post-1387","page","type-page","status-publish","hentry"],"acf":[],"yoast_head":"<!-- This site is optimized with the Yoast SEO plugin v27.1.1 - https:\/\/yoast.com\/product\/yoast-seo-wordpress\/ -->\n<title>Thank You - Transfer Application - ALPS Language School<\/title>\n<meta name=\"robots\" content=\"index, follow, max-snippet:-1, max-image-preview:large, max-video-preview:-1\" \/>\n<link rel=\"canonical\" href=\"https:\/\/alps.edu\/fr\/merci-de-transferer\/\" \/>\n<meta property=\"og:locale\" content=\"fr_FR\" \/>\n<meta property=\"og:type\" content=\"article\" \/>\n<meta property=\"og:title\" content=\"Thank You - Transfer Application - ALPS Language School\" \/>\n<meta property=\"og:description\" content=\"Thank you for your application! ALPS admissions staff will contact you within 1-2 business days. Next steps: Please pay the non-refundable application fee ($150). You can pay online with a credit or debit card, or you can pay with the payment app Zelle (a commonly used payment app in the US &#8211; more info here). [&hellip;]\" \/>\n<meta property=\"og:url\" content=\"https:\/\/alps.edu\/fr\/merci-de-transferer\/\" \/>\n<meta property=\"og:site_name\" content=\"ALPS Language School\" \/>\n<meta property=\"article:publisher\" content=\"https:\/\/www.facebook.com\/ALPS.Language.School\/\" \/>\n<meta property=\"article:modified_time\" content=\"2026-03-23T22:20:22+00:00\" \/>\n<meta name=\"twitter:card\" content=\"summary_large_image\" \/>\n<meta name=\"twitter:site\" content=\"@ALPS_School\" \/>\n<meta name=\"twitter:label1\" content=\"Dur\u00e9e de lecture estim\u00e9e\" \/>\n\t<meta name=\"twitter:data1\" content=\"2 minutes\" \/>\n<script type=\"application\/ld+json\" class=\"yoast-schema-graph\">{\"@context\":\"https:\/\/schema.org\",\"@graph\":[{\"@type\":\"WebPage\",\"@id\":\"https:\/\/alps.edu\/thank-you-transfer\/\",\"url\":\"https:\/\/alps.edu\/thank-you-transfer\/\",\"name\":\"Thank You - Transfer Application - ALPS Language School\",\"isPartOf\":{\"@id\":\"https:\/\/alps.edu\/#website\"},\"datePublished\":\"2020-09-18T19:28:57+00:00\",\"dateModified\":\"2026-03-23T22:20:22+00:00\",\"breadcrumb\":{\"@id\":\"https:\/\/alps.edu\/thank-you-transfer\/#breadcrumb\"},\"inLanguage\":\"fr-FR\",\"potentialAction\":[{\"@type\":\"ReadAction\",\"target\":[\"https:\/\/alps.edu\/thank-you-transfer\/\"]}]},{\"@type\":\"BreadcrumbList\",\"@id\":\"https:\/\/alps.edu\/thank-you-transfer\/#breadcrumb\",\"itemListElement\":[{\"@type\":\"ListItem\",\"position\":1,\"name\":\"Home\",\"item\":\"https:\/\/alps.edu\/\"},{\"@type\":\"ListItem\",\"position\":2,\"name\":\"Thank You &#8211; Transfer Application\"}]},{\"@type\":\"WebSite\",\"@id\":\"https:\/\/alps.edu\/#website\",\"url\":\"https:\/\/alps.edu\/\",\"name\":\"ALPS Language School\",\"description\":\"Seattle English Classes for Adults\",\"publisher\":{\"@id\":\"https:\/\/alps.edu\/#organization\"},\"potentialAction\":[{\"@type\":\"SearchAction\",\"target\":{\"@type\":\"EntryPoint\",\"urlTemplate\":\"https:\/\/alps.edu\/?s={search_term_string}\"},\"query-input\":{\"@type\":\"PropertyValueSpecification\",\"valueRequired\":true,\"valueName\":\"search_term_string\"}}],\"inLanguage\":\"fr-FR\"},{\"@type\":\"Organization\",\"@id\":\"https:\/\/alps.edu\/#organization\",\"name\":\"ALPS Language School\",\"url\":\"https:\/\/alps.edu\/\",\"logo\":{\"@type\":\"ImageObject\",\"inLanguage\":\"fr-FR\",\"@id\":\"https:\/\/alps.edu\/#\/schema\/logo\/image\/\",\"url\":\"https:\/\/alps.edu\/wp-content\/uploads\/2020\/04\/alps-logo.png\",\"contentUrl\":\"https:\/\/alps.edu\/wp-content\/uploads\/2020\/04\/alps-logo.png\",\"width\":256,\"height\":181,\"caption\":\"ALPS Language School\"},\"image\":{\"@id\":\"https:\/\/alps.edu\/#\/schema\/logo\/image\/\"},\"sameAs\":[\"https:\/\/www.facebook.com\/ALPS.Language.School\/\",\"https:\/\/x.com\/ALPS_School\",\"https:\/\/www.linkedin.com\/school\/alps-language-school\/\"]}]}<\/script>\n<!-- \/ Yoast SEO plugin. -->","yoast_head_json":{"title":"Merci - Demande de transfert - ALPS Language School","robots":{"index":"index","follow":"follow","max-snippet":"max-snippet:-1","max-image-preview":"max-image-preview:large","max-video-preview":"max-video-preview:-1"},"canonical":"https:\/\/alps.edu\/fr\/merci-de-transferer\/","og_locale":"fr_FR","og_type":"article","og_title":"Thank You - Transfer Application - ALPS Language School","og_description":"Thank you for your application! ALPS admissions staff will contact you within 1-2 business days. Next steps: Please pay the non-refundable application fee ($150). You can pay online with a credit or debit card, or you can pay with the payment app Zelle (a commonly used payment app in the US &#8211; more info here). [&hellip;]","og_url":"https:\/\/alps.edu\/fr\/merci-de-transferer\/","og_site_name":"ALPS Language School","article_publisher":"https:\/\/www.facebook.com\/ALPS.Language.School\/","article_modified_time":"2026-03-23T22:20:22+00:00","twitter_card":"summary_large_image","twitter_site":"@ALPS_School","twitter_misc":{"Dur\u00e9e de lecture estim\u00e9e":"2 minutes"},"schema":{"@context":"https:\/\/schema.org","@graph":[{"@type":"WebPage","@id":"https:\/\/alps.edu\/thank-you-transfer\/","url":"https:\/\/alps.edu\/thank-you-transfer\/","name":"Merci - Demande de transfert - ALPS Language School","isPartOf":{"@id":"https:\/\/alps.edu\/#website"},"datePublished":"2020-09-18T19:28:57+00:00","dateModified":"2026-03-23T22:20:22+00:00","breadcrumb":{"@id":"https:\/\/alps.edu\/thank-you-transfer\/#breadcrumb"},"inLanguage":"fr-FR","potentialAction":[{"@type":"ReadAction","target":["https:\/\/alps.edu\/thank-you-transfer\/"]}]},{"@type":"BreadcrumbList","@id":"https:\/\/alps.edu\/thank-you-transfer\/#breadcrumb","itemListElement":[{"@type":"ListItem","position":1,"name":"Home","item":"https:\/\/alps.edu\/"},{"@type":"ListItem","position":2,"name":"Thank You &#8211; Transfer Application"}]},{"@type":"WebSite","@id":"https:\/\/alps.edu\/#website","url":"https:\/\/alps.edu\/","name":"\u00c9cole de langues ALPS","description":"Cours d&#039;anglais \u00e0 Seattle pour adultes","publisher":{"@id":"https:\/\/alps.edu\/#organization"},"potentialAction":[{"@type":"SearchAction","target":{"@type":"EntryPoint","urlTemplate":"https:\/\/alps.edu\/?s={search_term_string}"},"query-input":{"@type":"PropertyValueSpecification","valueRequired":true,"valueName":"search_term_string"}}],"inLanguage":"fr-FR"},{"@type":"Organization","@id":"https:\/\/alps.edu\/#organization","name":"\u00c9cole de langues ALPS","url":"https:\/\/alps.edu\/","logo":{"@type":"ImageObject","inLanguage":"fr-FR","@id":"https:\/\/alps.edu\/#\/schema\/logo\/image\/","url":"https:\/\/alps.edu\/wp-content\/uploads\/2020\/04\/alps-logo.png","contentUrl":"https:\/\/alps.edu\/wp-content\/uploads\/2020\/04\/alps-logo.png","width":256,"height":181,"caption":"ALPS Language School"},"image":{"@id":"https:\/\/alps.edu\/#\/schema\/logo\/image\/"},"sameAs":["https:\/\/www.facebook.com\/ALPS.Language.School\/","https:\/\/x.com\/ALPS_School","https:\/\/www.linkedin.com\/school\/alps-language-school\/"]}]}},"_links":{"self":[{"href":"https:\/\/alps.edu\/fr\/wp-json\/wp\/v2\/pages\/1387","targetHints":{"allow":["GET"]}}],"collection":[{"href":"https:\/\/alps.edu\/fr\/wp-json\/wp\/v2\/pages"}],"about":[{"href":"https:\/\/alps.edu\/fr\/wp-json\/wp\/v2\/types\/page"}],"author":[{"embeddable":true,"href":"https:\/\/alps.edu\/fr\/wp-json\/wp\/v2\/users\/2"}],"replies":[{"embeddable":true,"href":"https:\/\/alps.edu\/fr\/wp-json\/wp\/v2\/comments?post=1387"}],"version-history":[{"count":33,"href":"https:\/\/alps.edu\/fr\/wp-json\/wp\/v2\/pages\/1387\/revisions"}],"predecessor-version":[{"id":3794,"href":"https:\/\/alps.edu\/fr\/wp-json\/wp\/v2\/pages\/1387\/revisions\/3794"}],"wp:attachment":[{"href":"https:\/\/alps.edu\/fr\/wp-json\/wp\/v2\/media?parent=1387"}],"curies":[{"name":"wp","href":"https:\/\/api.w.org\/{rel}","templated":true}]}}