{"id":1439,"date":"2021-02-10T13:17:26","date_gmt":"2021-02-10T21:17:26","guid":{"rendered":"https:\/\/alps.edu\/?page_id=1439"},"modified":"2021-04-07T12:10:06","modified_gmt":"2021-04-07T19:10:06","slug":"atterrissage","status":"publish","type":"page","link":"https:\/\/alps.edu\/fr\/landing\/","title":{"rendered":"Am\u00e9liorez votre anglais \u00e0 ALPS"},"content":{"rendered":"<div data-elementor-type=\"wp-page\" data-elementor-id=\"1439\" class=\"elementor elementor-1439\" data-elementor-post-type=\"page\">\n\t\t\t\t\t\t<section data-particle_enable=\"false\" data-particle-mobile-disabled=\"false\" class=\"elementor-section elementor-top-section elementor-element elementor-element-61e48a3 elementor-section-boxed elementor-section-height-default elementor-section-height-default\" data-id=\"61e48a3\" data-element_type=\"section\" data-e-type=\"section\">\n\t\t\t\t\t\t<div class=\"elementor-container elementor-column-gap-default\">\n\t\t\t\t\t<div class=\"elementor-column elementor-col-50 elementor-top-column elementor-element elementor-element-904a38e\" data-id=\"904a38e\" data-element_type=\"column\" data-e-type=\"column\">\n\t\t\t<div class=\"elementor-widget-wrap elementor-element-populated\">\n\t\t\t\t\t\t<div class=\"elementor-element elementor-element-24315e0 elementor-widget elementor-widget-text-editor\" data-id=\"24315e0\" data-element_type=\"widget\" data-e-type=\"widget\" data-widget_type=\"text-editor.default\">\n\t\t\t\t<div class=\"elementor-widget-container\">\n\t\t\t\t\t\t\t\t\t<h1 style=\"text-align: center;\"><a href=\"https:\/\/alps.edu\/fr\/\" target=\"_blank\" rel=\"noopener\">\u00c9cole de langues ALPS<\/a><\/h1><h2 style=\"text-align: center;\">Cours d&#039;anglais (ESL) pour adultes \u00e0 Seattle<\/h2><p style=\"text-align: center;\">\u00c9tudier en personne ou en ligne<\/p><p style=\"text-align: center;\">Cours en petits groupes (3-8 \u00e9tudiants)<\/p><p style=\"text-align: center;\">Apprenez l&#039;expression orale, la grammaire et le vocabulaire pour la vie quotidienne aux \u00c9tats-Unis<\/p><p style=\"text-align: center;\">Ambiance conviviale et accueillante<\/p><p style=\"text-align: center;\">Cours \u00e0 partir de $75 par semaine<\/p>\t\t\t\t\t\t\t\t<\/div>\n\t\t\t\t<\/div>\n\t\t\t\t<div class=\"elementor-element elementor-element-a67e164 elementor-align-center elementor-widget elementor-widget-button\" data-id=\"a67e164\" data-element_type=\"widget\" data-e-type=\"widget\" data-widget_type=\"button.default\">\n\t\t\t\t<div class=\"elementor-widget-container\">\n\t\t\t\t\t\t\t\t\t<div class=\"elementor-button-wrapper\">\n\t\t\t\t\t<a class=\"elementor-button elementor-button-link elementor-size-xl\" href=\"https:\/\/alps.edu\/fr\/contact\/\" target=\"_blank\">\n\t\t\t\t\t\t<span class=\"elementor-button-content-wrapper\">\n\t\t\t\t\t\t\t\t\t<span class=\"elementor-button-text\">Contactez-nous aujourd&#039;hui pour plus d&#039;informations!<\/span>\n\t\t\t\t\t<\/span>\n\t\t\t\t\t<\/a>\n\t\t\t\t<\/div>\n\t\t\t\t\t\t\t\t<\/div>\n\t\t\t\t<\/div>\n\t\t\t\t<div class=\"elementor-element elementor-element-9d6b3b4 elementor-widget elementor-widget-spacer\" data-id=\"9d6b3b4\" data-element_type=\"widget\" data-e-type=\"widget\" data-widget_type=\"spacer.default\">\n\t\t\t\t<div class=\"elementor-widget-container\">\n\t\t\t\t\t\t\t<div class=\"elementor-spacer\">\n\t\t\t<div class=\"elementor-spacer-inner\"><\/div>\n\t\t<\/div>\n\t\t\t\t\t\t<\/div>\n\t\t\t\t<\/div>\n\t\t\t\t<div class=\"elementor-element elementor-element-947e6e6 elementor-cta--skin-classic elementor-animated-content elementor-bg-transform elementor-bg-transform-zoom-in elementor-widget elementor-widget-call-to-action\" data-id=\"947e6e6\" data-element_type=\"widget\" data-e-type=\"widget\" data-widget_type=\"call-to-action.default\">\n\t\t\t\t<div class=\"elementor-widget-container\">\n\t\t\t\t\t\t\t<a class=\"elementor-cta\" href=\"https:\/\/alps.edu\/fr\/cours-2\/\" target=\"_blank\">\n\t\t\t\t\t<div class=\"elementor-cta__bg-wrapper\">\n\t\t\t\t<div class=\"elementor-cta__bg elementor-bg\" style=\"background-image: url(https:\/\/alps.edu\/wp-content\/uploads\/2020\/07\/Group-1-768x606.jpg);\" role=\"img\" aria-label=\"Activit\u00e9 \u00e9tudiante ALPS groupe d&#039;\u00e9tudiants \u00e0 Mount Rainier pr\u00e8s de Seattle avec enseignant\"><\/div>\n\t\t\t\t<div class=\"elementor-cta__bg-overlay\"><\/div>\n\t\t\t<\/div>\n\t\t\t\t\t\t\t<div class=\"elementor-cta__content\">\n\t\t\t\t\n\t\t\t\t\t\t\t\t\t<h2 class=\"elementor-cta__title elementor-cta__content-item elementor-content-item\">\n\t\t\t\t\t\tCours &amp; Tarifs\t\t\t\t\t<\/h2>\n\t\t\t\t\n\t\t\t\t\t\t\t\t\t<div class=\"elementor-cta__description elementor-cta__content-item elementor-content-item\">\n\t\t\t\t\t\tEn savoir plus sur nos options de cours flexibles pour atteindre vos objectifs en anglais.\t\t\t\t\t<\/div>\n\t\t\t\t\n\t\t\t\t\t\t\t\t\t<div class=\"elementor-cta__button-wrapper elementor-cta__content-item elementor-content-item\">\n\t\t\t\t\t<span class=\"elementor-cta__button elementor-button elementor-size-\">\n\t\t\t\t\t\tCliquez ici\t\t\t\t\t<\/span>\n\t\t\t\t\t<\/div>\n\t\t\t\t\t\t\t<\/div>\n\t\t\t\t\t\t<\/a>\n\t\t\t\t\t\t<\/div>\n\t\t\t\t<\/div>\n\t\t\t\t<div class=\"elementor-element elementor-element-506d6be elementor-cta--skin-classic elementor-animated-content elementor-bg-transform elementor-bg-transform-zoom-in elementor-widget elementor-widget-call-to-action\" data-id=\"506d6be\" data-element_type=\"widget\" data-e-type=\"widget\" data-widget_type=\"call-to-action.default\">\n\t\t\t\t<div class=\"elementor-widget-container\">\n\t\t\t\t\t\t\t<a class=\"elementor-cta\" href=\"https:\/\/alps.edu\/fr\/a-propos-de-nous\/\" target=\"_blank\">\n\t\t\t\t\t<div class=\"elementor-cta__bg-wrapper\">\n\t\t\t\t<div class=\"elementor-cta__bg elementor-bg\" style=\"background-image: url(https:\/\/alps.edu\/wp-content\/uploads\/2020\/07\/Seattle-Ferry-Trip-768x511.jpg);\" role=\"img\" aria-label=\"Les \u00e9tudiants des ALPES sur l&#039;activit\u00e9 scolaire Seattle Ferry Group\"><\/div>\n\t\t\t\t<div class=\"elementor-cta__bg-overlay\"><\/div>\n\t\t\t<\/div>\n\t\t\t\t\t\t\t<div class=\"elementor-cta__content\">\n\t\t\t\t\n\t\t\t\t\t\t\t\t\t<h2 class=\"elementor-cta__title elementor-cta__content-item elementor-content-item\">\n\t\t\t\t\t\t\u00c0 propos de notre \u00e9cole\t\t\t\t\t<\/h2>\n\t\t\t\t\n\t\t\t\t\t\t\t\t\t<div class=\"elementor-cta__description elementor-cta__content-item elementor-content-item\">\n\t\t\t\t\t\tEn savoir plus sur notre \u00e9cole et notre m\u00e9thode d&#039;enseignement.\t\t\t\t\t<\/div>\n\t\t\t\t\n\t\t\t\t\t\t\t\t\t<div class=\"elementor-cta__button-wrapper elementor-cta__content-item elementor-content-item\">\n\t\t\t\t\t<span class=\"elementor-cta__button elementor-button elementor-size-\">\n\t\t\t\t\t\tCliquez ici\t\t\t\t\t<\/span>\n\t\t\t\t\t<\/div>\n\t\t\t\t\t\t\t<\/div>\n\t\t\t\t\t\t<\/a>\n\t\t\t\t\t\t<\/div>\n\t\t\t\t<\/div>\n\t\t\t\t<div class=\"elementor-element elementor-element-b4e06fb elementor-widget elementor-widget-spacer\" data-id=\"b4e06fb\" data-element_type=\"widget\" data-e-type=\"widget\" data-widget_type=\"spacer.default\">\n\t\t\t\t<div class=\"elementor-widget-container\">\n\t\t\t\t\t\t\t<div class=\"elementor-spacer\">\n\t\t\t<div class=\"elementor-spacer-inner\"><\/div>\n\t\t<\/div>\n\t\t\t\t\t\t<\/div>\n\t\t\t\t<\/div>\n\t\t\t\t\t<\/div>\n\t\t<\/div>\n\t\t\t\t<div class=\"elementor-column elementor-col-50 elementor-top-column elementor-element elementor-element-6259165\" data-id=\"6259165\" data-element_type=\"column\" data-e-type=\"column\">\n\t\t\t<div class=\"elementor-widget-wrap elementor-element-populated\">\n\t\t\t\t\t\t<div class=\"elementor-element elementor-element-7a8c06e elementor-widget elementor-widget-google_maps\" data-id=\"7a8c06e\" data-element_type=\"widget\" data-e-type=\"widget\" data-widget_type=\"google_maps.default\">\n\t\t\t\t<div class=\"elementor-widget-container\">\n\t\t\t\t\t\t\t<div class=\"elementor-custom-embed\">\n\t\t\t<iframe loading=\"lazy\"\n\t\t\t\t\tsrc=\"https:\/\/maps.google.com\/maps?q=alps%20language%20school%20430%20Broadway%20E%2C%20Seattle%2C%20WA%2098102&#038;t=m&#038;z=10&#038;output=embed&#038;iwloc=near\"\n\t\t\t\t\ttitle=\"\u00e9cole de langues alpes 430 Broadway E, Seattle, WA 98102\"\n\t\t\t\t\taria-label=\"\u00e9cole de langues alpes 430 Broadway E, Seattle, WA 98102\"\n\t\t\t><\/iframe>\n\t\t<\/div>\n\t\t\t\t\t\t<\/div>\n\t\t\t\t<\/div>\n\t\t\t\t\t<\/div>\n\t\t<\/div>\n\t\t\t\t\t<\/div>\n\t\t<\/section>\n\t\t\t\t<section data-particle_enable=\"false\" data-particle-mobile-disabled=\"false\" class=\"elementor-section elementor-top-section elementor-element elementor-element-bed8fa2 elementor-section-boxed elementor-section-height-default elementor-section-height-default\" data-id=\"bed8fa2\" data-element_type=\"section\" data-e-type=\"section\">\n\t\t\t\t\t\t<div class=\"elementor-container elementor-column-gap-default\">\n\t\t\t\t\t<div class=\"elementor-column elementor-col-100 elementor-top-column elementor-element elementor-element-1d47d2a\" data-id=\"1d47d2a\" data-element_type=\"column\" data-e-type=\"column\">\n\t\t\t<div class=\"elementor-widget-wrap\">\n\t\t\t\t\t\t\t<\/div>\n\t\t<\/div>\n\t\t\t\t\t<\/div>\n\t\t<\/section>\n\t\t\t\t<section data-particle_enable=\"false\" data-particle-mobile-disabled=\"false\" class=\"elementor-section elementor-top-section elementor-element elementor-element-ccb0408 elementor-section-boxed elementor-section-height-default elementor-section-height-default\" data-id=\"ccb0408\" data-element_type=\"section\" data-e-type=\"section\">\n\t\t\t\t\t\t<div class=\"elementor-container elementor-column-gap-default\">\n\t\t\t\t\t<div class=\"elementor-column elementor-col-100 elementor-top-column elementor-element elementor-element-f710492\" data-id=\"f710492\" data-element_type=\"column\" data-e-type=\"column\">\n\t\t\t<div class=\"elementor-widget-wrap\">\n\t\t\t\t\t\t\t<\/div>\n\t\t<\/div>\n\t\t\t\t\t<\/div>\n\t\t<\/section>\n\t\t\t\t<\/div>","protected":false},"excerpt":{"rendered":"<p>ALPS Language School English (ESL) Classes for Adults in Seattle Study In Person Or Online Small Group Classes (3-8 Students) Learn Speaking, Grammar, And Vocabulary For Everyday Life In The USA Friendly, Welcoming Atmosphere Courses from $75 per week Contact Us Today For More Information! Courses &#038; Prices Learn more about our flexible course options [&hellip;]<\/p>\n","protected":false},"author":2,"featured_media":844,"parent":0,"menu_order":0,"comment_status":"closed","ping_status":"closed","template":"","meta":{"_acf_changed":false,"footnotes":""},"class_list":["post-1439","page","type-page","status-publish","has-post-thumbnail","hentry"],"acf":[],"yoast_head":"<!-- This site is optimized with the Yoast SEO plugin v27.1.1 - https:\/\/yoast.com\/product\/yoast-seo-wordpress\/ -->\n<title>Improve Your English at ALPS - ALPS Language School<\/title>\n<meta name=\"description\" content=\"Improve your English in small group classes (3-8 students) at ALPS Language School in Seattle! Study in person or online.\" \/>\n<meta name=\"robots\" content=\"index, follow, max-snippet:-1, max-image-preview:large, max-video-preview:-1\" \/>\n<link rel=\"canonical\" href=\"https:\/\/alps.edu\/fr\/atterrissage\/\" \/>\n<meta property=\"og:locale\" content=\"fr_FR\" \/>\n<meta property=\"og:type\" content=\"article\" \/>\n<meta property=\"og:title\" content=\"Improve Your English at ALPS - ALPS Language School\" \/>\n<meta property=\"og:description\" content=\"Improve your English in small group classes (3-8 students) at ALPS Language School in Seattle! Study in person or online.\" \/>\n<meta property=\"og:url\" content=\"https:\/\/alps.edu\/fr\/atterrissage\/\" \/>\n<meta property=\"og:site_name\" content=\"ALPS Language School\" \/>\n<meta property=\"article:publisher\" content=\"https:\/\/www.facebook.com\/ALPS.Language.School\/\" \/>\n<meta property=\"article:modified_time\" content=\"2021-04-07T19:10:06+00:00\" \/>\n<meta property=\"og:image\" content=\"https:\/\/alps.edu\/wp-content\/uploads\/2020\/07\/Home-AND-Contact-scaled-e1594793791165.jpg\" \/>\n\t<meta property=\"og:image:width\" content=\"1600\" \/>\n\t<meta property=\"og:image:height\" content=\"1066\" \/>\n\t<meta property=\"og:image:type\" content=\"image\/jpeg\" \/>\n<meta name=\"twitter:card\" content=\"summary_large_image\" \/>\n<meta name=\"twitter:site\" content=\"@ALPS_School\" \/>\n<meta name=\"twitter:label1\" content=\"Dur\u00e9e de lecture estim\u00e9e\" \/>\n\t<meta name=\"twitter:data1\" content=\"1 minute\" \/>\n<script type=\"application\/ld+json\" class=\"yoast-schema-graph\">{\"@context\":\"https:\/\/schema.org\",\"@graph\":[{\"@type\":\"WebPage\",\"@id\":\"https:\/\/alps.edu\/landing\/\",\"url\":\"https:\/\/alps.edu\/landing\/\",\"name\":\"Improve Your English at ALPS - ALPS Language School\",\"isPartOf\":{\"@id\":\"https:\/\/alps.edu\/#website\"},\"primaryImageOfPage\":{\"@id\":\"https:\/\/alps.edu\/landing\/#primaryimage\"},\"image\":{\"@id\":\"https:\/\/alps.edu\/landing\/#primaryimage\"},\"thumbnailUrl\":\"https:\/\/alps.edu\/wp-content\/uploads\/2020\/07\/Home-AND-Contact-scaled-e1594793791165.jpg\",\"datePublished\":\"2021-02-10T21:17:26+00:00\",\"dateModified\":\"2021-04-07T19:10:06+00:00\",\"description\":\"Improve your English in small group classes (3-8 students) at ALPS Language School in Seattle! Study in person or online.\",\"breadcrumb\":{\"@id\":\"https:\/\/alps.edu\/landing\/#breadcrumb\"},\"inLanguage\":\"fr-FR\",\"potentialAction\":[{\"@type\":\"ReadAction\",\"target\":[\"https:\/\/alps.edu\/landing\/\"]}]},{\"@type\":\"ImageObject\",\"inLanguage\":\"fr-FR\",\"@id\":\"https:\/\/alps.edu\/landing\/#primaryimage\",\"url\":\"https:\/\/alps.edu\/wp-content\/uploads\/2020\/07\/Home-AND-Contact-scaled-e1594793791165.jpg\",\"contentUrl\":\"https:\/\/alps.edu\/wp-content\/uploads\/2020\/07\/Home-AND-Contact-scaled-e1594793791165.jpg\",\"width\":1600,\"height\":1066},{\"@type\":\"BreadcrumbList\",\"@id\":\"https:\/\/alps.edu\/landing\/#breadcrumb\",\"itemListElement\":[{\"@type\":\"ListItem\",\"position\":1,\"name\":\"Home\",\"item\":\"https:\/\/alps.edu\/\"},{\"@type\":\"ListItem\",\"position\":2,\"name\":\"Improve Your English at ALPS\"}]},{\"@type\":\"WebSite\",\"@id\":\"https:\/\/alps.edu\/#website\",\"url\":\"https:\/\/alps.edu\/\",\"name\":\"ALPS Language School\",\"description\":\"Seattle English Classes for Adults\",\"publisher\":{\"@id\":\"https:\/\/alps.edu\/#organization\"},\"potentialAction\":[{\"@type\":\"SearchAction\",\"target\":{\"@type\":\"EntryPoint\",\"urlTemplate\":\"https:\/\/alps.edu\/?s={search_term_string}\"},\"query-input\":{\"@type\":\"PropertyValueSpecification\",\"valueRequired\":true,\"valueName\":\"search_term_string\"}}],\"inLanguage\":\"fr-FR\"},{\"@type\":\"Organization\",\"@id\":\"https:\/\/alps.edu\/#organization\",\"name\":\"ALPS Language School\",\"url\":\"https:\/\/alps.edu\/\",\"logo\":{\"@type\":\"ImageObject\",\"inLanguage\":\"fr-FR\",\"@id\":\"https:\/\/alps.edu\/#\/schema\/logo\/image\/\",\"url\":\"https:\/\/alps.edu\/wp-content\/uploads\/2020\/04\/alps-logo.png\",\"contentUrl\":\"https:\/\/alps.edu\/wp-content\/uploads\/2020\/04\/alps-logo.png\",\"width\":256,\"height\":181,\"caption\":\"ALPS Language School\"},\"image\":{\"@id\":\"https:\/\/alps.edu\/#\/schema\/logo\/image\/\"},\"sameAs\":[\"https:\/\/www.facebook.com\/ALPS.Language.School\/\",\"https:\/\/x.com\/ALPS_School\",\"https:\/\/www.linkedin.com\/school\/alps-language-school\/\"]}]}<\/script>\n<!-- \/ Yoast SEO plugin. -->","yoast_head_json":{"title":"Am\u00e9liorez votre anglais \u00e0 ALPS - ALPS Language School","description":"Am\u00e9liorez votre anglais dans des cours en petits groupes (3-8 \u00e9tudiants) \u00e0 ALPS Language School \u00e0 Seattle! \u00c9tudiez en personne ou en ligne.","robots":{"index":"index","follow":"follow","max-snippet":"max-snippet:-1","max-image-preview":"max-image-preview:large","max-video-preview":"max-video-preview:-1"},"canonical":"https:\/\/alps.edu\/fr\/atterrissage\/","og_locale":"fr_FR","og_type":"article","og_title":"Improve Your English at ALPS - ALPS Language School","og_description":"Improve your English in small group classes (3-8 students) at ALPS Language School in Seattle! Study in person or online.","og_url":"https:\/\/alps.edu\/fr\/atterrissage\/","og_site_name":"ALPS Language School","article_publisher":"https:\/\/www.facebook.com\/ALPS.Language.School\/","article_modified_time":"2021-04-07T19:10:06+00:00","og_image":[{"width":1600,"height":1066,"url":"https:\/\/alps.edu\/wp-content\/uploads\/2020\/07\/Home-AND-Contact-scaled-e1594793791165.jpg","type":"image\/jpeg"}],"twitter_card":"summary_large_image","twitter_site":"@ALPS_School","twitter_misc":{"Dur\u00e9e de lecture estim\u00e9e":"1 minute"},"schema":{"@context":"https:\/\/schema.org","@graph":[{"@type":"WebPage","@id":"https:\/\/alps.edu\/landing\/","url":"https:\/\/alps.edu\/landing\/","name":"Am\u00e9liorez votre anglais \u00e0 ALPS - ALPS Language School","isPartOf":{"@id":"https:\/\/alps.edu\/#website"},"primaryImageOfPage":{"@id":"https:\/\/alps.edu\/landing\/#primaryimage"},"image":{"@id":"https:\/\/alps.edu\/landing\/#primaryimage"},"thumbnailUrl":"https:\/\/alps.edu\/wp-content\/uploads\/2020\/07\/Home-AND-Contact-scaled-e1594793791165.jpg","datePublished":"2021-02-10T21:17:26+00:00","dateModified":"2021-04-07T19:10:06+00:00","description":"Am\u00e9liorez votre anglais dans des cours en petits groupes (3-8 \u00e9tudiants) \u00e0 ALPS Language School \u00e0 Seattle! \u00c9tudiez en personne ou en ligne.","breadcrumb":{"@id":"https:\/\/alps.edu\/landing\/#breadcrumb"},"inLanguage":"fr-FR","potentialAction":[{"@type":"ReadAction","target":["https:\/\/alps.edu\/landing\/"]}]},{"@type":"ImageObject","inLanguage":"fr-FR","@id":"https:\/\/alps.edu\/landing\/#primaryimage","url":"https:\/\/alps.edu\/wp-content\/uploads\/2020\/07\/Home-AND-Contact-scaled-e1594793791165.jpg","contentUrl":"https:\/\/alps.edu\/wp-content\/uploads\/2020\/07\/Home-AND-Contact-scaled-e1594793791165.jpg","width":1600,"height":1066},{"@type":"BreadcrumbList","@id":"https:\/\/alps.edu\/landing\/#breadcrumb","itemListElement":[{"@type":"ListItem","position":1,"name":"Home","item":"https:\/\/alps.edu\/"},{"@type":"ListItem","position":2,"name":"Improve Your English at ALPS"}]},{"@type":"WebSite","@id":"https:\/\/alps.edu\/#website","url":"https:\/\/alps.edu\/","name":"\u00c9cole de langues ALPS","description":"Cours d&#039;anglais \u00e0 Seattle pour adultes","publisher":{"@id":"https:\/\/alps.edu\/#organization"},"potentialAction":[{"@type":"SearchAction","target":{"@type":"EntryPoint","urlTemplate":"https:\/\/alps.edu\/?s={search_term_string}"},"query-input":{"@type":"PropertyValueSpecification","valueRequired":true,"valueName":"search_term_string"}}],"inLanguage":"fr-FR"},{"@type":"Organization","@id":"https:\/\/alps.edu\/#organization","name":"\u00c9cole de langues ALPS","url":"https:\/\/alps.edu\/","logo":{"@type":"ImageObject","inLanguage":"fr-FR","@id":"https:\/\/alps.edu\/#\/schema\/logo\/image\/","url":"https:\/\/alps.edu\/wp-content\/uploads\/2020\/04\/alps-logo.png","contentUrl":"https:\/\/alps.edu\/wp-content\/uploads\/2020\/04\/alps-logo.png","width":256,"height":181,"caption":"ALPS Language School"},"image":{"@id":"https:\/\/alps.edu\/#\/schema\/logo\/image\/"},"sameAs":["https:\/\/www.facebook.com\/ALPS.Language.School\/","https:\/\/x.com\/ALPS_School","https:\/\/www.linkedin.com\/school\/alps-language-school\/"]}]}},"_links":{"self":[{"href":"https:\/\/alps.edu\/fr\/wp-json\/wp\/v2\/pages\/1439","targetHints":{"allow":["GET"]}}],"collection":[{"href":"https:\/\/alps.edu\/fr\/wp-json\/wp\/v2\/pages"}],"about":[{"href":"https:\/\/alps.edu\/fr\/wp-json\/wp\/v2\/types\/page"}],"author":[{"embeddable":true,"href":"https:\/\/alps.edu\/fr\/wp-json\/wp\/v2\/users\/2"}],"replies":[{"embeddable":true,"href":"https:\/\/alps.edu\/fr\/wp-json\/wp\/v2\/comments?post=1439"}],"version-history":[{"count":49,"href":"https:\/\/alps.edu\/fr\/wp-json\/wp\/v2\/pages\/1439\/revisions"}],"predecessor-version":[{"id":1650,"href":"https:\/\/alps.edu\/fr\/wp-json\/wp\/v2\/pages\/1439\/revisions\/1650"}],"wp:featuredmedia":[{"embeddable":true,"href":"https:\/\/alps.edu\/fr\/wp-json\/wp\/v2\/media\/844"}],"wp:attachment":[{"href":"https:\/\/alps.edu\/fr\/wp-json\/wp\/v2\/media?parent=1439"}],"curies":[{"name":"wp","href":"https:\/\/api.w.org\/{rel}","templated":true}]}}