{"id":1635,"date":"2021-04-02T10:05:31","date_gmt":"2021-04-02T17:05:31","guid":{"rendered":"https:\/\/alps.edu\/?page_id=1635"},"modified":"2021-04-02T10:05:31","modified_gmt":"2021-04-02T17:05:31","slug":"etudier-langlais-a-seattle-en-coreen","status":"publish","type":"page","link":"https:\/\/alps.edu\/fr\/study-english-seattle-korean-landing\/","title":{"rendered":"\ubbf8\uad6d \uc2dc\uc560\ud2c0\uc5d0\uc11c \uc601\uc5b4\ub97c \uacf5\ubd80\ud574\ubcf4\uc138\uc694"},"content":{"rendered":"<div data-elementor-type=\"wp-page\" data-elementor-id=\"1635\" class=\"elementor elementor-1635\" data-elementor-post-type=\"page\">\n\t\t\t\t\t\t<section data-particle_enable=\"false\" data-particle-mobile-disabled=\"false\" class=\"elementor-section elementor-top-section elementor-element elementor-element-61e48a3 elementor-section-boxed elementor-section-height-default elementor-section-height-default\" data-id=\"61e48a3\" data-element_type=\"section\" data-e-type=\"section\">\n\t\t\t\t\t\t<div class=\"elementor-container elementor-column-gap-default\">\n\t\t\t\t\t<div class=\"elementor-column elementor-col-50 elementor-top-column elementor-element elementor-element-904a38e\" data-id=\"904a38e\" data-element_type=\"column\" data-e-type=\"column\">\n\t\t\t<div class=\"elementor-widget-wrap elementor-element-populated\">\n\t\t\t\t\t\t<div class=\"elementor-element elementor-element-24315e0 elementor-widget elementor-widget-text-editor\" data-id=\"24315e0\" data-element_type=\"widget\" data-e-type=\"widget\" data-widget_type=\"text-editor.default\">\n\t\t\t\t<div class=\"elementor-widget-container\">\n\t\t\t\t\t\t\t\t\t<p style=\"text-align: center;\">\ub2e8\uccb4 \ubc0f \uac1c\uc778 \uc5b8\uc5b4 \uacfc\uc815 \uc81c\uacf5<\/p><p style=\"text-align: center;\">ALPES \uc5b4\ud559\uc6d0<br \/>\uc9c0\uae08 ESL \ud504\ub85c\uadf8\ub7a8\uc5d0 \ub4f1\ub85d\ud558\uc138\uc694<br \/>\uc18c\uaddc\ubaa8 \uadf8\ub8f9 \uc218\uc5c5\uc73c\ub85c \uc544\uce74\ub370\ubbf9 \uc601\uc5b4\ub97c<br \/>\ube60\ub974\uac8c \ubc30\uc6b8 \uc218 \uc788\uc2b5\ub2c8\ub2e4\u00a0! \uc778\uc6d0 \ucd5c\ub300 8\uba85<\/p><p style=\"text-align: center;\">\uc6b0\ub9ac\ub294 \uce5c\uc808\ud558\uace0 \ud658\uc601\ud558\ub294 \ubd84\uc704\uae30\ub97c \uac00\uc9c0\uace0 \uc788\uc2b5\ub2c8\ub2e4.<\/p>\t\t\t\t\t\t\t\t<\/div>\n\t\t\t\t<\/div>\n\t\t\t\t<div data-dce-background-color=\"#EC116F\" class=\"elementor-element elementor-element-a67e164 elementor-align-center elementor-widget elementor-widget-button\" data-id=\"a67e164\" data-element_type=\"widget\" data-e-type=\"widget\" data-widget_type=\"button.default\">\n\t\t\t\t<div class=\"elementor-widget-container\">\n\t\t\t\t\t\t\t\t\t<div class=\"elementor-button-wrapper\">\n\t\t\t\t\t<a class=\"elementor-button elementor-button-link elementor-size-xl\" href=\"tel:12067206363\">\n\t\t\t\t\t\t<span class=\"elementor-button-content-wrapper\">\n\t\t\t\t\t\t\t\t\t<span class=\"elementor-button-text\">\ubb38\uc758\ud558\uae30<\/span>\n\t\t\t\t\t<\/span>\n\t\t\t\t\t<\/a>\n\t\t\t\t<\/div>\n\t\t\t\t\t\t\t\t<\/div>\n\t\t\t\t<\/div>\n\t\t\t\t<div class=\"elementor-element elementor-element-9d6b3b4 elementor-widget elementor-widget-spacer\" data-id=\"9d6b3b4\" data-element_type=\"widget\" data-e-type=\"widget\" data-widget_type=\"spacer.default\">\n\t\t\t\t<div class=\"elementor-widget-container\">\n\t\t\t\t\t\t\t<div class=\"elementor-spacer\">\n\t\t\t<div class=\"elementor-spacer-inner\"><\/div>\n\t\t<\/div>\n\t\t\t\t\t\t<\/div>\n\t\t\t\t<\/div>\n\t\t\t\t<div class=\"elementor-element elementor-element-947e6e6 elementor-cta--skin-classic elementor-animated-content elementor-bg-transform elementor-bg-transform-zoom-in elementor-widget elementor-widget-call-to-action\" data-id=\"947e6e6\" data-element_type=\"widget\" data-e-type=\"widget\" data-widget_type=\"call-to-action.default\">\n\t\t\t\t<div class=\"elementor-widget-container\">\n\t\t\t\t\t\t\t<a class=\"elementor-cta\" href=\"https:\/\/alps.edu\/ko\/prices\/\" target=\"_blank\">\n\t\t\t\t\t<div class=\"elementor-cta__bg-wrapper\">\n\t\t\t\t<div class=\"elementor-cta__bg elementor-bg\" style=\"background-image: url(https:\/\/alps.edu\/wp-content\/uploads\/2020\/07\/Seattle-Ferry-Trip-768x511.jpg);\" role=\"img\" aria-label=\"Les \u00e9tudiants des ALPES sur l&#039;activit\u00e9 scolaire Seattle Ferry Group\"><\/div>\n\t\t\t\t<div class=\"elementor-cta__bg-overlay\"><\/div>\n\t\t\t<\/div>\n\t\t\t\t\t\t\t<div class=\"elementor-cta__content\">\n\t\t\t\t\n\t\t\t\t\n\t\t\t\t\n\t\t\t\t\t\t\t\t\t<div class=\"elementor-cta__button-wrapper elementor-cta__content-item elementor-content-item\">\n\t\t\t\t\t<span class=\"elementor-cta__button elementor-button elementor-size-\">\n\t\t\t\t\t\t\ubb3c\uac00\t\t\t\t\t<\/span>\n\t\t\t\t\t<\/div>\n\t\t\t\t\t\t\t<\/div>\n\t\t\t\t\t\t<\/a>\n\t\t\t\t\t\t<\/div>\n\t\t\t\t<\/div>\n\t\t\t\t<div class=\"elementor-element elementor-element-6ec1604 elementor-cta--skin-classic elementor-animated-content elementor-bg-transform elementor-bg-transform-zoom-in elementor-widget elementor-widget-call-to-action\" data-id=\"6ec1604\" data-element_type=\"widget\" data-e-type=\"widget\" data-widget_type=\"call-to-action.default\">\n\t\t\t\t<div class=\"elementor-widget-container\">\n\t\t\t\t\t\t\t<a class=\"elementor-cta\" href=\"https:\/\/alps.edu\/ko\/courses\/\" target=\"_blank\">\n\t\t\t\t\t<div class=\"elementor-cta__bg-wrapper\">\n\t\t\t\t<div class=\"elementor-cta__bg elementor-bg\" style=\"background-image: url(https:\/\/alps.edu\/wp-content\/uploads\/2020\/07\/Group-1-768x606.jpg);\" role=\"img\" aria-label=\"Activit\u00e9 \u00e9tudiante ALPS groupe d&#039;\u00e9tudiants \u00e0 Mount Rainier pr\u00e8s de Seattle avec enseignant\"><\/div>\n\t\t\t\t<div class=\"elementor-cta__bg-overlay\"><\/div>\n\t\t\t<\/div>\n\t\t\t\t\t\t\t<div class=\"elementor-cta__content\">\n\t\t\t\t\n\t\t\t\t\t\t\t\t\t<h2 class=\"elementor-cta__title elementor-cta__content-item elementor-content-item\">\n\t\t\t\t\t\t\uc601\uc5b4 \uad50\uc721 \uacfc\uc815\t\t\t\t\t<\/h2>\n\t\t\t\t\n\t\t\t\t\t\t\t\t\t<div class=\"elementor-cta__description elementor-cta__content-item elementor-content-item\">\n\t\t\t\t\t\t\uc77c\uc815\uc774 \uc720\uc5f0\ud55c ESL \uacfc\uc815\uc5d0\uc11c \uc120\ud0dd\ud574\ubcf4\uc138\uc694.\t\t\t\t\t<\/div>\n\t\t\t\t\n\t\t\t\t\t\t\t\t\t<div class=\"elementor-cta__button-wrapper elementor-cta__content-item elementor-content-item\">\n\t\t\t\t\t<span class=\"elementor-cta__button elementor-button elementor-size-\">\n\t\t\t\t\t\t\uc2dc\uc560\ud2c0 ESL \uc218\uc5c5\t\t\t\t\t<\/span>\n\t\t\t\t\t<\/div>\n\t\t\t\t\t\t\t<\/div>\n\t\t\t\t\t\t<\/a>\n\t\t\t\t\t\t<\/div>\n\t\t\t\t<\/div>\n\t\t\t\t<div class=\"elementor-element elementor-element-b4e06fb elementor-widget elementor-widget-spacer\" data-id=\"b4e06fb\" data-element_type=\"widget\" data-e-type=\"widget\" data-widget_type=\"spacer.default\">\n\t\t\t\t<div class=\"elementor-widget-container\">\n\t\t\t\t\t\t\t<div class=\"elementor-spacer\">\n\t\t\t<div class=\"elementor-spacer-inner\"><\/div>\n\t\t<\/div>\n\t\t\t\t\t\t<\/div>\n\t\t\t\t<\/div>\n\t\t\t\t\t<\/div>\n\t\t<\/div>\n\t\t\t\t<div class=\"elementor-column elementor-col-50 elementor-top-column elementor-element elementor-element-6259165\" data-id=\"6259165\" data-element_type=\"column\" data-e-type=\"column\">\n\t\t\t<div class=\"elementor-widget-wrap elementor-element-populated\">\n\t\t\t\t\t\t<div class=\"elementor-element elementor-element-7a8c06e elementor-widget elementor-widget-google_maps\" data-id=\"7a8c06e\" data-element_type=\"widget\" data-e-type=\"widget\" data-widget_type=\"google_maps.default\">\n\t\t\t\t<div class=\"elementor-widget-container\">\n\t\t\t\t\t\t\t<div class=\"elementor-custom-embed\">\n\t\t\t<iframe loading=\"lazy\"\n\t\t\t\t\tsrc=\"https:\/\/maps.google.com\/maps?q=alps%20language%20school%20430%20Broadway%20E%2C%20Seattle%2C%20WA%2098102&#038;t=m&#038;z=10&#038;output=embed&#038;iwloc=near\"\n\t\t\t\t\ttitle=\"\u00e9cole de langues alpes 430 Broadway E, Seattle, WA 98102\"\n\t\t\t\t\taria-label=\"\u00e9cole de langues alpes 430 Broadway E, Seattle, WA 98102\"\n\t\t\t><\/iframe>\n\t\t<\/div>\n\t\t\t\t\t\t<\/div>\n\t\t\t\t<\/div>\n\t\t\t\t\t<\/div>\n\t\t<\/div>\n\t\t\t\t\t<\/div>\n\t\t<\/section>\n\t\t\t\t<section data-particle_enable=\"false\" data-particle-mobile-disabled=\"false\" class=\"elementor-section elementor-top-section elementor-element elementor-element-bed8fa2 elementor-section-boxed elementor-section-height-default elementor-section-height-default\" data-id=\"bed8fa2\" data-element_type=\"section\" data-e-type=\"section\">\n\t\t\t\t\t\t<div class=\"elementor-container elementor-column-gap-default\">\n\t\t\t\t\t<div class=\"elementor-column elementor-col-100 elementor-top-column elementor-element elementor-element-1d47d2a\" data-id=\"1d47d2a\" data-element_type=\"column\" data-e-type=\"column\">\n\t\t\t<div class=\"elementor-widget-wrap\">\n\t\t\t\t\t\t\t<\/div>\n\t\t<\/div>\n\t\t\t\t\t<\/div>\n\t\t<\/section>\n\t\t\t\t<section data-particle_enable=\"false\" data-particle-mobile-disabled=\"false\" class=\"elementor-section elementor-top-section elementor-element elementor-element-ccb0408 elementor-section-boxed elementor-section-height-default elementor-section-height-default\" data-id=\"ccb0408\" data-element_type=\"section\" data-e-type=\"section\">\n\t\t\t\t\t\t<div class=\"elementor-container elementor-column-gap-default\">\n\t\t\t\t\t<div class=\"elementor-column elementor-col-100 elementor-top-column elementor-element elementor-element-f710492\" data-id=\"f710492\" data-element_type=\"column\" data-e-type=\"column\">\n\t\t\t<div class=\"elementor-widget-wrap\">\n\t\t\t\t\t\t\t<\/div>\n\t\t<\/div>\n\t\t\t\t\t<\/div>\n\t\t<\/section>\n\t\t\t\t<\/div>","protected":false},"excerpt":{"rendered":"<p>\ub2e8\uccb4 \ubc0f \uac1c\uc778 \uc5b8\uc5b4 \uacfc\uc815 \uc81c\uacf5 ALPS \uc5b4\ud559\uc6d0 \uc9c0\uae08 ESL \ud504\ub85c\uadf8\ub7a8\uc5d0 \ub4f1\ub85d\ud558\uc138\uc694 \uc18c\uaddc\ubaa8 \uadf8\ub8f9 \uc218\uc5c5\uc73c\ub85c \uc544\uce74\ub370\ubbf9 \uc601\uc5b4\ub97c \ube60\ub974\uac8c \ubc30\uc6b8 \uc218 \uc788\uc2b5\ub2c8\ub2e4\u00a0! \uc778\uc6d0 \ucd5c\ub300 8\uba85 \uc6b0\ub9ac\ub294 \uce5c\uc808\ud558\uace0 \ud658\uc601\ud558\ub294 \ubd84\uc704\uae30\ub97c \uac00\uc9c0\uace0 \uc788\uc2b5\ub2c8\ub2e4. \ubb38\uc758\ud558\uae30 \ubb3c\uac00 \uc601\uc5b4 \uad50\uc721 \uacfc\uc815 \uc77c\uc815\uc774 \uc720\uc5f0\ud55c ESL \uacfc\uc815\uc5d0\uc11c \uc120\ud0dd\ud574\ubcf4\uc138\uc694. \uc2dc\uc560\ud2c0 ESL \uc218\uc5c5<\/p>","protected":false},"author":2,"featured_media":844,"parent":0,"menu_order":0,"comment_status":"closed","ping_status":"closed","template":"","meta":{"_acf_changed":false,"footnotes":""},"class_list":["post-1635","page","type-page","status-publish","has-post-thumbnail","hentry"],"acf":[],"yoast_head":"<!-- This site is optimized with the Yoast SEO plugin v27.1.1 - https:\/\/yoast.com\/product\/yoast-seo-wordpress\/ -->\n<title>\ubbf8\uad6d \uc2dc\uc560\ud2c0\uc5d0\uc11c \uc601\uc5b4\ub97c \uacf5\ubd80\ud574\ubcf4\uc138\uc694 - ALPS Language School<\/title>\n<meta name=\"description\" content=\"ESL \ud504\ub85c\uadf8\ub7a8 | \uc720\ucc3d\ud558\uac8c \uc601\uc5b4 \ud68c\ud654 \ubc30\uc6b0\uae30. | \ub2e8\uccb4 \ubc0f \uac1c\uc778 \uc5b8\uc5b4 \uacfc\uc815 \uc81c\uacf5. | \uc18c\uaddc\ubaa8 \uadf8\ub8f9 \uc218\uc5c5\uc73c\ub85c \uc544\uce74\ub370\ubbf9 \uc601\uc5b4\ub97c. | \ube60\ub974\uac8c \ubc30\uc6b8 \uc218 \uc788\uc2b5\ub2c8\ub2e4! \uc778\uc6d0 \ucd5c\ub300 8\uba85. | \uc9c0\uae08 \ub4f1\ub85d\ud558\uc138\uc694!\" \/>\n<meta name=\"robots\" content=\"index, follow, max-snippet:-1, max-image-preview:large, max-video-preview:-1\" \/>\n<link rel=\"canonical\" href=\"https:\/\/alps.edu\/fr\/etudier-langlais-a-seattle-en-coreen\/\" \/>\n<meta property=\"og:locale\" content=\"fr_FR\" \/>\n<meta property=\"og:type\" content=\"article\" \/>\n<meta property=\"og:title\" content=\"\ubbf8\uad6d \uc2dc\uc560\ud2c0\uc5d0\uc11c \uc601\uc5b4\ub97c \uacf5\ubd80\ud574\ubcf4\uc138\uc694 - ALPS Language School\" \/>\n<meta property=\"og:description\" content=\"ESL \ud504\ub85c\uadf8\ub7a8 | \uc720\ucc3d\ud558\uac8c \uc601\uc5b4 \ud68c\ud654 \ubc30\uc6b0\uae30. | \ub2e8\uccb4 \ubc0f \uac1c\uc778 \uc5b8\uc5b4 \uacfc\uc815 \uc81c\uacf5. | \uc18c\uaddc\ubaa8 \uadf8\ub8f9 \uc218\uc5c5\uc73c\ub85c \uc544\uce74\ub370\ubbf9 \uc601\uc5b4\ub97c. | \ube60\ub974\uac8c \ubc30\uc6b8 \uc218 \uc788\uc2b5\ub2c8\ub2e4! \uc778\uc6d0 \ucd5c\ub300 8\uba85. | \uc9c0\uae08 \ub4f1\ub85d\ud558\uc138\uc694!\" \/>\n<meta property=\"og:url\" content=\"https:\/\/alps.edu\/fr\/etudier-langlais-a-seattle-en-coreen\/\" \/>\n<meta property=\"og:site_name\" content=\"ALPS Language School\" \/>\n<meta property=\"article:publisher\" content=\"https:\/\/www.facebook.com\/ALPS.Language.School\/\" \/>\n<meta property=\"og:image\" content=\"https:\/\/alps.edu\/wp-content\/uploads\/2020\/07\/Home-AND-Contact-scaled-e1594793791165.jpg\" \/>\n\t<meta property=\"og:image:width\" content=\"1600\" \/>\n\t<meta property=\"og:image:height\" content=\"1066\" \/>\n\t<meta property=\"og:image:type\" content=\"image\/jpeg\" \/>\n<meta name=\"twitter:card\" content=\"summary_large_image\" \/>\n<meta name=\"twitter:site\" content=\"@ALPS_School\" \/>\n<meta name=\"twitter:label1\" content=\"Dur\u00e9e de lecture estim\u00e9e\" \/>\n\t<meta name=\"twitter:data1\" content=\"1 minute\" \/>\n<script type=\"application\/ld+json\" class=\"yoast-schema-graph\">{\"@context\":\"https:\/\/schema.org\",\"@graph\":[{\"@type\":\"WebPage\",\"@id\":\"https:\/\/alps.edu\/ko\/study-english-seattle-korean-landing\/\",\"url\":\"https:\/\/alps.edu\/ko\/study-english-seattle-korean-landing\/\",\"name\":\"\ubbf8\uad6d \uc2dc\uc560\ud2c0\uc5d0\uc11c \uc601\uc5b4\ub97c \uacf5\ubd80\ud574\ubcf4\uc138\uc694 - ALPS Language School\",\"isPartOf\":{\"@id\":\"https:\/\/alps.edu\/#website\"},\"primaryImageOfPage\":{\"@id\":\"https:\/\/alps.edu\/ko\/study-english-seattle-korean-landing\/#primaryimage\"},\"image\":{\"@id\":\"https:\/\/alps.edu\/ko\/study-english-seattle-korean-landing\/#primaryimage\"},\"thumbnailUrl\":\"https:\/\/alps.edu\/wp-content\/uploads\/2020\/07\/Home-AND-Contact-scaled-e1594793791165.jpg\",\"datePublished\":\"2021-04-02T17:05:31+00:00\",\"description\":\"ESL \ud504\ub85c\uadf8\ub7a8 | \uc720\ucc3d\ud558\uac8c \uc601\uc5b4 \ud68c\ud654 \ubc30\uc6b0\uae30. | \ub2e8\uccb4 \ubc0f \uac1c\uc778 \uc5b8\uc5b4 \uacfc\uc815 \uc81c\uacf5. | \uc18c\uaddc\ubaa8 \uadf8\ub8f9 \uc218\uc5c5\uc73c\ub85c \uc544\uce74\ub370\ubbf9 \uc601\uc5b4\ub97c. | \ube60\ub974\uac8c \ubc30\uc6b8 \uc218 \uc788\uc2b5\ub2c8\ub2e4! \uc778\uc6d0 \ucd5c\ub300 8\uba85. | \uc9c0\uae08 \ub4f1\ub85d\ud558\uc138\uc694!\",\"breadcrumb\":{\"@id\":\"https:\/\/alps.edu\/ko\/study-english-seattle-korean-landing\/#breadcrumb\"},\"inLanguage\":\"fr-FR\",\"potentialAction\":[{\"@type\":\"ReadAction\",\"target\":[\"https:\/\/alps.edu\/ko\/study-english-seattle-korean-landing\/\"]}]},{\"@type\":\"ImageObject\",\"inLanguage\":\"fr-FR\",\"@id\":\"https:\/\/alps.edu\/ko\/study-english-seattle-korean-landing\/#primaryimage\",\"url\":\"https:\/\/alps.edu\/wp-content\/uploads\/2020\/07\/Home-AND-Contact-scaled-e1594793791165.jpg\",\"contentUrl\":\"https:\/\/alps.edu\/wp-content\/uploads\/2020\/07\/Home-AND-Contact-scaled-e1594793791165.jpg\",\"width\":1600,\"height\":1066},{\"@type\":\"BreadcrumbList\",\"@id\":\"https:\/\/alps.edu\/ko\/study-english-seattle-korean-landing\/#breadcrumb\",\"itemListElement\":[{\"@type\":\"ListItem\",\"position\":1,\"name\":\"Home\",\"item\":\"https:\/\/alps.edu\/\"},{\"@type\":\"ListItem\",\"position\":2,\"name\":\"\ubbf8\uad6d \uc2dc\uc560\ud2c0\uc5d0\uc11c \uc601\uc5b4\ub97c \uacf5\ubd80\ud574\ubcf4\uc138\uc694\"}]},{\"@type\":\"WebSite\",\"@id\":\"https:\/\/alps.edu\/#website\",\"url\":\"https:\/\/alps.edu\/\",\"name\":\"ALPS Language School\",\"description\":\"Seattle English Classes for Adults\",\"publisher\":{\"@id\":\"https:\/\/alps.edu\/#organization\"},\"potentialAction\":[{\"@type\":\"SearchAction\",\"target\":{\"@type\":\"EntryPoint\",\"urlTemplate\":\"https:\/\/alps.edu\/?s={search_term_string}\"},\"query-input\":{\"@type\":\"PropertyValueSpecification\",\"valueRequired\":true,\"valueName\":\"search_term_string\"}}],\"inLanguage\":\"fr-FR\"},{\"@type\":\"Organization\",\"@id\":\"https:\/\/alps.edu\/#organization\",\"name\":\"ALPS Language School\",\"url\":\"https:\/\/alps.edu\/\",\"logo\":{\"@type\":\"ImageObject\",\"inLanguage\":\"fr-FR\",\"@id\":\"https:\/\/alps.edu\/#\/schema\/logo\/image\/\",\"url\":\"https:\/\/alps.edu\/wp-content\/uploads\/2020\/04\/alps-logo.png\",\"contentUrl\":\"https:\/\/alps.edu\/wp-content\/uploads\/2020\/04\/alps-logo.png\",\"width\":256,\"height\":181,\"caption\":\"ALPS Language School\"},\"image\":{\"@id\":\"https:\/\/alps.edu\/#\/schema\/logo\/image\/\"},\"sameAs\":[\"https:\/\/www.facebook.com\/ALPS.Language.School\/\",\"https:\/\/x.com\/ALPS_School\",\"https:\/\/www.linkedin.com\/school\/alps-language-school\/\"]}]}<\/script>\n<!-- \/ Yoast SEO plugin. -->","yoast_head_json":{"title":"\ubbf8\uad6d \uc2dc\uc560\ud2c0\uc5d0\uc11c \uc601\uc5b4\ub97c \uacf5\ubd80\ud574\ubcf4\uc138\uc694 - ALPS Language School","description":"ESL \ud504\ub85c\uadf8\ub7a8 | \uc720\ucc3d\ud558\uac8c \uc601\uc5b4 \ud68c\ud654 \ubc30\uc6b0\uae30. | \ub2e8\uccb4 \ubc0f \uac1c\uc778 \uc5b8\uc5b4 \uacfc\uc815 \uc81c\uacf5. | \uc18c\uaddc\ubaa8 \uadf8\ub8f9 \uc218\uc5c5\uc73c\ub85c \uc544\uce74\ub370\ubbf9 \uc601\uc5b4\ub97c. | \ube60\ub974\uac8c \ubc30\uc6b8 \uc218 \uc788\uc2b5\ub2c8\ub2e4\u00a0! \uc778\uc6d0 \ucd5c\ub300 8\uba85. | \uc9c0\uae08 \ub4f1\ub85d\ud558\uc138\uc694\u00a0!","robots":{"index":"index","follow":"follow","max-snippet":"max-snippet:-1","max-image-preview":"max-image-preview:large","max-video-preview":"max-video-preview:-1"},"canonical":"https:\/\/alps.edu\/fr\/etudier-langlais-a-seattle-en-coreen\/","og_locale":"fr_FR","og_type":"article","og_title":"\ubbf8\uad6d \uc2dc\uc560\ud2c0\uc5d0\uc11c \uc601\uc5b4\ub97c \uacf5\ubd80\ud574\ubcf4\uc138\uc694 - ALPS Language School","og_description":"ESL \ud504\ub85c\uadf8\ub7a8 | \uc720\ucc3d\ud558\uac8c \uc601\uc5b4 \ud68c\ud654 \ubc30\uc6b0\uae30. | \ub2e8\uccb4 \ubc0f \uac1c\uc778 \uc5b8\uc5b4 \uacfc\uc815 \uc81c\uacf5. | \uc18c\uaddc\ubaa8 \uadf8\ub8f9 \uc218\uc5c5\uc73c\ub85c \uc544\uce74\ub370\ubbf9 \uc601\uc5b4\ub97c. | \ube60\ub974\uac8c \ubc30\uc6b8 \uc218 \uc788\uc2b5\ub2c8\ub2e4! \uc778\uc6d0 \ucd5c\ub300 8\uba85. | \uc9c0\uae08 \ub4f1\ub85d\ud558\uc138\uc694!","og_url":"https:\/\/alps.edu\/fr\/etudier-langlais-a-seattle-en-coreen\/","og_site_name":"ALPS Language School","article_publisher":"https:\/\/www.facebook.com\/ALPS.Language.School\/","og_image":[{"width":1600,"height":1066,"url":"https:\/\/alps.edu\/wp-content\/uploads\/2020\/07\/Home-AND-Contact-scaled-e1594793791165.jpg","type":"image\/jpeg"}],"twitter_card":"summary_large_image","twitter_site":"@ALPS_School","twitter_misc":{"Dur\u00e9e de lecture estim\u00e9e":"1 minute"},"schema":{"@context":"https:\/\/schema.org","@graph":[{"@type":"WebPage","@id":"https:\/\/alps.edu\/ko\/study-english-seattle-korean-landing\/","url":"https:\/\/alps.edu\/ko\/study-english-seattle-korean-landing\/","name":"\ubbf8\uad6d \uc2dc\uc560\ud2c0\uc5d0\uc11c \uc601\uc5b4\ub97c \uacf5\ubd80\ud574\ubcf4\uc138\uc694 - ALPS Language School","isPartOf":{"@id":"https:\/\/alps.edu\/#website"},"primaryImageOfPage":{"@id":"https:\/\/alps.edu\/ko\/study-english-seattle-korean-landing\/#primaryimage"},"image":{"@id":"https:\/\/alps.edu\/ko\/study-english-seattle-korean-landing\/#primaryimage"},"thumbnailUrl":"https:\/\/alps.edu\/wp-content\/uploads\/2020\/07\/Home-AND-Contact-scaled-e1594793791165.jpg","datePublished":"2021-04-02T17:05:31+00:00","description":"ESL \ud504\ub85c\uadf8\ub7a8 | \uc720\ucc3d\ud558\uac8c \uc601\uc5b4 \ud68c\ud654 \ubc30\uc6b0\uae30. | \ub2e8\uccb4 \ubc0f \uac1c\uc778 \uc5b8\uc5b4 \uacfc\uc815 \uc81c\uacf5. | \uc18c\uaddc\ubaa8 \uadf8\ub8f9 \uc218\uc5c5\uc73c\ub85c \uc544\uce74\ub370\ubbf9 \uc601\uc5b4\ub97c. | \ube60\ub974\uac8c \ubc30\uc6b8 \uc218 \uc788\uc2b5\ub2c8\ub2e4\u00a0! \uc778\uc6d0 \ucd5c\ub300 8\uba85. | \uc9c0\uae08 \ub4f1\ub85d\ud558\uc138\uc694\u00a0!","breadcrumb":{"@id":"https:\/\/alps.edu\/ko\/study-english-seattle-korean-landing\/#breadcrumb"},"inLanguage":"fr-FR","potentialAction":[{"@type":"ReadAction","target":["https:\/\/alps.edu\/ko\/study-english-seattle-korean-landing\/"]}]},{"@type":"ImageObject","inLanguage":"fr-FR","@id":"https:\/\/alps.edu\/ko\/study-english-seattle-korean-landing\/#primaryimage","url":"https:\/\/alps.edu\/wp-content\/uploads\/2020\/07\/Home-AND-Contact-scaled-e1594793791165.jpg","contentUrl":"https:\/\/alps.edu\/wp-content\/uploads\/2020\/07\/Home-AND-Contact-scaled-e1594793791165.jpg","width":1600,"height":1066},{"@type":"BreadcrumbList","@id":"https:\/\/alps.edu\/ko\/study-english-seattle-korean-landing\/#breadcrumb","itemListElement":[{"@type":"ListItem","position":1,"name":"Home","item":"https:\/\/alps.edu\/"},{"@type":"ListItem","position":2,"name":"\ubbf8\uad6d \uc2dc\uc560\ud2c0\uc5d0\uc11c \uc601\uc5b4\ub97c \uacf5\ubd80\ud574\ubcf4\uc138\uc694"}]},{"@type":"WebSite","@id":"https:\/\/alps.edu\/#website","url":"https:\/\/alps.edu\/","name":"\u00c9cole de langues ALPS","description":"Cours d&#039;anglais \u00e0 Seattle pour adultes","publisher":{"@id":"https:\/\/alps.edu\/#organization"},"potentialAction":[{"@type":"SearchAction","target":{"@type":"EntryPoint","urlTemplate":"https:\/\/alps.edu\/?s={search_term_string}"},"query-input":{"@type":"PropertyValueSpecification","valueRequired":true,"valueName":"search_term_string"}}],"inLanguage":"fr-FR"},{"@type":"Organization","@id":"https:\/\/alps.edu\/#organization","name":"\u00c9cole de langues ALPS","url":"https:\/\/alps.edu\/","logo":{"@type":"ImageObject","inLanguage":"fr-FR","@id":"https:\/\/alps.edu\/#\/schema\/logo\/image\/","url":"https:\/\/alps.edu\/wp-content\/uploads\/2020\/04\/alps-logo.png","contentUrl":"https:\/\/alps.edu\/wp-content\/uploads\/2020\/04\/alps-logo.png","width":256,"height":181,"caption":"ALPS Language School"},"image":{"@id":"https:\/\/alps.edu\/#\/schema\/logo\/image\/"},"sameAs":["https:\/\/www.facebook.com\/ALPS.Language.School\/","https:\/\/x.com\/ALPS_School","https:\/\/www.linkedin.com\/school\/alps-language-school\/"]}]}},"_links":{"self":[{"href":"https:\/\/alps.edu\/fr\/wp-json\/wp\/v2\/pages\/1635","targetHints":{"allow":["GET"]}}],"collection":[{"href":"https:\/\/alps.edu\/fr\/wp-json\/wp\/v2\/pages"}],"about":[{"href":"https:\/\/alps.edu\/fr\/wp-json\/wp\/v2\/types\/page"}],"author":[{"embeddable":true,"href":"https:\/\/alps.edu\/fr\/wp-json\/wp\/v2\/users\/2"}],"replies":[{"embeddable":true,"href":"https:\/\/alps.edu\/fr\/wp-json\/wp\/v2\/comments?post=1635"}],"version-history":[{"count":5,"href":"https:\/\/alps.edu\/fr\/wp-json\/wp\/v2\/pages\/1635\/revisions"}],"predecessor-version":[{"id":3176,"href":"https:\/\/alps.edu\/fr\/wp-json\/wp\/v2\/pages\/1635\/revisions\/3176"}],"wp:featuredmedia":[{"embeddable":true,"href":"https:\/\/alps.edu\/fr\/wp-json\/wp\/v2\/media\/844"}],"wp:attachment":[{"href":"https:\/\/alps.edu\/fr\/wp-json\/wp\/v2\/media?parent=1635"}],"curies":[{"name":"wp","href":"https:\/\/api.w.org\/{rel}","templated":true}]}}