{"id":1806,"date":"2021-11-22T14:04:19","date_gmt":"2021-11-22T22:04:19","guid":{"rendered":"https:\/\/alps.edu\/?page_id=1806"},"modified":"2025-12-06T10:46:33","modified_gmt":"2025-12-06T18:46:33","slug":"merci-cci","status":"publish","type":"page","link":"https:\/\/alps.edu\/fr\/thank-you-icc\/","title":{"rendered":"Merci"},"content":{"rendered":"<div data-elementor-type=\"wp-page\" data-elementor-id=\"1806\" class=\"elementor elementor-1806\" data-elementor-post-type=\"page\">\n\t\t\t\t\t\t<section data-particle_enable=\"false\" data-particle-mobile-disabled=\"false\" class=\"elementor-section elementor-top-section elementor-element elementor-element-e2745fc elementor-section-boxed elementor-section-height-default elementor-section-height-default\" data-id=\"e2745fc\" data-element_type=\"section\" data-e-type=\"section\">\n\t\t\t\t\t\t<div class=\"elementor-container elementor-column-gap-default\">\n\t\t\t\t\t<div class=\"elementor-column elementor-col-100 elementor-top-column elementor-element elementor-element-35e1ec5\" data-id=\"35e1ec5\" data-element_type=\"column\" data-e-type=\"column\">\n\t\t\t<div class=\"elementor-widget-wrap elementor-element-populated\">\n\t\t\t\t\t\t<div data-dce-title-color=\"#000000\" class=\"elementor-element elementor-element-423a7dbf elementor-widget elementor-widget-heading\" data-id=\"423a7dbf\" data-element_type=\"widget\" data-e-type=\"widget\" data-widget_type=\"heading.default\">\n\t\t\t\t<div class=\"elementor-widget-container\">\n\t\t\t\t\t<h2 class=\"elementor-heading-title elementor-size-default\">Merci pour votre candidature \u00e0 ALPS!<\/h2>\t\t\t\t<\/div>\n\t\t\t\t<\/div>\n\t\t\t\t<div class=\"elementor-element elementor-element-7a6345d3 elementor-widget elementor-widget-text-editor\" data-id=\"7a6345d3\" data-element_type=\"widget\" data-e-type=\"widget\" data-widget_type=\"text-editor.default\">\n\t\t\t\t<div class=\"elementor-widget-container\">\n\t\t\t\t\t\t\t\t\t<p>Le personnel de Sekaia vous contactera prochainement pour vous donner des instructions sur les prochaines \u00e9tapes.<\/p><p>Si vous avez des questions concernant votre candidature \u00e0 ALPS, veuillez nous contacter \u00e0 info@alps.edu<\/p><p>Nous avons h\u00e2te de vous voir bient\u00f4t \u00e0 Seattle\u00a0!<\/p>\t\t\t\t\t\t\t\t<\/div>\n\t\t\t\t<\/div>\n\t\t\t\t\t<\/div>\n\t\t<\/div>\n\t\t\t\t\t<\/div>\n\t\t<\/section>\n\t\t\t\t<\/div>","protected":false},"excerpt":{"rendered":"<p>Merci pour votre candidature \u00e0 ALPS\u00a0! L\u2019\u00e9quipe de Sekaia vous contactera prochainement pour vous indiquer la marche \u00e0 suivre. Pour toute question concernant votre candidature, veuillez nous \u00e9crire \u00e0 info@alps.edu. Nous avons h\u00e2te de vous accueillir bient\u00f4t \u00e0 Seattle\u00a0!<\/p>","protected":false},"author":2,"featured_media":0,"parent":0,"menu_order":0,"comment_status":"closed","ping_status":"closed","template":"","meta":{"_acf_changed":false,"footnotes":""},"class_list":["post-1806","page","type-page","status-publish","hentry"],"acf":[],"yoast_head":"<!-- This site is optimized with the Yoast SEO plugin v27.5 - https:\/\/yoast.com\/product\/yoast-seo-wordpress\/ -->\n<title>Thank You - ALPS Language School<\/title>\n<meta name=\"robots\" content=\"index, follow, max-snippet:-1, max-image-preview:large, max-video-preview:-1\" \/>\n<link rel=\"canonical\" href=\"https:\/\/alps.edu\/fr\/merci-cci\/\" \/>\n<meta property=\"og:locale\" content=\"fr_FR\" \/>\n<meta property=\"og:type\" content=\"article\" \/>\n<meta property=\"og:title\" content=\"Thank You - ALPS Language School\" \/>\n<meta property=\"og:description\" content=\"Thank you for your application to ALPS! Sekaia staff will contact you shortly with instructions about your next steps. If you have any questions about your application to ALPS, please contact us at info@alps.edu We look forward to seeing you in Seattle soon!\" \/>\n<meta property=\"og:url\" content=\"https:\/\/alps.edu\/fr\/merci-cci\/\" \/>\n<meta property=\"og:site_name\" content=\"ALPS Language School\" \/>\n<meta property=\"article:publisher\" content=\"https:\/\/www.facebook.com\/ALPS.Language.School\/\" \/>\n<meta property=\"article:modified_time\" content=\"2025-12-06T18:46:33+00:00\" \/>\n<meta name=\"twitter:card\" content=\"summary_large_image\" \/>\n<meta name=\"twitter:site\" content=\"@ALPS_School\" \/>\n<meta name=\"twitter:label1\" content=\"Dur\u00e9e de lecture estim\u00e9e\" \/>\n\t<meta name=\"twitter:data1\" content=\"1 minute\" \/>\n<script type=\"application\/ld+json\" class=\"yoast-schema-graph\">{\"@context\":\"https:\\\/\\\/schema.org\",\"@graph\":[{\"@type\":\"WebPage\",\"@id\":\"https:\\\/\\\/alps.edu\\\/thank-you-icc\\\/\",\"url\":\"https:\\\/\\\/alps.edu\\\/thank-you-icc\\\/\",\"name\":\"Thank You - ALPS Language School\",\"isPartOf\":{\"@id\":\"https:\\\/\\\/alps.edu\\\/#website\"},\"datePublished\":\"2021-11-22T22:04:19+00:00\",\"dateModified\":\"2025-12-06T18:46:33+00:00\",\"breadcrumb\":{\"@id\":\"https:\\\/\\\/alps.edu\\\/thank-you-icc\\\/#breadcrumb\"},\"inLanguage\":\"fr-FR\",\"potentialAction\":[{\"@type\":\"ReadAction\",\"target\":[\"https:\\\/\\\/alps.edu\\\/thank-you-icc\\\/\"]}]},{\"@type\":\"BreadcrumbList\",\"@id\":\"https:\\\/\\\/alps.edu\\\/thank-you-icc\\\/#breadcrumb\",\"itemListElement\":[{\"@type\":\"ListItem\",\"position\":1,\"name\":\"Home\",\"item\":\"https:\\\/\\\/alps.edu\\\/\"},{\"@type\":\"ListItem\",\"position\":2,\"name\":\"Thank You\"}]},{\"@type\":\"WebSite\",\"@id\":\"https:\\\/\\\/alps.edu\\\/#website\",\"url\":\"https:\\\/\\\/alps.edu\\\/\",\"name\":\"ALPS Language School\",\"description\":\"Seattle English Classes for Adults\",\"publisher\":{\"@id\":\"https:\\\/\\\/alps.edu\\\/#organization\"},\"potentialAction\":[{\"@type\":\"SearchAction\",\"target\":{\"@type\":\"EntryPoint\",\"urlTemplate\":\"https:\\\/\\\/alps.edu\\\/?s={search_term_string}\"},\"query-input\":{\"@type\":\"PropertyValueSpecification\",\"valueRequired\":true,\"valueName\":\"search_term_string\"}}],\"inLanguage\":\"fr-FR\"},{\"@type\":\"Organization\",\"@id\":\"https:\\\/\\\/alps.edu\\\/#organization\",\"name\":\"ALPS Language School\",\"url\":\"https:\\\/\\\/alps.edu\\\/\",\"logo\":{\"@type\":\"ImageObject\",\"inLanguage\":\"fr-FR\",\"@id\":\"https:\\\/\\\/alps.edu\\\/#\\\/schema\\\/logo\\\/image\\\/\",\"url\":\"https:\\\/\\\/alps.edu\\\/wp-content\\\/uploads\\\/2020\\\/04\\\/alps-logo.png\",\"contentUrl\":\"https:\\\/\\\/alps.edu\\\/wp-content\\\/uploads\\\/2020\\\/04\\\/alps-logo.png\",\"width\":256,\"height\":181,\"caption\":\"ALPS Language School\"},\"image\":{\"@id\":\"https:\\\/\\\/alps.edu\\\/#\\\/schema\\\/logo\\\/image\\\/\"},\"sameAs\":[\"https:\\\/\\\/www.facebook.com\\\/ALPS.Language.School\\\/\",\"https:\\\/\\\/x.com\\\/ALPS_School\",\"https:\\\/\\\/www.linkedin.com\\\/school\\\/alps-language-school\\\/\"]}]}<\/script>\n<!-- \/ Yoast SEO plugin. -->","yoast_head_json":{"title":"Merci - ALPS Language School","robots":{"index":"index","follow":"follow","max-snippet":"max-snippet:-1","max-image-preview":"max-image-preview:large","max-video-preview":"max-video-preview:-1"},"canonical":"https:\/\/alps.edu\/fr\/merci-cci\/","og_locale":"fr_FR","og_type":"article","og_title":"Thank You - ALPS Language School","og_description":"Thank you for your application to ALPS! Sekaia staff will contact you shortly with instructions about your next steps. If you have any questions about your application to ALPS, please contact us at info@alps.edu We look forward to seeing you in Seattle soon!","og_url":"https:\/\/alps.edu\/fr\/merci-cci\/","og_site_name":"ALPS Language School","article_publisher":"https:\/\/www.facebook.com\/ALPS.Language.School\/","article_modified_time":"2025-12-06T18:46:33+00:00","twitter_card":"summary_large_image","twitter_site":"@ALPS_School","twitter_misc":{"Dur\u00e9e de lecture estim\u00e9e":"1 minute"},"schema":{"@context":"https:\/\/schema.org","@graph":[{"@type":"WebPage","@id":"https:\/\/alps.edu\/thank-you-icc\/","url":"https:\/\/alps.edu\/thank-you-icc\/","name":"Merci - ALPS Language School","isPartOf":{"@id":"https:\/\/alps.edu\/#website"},"datePublished":"2021-11-22T22:04:19+00:00","dateModified":"2025-12-06T18:46:33+00:00","breadcrumb":{"@id":"https:\/\/alps.edu\/thank-you-icc\/#breadcrumb"},"inLanguage":"fr-FR","potentialAction":[{"@type":"ReadAction","target":["https:\/\/alps.edu\/thank-you-icc\/"]}]},{"@type":"BreadcrumbList","@id":"https:\/\/alps.edu\/thank-you-icc\/#breadcrumb","itemListElement":[{"@type":"ListItem","position":1,"name":"Home","item":"https:\/\/alps.edu\/"},{"@type":"ListItem","position":2,"name":"Thank You"}]},{"@type":"WebSite","@id":"https:\/\/alps.edu\/#website","url":"https:\/\/alps.edu\/","name":"\u00c9cole de langues ALPS","description":"Cours d&#039;anglais \u00e0 Seattle pour adultes","publisher":{"@id":"https:\/\/alps.edu\/#organization"},"potentialAction":[{"@type":"SearchAction","target":{"@type":"EntryPoint","urlTemplate":"https:\/\/alps.edu\/?s={search_term_string}"},"query-input":{"@type":"PropertyValueSpecification","valueRequired":true,"valueName":"search_term_string"}}],"inLanguage":"fr-FR"},{"@type":"Organization","@id":"https:\/\/alps.edu\/#organization","name":"\u00c9cole de langues ALPS","url":"https:\/\/alps.edu\/","logo":{"@type":"ImageObject","inLanguage":"fr-FR","@id":"https:\/\/alps.edu\/#\/schema\/logo\/image\/","url":"https:\/\/alps.edu\/wp-content\/uploads\/2020\/04\/alps-logo.png","contentUrl":"https:\/\/alps.edu\/wp-content\/uploads\/2020\/04\/alps-logo.png","width":256,"height":181,"caption":"ALPS Language School"},"image":{"@id":"https:\/\/alps.edu\/#\/schema\/logo\/image\/"},"sameAs":["https:\/\/www.facebook.com\/ALPS.Language.School\/","https:\/\/x.com\/ALPS_School","https:\/\/www.linkedin.com\/school\/alps-language-school\/"]}]}},"_links":{"self":[{"href":"https:\/\/alps.edu\/fr\/wp-json\/wp\/v2\/pages\/1806","targetHints":{"allow":["GET"]}}],"collection":[{"href":"https:\/\/alps.edu\/fr\/wp-json\/wp\/v2\/pages"}],"about":[{"href":"https:\/\/alps.edu\/fr\/wp-json\/wp\/v2\/types\/page"}],"author":[{"embeddable":true,"href":"https:\/\/alps.edu\/fr\/wp-json\/wp\/v2\/users\/2"}],"replies":[{"embeddable":true,"href":"https:\/\/alps.edu\/fr\/wp-json\/wp\/v2\/comments?post=1806"}],"version-history":[{"count":7,"href":"https:\/\/alps.edu\/fr\/wp-json\/wp\/v2\/pages\/1806\/revisions"}],"predecessor-version":[{"id":3702,"href":"https:\/\/alps.edu\/fr\/wp-json\/wp\/v2\/pages\/1806\/revisions\/3702"}],"wp:attachment":[{"href":"https:\/\/alps.edu\/fr\/wp-json\/wp\/v2\/media?parent=1806"}],"curies":[{"name":"wp","href":"https:\/\/api.w.org\/{rel}","templated":true}]}}