{"id":3266,"date":"2025-08-21T16:41:03","date_gmt":"2025-08-21T23:41:03","guid":{"rendered":"https:\/\/alps.edu\/privacy-statement-eu\/"},"modified":"2025-08-21T16:41:03","modified_gmt":"2025-08-21T23:41:03","slug":"declaration-de-confidentialite-de-lue","status":"publish","type":"page","link":"https:\/\/alps.edu\/fr\/privacy-statement-eu\/","title":{"rendered":"D\u00e9claration de confidentialit\u00e9 (UE)"},"content":{"rendered":"<!-- Legal document generated by Complianz | GDPR\/CCPA Cookie Consent https:\/\/wordpress.org\/plugins\/complianz-gdpr -->\n<div id=\"cmplz-document\" class=\"cmplz-document privacy-statement cmplz-document-eu\"><p><i>Cette d\u00e9claration de confidentialit\u00e9 a \u00e9t\u00e9 mise \u00e0 jour le 21 ao\u00fbt 2025 et s&#039;applique aux citoyens et aux r\u00e9sidents permanents l\u00e9gaux de l&#039;Espace \u00e9conomique europ\u00e9en et de la Suisse.<\/i><br \/><br \/><\/p><p><p>Dans cette d\u00e9claration de confidentialit\u00e9, nous expliquons ce que nous faisons avec les donn\u00e9es que nous obtenons \u00e0 votre sujet via <a href=\"https:\/\/alps.edu\/fr\">https:\/\/alps.edu\/fr<\/a>. Nous vous recommandons de lire attentivement cette d\u00e9claration. Lors de notre traitement, nous nous conformons aux exigences de la l\u00e9gislation sur la confidentialit\u00e9. Cela signifie, entre autres, que :<\/p><ul>\n                <li>nous indiquons clairement dans quelles finalit\u00e9s nous traitons les donn\u00e9es personnelles. Nous faisons cela au moyen de cette d\u00e9claration de confidentialit\u00e9 ;<\/li>\n                <li>nous visons \u00e0 limiter notre recueil de donn\u00e9es personnelles uniquement aux donn\u00e9es personnelles n\u00e9cessaires \u00e0 des finalit\u00e9s l\u00e9gitimes ;<\/li>\n                <li>nous demandons d&#039;abord votre consentement explicite pour traiter vos donn\u00e9es personnelles dans les cas n\u00e9cessitant votre consentement ;<\/li>\n                <li>nous prenons des mesures de s\u00e9curit\u00e9 appropri\u00e9es afin de prot\u00e9ger vos donn\u00e9es personnelles, et nous en exigeons autant des parties traitant des donn\u00e9es personnelles pour nous ;<\/li>\n                <li>nous respectons votre droit de consulter, corriger ou supprimer vos donn\u00e9es personnelles si vous en formulez la demande.<\/li>\n            <\/ul><p>Si vous avez des questions ou souhaitez savoir exactement quelles donn\u00e9es nous conservons, veuillez nous contacter.<\/p><\/p><h2>1. Finalit\u00e9, donn\u00e9es et dur\u00e9e de conservation<\/h2>Nous pouvons collecter ou recevoir des informations personnelles pour un certain nombre de raisons li\u00e9es \u00e0 nos activit\u00e9s commerciales, notamment les suivantes : (cliquez pour d\u00e9plier)<details class=\"cmplz-dropdown dropdown-privacy-statement\"><summary><div><h3>1.1 Contact - Par t\u00e9l\u00e9phone, courrier, e-mail et\/ou formulaires web<\/h3><\/div><\/summary><p class=\"cmplz-subtitle\">Dans cette finalit\u00e9, nous utilisons les donn\u00e9es suivantes :<\/p><p><ul><li>Un pr\u00e9nom et un nom de famille<\/li><li>Un domicile ou une autre adresse physique, incluant le nom d&#039;une rue et le nom d&#039;une ville ou d&#039;un village<\/li><li>Une adresse e-mail<\/li><li>Un num\u00e9ro de t\u00e9l\u00e9phone<\/li><li>Adresse IP<\/li><li>Donn\u00e9es de g\u00e9olocalisation<\/li><li>Date de naissance<\/li><li>Sexe<\/li><li>Une signature<\/li><li>Informations sur l&#039;activit\u00e9 Internet, y compris, mais sans s&#039;y limiter, l&#039;historique de navigation, l&#039;historique de recherche et les informations concernant l&#039;interaction d&#039;un consommateur avec un site web, une application ou une publicit\u00e9 internet<\/li><\/ul><\/p><p class=\"cmplz-subtitle\">La base sur laquelle nous pouvons traiter ces donn\u00e9es est :<\/p><p class=\"cmplz-subtitle\">Dur\u00e9e de conservation<\/p><p>Nous conservons ces donn\u00e9es \u00e0 la fin du service pendant le nombre de mois suivant : 3 ans apr\u00e8s l&#039;arr\u00eat des \u00e9tudes \u00e0 ALPS<\/p><\/details><details class=\"cmplz-dropdown dropdown-privacy-statement\"><summary><div><h3>1.2 Compilateur et analyseur de statistiques pour l&#039;am\u00e9lioration du site web.<\/h3><\/div><\/summary><p class=\"cmplz-subtitle\">Dans cette finalit\u00e9, nous utilisons les donn\u00e9es suivantes :<\/p><p><ul><li>Donn\u00e9es de g\u00e9olocalisation<\/li><li>Adresse IP<\/li><li>Informations sur l&#039;activit\u00e9 Internet, y compris, mais sans s&#039;y limiter, l&#039;historique de navigation, l&#039;historique de recherche et les informations concernant l&#039;interaction d&#039;un consommateur avec un site web, une application ou une publicit\u00e9 internet<\/li><\/ul><\/p><p class=\"cmplz-subtitle\">La base sur laquelle nous pouvons traiter ces donn\u00e9es est :<\/p><p class=\"cmplz-subtitle\">Dur\u00e9e de conservation<\/p><p>Nous conservons ces donn\u00e9es jusqu&#039;\u00e0 la fin du service.<\/p><\/details><details class=\"cmplz-dropdown dropdown-privacy-statement\"><summary><div><h3>1.3 Vendre ou partager les donn\u00e9es avec une tierce partie<\/h3><\/div><\/summary><p class=\"cmplz-subtitle\">Dans cette finalit\u00e9, nous utilisons les donn\u00e9es suivantes :<\/p><p><ul><li>Adresse IP<\/li><li>Informations sur l&#039;activit\u00e9 Internet, y compris, mais sans s&#039;y limiter, l&#039;historique de navigation, l&#039;historique de recherche et les informations concernant l&#039;interaction d&#039;un consommateur avec un site web, une application ou une publicit\u00e9 internet<\/li><li>Donn\u00e9es de g\u00e9olocalisation<\/li><\/ul><\/p><p class=\"cmplz-subtitle\">La base sur laquelle nous pouvons traiter ces donn\u00e9es est :<\/p><p class=\"cmplz-subtitle\">Dur\u00e9e de conservation<\/p><p>Nous conservons ces donn\u00e9es jusqu&#039;\u00e0 la fin du service.<\/p><\/details><details class=\"cmplz-dropdown dropdown-privacy-statement\"><summary><div><h3>1.4 Pour prendre en charge les services ou produits que votre client souhaite acheter ou a achet\u00e9s<\/h3><\/div><\/summary><p class=\"cmplz-subtitle\">Dans cette finalit\u00e9, nous utilisons les donn\u00e9es suivantes :<\/p><p><ul><li>Un pr\u00e9nom et un nom de famille<\/li><li>Un domicile ou une autre adresse physique, incluant le nom d&#039;une rue et le nom d&#039;une ville ou d&#039;un village<\/li><li>Une adresse e-mail<\/li><li>Un num\u00e9ro de t\u00e9l\u00e9phone<\/li><li>Adresse IP<\/li><li>Date de naissance<\/li><li>Sexe<\/li><li>Une signature<\/li><\/ul><\/p><p class=\"cmplz-subtitle\">La base sur laquelle nous pouvons traiter ces donn\u00e9es est :<\/p><p class=\"cmplz-subtitle\">Dur\u00e9e de conservation<\/p><p>Nous conservons ces donn\u00e9es \u00e0 la fin du service pendant le nombre de mois suivant : 3 ans apr\u00e8s l&#039;arr\u00eat des \u00e9tudes \u00e0 ALPS<\/p><\/details><details class=\"cmplz-dropdown dropdown-privacy-statement\"><summary><div><h3>1.5 Paiements<\/h3><\/div><\/summary><p class=\"cmplz-subtitle\">Dans cette finalit\u00e9, nous utilisons les donn\u00e9es suivantes :<\/p><p><ul><li>Un pr\u00e9nom et un nom de famille<\/li><li>Une adresse e-mail<\/li><li>Un domicile ou une autre adresse physique, incluant le nom d&#039;une rue et le nom d&#039;une ville ou d&#039;un village<\/li><li>Adresse IP<\/li><\/ul><\/p><p class=\"cmplz-subtitle\">La base sur laquelle nous pouvons traiter ces donn\u00e9es est :<\/p><p><a target=\"_blank\" rel=\"noopener noreferrer nofollow\" href=\"https:\/\/cookiedatabase.org\/legal-bases\/#consent\">Apr\u00e8s avoir donn\u00e9 son consentement.<\/a><\/p><p class=\"cmplz-subtitle\">Dur\u00e9e de conservation<\/p><p>Nous conservons ces donn\u00e9es jusqu&#039;\u00e0 la fin du service.<\/p><\/details><h2>2. Partage avec d&#039;autres parties<\/h2><p>Nous ne partageons ces donn\u00e9es qu&#039;avec des sous-traitants et avec d&#039;autres tierces parties pour lesquelles un consentement doit \u00eatre obtenu.<\/p><p class=\"cmplz-subtitle\">Sous-traitants<\/p><p><b>Nom:<\/b>&nbsp;\u00c9l\u00e9mentor<br \/>\n            <b>Pays:<\/b>&nbsp;Isra\u00ebl \/ Pays-Bas<br \/>\n            <b>Finalit\u00e9 :<\/b>&nbsp;Plugin de cr\u00e9ation de pages pour WordPress<br \/>\n            <b>Nom:<\/b>&nbsp;Elementor Pro<br \/>\n            <b>Pays:<\/b>&nbsp;Isra\u00ebl \/ Pays-Bas<br \/>\n            <b>Finalit\u00e9 :<\/b>&nbsp;Fonctionnalit\u00e9s avanc\u00e9es de conception de sites Web<br \/>\n            <b>Nom:<\/b>&nbsp;Champs personnalis\u00e9s avanc\u00e9s<br \/>\n            <b>Pays:<\/b>&nbsp;Australie \/ \u00c9tats-Unis<br \/>\n            <b>Finalit\u00e9 :<\/b>&nbsp;Ajoute des champs de contenu personnalis\u00e9s \u00e0 WordPress<br \/>\n            <b>Nom:<\/b>&nbsp;WP Rocket<br \/>\n            <b>Pays:<\/b>&nbsp;France<br \/>\n            <b>Finalit\u00e9 :<\/b>&nbsp;Plugin d&#039;optimisation des performances et de mise en cache<br \/>\n            <b>Nom:<\/b>&nbsp;Formes de gravit\u00e9<br \/>\n            <b>Pays:<\/b>&nbsp;Etats-Unis<br \/>\n            <b>Finalit\u00e9 :<\/b>&nbsp;G\u00e9n\u00e9rateur de formulaires pour WordPress<br \/>\n            <b>Nom:<\/b>&nbsp;WordPress \/ Automattic<br \/>\n            <b>Pays:<\/b>&nbsp;Etats-Unis<br \/>\n            <b>Finalit\u00e9 :<\/b>&nbsp;d\u00e9veloppement de sites Web<br \/>\n            <b>Nom:<\/b>&nbsp;Cloudflare<br \/>\n            <b>Pays:<\/b>&nbsp;NOUS<br \/>\n            <b>Finalit\u00e9 :<\/b>&nbsp;services de r\u00e9seau de distribution de contenu<br \/>\n            <\/p><p class=\"cmplz-subtitle\">Tierces parties<\/p><p>\n                <b>Nom:<\/b>&nbsp;Google reCAPTCHA<br \/>\n                <b>Pays:<\/b>&nbsp;Etats-Unis<br \/>\n                <b>Finalit\u00e9 :<\/b>&nbsp;Protection anti-spam (d\u00e9tection de robots)<br \/>\n                <b>Les donn\u00e9es :<\/b>&nbsp;Envoie l&#039;adresse IP, le comportement de la souris et les donn\u00e9es de navigation. Politique de confidentialit\u00e9\u00a0: https:\/\/policies.google.com\/privacy\u00a0; Conditions\u00a0: https:\/\/policies.google.com\/terms.\n            \n                <b>Nom:<\/b>&nbsp;Google Maps<br \/>\n                <b>Pays:<\/b>&nbsp;Etats-Unis<br \/>\n                <b>Finalit\u00e9 :<\/b>&nbsp;Affichage de l&#039;emplacement et int\u00e9gration de la carte<br \/>\n                <b>Les donn\u00e9es :<\/b>&nbsp;Envoie des donn\u00e9es IP, de localisation et d&#039;interaction. Politique de confidentialit\u00e9\u00a0: https:\/\/policies.google.com\/privacy\n            \n                <b>Nom:<\/b>&nbsp;YouTube<br \/>\n                <b>Pays:<\/b>&nbsp;Etats-Unis<br \/>\n                <b>Finalit\u00e9 :<\/b>&nbsp;Int\u00e9gration et lecture de vid\u00e9os<br \/>\n                <b>Les donn\u00e9es :<\/b>&nbsp;Envoie des cookies, des adresses IP et des donn\u00e9es de comportement utilisateur. Politique de confidentialit\u00e9\u00a0: https:\/\/policies.google.com\/privacy\n            \n                <b>Nom:<\/b>&nbsp;PayPal<br \/>\n                <b>Pays:<\/b>&nbsp;Etats-Unis<br \/>\n                <b>Finalit\u00e9 :<\/b>&nbsp;Paiements en ligne<br \/>\n                <b>Les donn\u00e9es :<\/b>&nbsp;Collecte des donn\u00e9es de paiement, personnelles et transactionnelles. Politique de confidentialit\u00e9\u00a0: https:\/\/www.paypal.com\/us\/legalhub\/paypal\/privacy-full\n            \n                <b>Nom:<\/b>&nbsp;Instagram (m\u00e9ta)<br \/>\n                <b>Pays:<\/b>&nbsp;Etats-Unis<br \/>\n                <b>Finalit\u00e9 :<\/b>&nbsp;Contenu int\u00e9gr\u00e9, partage social<br \/>\n                <b>Les donn\u00e9es :<\/b>&nbsp;Collecte des donn\u00e9es IP, des cookies et des donn\u00e9es de comportement des utilisateurs. Politique de confidentialit\u00e9 (Meta)\u00a0: https:\/\/privacycenter.instagram.com\/policy\n            \n                <b>Nom:<\/b>&nbsp;Bande<br \/>\n                <b>Pays:<\/b>&nbsp;Etats-Unis<br \/>\n                <b>Finalit\u00e9 :<\/b>&nbsp;Processeur de paiement en ligne<br \/>\n                <b>Les donn\u00e9es :<\/b>&nbsp;Collecte des donn\u00e9es de paiement, des informations personnelles et des informations sur l&#039;appareil\/navigateur. Politique de confidentialit\u00e9\u00a0: https:\/\/stripe.com\/privacy\n            <\/p><h2>3. Cookies<\/h2><p>Notre site Web utilise des cookies. Pour plus d&#039;informations sur les cookies, veuillez vous r\u00e9f\u00e9rer \u00e0 notre <a href=\"https:\/\/alps.edu\/fr\/cookie-policy-eu\/\">Politique de cookies<\/a>.&nbsp;<\/p><h2>4. Pratiques de divulgation<\/h2><p><p>Nous divulguons des informations personnelles si nous y sommes tenus par la loi ou par une ordonnance du tribunal, en r\u00e9ponse \u00e0 un organisme d&#039;application de la loi, dans la mesure permise par d&#039;autres dispositions de la loi, pour fournir des informations, ou pour une enqu\u00eate sur une question li\u00e9e \u00e0 la s\u00e9curit\u00e9 publique.<\/p><p>Si notre site web ou notre organisation est reprise, vendue ou impliqu\u00e9e dans une fusion ou une acquisition, vos donn\u00e9es peuvent \u00eatre divulgu\u00e9es \u00e0 nos conseillers et \u00e0 tout acheteur potentiel et seront transmises aux nouveaux propri\u00e9taires.<\/p><\/p><p>Nous avons conclu un accord de traitement des donn\u00e9es avec Google.<\/p><p>Google ne peut utiliser les donn\u00e9es pour aucun autre service Google.<\/p><p>L&#039;inclusion d&#039;adresses IP compl\u00e8tes est bloqu\u00e9e par nous.<\/p><h2>5. S\u00e9curit\u00e9<\/h2><p>Nous nous engageons \u00e0 la s\u00e9curit\u00e9 des donn\u00e9es personnelles. Nous prenons les mesures de s\u00e9curit\u00e9 appropri\u00e9es pour limiter les abus et l&#039;acc\u00e8s non autoris\u00e9 aux donn\u00e9es personnelles. Cela garantit que seules les personnes n\u00e9cessaires ont acc\u00e8s \u00e0 vos donn\u00e9es, que l&#039;acc\u00e8s aux donn\u00e9es est prot\u00e9g\u00e9 et que nos mesures de s\u00e9curit\u00e9 sont r\u00e9guli\u00e8rement revues.<\/p><h2>6. Sites web tiers<\/h2><p>Cette d\u00e9claration de confidentialit\u00e9 ne s&#039;applique pas aux sites web de tierces parties connect\u00e9es par des liens sur notre site web. Nous ne pouvons garantir que ces tierces parties g\u00e8rent vos donn\u00e9es personnelles de mani\u00e8re fiable ou s\u00e9curis\u00e9e. Nous vous recommandons de lire les d\u00e9clarations de confidentialit\u00e9 de ces sites web avant de les utiliser.<\/p><h2>7. Modifications apport\u00e9es \u00e0 cette d\u00e9claration de confidentialit\u00e9<\/h2><p>Nous nous r\u00e9servons le droit de modifier la pr\u00e9sente d\u00e9claration de confidentialit\u00e9. Il est recommand\u00e9 de consulter r\u00e9guli\u00e8rement cette d\u00e9claration de confidentialit\u00e9 afin de prendre connaissance de toute modification \u00e9ventuelle. De plus, nous vous informons activement dans la mesure du possible.<\/p><h2>8. Acc\u00e9der \u00e0 vos donn\u00e9es et les modifier<\/h2><p>Si vous avez des questions ou souhaitez savoir quelles sont les donn\u00e9es personnelles que nous avons \u00e0 votre sujet, veuillez nous contacter. Vous pouvez nous contacter en utilisant les informations ci-dessous. Vous avez les droits suivants :<\/p><ul>\n                <li>Vous avez le droit de savoir pourquoi vos donn\u00e9es personnelles sont n\u00e9cessaires, ce qui leur arrivent et combien de temps elles seront conserv\u00e9es.<\/li>\n                <li>Droit d&#039;acc\u00e8s : vous avez le droit d&#039;acc\u00e9der \u00e0 vos donn\u00e9es personnelles que nous connaissons.<\/li>\n                <li>Droit de rectification : vous avez le droit \u00e0 tout moment de compl\u00e9ter, corriger, faire supprimer ou bloquer vos donn\u00e9es personnelles.<\/li>\n                <li>Si vous nous donnez votre consentement pour le traitement de vos donn\u00e9es, vous avez le droit de r\u00e9voquer ce consentement et de faire supprimer vos donn\u00e9es personnelles.<\/li>\n                <li>Droit de transf\u00e9rer vos donn\u00e9es : vous avez le droit de demander toutes vos donn\u00e9es personnelles au responsable du traitement et de les transf\u00e9rer dans leur int\u00e9gralit\u00e9 \u00e0 un autre responsable du traitement.<\/li>\n                <li>Droit d&#039;opposition : vous pouvez vous opposer au traitement de vos donn\u00e9es. Nous obtemp\u00e9rerons, \u00e0 moins que certaines raisons ne justifient ce traitement.<\/li>\n            <\/ul><p>Assurez-vous de toujours indiquer clairement qui vous \u00eates, afin que nous puissions \u00eatre certains de ne pas modifier ni supprimer les donn\u00e9es de la mauvaise personne.<\/p><h2>9. D\u00e9poser une plainte<\/h2><p>Si vous n&#039;\u00eates pas satisfait de la mani\u00e8re dont nous traitons (une r\u00e9clamation concernant) le traitement de vos donn\u00e9es personnelles, vous avez le droit de d\u00e9poser une r\u00e9clamation aupr\u00e8s de l&#039;autorit\u00e9 de protection des donn\u00e9es.<\/p><h2>10. Coordonn\u00e9es<\/h2><p>Services \u00e9ducatifs ALPS Inc.<br \/>\n        430 Broadway E<br \/>\nSeattle, WA 98102<br \/>\n        \u00c9tats-Unis<br \/>\n        Site web : <a href=\"https:\/\/alps.edu\/fr\">https:\/\/alps.edu\/fr<\/a> <br \/>\n        E-mail : <span class=\"cmplz-obfuscate\">info@<span class=\"cmplz-fmail-domain\">ex.com<\/span>alps.edu<\/span> <br \/>\n        Num\u00e9ro de t\u00e9l\u00e9phone : +1-206-720-6363<\/p><h2>11. Demandes de donn\u00e9es<\/h2><p>Pour les demandes les plus fr\u00e9quentes, nous vous offrons \u00e9galement la possibilit\u00e9 d&#039;utiliser notre formulaire de demande de donn\u00e9es.<br \/>\t\t\t<div class=\"cmplz-datarequest cmplz-alert\">\n\t\t\t\t<span class=\"cmplz-close\">\u00d7<\/span>\n\t\t\t\t<span id=\"cmplz-message\"><\/span>\n\t\t\t<\/div>\n\t\t\t<form id=\"cmplz-datarequest-form\" action=\"\">\n\t\t\t\t<input type=\"hidden\" required value=\"eu\" name=\"cmplz_datarequest_region\" id=\"cmplz_datarequest_region\">\n\n\t\t\t\t<label for=\"cmplz_datarequest_firstname\" class=\"cmplz-first-name\">Nom\t\t\t\t\t<input type=\"search\" class=\"datarequest-firstname\" value=\"\" placeholder=\"ton pr\u00e9nom\" id=\"cmplz_datarequest_firstname\" name=\"cmplz_datarequest_firstname\">\n\t\t\t\t<\/label>\n\t\t\t\t<div>\n\t\t\t\t\t<label for=\"cmplz_datarequest_name\">Nom<\/label>\n\t\t\t\t\t<input type=\"text\" required value=\"\" placeholder=\"Votre nom\" id=\"cmplz_datarequest_name\" name=\"cmplz_datarequest_name\">\n\t\t\t\t<\/div>\n\t\t\t\t<div>\n\t\t\t\t\t<label for=\"cmplz_datarequest_email\">E-mail<\/label>\n\t\t\t\t\t<input type=\"email\" required value=\"\" placeholder=\"email@email.com\" id=\"cmplz_datarequest_email\" name=\"cmplz_datarequest_email\">\n\t\t\t\t<\/div>\n\t\t\t\t\t\t\t\t\t\t<div class=\"cmplz_datarequest cmplz_datarequest_request_for_access\">\n\t\t\t\t\t\t\t<label for=\"cmplz_datarequest_request_for_access\">\n\t\t\t\t\t\t\t\t<input type=\"checkbox\" value=\"1\" name=\"cmplz_datarequest_request_for_access\" id=\"cmplz_datarequest_request_for_access\" \/>\n\t\t\t\t\t\t\t\tEnvoyer une demande d&#039;acc\u00e8s aux donn\u00e9es \u00e0 votre sujet que nous traitons.\t\t\t\t\t\t\t<\/label>\n\t\t\t\t\t\t<\/div>\n\t\t\t\t\t\t\t\t\t\t<div class=\"cmplz_datarequest cmplz_datarequest_right_to_be_forgotten\">\n\t\t\t\t\t\t\t<label for=\"cmplz_datarequest_right_to_be_forgotten\">\n\t\t\t\t\t\t\t\t<input type=\"checkbox\" value=\"1\" name=\"cmplz_datarequest_right_to_be_forgotten\" id=\"cmplz_datarequest_right_to_be_forgotten\" \/>\n\t\t\t\t\t\t\t\tEnvoyer une demande de suppression des donn\u00e9es si elles ne sont plus pertinentes.\t\t\t\t\t\t\t<\/label>\n\t\t\t\t\t\t<\/div>\n\t\t\t\t\t\t\t\t\t\t<div class=\"cmplz_datarequest cmplz_datarequest_right_to_data_portability\">\n\t\t\t\t\t\t\t<label for=\"cmplz_datarequest_right_to_data_portability\">\n\t\t\t\t\t\t\t\t<input type=\"checkbox\" value=\"1\" name=\"cmplz_datarequest_right_to_data_portability\" id=\"cmplz_datarequest_right_to_data_portability\" \/>\n\t\t\t\t\t\t\t\tEnvoyer une demande pour recevoir un fichier d&#039;exportation des donn\u00e9es \u00e0 votre sujet que nous traitons.\t\t\t\t\t\t\t<\/label>\n\t\t\t\t\t\t<\/div>\n\t\t\t\t\t\t\t\t<input type=\"button\" id=\"cmplz-datarequest-submit\" value=\"Envoyer\">\n\t\t\t<input type=\"hidden\" name=\"trp-form-language\" value=\"fr\"\/><\/form>\n\n\t\t\t<style>\n\t\t\t\t\/* first-name is honeypot *\/\n\t\t\t\t.cmplz-first-name {\n\t\t\t\t\tposition: absolute !important;\n\t\t\t\t\tleft: -5000px !important;\n\t\t\t\t}\n\t\t\t<\/style>\n\t\t\t<\/p><\/div>","protected":false},"excerpt":{"rendered":"","protected":false},"author":2,"featured_media":0,"parent":0,"menu_order":0,"comment_status":"closed","ping_status":"closed","template":"","meta":{"_acf_changed":false,"footnotes":""},"class_list":["post-3266","page","type-page","status-publish","hentry"],"acf":[],"yoast_head":"<!-- This site is optimized with the Yoast SEO plugin v27.1.1 - https:\/\/yoast.com\/product\/yoast-seo-wordpress\/ -->\n<title>Privacy Statement (EU) - ALPS Language School<\/title>\n<meta name=\"robots\" content=\"index, follow, max-snippet:-1, max-image-preview:large, max-video-preview:-1\" \/>\n<link rel=\"canonical\" href=\"https:\/\/alps.edu\/fr\/declaration-de-confidentialite-de-lue\/\" \/>\n<meta property=\"og:locale\" content=\"fr_FR\" \/>\n<meta property=\"og:type\" content=\"article\" \/>\n<meta property=\"og:title\" content=\"Privacy Statement (EU) - ALPS Language School\" \/>\n<meta property=\"og:url\" content=\"https:\/\/alps.edu\/fr\/declaration-de-confidentialite-de-lue\/\" \/>\n<meta property=\"og:site_name\" content=\"ALPS Language School\" \/>\n<meta property=\"article:publisher\" content=\"https:\/\/www.facebook.com\/ALPS.Language.School\/\" \/>\n<meta name=\"twitter:card\" content=\"summary_large_image\" \/>\n<meta name=\"twitter:site\" content=\"@ALPS_School\" \/>\n<script type=\"application\/ld+json\" class=\"yoast-schema-graph\">{\"@context\":\"https:\/\/schema.org\",\"@graph\":[{\"@type\":\"WebPage\",\"@id\":\"https:\/\/alps.edu\/privacy-statement-eu\/\",\"url\":\"https:\/\/alps.edu\/privacy-statement-eu\/\",\"name\":\"Privacy Statement (EU) - ALPS Language School\",\"isPartOf\":{\"@id\":\"https:\/\/alps.edu\/#website\"},\"datePublished\":\"2025-08-21T23:41:03+00:00\",\"breadcrumb\":{\"@id\":\"https:\/\/alps.edu\/privacy-statement-eu\/#breadcrumb\"},\"inLanguage\":\"fr-FR\",\"potentialAction\":[{\"@type\":\"ReadAction\",\"target\":[\"https:\/\/alps.edu\/privacy-statement-eu\/\"]}]},{\"@type\":\"BreadcrumbList\",\"@id\":\"https:\/\/alps.edu\/privacy-statement-eu\/#breadcrumb\",\"itemListElement\":[{\"@type\":\"ListItem\",\"position\":1,\"name\":\"Home\",\"item\":\"https:\/\/alps.edu\/\"},{\"@type\":\"ListItem\",\"position\":2,\"name\":\"Privacy Statement (EU)\"}]},{\"@type\":\"WebSite\",\"@id\":\"https:\/\/alps.edu\/#website\",\"url\":\"https:\/\/alps.edu\/\",\"name\":\"ALPS Language School\",\"description\":\"Seattle English Classes for Adults\",\"publisher\":{\"@id\":\"https:\/\/alps.edu\/#organization\"},\"potentialAction\":[{\"@type\":\"SearchAction\",\"target\":{\"@type\":\"EntryPoint\",\"urlTemplate\":\"https:\/\/alps.edu\/?s={search_term_string}\"},\"query-input\":{\"@type\":\"PropertyValueSpecification\",\"valueRequired\":true,\"valueName\":\"search_term_string\"}}],\"inLanguage\":\"fr-FR\"},{\"@type\":\"Organization\",\"@id\":\"https:\/\/alps.edu\/#organization\",\"name\":\"ALPS Language School\",\"url\":\"https:\/\/alps.edu\/\",\"logo\":{\"@type\":\"ImageObject\",\"inLanguage\":\"fr-FR\",\"@id\":\"https:\/\/alps.edu\/#\/schema\/logo\/image\/\",\"url\":\"https:\/\/alps.edu\/wp-content\/uploads\/2020\/04\/alps-logo.png\",\"contentUrl\":\"https:\/\/alps.edu\/wp-content\/uploads\/2020\/04\/alps-logo.png\",\"width\":256,\"height\":181,\"caption\":\"ALPS Language School\"},\"image\":{\"@id\":\"https:\/\/alps.edu\/#\/schema\/logo\/image\/\"},\"sameAs\":[\"https:\/\/www.facebook.com\/ALPS.Language.School\/\",\"https:\/\/x.com\/ALPS_School\",\"https:\/\/www.linkedin.com\/school\/alps-language-school\/\"]}]}<\/script>\n<!-- \/ Yoast SEO plugin. -->","yoast_head_json":{"title":"D\u00e9claration de confidentialit\u00e9 (UE) - \u00c9cole de langues ALPS","robots":{"index":"index","follow":"follow","max-snippet":"max-snippet:-1","max-image-preview":"max-image-preview:large","max-video-preview":"max-video-preview:-1"},"canonical":"https:\/\/alps.edu\/fr\/declaration-de-confidentialite-de-lue\/","og_locale":"fr_FR","og_type":"article","og_title":"Privacy Statement (EU) - ALPS Language School","og_url":"https:\/\/alps.edu\/fr\/declaration-de-confidentialite-de-lue\/","og_site_name":"ALPS Language School","article_publisher":"https:\/\/www.facebook.com\/ALPS.Language.School\/","twitter_card":"summary_large_image","twitter_site":"@ALPS_School","schema":{"@context":"https:\/\/schema.org","@graph":[{"@type":"WebPage","@id":"https:\/\/alps.edu\/privacy-statement-eu\/","url":"https:\/\/alps.edu\/privacy-statement-eu\/","name":"D\u00e9claration de confidentialit\u00e9 (UE) - \u00c9cole de langues ALPS","isPartOf":{"@id":"https:\/\/alps.edu\/#website"},"datePublished":"2025-08-21T23:41:03+00:00","breadcrumb":{"@id":"https:\/\/alps.edu\/privacy-statement-eu\/#breadcrumb"},"inLanguage":"fr-FR","potentialAction":[{"@type":"ReadAction","target":["https:\/\/alps.edu\/privacy-statement-eu\/"]}]},{"@type":"BreadcrumbList","@id":"https:\/\/alps.edu\/privacy-statement-eu\/#breadcrumb","itemListElement":[{"@type":"ListItem","position":1,"name":"Home","item":"https:\/\/alps.edu\/"},{"@type":"ListItem","position":2,"name":"Privacy Statement (EU)"}]},{"@type":"WebSite","@id":"https:\/\/alps.edu\/#website","url":"https:\/\/alps.edu\/","name":"\u00c9cole de langues ALPS","description":"Cours d&#039;anglais \u00e0 Seattle pour adultes","publisher":{"@id":"https:\/\/alps.edu\/#organization"},"potentialAction":[{"@type":"SearchAction","target":{"@type":"EntryPoint","urlTemplate":"https:\/\/alps.edu\/?s={search_term_string}"},"query-input":{"@type":"PropertyValueSpecification","valueRequired":true,"valueName":"search_term_string"}}],"inLanguage":"fr-FR"},{"@type":"Organization","@id":"https:\/\/alps.edu\/#organization","name":"\u00c9cole de langues ALPS","url":"https:\/\/alps.edu\/","logo":{"@type":"ImageObject","inLanguage":"fr-FR","@id":"https:\/\/alps.edu\/#\/schema\/logo\/image\/","url":"https:\/\/alps.edu\/wp-content\/uploads\/2020\/04\/alps-logo.png","contentUrl":"https:\/\/alps.edu\/wp-content\/uploads\/2020\/04\/alps-logo.png","width":256,"height":181,"caption":"ALPS Language School"},"image":{"@id":"https:\/\/alps.edu\/#\/schema\/logo\/image\/"},"sameAs":["https:\/\/www.facebook.com\/ALPS.Language.School\/","https:\/\/x.com\/ALPS_School","https:\/\/www.linkedin.com\/school\/alps-language-school\/"]}]}},"_links":{"self":[{"href":"https:\/\/alps.edu\/fr\/wp-json\/wp\/v2\/pages\/3266","targetHints":{"allow":["GET"]}}],"collection":[{"href":"https:\/\/alps.edu\/fr\/wp-json\/wp\/v2\/pages"}],"about":[{"href":"https:\/\/alps.edu\/fr\/wp-json\/wp\/v2\/types\/page"}],"author":[{"embeddable":true,"href":"https:\/\/alps.edu\/fr\/wp-json\/wp\/v2\/users\/2"}],"replies":[{"embeddable":true,"href":"https:\/\/alps.edu\/fr\/wp-json\/wp\/v2\/comments?post=3266"}],"version-history":[{"count":0,"href":"https:\/\/alps.edu\/fr\/wp-json\/wp\/v2\/pages\/3266\/revisions"}],"wp:attachment":[{"href":"https:\/\/alps.edu\/fr\/wp-json\/wp\/v2\/media?parent=3266"}],"curies":[{"name":"wp","href":"https:\/\/api.w.org\/{rel}","templated":true}]}}