{"id":3580,"date":"2025-11-18T10:48:32","date_gmt":"2025-11-18T18:48:32","guid":{"rendered":"https:\/\/alps.edu\/?page_id=3580"},"modified":"2025-11-24T10:59:45","modified_gmt":"2025-11-24T18:59:45","slug":"portail-de-paiement","status":"publish","type":"page","link":"https:\/\/alps.edu\/fr\/payment-portal\/","title":{"rendered":"Portail de paiement"},"content":{"rendered":"<div data-elementor-type=\"wp-page\" data-elementor-id=\"3580\" class=\"elementor elementor-3580\" data-elementor-post-type=\"page\">\n\t\t\t\t\t\t<section data-particle_enable=\"false\" data-particle-mobile-disabled=\"false\" class=\"elementor-section elementor-top-section elementor-element elementor-element-039173d elementor-section-boxed elementor-section-height-default elementor-section-height-default\" data-id=\"039173d\" data-element_type=\"section\" data-e-type=\"section\">\n\t\t\t\t\t\t<div class=\"elementor-container elementor-column-gap-default\">\n\t\t\t\t\t<div class=\"elementor-column elementor-col-100 elementor-top-column elementor-element elementor-element-f3b16c2\" data-id=\"f3b16c2\" data-element_type=\"column\" data-e-type=\"column\">\n\t\t\t<div class=\"elementor-widget-wrap elementor-element-populated\">\n\t\t\t\t\t\t<div class=\"elementor-element elementor-element-8ee0cb6 elementor-widget elementor-widget-heading\" data-id=\"8ee0cb6\" data-element_type=\"widget\" data-e-type=\"widget\" data-widget_type=\"heading.default\">\n\t\t\t\t<div class=\"elementor-widget-container\">\n\t\t\t\t\t<h2 class=\"elementor-heading-title elementor-size-default\">Portail de paiement ALPS<\/h2>\t\t\t\t<\/div>\n\t\t\t\t<\/div>\n\t\t\t\t\t<\/div>\n\t\t<\/div>\n\t\t\t\t\t<\/div>\n\t\t<\/section>\n\t\t\t\t<section data-particle_enable=\"false\" data-particle-mobile-disabled=\"false\" class=\"elementor-section elementor-top-section elementor-element elementor-element-ec551b5 elementor-section-boxed elementor-section-height-default elementor-section-height-default\" data-id=\"ec551b5\" data-element_type=\"section\" data-e-type=\"section\">\n\t\t\t\t\t\t<div class=\"elementor-container elementor-column-gap-default\">\n\t\t\t\t\t<div class=\"elementor-column elementor-col-100 elementor-top-column elementor-element elementor-element-1acc40d\" data-id=\"1acc40d\" data-element_type=\"column\" data-e-type=\"column\">\n\t\t\t<div class=\"elementor-widget-wrap elementor-element-populated\">\n\t\t\t\t\t\t<div class=\"elementor-element elementor-element-3dd397b elementor-widget elementor-widget-text-editor\" data-id=\"3dd397b\" data-element_type=\"widget\" data-e-type=\"widget\" data-widget_type=\"text-editor.default\">\n\t\t\t\t<div class=\"elementor-widget-container\">\n\t\t\t\t\t\t\t\t\t<p>ALPS accepte les paiements en esp\u00e8ces, par ch\u00e8que, Zelle, virement bancaire ou carte bancaire (cr\u00e9dit\/d\u00e9bit). Pour couvrir les frais li\u00e9s \u00e0 l&#039;acceptation des cartes bancaires, des frais de traitement (3%) sont appliqu\u00e9s. Ces frais ne d\u00e9passent pas le co\u00fbt de l&#039;acceptation de ces cartes. Aucun frais n&#039;est appliqu\u00e9 pour les paiements par Zelle, carte de d\u00e9bit ou autres moyens de paiement.<\/p><p><strong>Comment payer par Zelle<\/strong><\/p><p>Zelle est une application de paiement couramment utilis\u00e9e pour transf\u00e9rer de l&#039;argent aux \u00c9tats-Unis. Vous aurez besoin d&#039;un compte bancaire am\u00e9ricain pour effectuer un transfert d&#039;argent via Zelle. Vous trouverez des informations sur la configuration de Zelle dans votre application bancaire en ligne. <a href=\"https:\/\/enroll.zellepay.com\/\" target=\"_blank\" rel=\"noopener\">ici.<\/a><\/p><p><span style=\"text-decoration: underline;\">Les informations Zelle d&#039;ALPS sont les suivantes\u00a0:<\/span><\/p><p>B\u00e9n\u00e9ficiaire : ALPS Education Services Inc.<\/p><p>Courriel\u00a0: info@alps.edu<\/p><p>T\u00e9l\u00e9phone : 206-536-4152<\/p><p><strong>Comment payer en personne en esp\u00e8ces, par ch\u00e8que ou par carte bancaire ?<\/strong><\/p><p>Rendez-vous \u00e0 l&#039;\u00e9cole pendant les heures d&#039;ouverture pour r\u00e9gler votre paiement en personne.<\/p><p><strong>Comment payer en ligne avec une carte de cr\u00e9dit ou de d\u00e9bit<\/strong><\/p><p>Cliquez sur le bouton ci-dessous pour payer en ligne par carte de cr\u00e9dit ou de d\u00e9bit.<\/p>\t\t\t\t\t\t\t\t<\/div>\n\t\t\t\t<\/div>\n\t\t\t\t\t<\/div>\n\t\t<\/div>\n\t\t\t\t\t<\/div>\n\t\t<\/section>\n\t\t\t\t<section data-particle_enable=\"false\" data-particle-mobile-disabled=\"false\" class=\"elementor-section elementor-top-section elementor-element elementor-element-6184568 elementor-section-boxed elementor-section-height-default elementor-section-height-default\" data-id=\"6184568\" data-element_type=\"section\" data-e-type=\"section\">\n\t\t\t\t\t\t<div class=\"elementor-container elementor-column-gap-default\">\n\t\t\t\t\t<div class=\"elementor-column elementor-col-100 elementor-top-column elementor-element elementor-element-3162dae\" data-id=\"3162dae\" data-element_type=\"column\" data-e-type=\"column\">\n\t\t\t<div class=\"elementor-widget-wrap elementor-element-populated\">\n\t\t\t\t\t\t<div class=\"elementor-element elementor-element-9f83c9b elementor-align-center elementor-widget elementor-widget-button\" data-id=\"9f83c9b\" data-element_type=\"widget\" data-e-type=\"widget\" data-widget_type=\"button.default\">\n\t\t\t\t<div class=\"elementor-widget-container\">\n\t\t\t\t\t\t\t\t\t<div class=\"elementor-button-wrapper\">\n\t\t\t\t\t<a class=\"elementor-button elementor-button-link elementor-size-sm\" href=\"https:\/\/cardx.com\/pay-alpslanguage\" target=\"_blank\">\n\t\t\t\t\t\t<span class=\"elementor-button-content-wrapper\">\n\t\t\t\t\t\t\t\t\t<span class=\"elementor-button-text\">Payez en ligne ici<\/span>\n\t\t\t\t\t<\/span>\n\t\t\t\t\t<\/a>\n\t\t\t\t<\/div>\n\t\t\t\t\t\t\t\t<\/div>\n\t\t\t\t<\/div>\n\t\t\t\t\t<\/div>\n\t\t<\/div>\n\t\t\t\t\t<\/div>\n\t\t<\/section>\n\t\t\t\t<\/div>","protected":false},"excerpt":{"rendered":"<p>ALPS Payment Portal ALPS accepts payment via cash, check, Zelle, wire transfer, or credit\/debit card. To cover the cost of credit card acceptance, we pass on a 3% credit card fee if you pay with a credit card. This fee is not more than the cost of accepting these cards. There is no fee for [&hellip;]<\/p>\n","protected":false},"author":2,"featured_media":0,"parent":0,"menu_order":0,"comment_status":"closed","ping_status":"closed","template":"","meta":{"_acf_changed":false,"footnotes":""},"class_list":["post-3580","page","type-page","status-publish","hentry"],"acf":[],"yoast_head":"<!-- This site is optimized with the Yoast SEO plugin v27.1.1 - https:\/\/yoast.com\/product\/yoast-seo-wordpress\/ -->\n<title>Payment Portal - ALPS Language School<\/title>\n<meta name=\"robots\" content=\"index, follow, max-snippet:-1, max-image-preview:large, max-video-preview:-1\" \/>\n<link rel=\"canonical\" href=\"https:\/\/alps.edu\/fr\/portail-de-paiement\/\" \/>\n<meta property=\"og:locale\" content=\"fr_FR\" \/>\n<meta property=\"og:type\" content=\"article\" \/>\n<meta property=\"og:title\" content=\"Payment Portal - ALPS Language School\" \/>\n<meta property=\"og:description\" content=\"ALPS Payment Portal ALPS accepts payment via cash, check, Zelle, wire transfer, or credit\/debit card. To cover the cost of credit card acceptance, we pass on a 3% credit card fee if you pay with a credit card. This fee is not more than the cost of accepting these cards. There is no fee for [&hellip;]\" \/>\n<meta property=\"og:url\" content=\"https:\/\/alps.edu\/fr\/portail-de-paiement\/\" \/>\n<meta property=\"og:site_name\" content=\"ALPS Language School\" \/>\n<meta property=\"article:publisher\" content=\"https:\/\/www.facebook.com\/ALPS.Language.School\/\" \/>\n<meta property=\"article:modified_time\" content=\"2025-11-24T18:59:45+00:00\" \/>\n<meta name=\"twitter:card\" content=\"summary_large_image\" \/>\n<meta name=\"twitter:site\" content=\"@ALPS_School\" \/>\n<meta name=\"twitter:label1\" content=\"Dur\u00e9e de lecture estim\u00e9e\" \/>\n\t<meta name=\"twitter:data1\" content=\"1 minute\" \/>\n<script type=\"application\/ld+json\" class=\"yoast-schema-graph\">{\"@context\":\"https:\/\/schema.org\",\"@graph\":[{\"@type\":\"WebPage\",\"@id\":\"https:\/\/alps.edu\/payment-portal\/\",\"url\":\"https:\/\/alps.edu\/payment-portal\/\",\"name\":\"Payment Portal - ALPS Language School\",\"isPartOf\":{\"@id\":\"https:\/\/alps.edu\/#website\"},\"datePublished\":\"2025-11-18T18:48:32+00:00\",\"dateModified\":\"2025-11-24T18:59:45+00:00\",\"breadcrumb\":{\"@id\":\"https:\/\/alps.edu\/payment-portal\/#breadcrumb\"},\"inLanguage\":\"fr-FR\",\"potentialAction\":[{\"@type\":\"ReadAction\",\"target\":[\"https:\/\/alps.edu\/payment-portal\/\"]}]},{\"@type\":\"BreadcrumbList\",\"@id\":\"https:\/\/alps.edu\/payment-portal\/#breadcrumb\",\"itemListElement\":[{\"@type\":\"ListItem\",\"position\":1,\"name\":\"Home\",\"item\":\"https:\/\/alps.edu\/\"},{\"@type\":\"ListItem\",\"position\":2,\"name\":\"Payment Portal\"}]},{\"@type\":\"WebSite\",\"@id\":\"https:\/\/alps.edu\/#website\",\"url\":\"https:\/\/alps.edu\/\",\"name\":\"ALPS Language School\",\"description\":\"Seattle English Classes for Adults\",\"publisher\":{\"@id\":\"https:\/\/alps.edu\/#organization\"},\"potentialAction\":[{\"@type\":\"SearchAction\",\"target\":{\"@type\":\"EntryPoint\",\"urlTemplate\":\"https:\/\/alps.edu\/?s={search_term_string}\"},\"query-input\":{\"@type\":\"PropertyValueSpecification\",\"valueRequired\":true,\"valueName\":\"search_term_string\"}}],\"inLanguage\":\"fr-FR\"},{\"@type\":\"Organization\",\"@id\":\"https:\/\/alps.edu\/#organization\",\"name\":\"ALPS Language School\",\"url\":\"https:\/\/alps.edu\/\",\"logo\":{\"@type\":\"ImageObject\",\"inLanguage\":\"fr-FR\",\"@id\":\"https:\/\/alps.edu\/#\/schema\/logo\/image\/\",\"url\":\"https:\/\/alps.edu\/wp-content\/uploads\/2020\/04\/alps-logo.png\",\"contentUrl\":\"https:\/\/alps.edu\/wp-content\/uploads\/2020\/04\/alps-logo.png\",\"width\":256,\"height\":181,\"caption\":\"ALPS Language School\"},\"image\":{\"@id\":\"https:\/\/alps.edu\/#\/schema\/logo\/image\/\"},\"sameAs\":[\"https:\/\/www.facebook.com\/ALPS.Language.School\/\",\"https:\/\/x.com\/ALPS_School\",\"https:\/\/www.linkedin.com\/school\/alps-language-school\/\"]}]}<\/script>\n<!-- \/ Yoast SEO plugin. -->","yoast_head_json":{"title":"Portail de paiement - \u00c9cole de langues ALPS","robots":{"index":"index","follow":"follow","max-snippet":"max-snippet:-1","max-image-preview":"max-image-preview:large","max-video-preview":"max-video-preview:-1"},"canonical":"https:\/\/alps.edu\/fr\/portail-de-paiement\/","og_locale":"fr_FR","og_type":"article","og_title":"Payment Portal - ALPS Language School","og_description":"ALPS Payment Portal ALPS accepts payment via cash, check, Zelle, wire transfer, or credit\/debit card. To cover the cost of credit card acceptance, we pass on a 3% credit card fee if you pay with a credit card. This fee is not more than the cost of accepting these cards. There is no fee for [&hellip;]","og_url":"https:\/\/alps.edu\/fr\/portail-de-paiement\/","og_site_name":"ALPS Language School","article_publisher":"https:\/\/www.facebook.com\/ALPS.Language.School\/","article_modified_time":"2025-11-24T18:59:45+00:00","twitter_card":"summary_large_image","twitter_site":"@ALPS_School","twitter_misc":{"Dur\u00e9e de lecture estim\u00e9e":"1 minute"},"schema":{"@context":"https:\/\/schema.org","@graph":[{"@type":"WebPage","@id":"https:\/\/alps.edu\/payment-portal\/","url":"https:\/\/alps.edu\/payment-portal\/","name":"Portail de paiement - \u00c9cole de langues ALPS","isPartOf":{"@id":"https:\/\/alps.edu\/#website"},"datePublished":"2025-11-18T18:48:32+00:00","dateModified":"2025-11-24T18:59:45+00:00","breadcrumb":{"@id":"https:\/\/alps.edu\/payment-portal\/#breadcrumb"},"inLanguage":"fr-FR","potentialAction":[{"@type":"ReadAction","target":["https:\/\/alps.edu\/payment-portal\/"]}]},{"@type":"BreadcrumbList","@id":"https:\/\/alps.edu\/payment-portal\/#breadcrumb","itemListElement":[{"@type":"ListItem","position":1,"name":"Home","item":"https:\/\/alps.edu\/"},{"@type":"ListItem","position":2,"name":"Payment Portal"}]},{"@type":"WebSite","@id":"https:\/\/alps.edu\/#website","url":"https:\/\/alps.edu\/","name":"\u00c9cole de langues ALPS","description":"Cours d&#039;anglais \u00e0 Seattle pour adultes","publisher":{"@id":"https:\/\/alps.edu\/#organization"},"potentialAction":[{"@type":"SearchAction","target":{"@type":"EntryPoint","urlTemplate":"https:\/\/alps.edu\/?s={search_term_string}"},"query-input":{"@type":"PropertyValueSpecification","valueRequired":true,"valueName":"search_term_string"}}],"inLanguage":"fr-FR"},{"@type":"Organization","@id":"https:\/\/alps.edu\/#organization","name":"\u00c9cole de langues ALPS","url":"https:\/\/alps.edu\/","logo":{"@type":"ImageObject","inLanguage":"fr-FR","@id":"https:\/\/alps.edu\/#\/schema\/logo\/image\/","url":"https:\/\/alps.edu\/wp-content\/uploads\/2020\/04\/alps-logo.png","contentUrl":"https:\/\/alps.edu\/wp-content\/uploads\/2020\/04\/alps-logo.png","width":256,"height":181,"caption":"ALPS Language School"},"image":{"@id":"https:\/\/alps.edu\/#\/schema\/logo\/image\/"},"sameAs":["https:\/\/www.facebook.com\/ALPS.Language.School\/","https:\/\/x.com\/ALPS_School","https:\/\/www.linkedin.com\/school\/alps-language-school\/"]}]}},"_links":{"self":[{"href":"https:\/\/alps.edu\/fr\/wp-json\/wp\/v2\/pages\/3580","targetHints":{"allow":["GET"]}}],"collection":[{"href":"https:\/\/alps.edu\/fr\/wp-json\/wp\/v2\/pages"}],"about":[{"href":"https:\/\/alps.edu\/fr\/wp-json\/wp\/v2\/types\/page"}],"author":[{"embeddable":true,"href":"https:\/\/alps.edu\/fr\/wp-json\/wp\/v2\/users\/2"}],"replies":[{"embeddable":true,"href":"https:\/\/alps.edu\/fr\/wp-json\/wp\/v2\/comments?post=3580"}],"version-history":[{"count":58,"href":"https:\/\/alps.edu\/fr\/wp-json\/wp\/v2\/pages\/3580\/revisions"}],"predecessor-version":[{"id":3643,"href":"https:\/\/alps.edu\/fr\/wp-json\/wp\/v2\/pages\/3580\/revisions\/3643"}],"wp:attachment":[{"href":"https:\/\/alps.edu\/fr\/wp-json\/wp\/v2\/media?parent=3580"}],"curies":[{"name":"wp","href":"https:\/\/api.w.org\/{rel}","templated":true}]}}