{"id":3268,"date":"2025-08-21T16:41:03","date_gmt":"2025-08-21T23:41:03","guid":{"rendered":"https:\/\/alps.edu\/privacy-statement-us\/"},"modified":"2025-08-21T16:41:03","modified_gmt":"2025-08-21T23:41:03","slug":"informativa-sulla-privacy-noi","status":"publish","type":"page","link":"https:\/\/alps.edu\/it\/privacy-statement-us\/","title":{"rendered":"Informativa sulla privacy (Stati Uniti)"},"content":{"rendered":"<!-- Legal document generated by Complianz | GDPR\/CCPA Cookie Consent https:\/\/wordpress.org\/plugins\/complianz-gdpr -->\n<div id=\"cmplz-document\" class=\"cmplz-document privacy-statement cmplz-document-us\"><p><i>L&#039;ultima modifica alla presente informativa sulla privacy \u00e8 stata effettuata il 21 agosto 2025, l&#039;ultima verifica \u00e8 stata effettuata il 21 agosto 2025 e si applica ai cittadini e ai residenti permanenti legali degli Stati Uniti.<\/i><br \/><br \/><\/p><p>Nella presente informativa sulla privacy, spieghiamo cosa facciamo con i dati che otteniamo su di te tramite <a href=\"https:\/\/alps.edu\/it\">https:\/\/alps.edu\/it<\/a>Ti consigliamo di leggere attentamente la presente informativa. Nel nostro trattamento rispettiamo i requisiti della normativa sulla privacy. Ci\u00f2 significa, tra l&#039;altro, che:<ul>\n                <li>indichiamo chiaramente le finalit\u00e0 per cui trattiamo i dati personali. Lo facciamo tramite la presente informativa sulla privacy;<\/li>\n                <li>miriamo a limitare la nostra raccolta di dati personali solo ai dati personali richiesti per scopi legittimi;<\/li>\n                <li>ti chiediamo innanzitutto il consenso esplicito per trattare i tuoi dati personali nei casi che richiedono il tuo consenso;<\/li>\n                <li>adottiamo misure di sicurezza adeguate per proteggere i tuoi dati personali e lo richiediamo anche alle parti che elaborano i dati personali per nostro conto;<\/li>\n                <li>rispettiamo il tuo diritto di accedere ai tuoi dati personali o di farli correggere o cancellare, su tua richiesta.<\/li>\n            <\/ul><\/p><p>Se hai domande o vuoi sapere esattamente quali dati conserviamo su di te, contattaci.<\/p><h2>1. Scopo e categoria del dato<\/h2><p>Possiamo raccogliere o ricevere informazioni personali per una serie di scopi legati alle nostre operazioni commerciali che possono includere quanto segue: (clicca per espandere)<\/b><\/p><details class=\"cmplz-dropdown dropdown-privacy-statement\"><summary><div><h3>1.1 Contatto - Tramite telefono, posta, email e\/o moduli web<\/h3><\/div><\/summary><p class=\"cmplz-subtitle\">Vengono raccolte le seguenti categorie di dati<\/p><p><ul><li>Un nome e cognome<\/li><li>Una casa oppure un indirizzo fisico diverso, incluso il nome della via e citt\u00e0<\/li><li>Un indirizzo email<\/li><li>Un numero di telefono<\/li><li>Indirizzo IP<\/li><li>Dati geolocalizzazione<\/li><li>Data di nascita<\/li><li>Sesso<\/li><li>Una firma<\/li><li>Informazione attivit\u00e0 internet, incluso ma senza limitarsi ad essi, cronologia navigazione, cronologia ricerche, ed informazioni sull&#039;interazione di un utente con un sito web internet, applicazioni o pubblicit\u00e0<\/li><\/ul><\/p><p class=\"cmplz-subtitle\">Periodo di conservazione<\/p><p>Conserviamo questi dati al termine del servizio per il seguente numero di mesi: 3 anni dopo che lo studente smette di studiare presso ALPS<\/p><\/details><details class=\"cmplz-dropdown dropdown-privacy-statement\"><summary><div><h3>1.2 Compilazione ed analisi di statistiche per migliorare il sito.<\/h3><\/div><\/summary><p class=\"cmplz-subtitle\">Vengono raccolte le seguenti categorie di dati<\/p><p><ul><li>Dati geolocalizzazione<\/li><li>Indirizzo IP<\/li><li>Informazione attivit\u00e0 internet, incluso ma senza limitarsi ad essi, cronologia navigazione, cronologia ricerche, ed informazioni sull&#039;interazione di un utente con un sito web internet, applicazioni o pubblicit\u00e0<\/li><\/ul><\/p><p class=\"cmplz-subtitle\">Periodo di conservazione<\/p><p>Conserviamo questi dati fino al termine del servizio.<\/p><\/details><details class=\"cmplz-dropdown dropdown-privacy-statement\"><summary><div><h3>1.3 Per vendere o condividere dati con terze parti<\/h3><\/div><\/summary><p class=\"cmplz-subtitle\">Vengono raccolte le seguenti categorie di dati<\/p><p><ul><li>Indirizzo IP<\/li><li>Informazione attivit\u00e0 internet, incluso ma senza limitarsi ad essi, cronologia navigazione, cronologia ricerche, ed informazioni sull&#039;interazione di un utente con un sito web internet, applicazioni o pubblicit\u00e0<\/li><li>Dati geolocalizzazione<\/li><\/ul><\/p><p class=\"cmplz-subtitle\">Periodo di conservazione<\/p><p>Conserviamo questi dati fino al termine del servizio.<\/p><\/details><details class=\"cmplz-dropdown dropdown-privacy-statement\"><summary><div><h3>1.4 Per supportare servizi o prodotti che un cliente vuole o ha acquistato<\/h3><\/div><\/summary><p class=\"cmplz-subtitle\">Vengono raccolte le seguenti categorie di dati<\/p><p><ul><li>Un nome e cognome<\/li><li>Una casa oppure un indirizzo fisico diverso, incluso il nome della via e citt\u00e0<\/li><li>Un indirizzo email<\/li><li>Un numero di telefono<\/li><li>Indirizzo IP<\/li><li>Data di nascita<\/li><li>Sesso<\/li><li>Una firma<\/li><\/ul><\/p><p class=\"cmplz-subtitle\">Periodo di conservazione<\/p><p>Conserviamo questi dati al termine del servizio per il seguente numero di mesi: 3 anni dopo che lo studente smette di studiare presso ALPS<\/p><\/details><details class=\"cmplz-dropdown dropdown-privacy-statement\"><summary><div><h3>1.5 Pagamenti<\/h3><\/div><\/summary><p class=\"cmplz-subtitle\">Vengono raccolte le seguenti categorie di dati<\/p><p><ul><li>Un nome e cognome<\/li><li>Un indirizzo email<\/li><li>Una casa oppure un indirizzo fisico diverso, incluso il nome della via e citt\u00e0<\/li><li>Indirizzo IP<\/li><\/ul><\/p><p class=\"cmplz-subtitle\">Periodo di conservazione<\/p><p>Conserviamo questi dati fino al termine del servizio.<\/p><\/details><h2>2. Condivisione con altre parti<\/h2><p>Condividiamo o divulghiamo questi dati ad altri destinatari solo per i seguenti scopi:<\/p><p><b>Finalit\u00e0 del trasferimento dei dati:<\/b>&nbsp;Plugin per la creazione di pagine per WordPress<br \/>\n             <b>Paese o stato in cui si trova questo fornitore di servizi:<\/b>&nbsp;Israele \/ Paesi Bassi<br \/><b>Finalit\u00e0 del trasferimento dei dati:<\/b>&nbsp;Funzionalit\u00e0 avanzate di progettazione di siti web<br \/>\n             <b>Paese o stato in cui si trova questo fornitore di servizi:<\/b>&nbsp;Israele \/ Paesi Bassi<br \/><b>Finalit\u00e0 del trasferimento dei dati:<\/b>&nbsp;Aggiunge campi di contenuto personalizzati a WordPress<br \/>\n             <b>Paese o stato in cui si trova questo fornitore di servizi:<\/b>&nbsp;Australia \/ Stati Uniti<br \/><b>Finalit\u00e0 del trasferimento dei dati:<\/b>&nbsp;Plugin di ottimizzazione delle prestazioni e memorizzazione nella cache<br \/>\n             <b>Paese o stato in cui si trova questo fornitore di servizi:<\/b>&nbsp;Francia<br \/><b>Finalit\u00e0 del trasferimento dei dati:<\/b>&nbsp;Generatore di moduli per WordPress<br \/>\n             <b>Paese o stato in cui si trova questo fornitore di servizi:<\/b>&nbsp;Stati Uniti d&#039;America<br \/><b>Finalit\u00e0 del trasferimento dei dati:<\/b>&nbsp;sviluppo di siti web<br \/>\n             <b>Paese o stato in cui si trova questo fornitore di servizi:<\/b>&nbsp;Stati Uniti d&#039;America<br \/><b>Finalit\u00e0 del trasferimento dei dati:<\/b>&nbsp;servizi di rete di distribuzione di contenuti<br \/>\n             <b>Paese o stato in cui si trova questo fornitore di servizi:<\/b>&nbsp;NOI<br \/><\/p><p><b>Finalit\u00e0 del trasferimento dei dati:<\/b>&nbsp;Protezione antispam (rilevamento bot)<br \/>\n             <b>Paese o stato in cui si trova questa terza parte:<\/b>&nbsp;Stati Uniti d&#039;America<br \/><b>Finalit\u00e0 del trasferimento dei dati:<\/b>&nbsp;Visualizzazione della posizione e incorporamento della mappa<br \/>\n             <b>Paese o stato in cui si trova questa terza parte:<\/b>&nbsp;Stati Uniti d&#039;America<br \/><b>Finalit\u00e0 del trasferimento dei dati:<\/b>&nbsp;Incorporamento e riproduzione video<br \/>\n             <b>Paese o stato in cui si trova questa terza parte:<\/b>&nbsp;Stati Uniti d&#039;America<br \/><b>Finalit\u00e0 del trasferimento dei dati:<\/b>&nbsp;Pagamenti online<br \/>\n             <b>Paese o stato in cui si trova questa terza parte:<\/b>&nbsp;Stati Uniti d&#039;America<br \/><b>Finalit\u00e0 del trasferimento dei dati:<\/b>&nbsp;Contenuto incorporato, condivisione social<br \/>\n             <b>Paese o stato in cui si trova questa terza parte:<\/b>&nbsp;Stati Uniti d&#039;America<br \/><b>Finalit\u00e0 del trasferimento dei dati:<\/b>&nbsp;Elaboratore di pagamenti online<br \/>\n             <b>Paese o stato in cui si trova questa terza parte:<\/b>&nbsp;Stati Uniti d&#039;America<br \/><\/p><h2>3. Pratiche di divulgazione<\/h2><p><p>Comunichiamo informazioni personali se ci viene richiesto dalla legge o da un ordine del tribunale, in risposta a un&#039;autorit\u00e0 incaricata dell&#039;applicazione della legge, nella misura consentita da altre disposizioni di legge, per fornire informazioni o per un&#039;indagine su una questione relativa alla sicurezza pubblica.<\/p><p>Se il nostro sito Web o l&#039;organizzazione viene rilevato, venduto o coinvolto in una fusione o acquisizione, i tuoi dati potrebbero essere divulgati ai nostri consulenti e eventuali potenziali acquirenti e saranno trasmessi ai nuovi proprietari.<\/p><\/p><h2>4. Come rispondiamo ai segnali Do Not Track e al controllo globale della privacy <\/h2><p>Il nostro sito web non risponde e non supporta il campo di richiesta dell&#039;intestazione Do Not Track (DNT).<\/p><h2>5. Biscotti<\/h2><p>Il nostro sito web utilizza i cookie. Per ulteriori informazioni sui cookie, consultare la nostra Politica sui cookie sul nostro <a href=\"https:\/\/alps.edu\/it\/opt-out-preferences\/\">Preferenze di esclusione<\/a> pagina web.&nbsp;<\/p><p>Abbiamo stipulato un accordo di elaborazione dei dati con Google.<\/p><p>Google non pu\u00f2 utilizzare i dati per altri servizi Google.<\/p><p>L&#039;inclusione di indirizzi IP completi \u00e8 da noi bloccata.<\/p><h2>6. Sicurezza<\/h2><p>Ci impegniamo a garantire la sicurezza dei dati personali. Adottiamo misure di sicurezza adeguate per limitare l&#039;abuso e l&#039;accesso non autorizzato ai dati personali. Ci\u00f2 garantisce che solo le persone necessarie abbiano accesso ai tuoi dati, che l&#039;accesso ai dati sia protetto e che le nostre misure di sicurezza siano regolarmente riviste.<\/p><h2>7. Siti web di terze parti<\/h2><p>La presente informativa sulla privacy non si applica ai siti web di terze parti collegati tramite link al nostro sito web. Non possiamo garantire che queste terze parti gestiscano i tuoi dati personali in modo affidabile o sicuro. Ti consigliamo di leggere le informative sulla privacy di questi siti web prima di utilizzarli.<\/p><h2>8. Modifiche alla presente informativa sulla privacy<\/h2><p>Ci riserviamo il diritto di apportare modifiche alla presente informativa sulla privacy. Si consiglia di consultarla regolarmente per essere a conoscenza di eventuali modifiche. Inoltre, vi informeremo attivamente ove possibile.<\/p><h2>9. Accesso e modifica dei tuoi dati<\/h2><p>Per qualsiasi domanda o per sapere quali dati personali conserviamo su di te, ti preghiamo di contattarci. Assicurati di indicare sempre chiaramente la tua identit\u00e0, in modo da essere certo di non modificare o cancellare i dati della persona sbagliata. Forniremo le informazioni richieste solo al ricevimento di una richiesta verificabile da parte del consumatore. Puoi contattarci utilizzando le informazioni di seguito riportate. Hai i seguenti diritti:<\/p><p class=\"cmplz-subtitle\">9.1 Hai i seguenti diritti in relazione ai tuoi dati personali<\/p><ol class=\"alphabetic\">\n                        <li>Puoi inviare una richiesta di accesso ai dati che elaboriamo su di te.<\/li>\n                        <li>Puoi opporti al trattamento.<\/li>\n                        <li>Puoi richiedere una panoramica, in un formato comunemente utilizzato, dei dati che elaboriamo su di te.<\/li>\n                        <li>\u00c8 possibile richiedere la correzione o la cancellazione dei dati qualora siano errati o non pi\u00f9 pertinenti, oppure chiedere la limitazione del trattamento dei dati.<\/li>\n                        <li>Puoi presentare ricorso contro la nostra decisione ogni volta che rifiutiamo di dare seguito a una richiesta e presentare un reclamo all&#039;autorit\u00e0 competente se il tuo ricorso viene respinto.<\/li>\n                      <\/ol><h2>10. Bambini<\/h2><p>Il nostro sito web non \u00e8 progettato per attrarre i bambini e non \u00e8 nostra intenzione raccogliere dati personali da bambini di et\u00e0 inferiore a quella del consenso nel loro paese di residenza. Pertanto, chiediamo ai bambini di et\u00e0 inferiore a quella del consenso di non fornirci alcun dato personale.<\/p><h2>11. Dettagli di contatto<\/h2><p>ALPS Education Services Inc.<br \/>\n        430 Broadway E<br \/>\nSeattle, WA 98102<br \/>\n        Stati Uniti<br \/>\n        Sito web: <a href=\"https:\/\/alps.edu\/it\">https:\/\/alps.edu\/it<\/a> <br \/>\n        E-mail: <span class=\"cmplz-obfuscate\">informazioni@<span class=\"cmplz-fmail-domain\">ex.com<\/span>alps.edu<\/span> <br \/>\n        <br \/>\n        Numero di telefono: +1-206-720-6363<\/p><h2>12. Richieste di dati<\/h2><p>Per le richieste pi\u00f9 frequenti vi offriamo anche la possibilit\u00e0 di utilizzare il nostro modulo di richiesta dati<br \/>\t\t\t<div class=\"cmplz-datarequest cmplz-alert\">\n\t\t\t\t<span class=\"cmplz-close\">\u00d7<\/span>\n\t\t\t\t<span id=\"cmplz-message\"><\/span>\n\t\t\t<\/div>\n\t\t\t<form id=\"cmplz-datarequest-form\" action=\"\">\n\t\t\t\t<input type=\"hidden\" required value=\"us\" name=\"cmplz_datarequest_region\" id=\"cmplz_datarequest_region\">\n\n\t\t\t\t<label for=\"cmplz_datarequest_firstname\" class=\"cmplz-first-name\">Nome\t\t\t\t\t<input type=\"search\" class=\"datarequest-firstname\" value=\"\" placeholder=\"il tuo nome\" id=\"cmplz_datarequest_firstname\" name=\"cmplz_datarequest_firstname\">\n\t\t\t\t<\/label>\n\t\t\t\t<div>\n\t\t\t\t\t<label for=\"cmplz_datarequest_name\">Nome<\/label>\n\t\t\t\t\t<input type=\"text\" required value=\"\" placeholder=\"Il tuo nome\" id=\"cmplz_datarequest_name\" name=\"cmplz_datarequest_name\">\n\t\t\t\t<\/div>\n\t\t\t\t<div>\n\t\t\t\t\t<label for=\"cmplz_datarequest_email\">E-mail<\/label>\n\t\t\t\t\t<input type=\"email\" required value=\"\" placeholder=\"email@email.com\" id=\"cmplz_datarequest_email\" name=\"cmplz_datarequest_email\">\n\t\t\t\t<\/div>\n\t\t\t\t\t\t\t\t\t\t<div class=\"cmplz_datarequest cmplz_datarequest_request_for_access\">\n\t\t\t\t\t\t\t<label for=\"cmplz_datarequest_request_for_access\">\n\t\t\t\t\t\t\t\t<input type=\"checkbox\" value=\"1\" name=\"cmplz_datarequest_request_for_access\" id=\"cmplz_datarequest_request_for_access\" \/>\n\t\t\t\t\t\t\t\tInvia una richiesta per accedere ai tuoi dati che trattiamo.\t\t\t\t\t\t\t<\/label>\n\t\t\t\t\t\t<\/div>\n\t\t\t\t\t\t\t\t\t\t<div class=\"cmplz_datarequest cmplz_datarequest_right_to_be_forgotten\">\n\t\t\t\t\t\t\t<label for=\"cmplz_datarequest_right_to_be_forgotten\">\n\t\t\t\t\t\t\t\t<input type=\"checkbox\" value=\"1\" name=\"cmplz_datarequest_right_to_be_forgotten\" id=\"cmplz_datarequest_right_to_be_forgotten\" \/>\n\t\t\t\t\t\t\t\tInvia una richiesta per la cancellazione di dati se non pi\u00f9 rilevanti.\t\t\t\t\t\t\t<\/label>\n\t\t\t\t\t\t<\/div>\n\t\t\t\t\t\t\t\t\t\t<div class=\"cmplz_datarequest cmplz_datarequest_right_to_data_portability\">\n\t\t\t\t\t\t\t<label for=\"cmplz_datarequest_right_to_data_portability\">\n\t\t\t\t\t\t\t\t<input type=\"checkbox\" value=\"1\" name=\"cmplz_datarequest_right_to_data_portability\" id=\"cmplz_datarequest_right_to_data_portability\" \/>\n\t\t\t\t\t\t\t\tInvia una richiesta per ricevere un file da esportazione dei tuoi dati che trattiamo.\t\t\t\t\t\t\t<\/label>\n\t\t\t\t\t\t<\/div>\n\t\t\t\t\t\t\t\t<input type=\"button\" id=\"cmplz-datarequest-submit\" value=\"Invia\">\n\t\t\t<input type=\"hidden\" name=\"trp-form-language\" value=\"it\"\/><\/form>\n\n\t\t\t<style>\n\t\t\t\t\/* first-name is honeypot *\/\n\t\t\t\t.cmplz-first-name {\n\t\t\t\t\tposition: absolute !important;\n\t\t\t\t\tleft: -5000px !important;\n\t\t\t\t}\n\t\t\t<\/style>\n\t\t\t<\/p><\/div>","protected":false},"excerpt":{"rendered":"","protected":false},"author":2,"featured_media":0,"parent":0,"menu_order":0,"comment_status":"closed","ping_status":"closed","template":"","meta":{"_acf_changed":false,"footnotes":""},"class_list":["post-3268","page","type-page","status-publish","hentry"],"acf":[],"yoast_head":"<!-- This site is optimized with the Yoast SEO plugin v27.1.1 - https:\/\/yoast.com\/product\/yoast-seo-wordpress\/ -->\n<title>Privacy Statement (US) - ALPS Language School<\/title>\n<meta name=\"robots\" content=\"index, follow, max-snippet:-1, max-image-preview:large, max-video-preview:-1\" \/>\n<link rel=\"canonical\" href=\"https:\/\/alps.edu\/it\/informativa-sulla-privacy-noi\/\" \/>\n<meta property=\"og:locale\" content=\"it_IT\" \/>\n<meta property=\"og:type\" content=\"article\" \/>\n<meta property=\"og:title\" content=\"Privacy Statement (US) - ALPS Language School\" \/>\n<meta property=\"og:url\" content=\"https:\/\/alps.edu\/it\/informativa-sulla-privacy-noi\/\" \/>\n<meta property=\"og:site_name\" content=\"ALPS Language School\" \/>\n<meta property=\"article:publisher\" content=\"https:\/\/www.facebook.com\/ALPS.Language.School\/\" \/>\n<meta name=\"twitter:card\" content=\"summary_large_image\" \/>\n<meta name=\"twitter:site\" content=\"@ALPS_School\" \/>\n<script type=\"application\/ld+json\" class=\"yoast-schema-graph\">{\"@context\":\"https:\/\/schema.org\",\"@graph\":[{\"@type\":\"WebPage\",\"@id\":\"https:\/\/alps.edu\/privacy-statement-us\/\",\"url\":\"https:\/\/alps.edu\/privacy-statement-us\/\",\"name\":\"Privacy Statement (US) - ALPS Language School\",\"isPartOf\":{\"@id\":\"https:\/\/alps.edu\/#website\"},\"datePublished\":\"2025-08-21T23:41:03+00:00\",\"breadcrumb\":{\"@id\":\"https:\/\/alps.edu\/privacy-statement-us\/#breadcrumb\"},\"inLanguage\":\"it-IT\",\"potentialAction\":[{\"@type\":\"ReadAction\",\"target\":[\"https:\/\/alps.edu\/privacy-statement-us\/\"]}]},{\"@type\":\"BreadcrumbList\",\"@id\":\"https:\/\/alps.edu\/privacy-statement-us\/#breadcrumb\",\"itemListElement\":[{\"@type\":\"ListItem\",\"position\":1,\"name\":\"Home\",\"item\":\"https:\/\/alps.edu\/\"},{\"@type\":\"ListItem\",\"position\":2,\"name\":\"Privacy Statement (US)\"}]},{\"@type\":\"WebSite\",\"@id\":\"https:\/\/alps.edu\/#website\",\"url\":\"https:\/\/alps.edu\/\",\"name\":\"ALPS Language School\",\"description\":\"Seattle English Classes for Adults\",\"publisher\":{\"@id\":\"https:\/\/alps.edu\/#organization\"},\"potentialAction\":[{\"@type\":\"SearchAction\",\"target\":{\"@type\":\"EntryPoint\",\"urlTemplate\":\"https:\/\/alps.edu\/?s={search_term_string}\"},\"query-input\":{\"@type\":\"PropertyValueSpecification\",\"valueRequired\":true,\"valueName\":\"search_term_string\"}}],\"inLanguage\":\"it-IT\"},{\"@type\":\"Organization\",\"@id\":\"https:\/\/alps.edu\/#organization\",\"name\":\"ALPS Language School\",\"url\":\"https:\/\/alps.edu\/\",\"logo\":{\"@type\":\"ImageObject\",\"inLanguage\":\"it-IT\",\"@id\":\"https:\/\/alps.edu\/#\/schema\/logo\/image\/\",\"url\":\"https:\/\/alps.edu\/wp-content\/uploads\/2020\/04\/alps-logo.png\",\"contentUrl\":\"https:\/\/alps.edu\/wp-content\/uploads\/2020\/04\/alps-logo.png\",\"width\":256,\"height\":181,\"caption\":\"ALPS Language School\"},\"image\":{\"@id\":\"https:\/\/alps.edu\/#\/schema\/logo\/image\/\"},\"sameAs\":[\"https:\/\/www.facebook.com\/ALPS.Language.School\/\",\"https:\/\/x.com\/ALPS_School\",\"https:\/\/www.linkedin.com\/school\/alps-language-school\/\"]}]}<\/script>\n<!-- \/ Yoast SEO plugin. -->","yoast_head_json":{"title":"Informativa sulla privacy (USA) - ALPS Language School","robots":{"index":"index","follow":"follow","max-snippet":"max-snippet:-1","max-image-preview":"max-image-preview:large","max-video-preview":"max-video-preview:-1"},"canonical":"https:\/\/alps.edu\/it\/informativa-sulla-privacy-noi\/","og_locale":"it_IT","og_type":"article","og_title":"Privacy Statement (US) - ALPS Language School","og_url":"https:\/\/alps.edu\/it\/informativa-sulla-privacy-noi\/","og_site_name":"ALPS Language School","article_publisher":"https:\/\/www.facebook.com\/ALPS.Language.School\/","twitter_card":"summary_large_image","twitter_site":"@ALPS_School","schema":{"@context":"https:\/\/schema.org","@graph":[{"@type":"WebPage","@id":"https:\/\/alps.edu\/privacy-statement-us\/","url":"https:\/\/alps.edu\/privacy-statement-us\/","name":"Informativa sulla privacy (USA) - ALPS Language School","isPartOf":{"@id":"https:\/\/alps.edu\/#website"},"datePublished":"2025-08-21T23:41:03+00:00","breadcrumb":{"@id":"https:\/\/alps.edu\/privacy-statement-us\/#breadcrumb"},"inLanguage":"it-IT","potentialAction":[{"@type":"ReadAction","target":["https:\/\/alps.edu\/privacy-statement-us\/"]}]},{"@type":"BreadcrumbList","@id":"https:\/\/alps.edu\/privacy-statement-us\/#breadcrumb","itemListElement":[{"@type":"ListItem","position":1,"name":"Home","item":"https:\/\/alps.edu\/"},{"@type":"ListItem","position":2,"name":"Privacy Statement (US)"}]},{"@type":"WebSite","@id":"https:\/\/alps.edu\/#website","url":"https:\/\/alps.edu\/","name":"Scuola di lingue ALPS","description":"Corsi di inglese a Seattle per adulti","publisher":{"@id":"https:\/\/alps.edu\/#organization"},"potentialAction":[{"@type":"SearchAction","target":{"@type":"EntryPoint","urlTemplate":"https:\/\/alps.edu\/?s={search_term_string}"},"query-input":{"@type":"PropertyValueSpecification","valueRequired":true,"valueName":"search_term_string"}}],"inLanguage":"it-IT"},{"@type":"Organization","@id":"https:\/\/alps.edu\/#organization","name":"Scuola di lingue ALPS","url":"https:\/\/alps.edu\/","logo":{"@type":"ImageObject","inLanguage":"it-IT","@id":"https:\/\/alps.edu\/#\/schema\/logo\/image\/","url":"https:\/\/alps.edu\/wp-content\/uploads\/2020\/04\/alps-logo.png","contentUrl":"https:\/\/alps.edu\/wp-content\/uploads\/2020\/04\/alps-logo.png","width":256,"height":181,"caption":"ALPS Language School"},"image":{"@id":"https:\/\/alps.edu\/#\/schema\/logo\/image\/"},"sameAs":["https:\/\/www.facebook.com\/ALPS.Language.School\/","https:\/\/x.com\/ALPS_School","https:\/\/www.linkedin.com\/school\/alps-language-school\/"]}]}},"_links":{"self":[{"href":"https:\/\/alps.edu\/it\/wp-json\/wp\/v2\/pages\/3268","targetHints":{"allow":["GET"]}}],"collection":[{"href":"https:\/\/alps.edu\/it\/wp-json\/wp\/v2\/pages"}],"about":[{"href":"https:\/\/alps.edu\/it\/wp-json\/wp\/v2\/types\/page"}],"author":[{"embeddable":true,"href":"https:\/\/alps.edu\/it\/wp-json\/wp\/v2\/users\/2"}],"replies":[{"embeddable":true,"href":"https:\/\/alps.edu\/it\/wp-json\/wp\/v2\/comments?post=3268"}],"version-history":[{"count":0,"href":"https:\/\/alps.edu\/it\/wp-json\/wp\/v2\/pages\/3268\/revisions"}],"wp:attachment":[{"href":"https:\/\/alps.edu\/it\/wp-json\/wp\/v2\/media?parent=3268"}],"curies":[{"name":"parola chiave","href":"https:\/\/api.w.org\/{rel}","templated":true}]}}