{"id":3270,"date":"2025-08-21T16:41:03","date_gmt":"2025-08-21T23:41:03","guid":{"rendered":"https:\/\/alps.edu\/privacy-statement-br\/"},"modified":"2025-08-21T16:41:03","modified_gmt":"2025-08-21T23:41:03","slug":"informativa-sulla-privacy-br","status":"publish","type":"page","link":"https:\/\/alps.edu\/it\/privacy-statement-br\/","title":{"rendered":"Informativa sulla privacy (BR)"},"content":{"rendered":"<!-- Legal document generated by Complianz | GDPR\/CCPA Cookie Consent https:\/\/wordpress.org\/plugins\/complianz-gdpr -->\n<div id=\"cmplz-document\" class=\"cmplz-document privacy-statement cmplz-document-br\"><p><i>Questa dichiarazione sulla privacy \u00e8 stata aggiornata l&#039;ultima volta il 21 agosto 2025 e si applica ai cittadini e ai residenti legali del Brasile.<\/i><br \/><br \/><\/p><p>In questa dichiarazione sulla privacy, spieghiamo cosa facciamo con i tuoi dati che otteniamo tramite <a href=\"https:\/\/alps.edu\/it\">https:\/\/alps.edu\/it<\/a>. Ti consigliamo di leggere attentamente questa dichiarazione. Nel nostro trattamento rispettiamo i requisiti della legislazione sulla privacy. Ci\u00f2 significa, tra l&#039;altro, che:<\/p><ul>\n                <li>comunichiamo chiaramente il motivo per il quale trattiamo dati personali. Facciamo questo per mezzo di questa dichiarazione sulla privacy;<\/li>\n                <li>miriamo a limitare la raccolta di dati personali solo ai dati personali richiesti per scopi legittimi;<\/li>\n                <li>prima chiedere il tuo consenso esplicito per trattare i tuoi dati personali nei casi che richiedono il tuo consenso;<\/li>\n                <li>adottiamo misure di sicurezza appropriate per proteggere i tuoi dati personali e lo richiediamo anche da parti che elaborano dati personali per nostro conto;<\/li>\n                <li>rispettiamo il tuo diritto di accesso ai tuoi dati personali o di averli corretti o cancellati, su tua richiesta.<\/li>\n            <\/ul><p>Se hai domande o vuoi sapere esattamente quali dati conserviamo, contattaci.<\/p><h2>1. Scopo, dati e periodo di conservazione<\/h2>Possiamo raccogliere o ricevere informazioni personali per una serie di scopi legati alle nostre operazioni commerciali che possono includere quanto segue: (clicca per espandere)<details class=\"cmplz-dropdown dropdown-privacy-statement\"><summary><div><h3>1.1 Contatto - Tramite telefono, posta, email e\/o moduli web<\/h3><\/div><\/summary><p class=\"cmplz-subtitle\">Per questo scopo utilizziamo i seguenti dati:<\/p><p><ul><li>Un nome e cognome<\/li><li>Una casa oppure un indirizzo fisico diverso, incluso il nome della via e citt\u00e0<\/li><li>Un indirizzo email<\/li><li>Un numero di telefono<\/li><li>Indirizzo IP<\/li><li>Dati geolocalizzazione<\/li><li>Data di nascita<\/li><li>Sesso<\/li><li>Una firma<\/li><li>Informazione attivit\u00e0 internet, incluso ma senza limitarsi ad essi, cronologia navigazione, cronologia ricerche, ed informazioni sull&#039;interazione di un utente con un sito web internet, applicazioni o pubblicit\u00e0<\/li><\/ul><\/p><p class=\"cmplz-subtitle\">La base con la quale processiamo i dati \u00e8:<\/p><p class=\"cmplz-subtitle\">Periodo di conservazione<\/p><p>Conserviamo questi dati al termine del servizio per il seguente numero di mesi: 3 anni dopo che lo studente smette di studiare presso ALPS<\/p><\/details><details class=\"cmplz-dropdown dropdown-privacy-statement\"><summary><div><h3>1.2 Compilazione ed analisi di statistiche per migliorare il sito.<\/h3><\/div><\/summary><p class=\"cmplz-subtitle\">Per questo scopo utilizziamo i seguenti dati:<\/p><p><ul><li>Dati geolocalizzazione<\/li><li>Indirizzo IP<\/li><li>Informazione attivit\u00e0 internet, incluso ma senza limitarsi ad essi, cronologia navigazione, cronologia ricerche, ed informazioni sull&#039;interazione di un utente con un sito web internet, applicazioni o pubblicit\u00e0<\/li><\/ul><\/p><p class=\"cmplz-subtitle\">La base con la quale processiamo i dati \u00e8:<\/p><p class=\"cmplz-subtitle\">Periodo di conservazione<\/p><p>Conserviamo questi dati fino al termine del servizio.<\/p><\/details><details class=\"cmplz-dropdown dropdown-privacy-statement\"><summary><div><h3>1.3 Per vendere o condividere dati con terze parti<\/h3><\/div><\/summary><p class=\"cmplz-subtitle\">Per questo scopo utilizziamo i seguenti dati:<\/p><p><ul><li>Indirizzo IP<\/li><li>Informazione attivit\u00e0 internet, incluso ma senza limitarsi ad essi, cronologia navigazione, cronologia ricerche, ed informazioni sull&#039;interazione di un utente con un sito web internet, applicazioni o pubblicit\u00e0<\/li><li>Dati geolocalizzazione<\/li><\/ul><\/p><p class=\"cmplz-subtitle\">La base con la quale processiamo i dati \u00e8:<\/p><p class=\"cmplz-subtitle\">Periodo di conservazione<\/p><p>Conserviamo questi dati fino al termine del servizio.<\/p><\/details><details class=\"cmplz-dropdown dropdown-privacy-statement\"><summary><div><h3>1.4 Per supportare servizi o prodotti che un cliente vuole o ha acquistato<\/h3><\/div><\/summary><p class=\"cmplz-subtitle\">Per questo scopo utilizziamo i seguenti dati:<\/p><p><ul><li>Un nome e cognome<\/li><li>Una casa oppure un indirizzo fisico diverso, incluso il nome della via e citt\u00e0<\/li><li>Un indirizzo email<\/li><li>Un numero di telefono<\/li><li>Indirizzo IP<\/li><li>Data di nascita<\/li><li>Sesso<\/li><li>Una firma<\/li><\/ul><\/p><p class=\"cmplz-subtitle\">La base con la quale processiamo i dati \u00e8:<\/p><p class=\"cmplz-subtitle\">Periodo di conservazione<\/p><p>Conserviamo questi dati al termine del servizio per il seguente numero di mesi: 3 anni dopo che lo studente smette di studiare presso ALPS<\/p><\/details><details class=\"cmplz-dropdown dropdown-privacy-statement\"><summary><div><h3>1.5 Pagamenti<\/h3><\/div><\/summary><p class=\"cmplz-subtitle\">Per questo scopo utilizziamo i seguenti dati:<\/p><p><ul><li>Un nome e cognome<\/li><li>Un indirizzo email<\/li><li>Una casa oppure un indirizzo fisico diverso, incluso il nome della via e citt\u00e0<\/li><li>Indirizzo IP<\/li><\/ul><\/p><p class=\"cmplz-subtitle\">La base con la quale processiamo i dati \u00e8:<\/p><p><a target=\"_blank\" rel=\"noopener noreferrer nofollow\" href=\"https:\/\/cookiedatabase.org\/legal-bases\/#consent\">Su disposizione del consenso.<\/a><\/p><p class=\"cmplz-subtitle\">Periodo di conservazione<\/p><p>Conserviamo questi dati fino al termine del servizio.<\/p><\/details><h2>2. Cosa succede se non ci fornisci i tuoi dati personali?<\/h2><p>Se non ci fornisci le tue informazioni personali, potresti non essere in grado di fornirti le informazioni, i prodotti o l&#039;assistenza che stai cercando.<\/p><h2>3. Condivisione con altre parti<\/h2><p>Condividiamo questi dati solo con i processori e con altre terze parti per le quali \u00e8 necessario ottenere il consenso.<\/p><p class=\"cmplz-subtitle\">Processori<\/p><p><b>Nome:<\/b>&nbsp;Elementor<br \/>\n             <b>Paese:<\/b>&nbsp;Israele \/ Paesi Bassi<br \/>\n             <b>Scopo:<\/b>&nbsp;Plugin per la creazione di pagine per WordPress<br \/><b>Nome:<\/b>&nbsp;Elementor Pro<br \/>\n             <b>Paese:<\/b>&nbsp;Israele \/ Paesi Bassi<br \/>\n             <b>Scopo:<\/b>&nbsp;Funzionalit\u00e0 avanzate di progettazione di siti web<br \/><b>Nome:<\/b>&nbsp;Campi personalizzati avanzati<br \/>\n             <b>Paese:<\/b>&nbsp;Australia \/ Stati Uniti<br \/>\n             <b>Scopo:<\/b>&nbsp;Aggiunge campi di contenuto personalizzati a WordPress<br \/><b>Nome:<\/b>&nbsp;WP Rocket<br \/>\n             <b>Paese:<\/b>&nbsp;Francia<br \/>\n             <b>Scopo:<\/b>&nbsp;Plugin di ottimizzazione delle prestazioni e memorizzazione nella cache<br \/><b>Nome:<\/b>&nbsp;Forme di gravit\u00e0<br \/>\n             <b>Paese:<\/b>&nbsp;Stati Uniti d&#039;America<br \/>\n             <b>Scopo:<\/b>&nbsp;Generatore di moduli per WordPress<br \/><b>Nome:<\/b>&nbsp;WordPress \/ Automattic<br \/>\n             <b>Paese:<\/b>&nbsp;Stati Uniti d&#039;America<br \/>\n             <b>Scopo:<\/b>&nbsp;sviluppo di siti web<br \/><b>Nome:<\/b>&nbsp;Cloudflare<br \/>\n             <b>Paese:<\/b>&nbsp;NOI<br \/>\n             <b>Scopo:<\/b>&nbsp;servizi di rete di distribuzione di contenuti<br \/><\/p><p class=\"cmplz-subtitle\">Terze parti<\/p><p><b>Nome:<\/b>&nbsp;Google reCAPTCHA<br \/>\n            <b>Paese:<\/b>&nbsp;Stati Uniti d&#039;America<br \/>\n            <b>Scopo:<\/b>&nbsp;Protezione antispam (rilevamento bot)<br \/>\n            <b>Dato:<\/b>&nbsp;Invia IP, comportamento del mouse, dati di navigazione. Informativa sulla privacy: https:\/\/policies.google.com\/privacy Termini: https:\/\/policies.google.com\/terms<b>Nome:<\/b>&nbsp;Google Maps<br \/>\n            <b>Paese:<\/b>&nbsp;Stati Uniti d&#039;America<br \/>\n            <b>Scopo:<\/b>&nbsp;Visualizzazione della posizione e incorporamento della mappa<br \/>\n            <b>Dato:<\/b>&nbsp;invia dati IP, posizione e interazione. Informativa sulla privacy: https:\/\/policies.google.com\/privacy<b>Nome:<\/b>&nbsp;YouTube<br \/>\n            <b>Paese:<\/b>&nbsp;Stati Uniti d&#039;America<br \/>\n            <b>Scopo:<\/b>&nbsp;Incorporamento e riproduzione video<br \/>\n            <b>Dato:<\/b>&nbsp;Invia cookie, IP e comportamento dell&#039;utente. Informativa sulla privacy: https:\/\/policies.google.com\/privacy<b>Nome:<\/b>&nbsp;PayPal<br \/>\n            <b>Paese:<\/b>&nbsp;Stati Uniti d&#039;America<br \/>\n            <b>Scopo:<\/b>&nbsp;Pagamenti online<br \/>\n            <b>Dato:<\/b>&nbsp;Raccoglie dati di pagamento, personali e transazionali. Informativa sulla privacy: https:\/\/www.paypal.com\/us\/legalhub\/paypal\/privacy-full<b>Nome:<\/b>&nbsp;Instagram (Meta)<br \/>\n            <b>Paese:<\/b>&nbsp;Stati Uniti d&#039;America<br \/>\n            <b>Scopo:<\/b>&nbsp;Contenuto incorporato, condivisione social<br \/>\n            <b>Dato:<\/b>&nbsp;Raccoglie IP, cookie e comportamento degli utenti. Informativa sulla privacy (Meta): https:\/\/privacycenter.instagram.com\/policy<b>Nome:<\/b>&nbsp;Banda<br \/>\n            <b>Paese:<\/b>&nbsp;Stati Uniti d&#039;America<br \/>\n            <b>Scopo:<\/b>&nbsp;Elaboratore di pagamenti online<br \/>\n            <b>Dato:<\/b>&nbsp;raccoglie dati di pagamento, informazioni personali, informazioni sul dispositivo\/browser. Informativa sulla privacy: https:\/\/stripe.com\/privacy<\/p><h2>4. Biscotto<\/h2><p>Il nostro sito web utilizza i cookie. Per ulteriori informazioni riguardo i cookie, per favore fai riferimento alla nostra <a href=\"https:\/\/alps.edu\/it\/cookie-policy-br\/\">Informativa sui cookie<\/a>.&nbsp;<\/p><h2>5. Pratiche di divulgazione<\/h2><p><p>Comunichiamo informazioni personali se ci viene richiesto dalla legge o da un ordine del tribunale, in risposta a un&#039;autorit\u00e0 incaricata dell&#039;applicazione della legge, nella misura consentita da altre disposizioni di legge, per fornire informazioni o per un&#039;indagine su una questione relativa alla sicurezza pubblica.<\/p><p>Se il nostro sito Web o l&#039;organizzazione viene rilevato, venduto o coinvolto in una fusione o acquisizione, i tuoi dati potrebbero essere divulgati ai nostri consulenti e eventuali potenziali acquirenti e saranno trasmessi ai nuovi proprietari.<\/p><\/p><p>Abbiamo concluso un accordo di elaborazione dei dati con Google.<\/p><p>Google non pu\u00f2 utilizzare i dati per altri servizi di Google.<\/p><p>L&#039;inclusione di indirizzi IP interi \u00e8 bloccata da noi.<\/p><h2>6. Sicurezza<\/h2><p>Ci impegniamo per la sicurezza dei dati personali. Prendiamo adeguate misure di sicurezza per limitare l&#039;abuso e l&#039;accesso non autorizzato ai dati personali. Ci\u00f2 garantisce che solo le persone necessarie abbiano accesso ai tuoi dati, che l&#039;accesso ai dati sia protetto e che le nostre misure di sicurezza siano regolarmente riviste.<\/p><h2>7. Siti web di terze parti<\/h2><p>Questa dichiarazione sulla privacy non si applica ai siti web di terzi collegati tramite link sul nostro sito web. Non possiamo garantire che queste terze parti gestiscano i vostri dati personali in modo affidabile e sicuro. Ti consigliamo di leggere le dichiarazioni sulla privacy di questi siti web prima di utilizzarli.<\/p><h2>8. Ammende riguardo questa dichiarazione della privacy<\/h2><p>Ci riserviamo il diritto di apportare modifiche alla presente dichiarazione sulla privacy. Si raccomanda di consultare regolarmente questa dichiarazione sulla privacy per essere a conoscenza di eventuali modifiche. Inoltre, ti informeremo attivamente laddove possibile.<\/p><h2>9. Accesso e modifica dei tuoi dati<\/h2><p>Se avete domande o volete sapere quali dati personali abbiamo su di voi, contattateci. Potete contattarci utilizzando le informazioni qui sotto. I vostri diritti rispetto ai dati personali:<\/p><ul>\n                <li>conferma dell&#039;esistenza del trattamento;<\/li>\n                <li>accesso ai dati;<\/li>\n                <li>correzione di dati incompleti, imprecisi o obsoleti;<\/li>\n                <li>l&#039;anonimizzazione, il blocco o la cancellazione di dati inutili, eccessivi o trattati in disaccordo con le disposizioni della Legge generale sulla protezione dei dati personali (LGPD);<\/li>\n                <li>la portabilit\u00e0 dei dati a un altro fornitore di servizi o prodotti, su richiesta esplicita, in conformit\u00e0 con le norme dell&#039;autorit\u00e0 nazionale, rispettando i segreti commerciali e industriali;<\/li>\n                <li>cancellazione dei dati personali trattati con il consenso del titolare, tranne nei casi previsti dall&#039;art. 16 della Legge generale sulla protezione dei dati personali (LGPD);<\/li>\n                <li>informazioni su entit\u00e0 pubbliche e private con cui il responsabile del trattamento ha condiviso i dati;<\/li>\n                <li>informazioni sulla possibilit\u00e0 di non fornire il consenso e sulle conseguenze del rifiuto.<\/li>\n            <\/ul><p>Per esercitare questi diritti, ti preghiamo di contattarci. Si prega di fare riferimento ai dettagli di contatto in fondo a questa dichiarazione sulla privacy.<\/p>\n            <p>Assicurati di segnalare sempre in modo chiaro chi sei, cos\u00ec da essere certi di non cancellare o modificare i dati di una persona sbagliata.<\/p><h2>10. Invio di un reclamo<\/h2><p>Se non dovesse soddisfare il modo in cui gestiamo (un reclamo riguardo) il trattamento dei tuoi dati personali, hai il diritto di presentare un reclamo all&#039;Autorit\u00e0 Nazionale per la Protezione dei Dati (ANPD):<\/p><p><br \/>Autoridade Nacional de Prote\u00e7\u00e3o de Dados\n\t\t\t\t\t\t<br \/>\n\t\t\t\t\t\t<br \/>Esplanada dos Minist\u00e9rios,\n\t\t\t\t\t\t<br \/>Blocco C,\n\t\t\t\t\t\t<br \/>2\u00ba andar,\n\t\t\t\t\t\t<br \/>CEP 70297-400 - Brasilia \u2013 DF.\n\t\t\t\t\t\t<br \/><a href=\"https:\/\/www.gov.br\/anpd\/pt-br\/canais_atendimento\/\" target=\"_blank\">Sito web<\/a><\/p><h2>11. Bambino<\/h2><p>Il nostro sito Web non \u00e8 progettato per attirare i bambini e non \u00e8 nostra intenzione raccogliere dati personali da minori di et\u00e0 inferiore al consenso nel loro paese di residenza. Pertanto chiediamo che i minori di et\u00e0 inferiore al consenso non ci inviino alcun dato personale.<\/p><h2>12. Dettagli contatti<\/h2><p>ALPS Education Services Inc.<br \/>\n        430 Broadway E<br \/>\nSeattle, WA 98102<br \/>\n        Stati Uniti<br \/>\n        Sito web: <a href=\"https:\/\/alps.edu\/it\">https:\/\/alps.edu\/it<\/a> <br \/>\n        E-mail: <span class=\"cmplz-obfuscate\">informazioni@<span class=\"cmplz-fmail-domain\">ex.com<\/span>alps.edu<\/span> <br \/>\n        Numero di telefono: +1-206-720-6363<\/p><h2>13. Richiesta Dati<\/h2><p>Per le richieste pi\u00f9 frequenti offriamo la possibilit\u00e0 di usare il nostro modulo di richiesta dati<br \/>\t\t\t<div class=\"cmplz-datarequest cmplz-alert\">\n\t\t\t\t<span class=\"cmplz-close\">\u00d7<\/span>\n\t\t\t\t<span id=\"cmplz-message\"><\/span>\n\t\t\t<\/div>\n\t\t\t<form id=\"cmplz-datarequest-form\" action=\"\">\n\t\t\t\t<input type=\"hidden\" required value=\"br\" name=\"cmplz_datarequest_region\" id=\"cmplz_datarequest_region\">\n\n\t\t\t\t<label for=\"cmplz_datarequest_firstname\" class=\"cmplz-first-name\">Nome\t\t\t\t\t<input type=\"search\" class=\"datarequest-firstname\" value=\"\" placeholder=\"il tuo nome\" id=\"cmplz_datarequest_firstname\" name=\"cmplz_datarequest_firstname\">\n\t\t\t\t<\/label>\n\t\t\t\t<div>\n\t\t\t\t\t<label for=\"cmplz_datarequest_name\">Nome<\/label>\n\t\t\t\t\t<input type=\"text\" required value=\"\" placeholder=\"Il tuo nome\" id=\"cmplz_datarequest_name\" name=\"cmplz_datarequest_name\">\n\t\t\t\t<\/div>\n\t\t\t\t<div>\n\t\t\t\t\t<label for=\"cmplz_datarequest_email\">E-mail<\/label>\n\t\t\t\t\t<input type=\"email\" required value=\"\" placeholder=\"email@email.com\" id=\"cmplz_datarequest_email\" name=\"cmplz_datarequest_email\">\n\t\t\t\t<\/div>\n\t\t\t\t\t\t\t\t\t\t<div class=\"cmplz_datarequest cmplz_datarequest_request_for_access\">\n\t\t\t\t\t\t\t<label for=\"cmplz_datarequest_request_for_access\">\n\t\t\t\t\t\t\t\t<input type=\"checkbox\" value=\"1\" name=\"cmplz_datarequest_request_for_access\" id=\"cmplz_datarequest_request_for_access\" \/>\n\t\t\t\t\t\t\t\tInvia una richiesta per accedere ai tuoi dati che trattiamo.\t\t\t\t\t\t\t<\/label>\n\t\t\t\t\t\t<\/div>\n\t\t\t\t\t\t\t\t\t\t<div class=\"cmplz_datarequest cmplz_datarequest_right_to_be_forgotten\">\n\t\t\t\t\t\t\t<label for=\"cmplz_datarequest_right_to_be_forgotten\">\n\t\t\t\t\t\t\t\t<input type=\"checkbox\" value=\"1\" name=\"cmplz_datarequest_right_to_be_forgotten\" id=\"cmplz_datarequest_right_to_be_forgotten\" \/>\n\t\t\t\t\t\t\t\tInvia una richiesta per la cancellazione di dati se non pi\u00f9 rilevanti.\t\t\t\t\t\t\t<\/label>\n\t\t\t\t\t\t<\/div>\n\t\t\t\t\t\t\t\t\t\t<div class=\"cmplz_datarequest cmplz_datarequest_right_to_data_portability\">\n\t\t\t\t\t\t\t<label for=\"cmplz_datarequest_right_to_data_portability\">\n\t\t\t\t\t\t\t\t<input type=\"checkbox\" value=\"1\" name=\"cmplz_datarequest_right_to_data_portability\" id=\"cmplz_datarequest_right_to_data_portability\" \/>\n\t\t\t\t\t\t\t\tInvia una richiesta per ricevere un file da esportazione dei tuoi dati che trattiamo.\t\t\t\t\t\t\t<\/label>\n\t\t\t\t\t\t<\/div>\n\t\t\t\t\t\t\t\t<input type=\"button\" id=\"cmplz-datarequest-submit\" value=\"Invia\">\n\t\t\t<input type=\"hidden\" name=\"trp-form-language\" value=\"it\"\/><\/form>\n\n\t\t\t<style>\n\t\t\t\t\/* first-name is honeypot *\/\n\t\t\t\t.cmplz-first-name {\n\t\t\t\t\tposition: absolute !important;\n\t\t\t\t\tleft: -5000px !important;\n\t\t\t\t}\n\t\t\t<\/style>\n\t\t\t<\/p><\/div>","protected":false},"excerpt":{"rendered":"","protected":false},"author":2,"featured_media":0,"parent":0,"menu_order":0,"comment_status":"closed","ping_status":"closed","template":"","meta":{"_acf_changed":false,"footnotes":""},"class_list":["post-3270","page","type-page","status-publish","hentry"],"acf":[],"yoast_head":"<!-- This site is optimized with the Yoast SEO plugin v27.1.1 - https:\/\/yoast.com\/product\/yoast-seo-wordpress\/ -->\n<title>Privacy Statement (BR) - ALPS Language School<\/title>\n<meta name=\"robots\" content=\"index, follow, max-snippet:-1, max-image-preview:large, max-video-preview:-1\" \/>\n<link rel=\"canonical\" href=\"https:\/\/alps.edu\/it\/informativa-sulla-privacy-br\/\" \/>\n<meta property=\"og:locale\" content=\"it_IT\" \/>\n<meta property=\"og:type\" content=\"article\" \/>\n<meta property=\"og:title\" content=\"Privacy Statement (BR) - ALPS Language School\" \/>\n<meta property=\"og:url\" content=\"https:\/\/alps.edu\/it\/informativa-sulla-privacy-br\/\" \/>\n<meta property=\"og:site_name\" content=\"ALPS Language School\" \/>\n<meta property=\"article:publisher\" content=\"https:\/\/www.facebook.com\/ALPS.Language.School\/\" \/>\n<meta name=\"twitter:card\" content=\"summary_large_image\" \/>\n<meta name=\"twitter:site\" content=\"@ALPS_School\" \/>\n<script type=\"application\/ld+json\" class=\"yoast-schema-graph\">{\"@context\":\"https:\/\/schema.org\",\"@graph\":[{\"@type\":\"WebPage\",\"@id\":\"https:\/\/alps.edu\/privacy-statement-br\/\",\"url\":\"https:\/\/alps.edu\/privacy-statement-br\/\",\"name\":\"Privacy Statement (BR) - ALPS Language School\",\"isPartOf\":{\"@id\":\"https:\/\/alps.edu\/#website\"},\"datePublished\":\"2025-08-21T23:41:03+00:00\",\"breadcrumb\":{\"@id\":\"https:\/\/alps.edu\/privacy-statement-br\/#breadcrumb\"},\"inLanguage\":\"it-IT\",\"potentialAction\":[{\"@type\":\"ReadAction\",\"target\":[\"https:\/\/alps.edu\/privacy-statement-br\/\"]}]},{\"@type\":\"BreadcrumbList\",\"@id\":\"https:\/\/alps.edu\/privacy-statement-br\/#breadcrumb\",\"itemListElement\":[{\"@type\":\"ListItem\",\"position\":1,\"name\":\"Home\",\"item\":\"https:\/\/alps.edu\/\"},{\"@type\":\"ListItem\",\"position\":2,\"name\":\"Privacy Statement (BR)\"}]},{\"@type\":\"WebSite\",\"@id\":\"https:\/\/alps.edu\/#website\",\"url\":\"https:\/\/alps.edu\/\",\"name\":\"ALPS Language School\",\"description\":\"Seattle English Classes for Adults\",\"publisher\":{\"@id\":\"https:\/\/alps.edu\/#organization\"},\"potentialAction\":[{\"@type\":\"SearchAction\",\"target\":{\"@type\":\"EntryPoint\",\"urlTemplate\":\"https:\/\/alps.edu\/?s={search_term_string}\"},\"query-input\":{\"@type\":\"PropertyValueSpecification\",\"valueRequired\":true,\"valueName\":\"search_term_string\"}}],\"inLanguage\":\"it-IT\"},{\"@type\":\"Organization\",\"@id\":\"https:\/\/alps.edu\/#organization\",\"name\":\"ALPS Language School\",\"url\":\"https:\/\/alps.edu\/\",\"logo\":{\"@type\":\"ImageObject\",\"inLanguage\":\"it-IT\",\"@id\":\"https:\/\/alps.edu\/#\/schema\/logo\/image\/\",\"url\":\"https:\/\/alps.edu\/wp-content\/uploads\/2020\/04\/alps-logo.png\",\"contentUrl\":\"https:\/\/alps.edu\/wp-content\/uploads\/2020\/04\/alps-logo.png\",\"width\":256,\"height\":181,\"caption\":\"ALPS Language School\"},\"image\":{\"@id\":\"https:\/\/alps.edu\/#\/schema\/logo\/image\/\"},\"sameAs\":[\"https:\/\/www.facebook.com\/ALPS.Language.School\/\",\"https:\/\/x.com\/ALPS_School\",\"https:\/\/www.linkedin.com\/school\/alps-language-school\/\"]}]}<\/script>\n<!-- \/ Yoast SEO plugin. -->","yoast_head_json":{"title":"Informativa sulla privacy (BR) - ALPS Language School","robots":{"index":"index","follow":"follow","max-snippet":"max-snippet:-1","max-image-preview":"max-image-preview:large","max-video-preview":"max-video-preview:-1"},"canonical":"https:\/\/alps.edu\/it\/informativa-sulla-privacy-br\/","og_locale":"it_IT","og_type":"article","og_title":"Privacy Statement (BR) - ALPS Language School","og_url":"https:\/\/alps.edu\/it\/informativa-sulla-privacy-br\/","og_site_name":"ALPS Language School","article_publisher":"https:\/\/www.facebook.com\/ALPS.Language.School\/","twitter_card":"summary_large_image","twitter_site":"@ALPS_School","schema":{"@context":"https:\/\/schema.org","@graph":[{"@type":"WebPage","@id":"https:\/\/alps.edu\/privacy-statement-br\/","url":"https:\/\/alps.edu\/privacy-statement-br\/","name":"Informativa sulla privacy (BR) - ALPS Language School","isPartOf":{"@id":"https:\/\/alps.edu\/#website"},"datePublished":"2025-08-21T23:41:03+00:00","breadcrumb":{"@id":"https:\/\/alps.edu\/privacy-statement-br\/#breadcrumb"},"inLanguage":"it-IT","potentialAction":[{"@type":"ReadAction","target":["https:\/\/alps.edu\/privacy-statement-br\/"]}]},{"@type":"BreadcrumbList","@id":"https:\/\/alps.edu\/privacy-statement-br\/#breadcrumb","itemListElement":[{"@type":"ListItem","position":1,"name":"Home","item":"https:\/\/alps.edu\/"},{"@type":"ListItem","position":2,"name":"Privacy Statement (BR)"}]},{"@type":"WebSite","@id":"https:\/\/alps.edu\/#website","url":"https:\/\/alps.edu\/","name":"Scuola di lingue ALPS","description":"Corsi di inglese a Seattle per adulti","publisher":{"@id":"https:\/\/alps.edu\/#organization"},"potentialAction":[{"@type":"SearchAction","target":{"@type":"EntryPoint","urlTemplate":"https:\/\/alps.edu\/?s={search_term_string}"},"query-input":{"@type":"PropertyValueSpecification","valueRequired":true,"valueName":"search_term_string"}}],"inLanguage":"it-IT"},{"@type":"Organization","@id":"https:\/\/alps.edu\/#organization","name":"Scuola di lingue ALPS","url":"https:\/\/alps.edu\/","logo":{"@type":"ImageObject","inLanguage":"it-IT","@id":"https:\/\/alps.edu\/#\/schema\/logo\/image\/","url":"https:\/\/alps.edu\/wp-content\/uploads\/2020\/04\/alps-logo.png","contentUrl":"https:\/\/alps.edu\/wp-content\/uploads\/2020\/04\/alps-logo.png","width":256,"height":181,"caption":"ALPS Language School"},"image":{"@id":"https:\/\/alps.edu\/#\/schema\/logo\/image\/"},"sameAs":["https:\/\/www.facebook.com\/ALPS.Language.School\/","https:\/\/x.com\/ALPS_School","https:\/\/www.linkedin.com\/school\/alps-language-school\/"]}]}},"_links":{"self":[{"href":"https:\/\/alps.edu\/it\/wp-json\/wp\/v2\/pages\/3270","targetHints":{"allow":["GET"]}}],"collection":[{"href":"https:\/\/alps.edu\/it\/wp-json\/wp\/v2\/pages"}],"about":[{"href":"https:\/\/alps.edu\/it\/wp-json\/wp\/v2\/types\/page"}],"author":[{"embeddable":true,"href":"https:\/\/alps.edu\/it\/wp-json\/wp\/v2\/users\/2"}],"replies":[{"embeddable":true,"href":"https:\/\/alps.edu\/it\/wp-json\/wp\/v2\/comments?post=3270"}],"version-history":[{"count":0,"href":"https:\/\/alps.edu\/it\/wp-json\/wp\/v2\/pages\/3270\/revisions"}],"wp:attachment":[{"href":"https:\/\/alps.edu\/it\/wp-json\/wp\/v2\/media?parent=3270"}],"curies":[{"name":"parola chiave","href":"https:\/\/api.w.org\/{rel}","templated":true}]}}