{"id":1387,"date":"2020-09-18T12:28:57","date_gmt":"2020-09-18T19:28:57","guid":{"rendered":"https:\/\/alps.edu\/?page_id=1387"},"modified":"2026-03-23T15:20:22","modified_gmt":"2026-03-23T22:20:22","slug":"obrigado-transferencia","status":"publish","type":"page","link":"https:\/\/alps.edu\/pt\/thank-you-transfer\/","title":{"rendered":"Obrigado \u2013 Pedido de Transfer\u00eancia"},"content":{"rendered":"<div data-elementor-type=\"wp-page\" data-elementor-id=\"1387\" class=\"elementor elementor-1387\" data-elementor-post-type=\"page\">\n\t\t\t\t\t\t<section data-particle_enable=\"false\" data-particle-mobile-disabled=\"false\" class=\"elementor-section elementor-top-section elementor-element elementor-element-e2745fc elementor-section-boxed elementor-section-height-default elementor-section-height-default\" data-id=\"e2745fc\" data-element_type=\"section\" data-e-type=\"section\">\n\t\t\t\t\t\t<div class=\"elementor-container elementor-column-gap-default\">\n\t\t\t\t\t<div class=\"elementor-column elementor-col-100 elementor-top-column elementor-element elementor-element-35e1ec5\" data-id=\"35e1ec5\" data-element_type=\"column\" data-e-type=\"column\">\n\t\t\t<div class=\"elementor-widget-wrap elementor-element-populated\">\n\t\t\t\t\t\t<div data-dce-title-color=\"#000000\" class=\"elementor-element elementor-element-423a7dbf elementor-widget elementor-widget-heading\" data-id=\"423a7dbf\" data-element_type=\"widget\" data-e-type=\"widget\" data-widget_type=\"heading.default\">\n\t\t\t\t<div class=\"elementor-widget-container\">\n\t\t\t\t\t<h2 class=\"elementor-heading-title elementor-size-default\">Obrigado pela sua aplica\u00e7\u00e3o!<\/h2>\t\t\t\t<\/div>\n\t\t\t\t<\/div>\n\t\t\t\t<div class=\"elementor-element elementor-element-7a6345d3 elementor-widget elementor-widget-text-editor\" data-id=\"7a6345d3\" data-element_type=\"widget\" data-e-type=\"widget\" data-widget_type=\"text-editor.default\">\n\t\t\t\t<div class=\"elementor-widget-container\">\n\t\t\t\t\t\t\t\t\t<p><strong>A equipe de admiss\u00f5es do ALPS entrar\u00e1 em contato com voc\u00ea dentro de 1-2 dias \u00fateis.<\/strong><\/p><p><span style=\"text-decoration: underline;\"><strong>Pr\u00f3ximos passos:<\/strong><\/span><\/p><p>Por favor, pague a taxa de inscri\u00e7\u00e3o n\u00e3o reembols\u00e1vel ($150). Voc\u00ea pode pagar online com cart\u00e3o de cr\u00e9dito ou d\u00e9bito, ou atrav\u00e9s do aplicativo de pagamento Zelle (um aplicativo de pagamento bastante utilizado nos EUA \u2013 mais informa\u00e7\u00f5es). <a href=\"https:\/\/enroll.zellepay.com\/\" target=\"_blank\" rel=\"noopener\">aqui<\/a>).<\/p><form action=\"https:\/\/www.paypal.com\/cgi-bin\/webscr\" method=\"post\" target=\"_top\"><input name=\"cmd\" type=\"hidden\" value=\"_s-xclick\" \/><\/form>\t\t\t\t\t\t\t\t<\/div>\n\t\t\t\t<\/div>\n\t\t\t\t<section data-particle_enable=\"false\" data-particle-mobile-disabled=\"false\" class=\"elementor-section elementor-inner-section elementor-element elementor-element-f53f72c elementor-section-boxed elementor-section-height-default elementor-section-height-default\" data-id=\"f53f72c\" data-element_type=\"section\" data-e-type=\"section\">\n\t\t\t\t\t\t<div class=\"elementor-container elementor-column-gap-default\">\n\t\t\t\t\t<div class=\"elementor-column elementor-col-50 elementor-inner-column elementor-element elementor-element-8a8b835\" data-id=\"8a8b835\" data-element_type=\"column\" data-e-type=\"column\">\n\t\t\t<div class=\"elementor-widget-wrap elementor-element-populated\">\n\t\t\t\t\t\t<div class=\"elementor-element elementor-element-70dc8dd elementor-widget elementor-widget-heading\" data-id=\"70dc8dd\" data-element_type=\"widget\" data-e-type=\"widget\" data-widget_type=\"heading.default\">\n\t\t\t\t<div class=\"elementor-widget-container\">\n\t\t\t\t\t<h2 class=\"elementor-heading-title elementor-size-default\">Pague online com cart\u00e3o de cr\u00e9dito\/d\u00e9bito<\/h2>\t\t\t\t<\/div>\n\t\t\t\t<\/div>\n\t\t\t\t<div class=\"elementor-element elementor-element-9da1087 elementor-align-center elementor-widget elementor-widget-button\" data-id=\"9da1087\" data-element_type=\"widget\" data-e-type=\"widget\" data-widget_type=\"button.default\">\n\t\t\t\t<div class=\"elementor-widget-container\">\n\t\t\t\t\t\t\t\t\t<div class=\"elementor-button-wrapper\">\n\t\t\t\t\t<a class=\"elementor-button elementor-button-link elementor-size-xl\" href=\"https:\/\/paynow.cardx.com\/alpslanguage?amount=150\" target=\"_blank\">\n\t\t\t\t\t\t<span class=\"elementor-button-content-wrapper\">\n\t\t\t\t\t\t\t\t\t<span class=\"elementor-button-text\">Pague $150 aqui<\/span>\n\t\t\t\t\t<\/span>\n\t\t\t\t\t<\/a>\n\t\t\t\t<\/div>\n\t\t\t\t\t\t\t\t<\/div>\n\t\t\t\t<\/div>\n\t\t\t\t<div class=\"elementor-element elementor-element-54a0179 elementor-widget elementor-widget-spacer\" data-id=\"54a0179\" data-element_type=\"widget\" data-e-type=\"widget\" data-widget_type=\"spacer.default\">\n\t\t\t\t<div class=\"elementor-widget-container\">\n\t\t\t\t\t\t\t<div class=\"elementor-spacer\">\n\t\t\t<div class=\"elementor-spacer-inner\"><\/div>\n\t\t<\/div>\n\t\t\t\t\t\t<\/div>\n\t\t\t\t<\/div>\n\t\t\t\t\t<\/div>\n\t\t<\/div>\n\t\t\t\t<div class=\"elementor-column elementor-col-50 elementor-inner-column elementor-element elementor-element-874aee3\" data-id=\"874aee3\" data-element_type=\"column\" data-e-type=\"column\">\n\t\t\t<div class=\"elementor-widget-wrap elementor-element-populated\">\n\t\t\t\t\t\t<div class=\"elementor-element elementor-element-4ae7e72 elementor-widget elementor-widget-heading\" data-id=\"4ae7e72\" data-element_type=\"widget\" data-e-type=\"widget\" data-widget_type=\"heading.default\">\n\t\t\t\t<div class=\"elementor-widget-container\">\n\t\t\t\t\t<h2 class=\"elementor-heading-title elementor-size-default\">Pague com Zelle<\/h2>\t\t\t\t<\/div>\n\t\t\t\t<\/div>\n\t\t\t\t<div class=\"elementor-element elementor-element-4e21867 elementor-widget elementor-widget-text-editor\" data-id=\"4e21867\" data-element_type=\"widget\" data-e-type=\"widget\" data-widget_type=\"text-editor.default\">\n\t\t\t\t<div class=\"elementor-widget-container\">\n\t\t\t\t\t\t\t\t\t<p>Etiqueta Zelle da ALPS:\u00a0<strong>Alpes-Seattle<\/strong><\/p>\t\t\t\t\t\t\t\t<\/div>\n\t\t\t\t<\/div>\n\t\t\t\t<div class=\"elementor-element elementor-element-3045513 elementor-widget elementor-widget-spacer\" data-id=\"3045513\" data-element_type=\"widget\" data-e-type=\"widget\" data-widget_type=\"spacer.default\">\n\t\t\t\t<div class=\"elementor-widget-container\">\n\t\t\t\t\t\t\t<div class=\"elementor-spacer\">\n\t\t\t<div class=\"elementor-spacer-inner\"><\/div>\n\t\t<\/div>\n\t\t\t\t\t\t<\/div>\n\t\t\t\t<\/div>\n\t\t\t\t\t<\/div>\n\t\t<\/div>\n\t\t\t\t\t<\/div>\n\t\t<\/section>\n\t\t\t\t<div class=\"elementor-element elementor-element-6f2d4ca elementor-widget elementor-widget-heading\" data-id=\"6f2d4ca\" data-element_type=\"widget\" data-e-type=\"widget\" data-widget_type=\"heading.default\">\n\t\t\t\t<div class=\"elementor-widget-container\">\n\t\t\t\t\t<h2 class=\"elementor-heading-title elementor-size-default\">Enviar documentos<\/h2>\t\t\t\t<\/div>\n\t\t\t\t<\/div>\n\t\t\t\t<div class=\"elementor-element elementor-element-9d36935 elementor-widget elementor-widget-text-editor\" data-id=\"9d36935\" data-element_type=\"widget\" data-e-type=\"widget\" data-widget_type=\"text-editor.default\">\n\t\t\t\t<div class=\"elementor-widget-container\">\n\t\t\t\t\t\t\t\t\t<p>Envie tamb\u00e9m os seguintes documentos por e-mail para <a href=\"mailto:info@alps.edu\">info@alps.edu<\/a>:<\/p><p><strong>1. C\u00f3pias da p\u00e1gina da foto do seu passaporte, visto F-1 e <a href=\"https:\/\/i94.cbp.dhs.gov\/I94\/#\/home\" target=\"_blank\" rel=\"noopener\">mais recente I-94<\/a><\/strong><\/p><p style=\"padding-left: 40px;\">Se voc\u00ea tiver algum dependente F-2, envie tamb\u00e9m c\u00f3pias das p\u00e1ginas de foto do passaporte, vistos F-2 e I-94s mais recentes.<\/p><p><strong>2. Documento financeiro<\/strong><\/p><ul><li>Esta deve ser uma carta oficial do banco, em papel com o nome do banco impresso, assinada por um funcion\u00e1rio do banco, mostrando que h\u00e1 dinheiro suficiente dispon\u00edvel para suas mensalidades e despesas de moradia. Ou pode ser um extrato banc\u00e1rio de um banco nos EUA.<\/li><li>Seu documento financeiro deve mostrar um saldo de pelo menos <strong>$2800 USD (ou o equivalente em moeda estrangeira) por cada per\u00edodo de 4 semanas de estudo planejado.<\/strong> Por exemplo, se voc\u00ea planeja estudar por 12 semanas, voc\u00ea deve apresentar um saldo de pelo menos $8400.<\/li><li>O documento financeiro pode ser para a sua conta banc\u00e1ria pessoal ou para a conta da sua fam\u00edlia\/patrocinador.<\/li><li>A data em seu documento financeiro deve ser inferior a 6 meses.<\/li><li>Se voc\u00ea tiver algum dependente F-2, seu documento financeiro deve mostrar um adicional de $500 por dependente F-2 por sess\u00e3o de 4 semanas que voc\u00ea planeja estudar.<\/li><\/ul><p><strong>3. Declara\u00e7\u00e3o de Responsabilidade Financeira (apenas para alunos com patrocinadores)<\/strong><\/p><p style=\"padding-left: 40px;\">Se o titular da conta em seu documento financeiro tiver um sobrenome diferente do seu, pe\u00e7a ao titular da conta para preencher e assinar um <a href=\"https:\/\/alps.edu\/wp-content\/uploads\/2021\/03\/Financial-Responsibility-Statement.pdf\">Declara\u00e7\u00e3o de Responsabilidade Financeira.<\/a> N\u00e3o \u00e9 necess\u00e1rio preencher este formul\u00e1rio se voc\u00ea e seu patrocinador tiverem o mesmo sobrenome.<\/p><p>Por favor entre em contato <a href=\"mailto:info@alps.edu\">info@alps.edu<\/a> com qualquer d\u00favida sobre sua aplica\u00e7\u00e3o. Esperamos voc\u00ea para estudar conosco!<\/p>\t\t\t\t\t\t\t\t<\/div>\n\t\t\t\t<\/div>\n\t\t\t\t\t<\/div>\n\t\t<\/div>\n\t\t\t\t\t<\/div>\n\t\t<\/section>\n\t\t\t\t<\/div>","protected":false},"excerpt":{"rendered":"<p>Thank you for your application! ALPS admissions staff will contact you within 1-2 business days. Next steps: Please pay the non-refundable application fee ($150). You can pay online with a credit or debit card, or you can pay with the payment app Zelle (a commonly used payment app in the US &#8211; more info here). [&hellip;]<\/p>\n","protected":false},"author":2,"featured_media":0,"parent":0,"menu_order":0,"comment_status":"closed","ping_status":"closed","template":"","meta":{"_acf_changed":false,"footnotes":""},"class_list":["post-1387","page","type-page","status-publish","hentry"],"acf":[],"yoast_head":"<!-- This site is optimized with the Yoast SEO plugin v27.1.1 - https:\/\/yoast.com\/product\/yoast-seo-wordpress\/ -->\n<title>Thank You - Transfer Application - ALPS Language School<\/title>\n<meta name=\"robots\" content=\"index, follow, max-snippet:-1, max-image-preview:large, max-video-preview:-1\" \/>\n<link rel=\"canonical\" href=\"https:\/\/alps.edu\/pt\/obrigado-transferencia\/\" \/>\n<meta property=\"og:locale\" content=\"pt_BR\" \/>\n<meta property=\"og:type\" content=\"article\" \/>\n<meta property=\"og:title\" content=\"Thank You - Transfer Application - ALPS Language School\" \/>\n<meta property=\"og:description\" content=\"Thank you for your application! ALPS admissions staff will contact you within 1-2 business days. Next steps: Please pay the non-refundable application fee ($150). You can pay online with a credit or debit card, or you can pay with the payment app Zelle (a commonly used payment app in the US &#8211; more info here). [&hellip;]\" \/>\n<meta property=\"og:url\" content=\"https:\/\/alps.edu\/pt\/obrigado-transferencia\/\" \/>\n<meta property=\"og:site_name\" content=\"ALPS Language School\" \/>\n<meta property=\"article:publisher\" content=\"https:\/\/www.facebook.com\/ALPS.Language.School\/\" \/>\n<meta property=\"article:modified_time\" content=\"2026-03-23T22:20:22+00:00\" \/>\n<meta name=\"twitter:card\" content=\"summary_large_image\" \/>\n<meta name=\"twitter:site\" content=\"@ALPS_School\" \/>\n<meta name=\"twitter:label1\" content=\"Est. tempo de leitura\" \/>\n\t<meta name=\"twitter:data1\" content=\"2 minutos\" \/>\n<script type=\"application\/ld+json\" class=\"yoast-schema-graph\">{\"@context\":\"https:\/\/schema.org\",\"@graph\":[{\"@type\":\"WebPage\",\"@id\":\"https:\/\/alps.edu\/thank-you-transfer\/\",\"url\":\"https:\/\/alps.edu\/thank-you-transfer\/\",\"name\":\"Thank You - Transfer Application - ALPS Language School\",\"isPartOf\":{\"@id\":\"https:\/\/alps.edu\/#website\"},\"datePublished\":\"2020-09-18T19:28:57+00:00\",\"dateModified\":\"2026-03-23T22:20:22+00:00\",\"breadcrumb\":{\"@id\":\"https:\/\/alps.edu\/thank-you-transfer\/#breadcrumb\"},\"inLanguage\":\"pt-BR\",\"potentialAction\":[{\"@type\":\"ReadAction\",\"target\":[\"https:\/\/alps.edu\/thank-you-transfer\/\"]}]},{\"@type\":\"BreadcrumbList\",\"@id\":\"https:\/\/alps.edu\/thank-you-transfer\/#breadcrumb\",\"itemListElement\":[{\"@type\":\"ListItem\",\"position\":1,\"name\":\"Home\",\"item\":\"https:\/\/alps.edu\/\"},{\"@type\":\"ListItem\",\"position\":2,\"name\":\"Thank You &#8211; Transfer Application\"}]},{\"@type\":\"WebSite\",\"@id\":\"https:\/\/alps.edu\/#website\",\"url\":\"https:\/\/alps.edu\/\",\"name\":\"ALPS Language School\",\"description\":\"Seattle English Classes for Adults\",\"publisher\":{\"@id\":\"https:\/\/alps.edu\/#organization\"},\"potentialAction\":[{\"@type\":\"SearchAction\",\"target\":{\"@type\":\"EntryPoint\",\"urlTemplate\":\"https:\/\/alps.edu\/?s={search_term_string}\"},\"query-input\":{\"@type\":\"PropertyValueSpecification\",\"valueRequired\":true,\"valueName\":\"search_term_string\"}}],\"inLanguage\":\"pt-BR\"},{\"@type\":\"Organization\",\"@id\":\"https:\/\/alps.edu\/#organization\",\"name\":\"ALPS Language School\",\"url\":\"https:\/\/alps.edu\/\",\"logo\":{\"@type\":\"ImageObject\",\"inLanguage\":\"pt-BR\",\"@id\":\"https:\/\/alps.edu\/#\/schema\/logo\/image\/\",\"url\":\"https:\/\/alps.edu\/wp-content\/uploads\/2020\/04\/alps-logo.png\",\"contentUrl\":\"https:\/\/alps.edu\/wp-content\/uploads\/2020\/04\/alps-logo.png\",\"width\":256,\"height\":181,\"caption\":\"ALPS Language School\"},\"image\":{\"@id\":\"https:\/\/alps.edu\/#\/schema\/logo\/image\/\"},\"sameAs\":[\"https:\/\/www.facebook.com\/ALPS.Language.School\/\",\"https:\/\/x.com\/ALPS_School\",\"https:\/\/www.linkedin.com\/school\/alps-language-school\/\"]}]}<\/script>\n<!-- \/ Yoast SEO plugin. -->","yoast_head_json":{"title":"Obrigado - Solicita\u00e7\u00e3o de Transfer\u00eancia - ALPS Language School","robots":{"index":"index","follow":"follow","max-snippet":"max-snippet:-1","max-image-preview":"max-image-preview:large","max-video-preview":"max-video-preview:-1"},"canonical":"https:\/\/alps.edu\/pt\/obrigado-transferencia\/","og_locale":"pt_BR","og_type":"article","og_title":"Thank You - Transfer Application - ALPS Language School","og_description":"Thank you for your application! ALPS admissions staff will contact you within 1-2 business days. Next steps: Please pay the non-refundable application fee ($150). You can pay online with a credit or debit card, or you can pay with the payment app Zelle (a commonly used payment app in the US &#8211; more info here). [&hellip;]","og_url":"https:\/\/alps.edu\/pt\/obrigado-transferencia\/","og_site_name":"ALPS Language School","article_publisher":"https:\/\/www.facebook.com\/ALPS.Language.School\/","article_modified_time":"2026-03-23T22:20:22+00:00","twitter_card":"summary_large_image","twitter_site":"@ALPS_School","twitter_misc":{"Est. tempo de leitura":"2 minutos"},"schema":{"@context":"https:\/\/schema.org","@graph":[{"@type":"WebPage","@id":"https:\/\/alps.edu\/thank-you-transfer\/","url":"https:\/\/alps.edu\/thank-you-transfer\/","name":"Obrigado - Solicita\u00e7\u00e3o de Transfer\u00eancia - ALPS Language School","isPartOf":{"@id":"https:\/\/alps.edu\/#website"},"datePublished":"2020-09-18T19:28:57+00:00","dateModified":"2026-03-23T22:20:22+00:00","breadcrumb":{"@id":"https:\/\/alps.edu\/thank-you-transfer\/#breadcrumb"},"inLanguage":"pt-BR","potentialAction":[{"@type":"ReadAction","target":["https:\/\/alps.edu\/thank-you-transfer\/"]}]},{"@type":"BreadcrumbList","@id":"https:\/\/alps.edu\/thank-you-transfer\/#breadcrumb","itemListElement":[{"@type":"ListItem","position":1,"name":"Home","item":"https:\/\/alps.edu\/"},{"@type":"ListItem","position":2,"name":"Thank You &#8211; Transfer Application"}]},{"@type":"WebSite","@id":"https:\/\/alps.edu\/#website","url":"https:\/\/alps.edu\/","name":"ALPS Language School","description":"Aulas de ingl\u00eas em Seattle para adultos","publisher":{"@id":"https:\/\/alps.edu\/#organization"},"potentialAction":[{"@type":"SearchAction","target":{"@type":"EntryPoint","urlTemplate":"https:\/\/alps.edu\/?s={search_term_string}"},"query-input":{"@type":"PropertyValueSpecification","valueRequired":true,"valueName":"search_term_string"}}],"inLanguage":"pt-BR"},{"@type":"Organization","@id":"https:\/\/alps.edu\/#organization","name":"ALPS Language School","url":"https:\/\/alps.edu\/","logo":{"@type":"ImageObject","inLanguage":"pt-BR","@id":"https:\/\/alps.edu\/#\/schema\/logo\/image\/","url":"https:\/\/alps.edu\/wp-content\/uploads\/2020\/04\/alps-logo.png","contentUrl":"https:\/\/alps.edu\/wp-content\/uploads\/2020\/04\/alps-logo.png","width":256,"height":181,"caption":"ALPS Language School"},"image":{"@id":"https:\/\/alps.edu\/#\/schema\/logo\/image\/"},"sameAs":["https:\/\/www.facebook.com\/ALPS.Language.School\/","https:\/\/x.com\/ALPS_School","https:\/\/www.linkedin.com\/school\/alps-language-school\/"]}]}},"_links":{"self":[{"href":"https:\/\/alps.edu\/pt\/wp-json\/wp\/v2\/pages\/1387","targetHints":{"allow":["GET"]}}],"collection":[{"href":"https:\/\/alps.edu\/pt\/wp-json\/wp\/v2\/pages"}],"about":[{"href":"https:\/\/alps.edu\/pt\/wp-json\/wp\/v2\/types\/page"}],"author":[{"embeddable":true,"href":"https:\/\/alps.edu\/pt\/wp-json\/wp\/v2\/users\/2"}],"replies":[{"embeddable":true,"href":"https:\/\/alps.edu\/pt\/wp-json\/wp\/v2\/comments?post=1387"}],"version-history":[{"count":33,"href":"https:\/\/alps.edu\/pt\/wp-json\/wp\/v2\/pages\/1387\/revisions"}],"predecessor-version":[{"id":3794,"href":"https:\/\/alps.edu\/pt\/wp-json\/wp\/v2\/pages\/1387\/revisions\/3794"}],"wp:attachment":[{"href":"https:\/\/alps.edu\/pt\/wp-json\/wp\/v2\/media?parent=1387"}],"curies":[{"name":"wp","href":"https:\/\/api.w.org\/{rel}","templated":true}]}}