{"id":3268,"date":"2025-08-21T16:41:03","date_gmt":"2025-08-21T23:41:03","guid":{"rendered":"https:\/\/alps.edu\/privacy-statement-us\/"},"modified":"2025-08-21T16:41:03","modified_gmt":"2025-08-21T23:41:03","slug":"declaracao-de-privacidade-dos-eua","status":"publish","type":"page","link":"https:\/\/alps.edu\/pt\/privacy-statement-us\/","title":{"rendered":"Declara\u00e7\u00e3o de Privacidade (EUA)"},"content":{"rendered":"<!-- Legal document generated by Complianz | GDPR\/CCPA Cookie Consent https:\/\/wordpress.org\/plugins\/complianz-gdpr -->\n<div id=\"cmplz-document\" class=\"cmplz-document privacy-statement cmplz-document-us\"><p><i>Esta declara\u00e7\u00e3o de privacidade foi alterada pela \u00faltima vez em 21 de agosto de 2025, verificada pela \u00faltima vez em 21 de agosto de 2025 e se aplica a cidad\u00e3os e residentes permanentes legais dos Estados Unidos.<\/i><br \/><br \/><\/p><p>Nesta declara\u00e7\u00e3o de privacidade, explicamos o que fazemos com os dados que obtemos sobre voc\u00ea por meio <a href=\"https:\/\/alps.edu\/pt\">https:\/\/alps.edu\/pt<\/a>Recomendamos que voc\u00ea leia esta declara\u00e7\u00e3o com aten\u00e7\u00e3o. Em nosso processamento, cumprimos os requisitos da legisla\u00e7\u00e3o de privacidade. Isso significa, entre outras coisas, que:<ul>\n                <li>declaramos claramente as finalidades para as quais processamos dados pessoais. Fazemos isso por meio desta declara\u00e7\u00e3o de privacidade;<\/li>\n                <li>nosso objetivo \u00e9 limitar nossa coleta de dados pessoais apenas aos dados pessoais necess\u00e1rios para fins leg\u00edtimos;<\/li>\n                <li>primeiro solicitamos seu consentimento expl\u00edcito para processar seus dados pessoais nos casos que exigem seu consentimento;<\/li>\n                <li>tomamos medidas de seguran\u00e7a apropriadas para proteger seus dados pessoais e tamb\u00e9m exigimos isso de terceiros que processam dados pessoais em nosso nome;<\/li>\n                <li>respeitamos seu direito de acessar seus dados pessoais ou de corrigi-los ou exclu\u00ed-los, a seu pedido.<\/li>\n            <\/ul><\/p><p>Caso tenha alguma d\u00favida ou queira saber exatamente quais dados mantemos sobre voc\u00ea, entre em contato conosco.<\/p><h2>1. Objetivo e categorias de dados<\/h2><p>Podemos coletar ou obter informa\u00e7\u00f5es pessoais para v\u00e1rios fins relacionados \u00e0s nossas opera\u00e7\u00f5es comerciais, que podem incluir o seguinte: (clique para expandir)<\/b><\/p><details class=\"cmplz-dropdown dropdown-privacy-statement\"><summary><div><h3>1.1 Contato - Atrav\u00e9s de telefone, correio, e-mail e\/ou formul\u00e1rios web<\/h3><\/div><\/summary><p class=\"cmplz-subtitle\">As seguintes categorias de dados s\u00e3o recolhidas<\/p><p><ul><li>Um nome e um apelido<\/li><li>Uma casa ou outro endere\u00e7o f\u00edsico, incluindo nome de rua e nome da cidade<\/li><li>Um endere\u00e7o de e-mail<\/li><li>Um n\u00famero de telefone<\/li><li>Endere\u00e7o IP<\/li><li>Dados de geolocaliza\u00e7\u00e3o<\/li><li>Data de nascimento<\/li><li>Sexo<\/li><li>Uma assinatura<\/li><li>Informa\u00e7\u00f5es sobre atividades na internet, incluindo, mas n\u00e3o se limitando a, hist\u00f3rico de navega\u00e7\u00e3o, hist\u00f3rico de pesquisa e informa\u00e7\u00f5es sobre a intera\u00e7\u00e3o de um consumidor com um site, aplicativo ou an\u00fancio na internet<\/li><\/ul><\/p><p class=\"cmplz-subtitle\">Per\u00edodo de reten\u00e7\u00e3o<\/p><p>Retemos esses dados ap\u00f3s o encerramento do servi\u00e7o pelo seguinte n\u00famero de meses: 3 anos ap\u00f3s o aluno parar de estudar na ALPS<\/p><\/details><details class=\"cmplz-dropdown dropdown-privacy-statement\"><summary><div><h3>1.2 Compilar e analisar estat\u00edsticas para melhoria do site.<\/h3><\/div><\/summary><p class=\"cmplz-subtitle\">As seguintes categorias de dados s\u00e3o recolhidas<\/p><p><ul><li>Dados de geolocaliza\u00e7\u00e3o<\/li><li>Endere\u00e7o IP<\/li><li>Informa\u00e7\u00f5es sobre atividades na internet, incluindo, mas n\u00e3o se limitando a, hist\u00f3rico de navega\u00e7\u00e3o, hist\u00f3rico de pesquisa e informa\u00e7\u00f5es sobre a intera\u00e7\u00e3o de um consumidor com um site, aplicativo ou an\u00fancio na internet<\/li><\/ul><\/p><p class=\"cmplz-subtitle\">Per\u00edodo de reten\u00e7\u00e3o<\/p><p>Retemos esses dados at\u00e9 que o servi\u00e7o seja encerrado.<\/p><\/details><details class=\"cmplz-dropdown dropdown-privacy-statement\"><summary><div><h3>1.3 Para vender ou compartilhar dados com terceiros<\/h3><\/div><\/summary><p class=\"cmplz-subtitle\">As seguintes categorias de dados s\u00e3o recolhidas<\/p><p><ul><li>Endere\u00e7o IP<\/li><li>Informa\u00e7\u00f5es sobre atividades na internet, incluindo, mas n\u00e3o se limitando a, hist\u00f3rico de navega\u00e7\u00e3o, hist\u00f3rico de pesquisa e informa\u00e7\u00f5es sobre a intera\u00e7\u00e3o de um consumidor com um site, aplicativo ou an\u00fancio na internet<\/li><li>Dados de geolocaliza\u00e7\u00e3o<\/li><\/ul><\/p><p class=\"cmplz-subtitle\">Per\u00edodo de reten\u00e7\u00e3o<\/p><p>Retemos esses dados at\u00e9 que o servi\u00e7o seja encerrado.<\/p><\/details><details class=\"cmplz-dropdown dropdown-privacy-statement\"><summary><div><h3>1.4 Para apoiar servi\u00e7os ou produtos que um cliente quer comprar ou comprar<\/h3><\/div><\/summary><p class=\"cmplz-subtitle\">As seguintes categorias de dados s\u00e3o recolhidas<\/p><p><ul><li>Um nome e um apelido<\/li><li>Uma casa ou outro endere\u00e7o f\u00edsico, incluindo nome de rua e nome da cidade<\/li><li>Um endere\u00e7o de e-mail<\/li><li>Um n\u00famero de telefone<\/li><li>Endere\u00e7o IP<\/li><li>Data de nascimento<\/li><li>Sexo<\/li><li>Uma assinatura<\/li><\/ul><\/p><p class=\"cmplz-subtitle\">Per\u00edodo de reten\u00e7\u00e3o<\/p><p>Retemos esses dados ap\u00f3s o encerramento do servi\u00e7o pelo seguinte n\u00famero de meses: 3 anos ap\u00f3s o aluno parar de estudar na ALPS<\/p><\/details><details class=\"cmplz-dropdown dropdown-privacy-statement\"><summary><div><h3>1.5 Pagamentos<\/h3><\/div><\/summary><p class=\"cmplz-subtitle\">As seguintes categorias de dados s\u00e3o recolhidas<\/p><p><ul><li>Um nome e um apelido<\/li><li>Um endere\u00e7o de e-mail<\/li><li>Uma casa ou outro endere\u00e7o f\u00edsico, incluindo nome de rua e nome da cidade<\/li><li>Endere\u00e7o IP<\/li><\/ul><\/p><p class=\"cmplz-subtitle\">Per\u00edodo de reten\u00e7\u00e3o<\/p><p>Retemos esses dados at\u00e9 que o servi\u00e7o seja encerrado.<\/p><\/details><h2>2. Compartilhamento com outras partes<\/h2><p>N\u00f3s apenas compartilhamos ou divulgamos esses dados a outros destinat\u00e1rios para os seguintes prop\u00f3sitos:<\/p><p><b>Finalidade da transfer\u00eancia de dados:<\/b>&nbsp;Plugin de construtor de p\u00e1ginas para WordPress<br \/>\n             <b>Pa\u00eds ou estado em que este provedor de servi\u00e7os est\u00e1 localizado:<\/b>&nbsp;Israel \/ Holanda<br \/><b>Finalidade da transfer\u00eancia de dados:<\/b>&nbsp;Recursos avan\u00e7ados de design de sites<br \/>\n             <b>Pa\u00eds ou estado em que este provedor de servi\u00e7os est\u00e1 localizado:<\/b>&nbsp;Israel \/ Holanda<br \/><b>Finalidade da transfer\u00eancia de dados:<\/b>&nbsp;Adiciona campos de conte\u00fado personalizados ao WordPress<br \/>\n             <b>Pa\u00eds ou estado em que este provedor de servi\u00e7os est\u00e1 localizado:<\/b>&nbsp;Austr\u00e1lia \/ EUA<br \/><b>Finalidade da transfer\u00eancia de dados:<\/b>&nbsp;Plugin de otimiza\u00e7\u00e3o de desempenho e cache<br \/>\n             <b>Pa\u00eds ou estado em que este provedor de servi\u00e7os est\u00e1 localizado:<\/b>&nbsp;Fran\u00e7a<br \/><b>Finalidade da transfer\u00eancia de dados:<\/b>&nbsp;Construtor de formul\u00e1rios para WordPress<br \/>\n             <b>Pa\u00eds ou estado em que este provedor de servi\u00e7os est\u00e1 localizado:<\/b>&nbsp;EUA<br \/><b>Finalidade da transfer\u00eancia de dados:<\/b>&nbsp;desenvolvimento de sites<br \/>\n             <b>Pa\u00eds ou estado em que este provedor de servi\u00e7os est\u00e1 localizado:<\/b>&nbsp;EUA<br \/><b>Finalidade da transfer\u00eancia de dados:<\/b>&nbsp;servi\u00e7os de rede de distribui\u00e7\u00e3o de conte\u00fado<br \/>\n             <b>Pa\u00eds ou estado em que este provedor de servi\u00e7os est\u00e1 localizado:<\/b>&nbsp;N\u00d3S<br \/><\/p><p><b>Finalidade da transfer\u00eancia de dados:<\/b>&nbsp;Prote\u00e7\u00e3o contra spam (detec\u00e7\u00e3o de bots)<br \/>\n             <b>Pa\u00eds ou estado em que este terceiro est\u00e1 localizado:<\/b>&nbsp;EUA<br \/><b>Finalidade da transfer\u00eancia de dados:<\/b>&nbsp;Exibi\u00e7\u00e3o de localiza\u00e7\u00e3o e incorpora\u00e7\u00e3o de mapa<br \/>\n             <b>Pa\u00eds ou estado em que este terceiro est\u00e1 localizado:<\/b>&nbsp;EUA<br \/><b>Finalidade da transfer\u00eancia de dados:<\/b>&nbsp;Incorpora\u00e7\u00e3o e reprodu\u00e7\u00e3o de v\u00eddeo<br \/>\n             <b>Pa\u00eds ou estado em que este terceiro est\u00e1 localizado:<\/b>&nbsp;EUA<br \/><b>Finalidade da transfer\u00eancia de dados:<\/b>&nbsp;Pagamentos online<br \/>\n             <b>Pa\u00eds ou estado em que este terceiro est\u00e1 localizado:<\/b>&nbsp;EUA<br \/><b>Finalidade da transfer\u00eancia de dados:<\/b>&nbsp;Conte\u00fado incorporado, compartilhamento social<br \/>\n             <b>Pa\u00eds ou estado em que este terceiro est\u00e1 localizado:<\/b>&nbsp;EUA<br \/><b>Finalidade da transfer\u00eancia de dados:<\/b>&nbsp;Processador de pagamento online<br \/>\n             <b>Pa\u00eds ou estado em que este terceiro est\u00e1 localizado:<\/b>&nbsp;EUA<br \/><\/p><h2>3. Pr\u00e1ticas de divulga\u00e7\u00e3o<\/h2><p><p>Divulgamos informa\u00e7\u00f5es pessoais se formos obrigados por lei ou por ordem judicial, em resposta a uma ag\u00eancia de aplica\u00e7\u00e3o da lei, na medida permitida por outras disposi\u00e7\u00f5es da lei, para fornecer informa\u00e7\u00f5es ou para uma investiga\u00e7\u00e3o sobre um assunto relacionado \u00e0 seguran\u00e7a p\u00fablica.<\/p><p>Se o nosso site ou organiza\u00e7\u00e3o para aquisi\u00e7\u00e3o, venda ou estiver envolvido numa fus\u00e3o ou aquisi\u00e7\u00e3o, seus dados poder\u00e3o ser divulgados aos nossos consultores e a quaisquer potenciais compradores e ser\u00e3o repassados \u200b\u200b\u200b\u200baos novos propriet\u00e1rios.<\/p><\/p><h2>4. Como respondemos aos sinais de N\u00e3o Rastrear e ao Controle Global de Privacidade <\/h2><p>Nosso site n\u00e3o responde e n\u00e3o suporta o campo de solicita\u00e7\u00e3o de cabe\u00e7alho N\u00e3o Rastrear (DNT).<\/p><h2>5. Biscoitos<\/h2><p>Nosso site utiliza cookies. Para obter mais informa\u00e7\u00f5es sobre cookies, consulte nossa Pol\u00edtica de Cookies em nosso site. <a href=\"https:\/\/alps.edu\/pt\/opt-out-preferences\/\">Prefer\u00eancias de exclus\u00e3o<\/a> p\u00e1gina da Internet.&nbsp;<\/p><p>Conclu\u00edmos um acordo de processamento de dados com o Google.<\/p><p>O Google n\u00e3o pode usar os dados para nenhum outro servi\u00e7o do Google.<\/p><p>A inclus\u00e3o de endere\u00e7os IP completos \u00e9 bloqueada por n\u00f3s.<\/p><h2>6. Seguran\u00e7a<\/h2><p>Estamos comprometidos com a seguran\u00e7a dos dados pessoais. Adotamos medidas de seguran\u00e7a adequadas para limitar o abuso e o acesso n\u00e3o autorizado aos dados pessoais. Isso garante que apenas as pessoas necess\u00e1rias tenham acesso aos seus dados, que o acesso aos dados seja protegido e que nossas medidas de seguran\u00e7a sejam revisadas regularmente.<\/p><h2>7. Sites de terceiros<\/h2><p>Esta declara\u00e7\u00e3o de privacidade n\u00e3o se aplica a sites de terceiros conectados por links em nosso site. N\u00e3o podemos garantir que esses terceiros tratem seus dados pessoais de forma confi\u00e1vel ou segura. Recomendamos que voc\u00ea leia as declara\u00e7\u00f5es de privacidade desses sites antes de utiliz\u00e1-los.<\/p><h2>8. Altera\u00e7\u00f5es a esta declara\u00e7\u00e3o de privacidade<\/h2><p>Reservamo-nos o direito de fazer altera\u00e7\u00f5es a esta declara\u00e7\u00e3o de privacidade. Recomendamos que voc\u00ea consulte esta declara\u00e7\u00e3o de privacidade regularmente para se manter informado sobre quaisquer altera\u00e7\u00f5es. Al\u00e9m disso, informaremos voc\u00ea ativamente sempre que poss\u00edvel.<\/p><h2>9. Acessando e modificando seus dados<\/h2><p>Caso tenha alguma d\u00favida ou queira saber quais dados pessoais temos sobre voc\u00ea, entre em contato conosco. Certifique-se de sempre informar claramente quem voc\u00ea \u00e9, para que possamos ter certeza de que n\u00e3o modificaremos ou excluiremos dados da pessoa errada. Forneceremos as informa\u00e7\u00f5es solicitadas somente ap\u00f3s o recebimento de uma solicita\u00e7\u00e3o verific\u00e1vel do consumidor. Voc\u00ea pode entrar em contato conosco usando as informa\u00e7\u00f5es abaixo. Voc\u00ea tem os seguintes direitos:<\/p><p class=\"cmplz-subtitle\">9.1 Voc\u00ea tem os seguintes direitos em rela\u00e7\u00e3o aos seus dados pessoais<\/p><ol class=\"alphabetic\">\n                        <li>Voc\u00ea pode enviar uma solicita\u00e7\u00e3o de acesso aos dados que processamos sobre voc\u00ea.<\/li>\n                        <li>Voc\u00ea pode se opor ao processamento.<\/li>\n                        <li>Voc\u00ea pode solicitar uma vis\u00e3o geral, em um formato comumente usado, dos dados que processamos sobre voc\u00ea.<\/li>\n                        <li>Voc\u00ea pode solicitar a corre\u00e7\u00e3o ou exclus\u00e3o dos dados se eles estiverem incorretos ou n\u00e3o forem mais relevantes, ou solicitar a restri\u00e7\u00e3o do processamento dos dados.<\/li>\n                        <li>Voc\u00ea pode apelar da nossa decis\u00e3o sempre que nos recusarmos a tomar provid\u00eancias sobre uma solicita\u00e7\u00e3o e enviar uma reclama\u00e7\u00e3o \u00e0 autoridade competente se o seu recurso for negado.<\/li>\n                      <\/ol><h2>10. Crian\u00e7as<\/h2><p>Nosso site n\u00e3o foi criado para atrair crian\u00e7as e n\u00e3o temos a inten\u00e7\u00e3o de coletar dados pessoais de crian\u00e7as menores de idade em seu pa\u00eds de resid\u00eancia. Portanto, solicitamos que crian\u00e7as menores de idade n\u00e3o nos enviem dados pessoais.<\/p><h2>11. Detalhes de contato<\/h2><p>Servi\u00e7os de educa\u00e7\u00e3o ALPS Inc.<br \/>\n        430 Broadway E<br \/>\nSeattle, WA 98102<br \/>\n        Estados Unidos<br \/>\n        Site: <a href=\"https:\/\/alps.edu\/pt\">https:\/\/alps.edu\/pt<\/a> <br \/>\n        O email: <span class=\"cmplz-obfuscate\">info@<span class=\"cmplz-fmail-domain\">ex.com<\/span>alps.edu<\/span> <br \/>\n        <br \/>\n        Telefone: +1-206-720-6363<\/p><h2>12. Solicita\u00e7\u00f5es de dados<\/h2><p>Para os pedidos mais frequentes, oferecemos-lhe tamb\u00e9m a possibilidade de utilizar o nosso formul\u00e1rio de pedido de dados<br \/>\t\t\t<div class=\"cmplz-datarequest cmplz-alert\">\n\t\t\t\t<span class=\"cmplz-close\">\u00d7<\/span>\n\t\t\t\t<span id=\"cmplz-message\"><\/span>\n\t\t\t<\/div>\n\t\t\t<form id=\"cmplz-datarequest-form\" action=\"\">\n\t\t\t\t<input type=\"hidden\" required value=\"us\" name=\"cmplz_datarequest_region\" id=\"cmplz_datarequest_region\">\n\n\t\t\t\t<label for=\"cmplz_datarequest_firstname\" class=\"cmplz-first-name\">Nome\t\t\t\t\t<input type=\"search\" class=\"datarequest-firstname\" value=\"\" placeholder=\"seu primeiro nome\" id=\"cmplz_datarequest_firstname\" name=\"cmplz_datarequest_firstname\">\n\t\t\t\t<\/label>\n\t\t\t\t<div>\n\t\t\t\t\t<label for=\"cmplz_datarequest_name\">Nome<\/label>\n\t\t\t\t\t<input type=\"text\" required value=\"\" placeholder=\"O seu nome\" id=\"cmplz_datarequest_name\" name=\"cmplz_datarequest_name\">\n\t\t\t\t<\/div>\n\t\t\t\t<div>\n\t\t\t\t\t<label for=\"cmplz_datarequest_email\">E-mail<\/label>\n\t\t\t\t\t<input type=\"email\" required value=\"\" placeholder=\"email@email.com\" id=\"cmplz_datarequest_email\" name=\"cmplz_datarequest_email\">\n\t\t\t\t<\/div>\n\t\t\t\t\t\t\t\t\t\t<div class=\"cmplz_datarequest cmplz_datarequest_request_for_access\">\n\t\t\t\t\t\t\t<label for=\"cmplz_datarequest_request_for_access\">\n\t\t\t\t\t\t\t\t<input type=\"checkbox\" value=\"1\" name=\"cmplz_datarequest_request_for_access\" id=\"cmplz_datarequest_request_for_access\" \/>\n\t\t\t\t\t\t\t\tEnvie um pedido de acesso aos dados que processamos sobre si.\t\t\t\t\t\t\t<\/label>\n\t\t\t\t\t\t<\/div>\n\t\t\t\t\t\t\t\t\t\t<div class=\"cmplz_datarequest cmplz_datarequest_right_to_be_forgotten\">\n\t\t\t\t\t\t\t<label for=\"cmplz_datarequest_right_to_be_forgotten\">\n\t\t\t\t\t\t\t\t<input type=\"checkbox\" value=\"1\" name=\"cmplz_datarequest_right_to_be_forgotten\" id=\"cmplz_datarequest_right_to_be_forgotten\" \/>\n\t\t\t\t\t\t\t\tEnvie um pedido de exclus\u00e3o dos dados se j\u00e1 n\u00e3o for relevante.\t\t\t\t\t\t\t<\/label>\n\t\t\t\t\t\t<\/div>\n\t\t\t\t\t\t\t\t\t\t<div class=\"cmplz_datarequest cmplz_datarequest_right_to_data_portability\">\n\t\t\t\t\t\t\t<label for=\"cmplz_datarequest_right_to_data_portability\">\n\t\t\t\t\t\t\t\t<input type=\"checkbox\" value=\"1\" name=\"cmplz_datarequest_right_to_data_portability\" id=\"cmplz_datarequest_right_to_data_portability\" \/>\n\t\t\t\t\t\t\t\tEnvie um pedido para receber um arquivo de exporta\u00e7\u00e3o dos dados que processamos sobre si.\t\t\t\t\t\t\t<\/label>\n\t\t\t\t\t\t<\/div>\n\t\t\t\t\t\t\t\t<input type=\"button\" id=\"cmplz-datarequest-submit\" value=\"Enviar\">\n\t\t\t<input type=\"hidden\" name=\"trp-form-language\" value=\"pt\"\/><\/form>\n\n\t\t\t<style>\n\t\t\t\t\/* first-name is honeypot *\/\n\t\t\t\t.cmplz-first-name {\n\t\t\t\t\tposition: absolute !important;\n\t\t\t\t\tleft: -5000px !important;\n\t\t\t\t}\n\t\t\t<\/style>\n\t\t\t<\/p><\/div>","protected":false},"excerpt":{"rendered":"","protected":false},"author":2,"featured_media":0,"parent":0,"menu_order":0,"comment_status":"closed","ping_status":"closed","template":"","meta":{"_acf_changed":false,"footnotes":""},"class_list":["post-3268","page","type-page","status-publish","hentry"],"acf":[],"yoast_head":"<!-- This site is optimized with the Yoast SEO plugin v27.1.1 - https:\/\/yoast.com\/product\/yoast-seo-wordpress\/ -->\n<title>Privacy Statement (US) - ALPS Language School<\/title>\n<meta name=\"robots\" content=\"index, follow, max-snippet:-1, max-image-preview:large, max-video-preview:-1\" \/>\n<link rel=\"canonical\" href=\"https:\/\/alps.edu\/pt\/declaracao-de-privacidade-dos-eua\/\" \/>\n<meta property=\"og:locale\" content=\"pt_BR\" \/>\n<meta property=\"og:type\" content=\"article\" \/>\n<meta property=\"og:title\" content=\"Privacy Statement (US) - ALPS Language School\" \/>\n<meta property=\"og:url\" content=\"https:\/\/alps.edu\/pt\/declaracao-de-privacidade-dos-eua\/\" \/>\n<meta property=\"og:site_name\" content=\"ALPS Language School\" \/>\n<meta property=\"article:publisher\" content=\"https:\/\/www.facebook.com\/ALPS.Language.School\/\" \/>\n<meta name=\"twitter:card\" content=\"summary_large_image\" \/>\n<meta name=\"twitter:site\" content=\"@ALPS_School\" \/>\n<script type=\"application\/ld+json\" class=\"yoast-schema-graph\">{\"@context\":\"https:\/\/schema.org\",\"@graph\":[{\"@type\":\"WebPage\",\"@id\":\"https:\/\/alps.edu\/privacy-statement-us\/\",\"url\":\"https:\/\/alps.edu\/privacy-statement-us\/\",\"name\":\"Privacy Statement (US) - ALPS Language School\",\"isPartOf\":{\"@id\":\"https:\/\/alps.edu\/#website\"},\"datePublished\":\"2025-08-21T23:41:03+00:00\",\"breadcrumb\":{\"@id\":\"https:\/\/alps.edu\/privacy-statement-us\/#breadcrumb\"},\"inLanguage\":\"pt-BR\",\"potentialAction\":[{\"@type\":\"ReadAction\",\"target\":[\"https:\/\/alps.edu\/privacy-statement-us\/\"]}]},{\"@type\":\"BreadcrumbList\",\"@id\":\"https:\/\/alps.edu\/privacy-statement-us\/#breadcrumb\",\"itemListElement\":[{\"@type\":\"ListItem\",\"position\":1,\"name\":\"Home\",\"item\":\"https:\/\/alps.edu\/\"},{\"@type\":\"ListItem\",\"position\":2,\"name\":\"Privacy Statement (US)\"}]},{\"@type\":\"WebSite\",\"@id\":\"https:\/\/alps.edu\/#website\",\"url\":\"https:\/\/alps.edu\/\",\"name\":\"ALPS Language School\",\"description\":\"Seattle English Classes for Adults\",\"publisher\":{\"@id\":\"https:\/\/alps.edu\/#organization\"},\"potentialAction\":[{\"@type\":\"SearchAction\",\"target\":{\"@type\":\"EntryPoint\",\"urlTemplate\":\"https:\/\/alps.edu\/?s={search_term_string}\"},\"query-input\":{\"@type\":\"PropertyValueSpecification\",\"valueRequired\":true,\"valueName\":\"search_term_string\"}}],\"inLanguage\":\"pt-BR\"},{\"@type\":\"Organization\",\"@id\":\"https:\/\/alps.edu\/#organization\",\"name\":\"ALPS Language School\",\"url\":\"https:\/\/alps.edu\/\",\"logo\":{\"@type\":\"ImageObject\",\"inLanguage\":\"pt-BR\",\"@id\":\"https:\/\/alps.edu\/#\/schema\/logo\/image\/\",\"url\":\"https:\/\/alps.edu\/wp-content\/uploads\/2020\/04\/alps-logo.png\",\"contentUrl\":\"https:\/\/alps.edu\/wp-content\/uploads\/2020\/04\/alps-logo.png\",\"width\":256,\"height\":181,\"caption\":\"ALPS Language School\"},\"image\":{\"@id\":\"https:\/\/alps.edu\/#\/schema\/logo\/image\/\"},\"sameAs\":[\"https:\/\/www.facebook.com\/ALPS.Language.School\/\",\"https:\/\/x.com\/ALPS_School\",\"https:\/\/www.linkedin.com\/school\/alps-language-school\/\"]}]}<\/script>\n<!-- \/ Yoast SEO plugin. -->","yoast_head_json":{"title":"Declara\u00e7\u00e3o de Privacidade (EUA) - Escola de Idiomas ALPS","robots":{"index":"index","follow":"follow","max-snippet":"max-snippet:-1","max-image-preview":"max-image-preview:large","max-video-preview":"max-video-preview:-1"},"canonical":"https:\/\/alps.edu\/pt\/declaracao-de-privacidade-dos-eua\/","og_locale":"pt_BR","og_type":"article","og_title":"Privacy Statement (US) - ALPS Language School","og_url":"https:\/\/alps.edu\/pt\/declaracao-de-privacidade-dos-eua\/","og_site_name":"ALPS Language School","article_publisher":"https:\/\/www.facebook.com\/ALPS.Language.School\/","twitter_card":"summary_large_image","twitter_site":"@ALPS_School","schema":{"@context":"https:\/\/schema.org","@graph":[{"@type":"WebPage","@id":"https:\/\/alps.edu\/privacy-statement-us\/","url":"https:\/\/alps.edu\/privacy-statement-us\/","name":"Declara\u00e7\u00e3o de Privacidade (EUA) - Escola de Idiomas ALPS","isPartOf":{"@id":"https:\/\/alps.edu\/#website"},"datePublished":"2025-08-21T23:41:03+00:00","breadcrumb":{"@id":"https:\/\/alps.edu\/privacy-statement-us\/#breadcrumb"},"inLanguage":"pt-BR","potentialAction":[{"@type":"ReadAction","target":["https:\/\/alps.edu\/privacy-statement-us\/"]}]},{"@type":"BreadcrumbList","@id":"https:\/\/alps.edu\/privacy-statement-us\/#breadcrumb","itemListElement":[{"@type":"ListItem","position":1,"name":"Home","item":"https:\/\/alps.edu\/"},{"@type":"ListItem","position":2,"name":"Privacy Statement (US)"}]},{"@type":"WebSite","@id":"https:\/\/alps.edu\/#website","url":"https:\/\/alps.edu\/","name":"ALPS Language School","description":"Aulas de ingl\u00eas em Seattle para adultos","publisher":{"@id":"https:\/\/alps.edu\/#organization"},"potentialAction":[{"@type":"SearchAction","target":{"@type":"EntryPoint","urlTemplate":"https:\/\/alps.edu\/?s={search_term_string}"},"query-input":{"@type":"PropertyValueSpecification","valueRequired":true,"valueName":"search_term_string"}}],"inLanguage":"pt-BR"},{"@type":"Organization","@id":"https:\/\/alps.edu\/#organization","name":"ALPS Language School","url":"https:\/\/alps.edu\/","logo":{"@type":"ImageObject","inLanguage":"pt-BR","@id":"https:\/\/alps.edu\/#\/schema\/logo\/image\/","url":"https:\/\/alps.edu\/wp-content\/uploads\/2020\/04\/alps-logo.png","contentUrl":"https:\/\/alps.edu\/wp-content\/uploads\/2020\/04\/alps-logo.png","width":256,"height":181,"caption":"ALPS Language School"},"image":{"@id":"https:\/\/alps.edu\/#\/schema\/logo\/image\/"},"sameAs":["https:\/\/www.facebook.com\/ALPS.Language.School\/","https:\/\/x.com\/ALPS_School","https:\/\/www.linkedin.com\/school\/alps-language-school\/"]}]}},"_links":{"self":[{"href":"https:\/\/alps.edu\/pt\/wp-json\/wp\/v2\/pages\/3268","targetHints":{"allow":["GET"]}}],"collection":[{"href":"https:\/\/alps.edu\/pt\/wp-json\/wp\/v2\/pages"}],"about":[{"href":"https:\/\/alps.edu\/pt\/wp-json\/wp\/v2\/types\/page"}],"author":[{"embeddable":true,"href":"https:\/\/alps.edu\/pt\/wp-json\/wp\/v2\/users\/2"}],"replies":[{"embeddable":true,"href":"https:\/\/alps.edu\/pt\/wp-json\/wp\/v2\/comments?post=3268"}],"version-history":[{"count":0,"href":"https:\/\/alps.edu\/pt\/wp-json\/wp\/v2\/pages\/3268\/revisions"}],"wp:attachment":[{"href":"https:\/\/alps.edu\/pt\/wp-json\/wp\/v2\/media?parent=3268"}],"curies":[{"name":"wp","href":"https:\/\/api.w.org\/{rel}","templated":true}]}}