{"id":1387,"date":"2020-09-18T12:28:57","date_gmt":"2020-09-18T19:28:57","guid":{"rendered":"https:\/\/alps.edu\/?page_id=1387"},"modified":"2026-03-23T15:20:22","modified_gmt":"2026-03-23T22:20:22","slug":"tesekkur-ederim-aktarma","status":"publish","type":"page","link":"https:\/\/alps.edu\/tr\/thank-you-transfer\/","title":{"rendered":"Te\u015fekk\u00fcrler \u2013 Transfer Ba\u015fvurusu"},"content":{"rendered":"<div data-elementor-type=\"wp-page\" data-elementor-id=\"1387\" class=\"elementor elementor-1387\" data-elementor-post-type=\"page\">\n\t\t\t\t\t\t<section data-particle_enable=\"false\" data-particle-mobile-disabled=\"false\" class=\"elementor-section elementor-top-section elementor-element elementor-element-e2745fc elementor-section-boxed elementor-section-height-default elementor-section-height-default\" data-id=\"e2745fc\" data-element_type=\"section\" data-e-type=\"section\">\n\t\t\t\t\t\t<div class=\"elementor-container elementor-column-gap-default\">\n\t\t\t\t\t<div class=\"elementor-column elementor-col-100 elementor-top-column elementor-element elementor-element-35e1ec5\" data-id=\"35e1ec5\" data-element_type=\"column\" data-e-type=\"column\">\n\t\t\t<div class=\"elementor-widget-wrap elementor-element-populated\">\n\t\t\t\t\t\t<div data-dce-title-color=\"#000000\" class=\"elementor-element elementor-element-423a7dbf elementor-widget elementor-widget-heading\" data-id=\"423a7dbf\" data-element_type=\"widget\" data-e-type=\"widget\" data-widget_type=\"heading.default\">\n\t\t\t\t<div class=\"elementor-widget-container\">\n\t\t\t\t\t<h2 class=\"elementor-heading-title elementor-size-default\">Ba\u015fvurunuz i\u00e7in te\u015fekk\u00fcr ederiz!<\/h2>\t\t\t\t<\/div>\n\t\t\t\t<\/div>\n\t\t\t\t<div class=\"elementor-element elementor-element-7a6345d3 elementor-widget elementor-widget-text-editor\" data-id=\"7a6345d3\" data-element_type=\"widget\" data-e-type=\"widget\" data-widget_type=\"text-editor.default\">\n\t\t\t\t<div class=\"elementor-widget-container\">\n\t\t\t\t\t\t\t\t\t<p><strong>ALPS kabul personeli 1-2 i\u015f g\u00fcn\u00fc i\u00e7inde sizinle ileti\u015fime ge\u00e7ecektir.<\/strong><\/p><p><span style=\"text-decoration: underline;\"><strong>Sonraki ad\u0131mlar:<\/strong><\/span><\/p><p>L\u00fctfen iade edilmeyen ba\u015fvuru \u00fccretini ($150) \u00f6deyin. Kredi veya banka kart\u0131yla \u00e7evrimi\u00e7i \u00f6deme yapabilir veya Zelle \u00f6deme uygulamas\u0131yla \u00f6deme yapabilirsiniz (ABD&#039;de yayg\u0131n olarak kullan\u0131lan bir \u00f6deme uygulamas\u0131 - daha fazla bilgi i\u00e7in) <a href=\"https:\/\/enroll.zellepay.com\/\" target=\"_blank\" rel=\"noopener\">buraya<\/a>).<\/p><form action=\"https:\/\/www.paypal.com\/cgi-bin\/webscr\" method=\"post\" target=\"_top\"><input name=\"cmd\" type=\"hidden\" value=\"_s-xclick\" \/><\/form>\t\t\t\t\t\t\t\t<\/div>\n\t\t\t\t<\/div>\n\t\t\t\t<section data-particle_enable=\"false\" data-particle-mobile-disabled=\"false\" class=\"elementor-section elementor-inner-section elementor-element elementor-element-f53f72c elementor-section-boxed elementor-section-height-default elementor-section-height-default\" data-id=\"f53f72c\" data-element_type=\"section\" data-e-type=\"section\">\n\t\t\t\t\t\t<div class=\"elementor-container elementor-column-gap-default\">\n\t\t\t\t\t<div class=\"elementor-column elementor-col-50 elementor-inner-column elementor-element elementor-element-8a8b835\" data-id=\"8a8b835\" data-element_type=\"column\" data-e-type=\"column\">\n\t\t\t<div class=\"elementor-widget-wrap elementor-element-populated\">\n\t\t\t\t\t\t<div class=\"elementor-element elementor-element-70dc8dd elementor-widget elementor-widget-heading\" data-id=\"70dc8dd\" data-element_type=\"widget\" data-e-type=\"widget\" data-widget_type=\"heading.default\">\n\t\t\t\t<div class=\"elementor-widget-container\">\n\t\t\t\t\t<h2 class=\"elementor-heading-title elementor-size-default\">Kredi\/Banka Kart\u0131yla Online \u00d6deme<\/h2>\t\t\t\t<\/div>\n\t\t\t\t<\/div>\n\t\t\t\t<div class=\"elementor-element elementor-element-9da1087 elementor-align-center elementor-widget elementor-widget-button\" data-id=\"9da1087\" data-element_type=\"widget\" data-e-type=\"widget\" data-widget_type=\"button.default\">\n\t\t\t\t<div class=\"elementor-widget-container\">\n\t\t\t\t\t\t\t\t\t<div class=\"elementor-button-wrapper\">\n\t\t\t\t\t<a class=\"elementor-button elementor-button-link elementor-size-xl\" href=\"https:\/\/paynow.cardx.com\/alpslanguage?amount=150\" target=\"_blank\">\n\t\t\t\t\t\t<span class=\"elementor-button-content-wrapper\">\n\t\t\t\t\t\t\t\t\t<span class=\"elementor-button-text\">$150&#039;yi Buradan \u00d6deyin<\/span>\n\t\t\t\t\t<\/span>\n\t\t\t\t\t<\/a>\n\t\t\t\t<\/div>\n\t\t\t\t\t\t\t\t<\/div>\n\t\t\t\t<\/div>\n\t\t\t\t<div class=\"elementor-element elementor-element-54a0179 elementor-widget elementor-widget-spacer\" data-id=\"54a0179\" data-element_type=\"widget\" data-e-type=\"widget\" data-widget_type=\"spacer.default\">\n\t\t\t\t<div class=\"elementor-widget-container\">\n\t\t\t\t\t\t\t<div class=\"elementor-spacer\">\n\t\t\t<div class=\"elementor-spacer-inner\"><\/div>\n\t\t<\/div>\n\t\t\t\t\t\t<\/div>\n\t\t\t\t<\/div>\n\t\t\t\t\t<\/div>\n\t\t<\/div>\n\t\t\t\t<div class=\"elementor-column elementor-col-50 elementor-inner-column elementor-element elementor-element-874aee3\" data-id=\"874aee3\" data-element_type=\"column\" data-e-type=\"column\">\n\t\t\t<div class=\"elementor-widget-wrap elementor-element-populated\">\n\t\t\t\t\t\t<div class=\"elementor-element elementor-element-4ae7e72 elementor-widget elementor-widget-heading\" data-id=\"4ae7e72\" data-element_type=\"widget\" data-e-type=\"widget\" data-widget_type=\"heading.default\">\n\t\t\t\t<div class=\"elementor-widget-container\">\n\t\t\t\t\t<h2 class=\"elementor-heading-title elementor-size-default\">Zelle ile \u00d6de<\/h2>\t\t\t\t<\/div>\n\t\t\t\t<\/div>\n\t\t\t\t<div class=\"elementor-element elementor-element-4e21867 elementor-widget elementor-widget-text-editor\" data-id=\"4e21867\" data-element_type=\"widget\" data-e-type=\"widget\" data-widget_type=\"text-editor.default\">\n\t\t\t\t<div class=\"elementor-widget-container\">\n\t\t\t\t\t\t\t\t\t<p>ALPS&#039;in Zelle etiketi:\u00a0<strong>Alpler-Seattle<\/strong><\/p>\t\t\t\t\t\t\t\t<\/div>\n\t\t\t\t<\/div>\n\t\t\t\t<div class=\"elementor-element elementor-element-3045513 elementor-widget elementor-widget-spacer\" data-id=\"3045513\" data-element_type=\"widget\" data-e-type=\"widget\" data-widget_type=\"spacer.default\">\n\t\t\t\t<div class=\"elementor-widget-container\">\n\t\t\t\t\t\t\t<div class=\"elementor-spacer\">\n\t\t\t<div class=\"elementor-spacer-inner\"><\/div>\n\t\t<\/div>\n\t\t\t\t\t\t<\/div>\n\t\t\t\t<\/div>\n\t\t\t\t\t<\/div>\n\t\t<\/div>\n\t\t\t\t\t<\/div>\n\t\t<\/section>\n\t\t\t\t<div class=\"elementor-element elementor-element-6f2d4ca elementor-widget elementor-widget-heading\" data-id=\"6f2d4ca\" data-element_type=\"widget\" data-e-type=\"widget\" data-widget_type=\"heading.default\">\n\t\t\t\t<div class=\"elementor-widget-container\">\n\t\t\t\t\t<h2 class=\"elementor-heading-title elementor-size-default\">Belgeleri G\u00f6nder<\/h2>\t\t\t\t<\/div>\n\t\t\t\t<\/div>\n\t\t\t\t<div class=\"elementor-element elementor-element-9d36935 elementor-widget elementor-widget-text-editor\" data-id=\"9d36935\" data-element_type=\"widget\" data-e-type=\"widget\" data-widget_type=\"text-editor.default\">\n\t\t\t\t<div class=\"elementor-widget-container\">\n\t\t\t\t\t\t\t\t\t<p>L\u00fctfen a\u015fa\u011f\u0131daki belgeleri de e-postayla \u015fu adrese g\u00f6nderin: <a href=\"mailto:info@alps.edu\">info@alps.edu<\/a>:<\/p><p><strong>1. Pasaportunuzun foto\u011frafl\u0131 sayfas\u0131n\u0131n, F-1 vizenizin kopyalar\u0131 ve <a href=\"https:\/\/i94.cbp.dhs.gov\/I94\/#\/home\" target=\"_blank\" rel=\"noopener\">en son I-94<\/a><\/strong><\/p><p style=\"padding-left: 40px;\">Bakmakla y\u00fck\u00fcml\u00fc oldu\u011funuz F-2 ki\u015fisi varsa, l\u00fctfen onlar\u0131n vesikal\u0131k foto\u011fraf sayfalar\u0131n\u0131n, F-2 vizelerinin ve en son I-94&#039;lerinin kopyalar\u0131n\u0131 da g\u00f6nderin.<\/p><p><strong>2. Mali belge<\/strong><\/p><ul><li>Bu, bankadan al\u0131nm\u0131\u015f, \u00fczerinde bankan\u0131n ad\u0131n\u0131n yaz\u0131l\u0131 oldu\u011fu, bir banka yetkilisi taraf\u0131ndan imzalanm\u0131\u015f, \u00f6\u011frenim ve ge\u00e7im masraflar\u0131n\u0131z i\u00e7in yeterli para oldu\u011funu g\u00f6steren resmi bir yaz\u0131 olmal\u0131d\u0131r. Veya ABD&#039;deki bir bankan\u0131n banka ekstresi olabilir.<\/li><li>Mali belgeniz en az bir bakiye g\u00f6stermelidir <strong>\u00c7al\u0131\u015fmay\u0131 planlad\u0131\u011f\u0131n\u0131z 4 haftal\u0131k oturum ba\u015f\u0131na $2800 USD (veya d\u00f6viz cinsinden kar\u015f\u0131l\u0131\u011f\u0131).<\/strong> \u00d6rne\u011fin 12 hafta e\u011fitim almay\u0131 planl\u0131yorsan\u0131z en az $8400 tutar\u0131nda bakiye g\u00f6stermeniz gerekmektedir.<\/li><li>Finansal belge, ki\u015fisel banka hesab\u0131n\u0131z veya ailenizin \/ sponsorunuzun hesab\u0131 i\u00e7in olabilir.<\/li><li>Mali belgenizdeki tarih 6 aydan daha az olmal\u0131d\u0131r.<\/li><li>Bakmakla y\u00fck\u00fcml\u00fc oldu\u011funuz herhangi bir F-2 hastan\u0131z varsa, mali belgeniz, \u00e7al\u0131\u015fmay\u0131 planlad\u0131\u011f\u0131n\u0131z 4 haftal\u0131k oturum ba\u015f\u0131na F-2 ba\u011f\u0131ml\u0131s\u0131 ba\u015f\u0131na ek $500 g\u00f6stermelidir.<\/li><\/ul><p><strong>3. Mali Sorumluluk Beyan\u0131 (yaln\u0131zca sponsorlu \u00f6\u011frenciler i\u00e7in)<\/strong><\/p><p style=\"padding-left: 40px;\">Mali belgenizdeki hesap sahibinin soyad\u0131 sizden farkl\u0131ysa, l\u00fctfen hesap sahibinin bir belgeyi doldurup imzalamas\u0131n\u0131 sa\u011flay\u0131n. <a href=\"https:\/\/alps.edu\/wp-content\/uploads\/2021\/03\/Financial-Responsibility-Statement.pdf\">Mali Sorumluluk Beyan\u0131.<\/a> Siz ve sponsorunuz ayn\u0131 soyad\u0131na sahipseniz bu formu doldurman\u0131za gerek yoktur.<\/p><p>L\u00fctfen ileti\u015fime ge\u00e7in <a href=\"mailto:info@alps.edu\">info@alps.edu<\/a> Ba\u015fvurunuzla ilgili herhangi bir sorunuz varsa. Bizimle \u00e7al\u0131\u015fman\u0131z\u0131 sab\u0131rs\u0131zl\u0131kla bekliyoruz!<\/p>\t\t\t\t\t\t\t\t<\/div>\n\t\t\t\t<\/div>\n\t\t\t\t\t<\/div>\n\t\t<\/div>\n\t\t\t\t\t<\/div>\n\t\t<\/section>\n\t\t\t\t<\/div>","protected":false},"excerpt":{"rendered":"<p>Thank you for your application! ALPS admissions staff will contact you within 1-2 business days. Next steps: Please pay the non-refundable application fee ($150). You can pay online with a credit or debit card, or you can pay with the payment app Zelle (a commonly used payment app in the US &#8211; more info here). [&hellip;]<\/p>\n","protected":false},"author":2,"featured_media":0,"parent":0,"menu_order":0,"comment_status":"closed","ping_status":"closed","template":"","meta":{"_acf_changed":false,"footnotes":""},"class_list":["post-1387","page","type-page","status-publish","hentry"],"acf":[],"yoast_head":"<!-- This site is optimized with the Yoast SEO plugin v27.1.1 - https:\/\/yoast.com\/product\/yoast-seo-wordpress\/ -->\n<title>Thank You - Transfer Application - ALPS Language School<\/title>\n<meta name=\"robots\" content=\"index, follow, max-snippet:-1, max-image-preview:large, max-video-preview:-1\" \/>\n<link rel=\"canonical\" href=\"https:\/\/alps.edu\/tr\/tesekkur-ederim-aktarma\/\" \/>\n<meta property=\"og:locale\" content=\"tr_TR\" \/>\n<meta property=\"og:type\" content=\"article\" \/>\n<meta property=\"og:title\" content=\"Thank You - Transfer Application - ALPS Language School\" \/>\n<meta property=\"og:description\" content=\"Thank you for your application! ALPS admissions staff will contact you within 1-2 business days. Next steps: Please pay the non-refundable application fee ($150). You can pay online with a credit or debit card, or you can pay with the payment app Zelle (a commonly used payment app in the US &#8211; more info here). [&hellip;]\" \/>\n<meta property=\"og:url\" content=\"https:\/\/alps.edu\/tr\/tesekkur-ederim-aktarma\/\" \/>\n<meta property=\"og:site_name\" content=\"ALPS Language School\" \/>\n<meta property=\"article:publisher\" content=\"https:\/\/www.facebook.com\/ALPS.Language.School\/\" \/>\n<meta property=\"article:modified_time\" content=\"2026-03-23T22:20:22+00:00\" \/>\n<meta name=\"twitter:card\" content=\"summary_large_image\" \/>\n<meta name=\"twitter:site\" content=\"@ALPS_School\" \/>\n<meta name=\"twitter:label1\" content=\"Tahmini okuma s\u00fcresi\" \/>\n\t<meta name=\"twitter:data1\" content=\"2 dakika\" \/>\n<script type=\"application\/ld+json\" class=\"yoast-schema-graph\">{\"@context\":\"https:\/\/schema.org\",\"@graph\":[{\"@type\":\"WebPage\",\"@id\":\"https:\/\/alps.edu\/thank-you-transfer\/\",\"url\":\"https:\/\/alps.edu\/thank-you-transfer\/\",\"name\":\"Thank You - Transfer Application - ALPS Language School\",\"isPartOf\":{\"@id\":\"https:\/\/alps.edu\/#website\"},\"datePublished\":\"2020-09-18T19:28:57+00:00\",\"dateModified\":\"2026-03-23T22:20:22+00:00\",\"breadcrumb\":{\"@id\":\"https:\/\/alps.edu\/thank-you-transfer\/#breadcrumb\"},\"inLanguage\":\"tr\",\"potentialAction\":[{\"@type\":\"ReadAction\",\"target\":[\"https:\/\/alps.edu\/thank-you-transfer\/\"]}]},{\"@type\":\"BreadcrumbList\",\"@id\":\"https:\/\/alps.edu\/thank-you-transfer\/#breadcrumb\",\"itemListElement\":[{\"@type\":\"ListItem\",\"position\":1,\"name\":\"Home\",\"item\":\"https:\/\/alps.edu\/\"},{\"@type\":\"ListItem\",\"position\":2,\"name\":\"Thank You &#8211; Transfer Application\"}]},{\"@type\":\"WebSite\",\"@id\":\"https:\/\/alps.edu\/#website\",\"url\":\"https:\/\/alps.edu\/\",\"name\":\"ALPS Language School\",\"description\":\"Seattle English Classes for Adults\",\"publisher\":{\"@id\":\"https:\/\/alps.edu\/#organization\"},\"potentialAction\":[{\"@type\":\"SearchAction\",\"target\":{\"@type\":\"EntryPoint\",\"urlTemplate\":\"https:\/\/alps.edu\/?s={search_term_string}\"},\"query-input\":{\"@type\":\"PropertyValueSpecification\",\"valueRequired\":true,\"valueName\":\"search_term_string\"}}],\"inLanguage\":\"tr\"},{\"@type\":\"Organization\",\"@id\":\"https:\/\/alps.edu\/#organization\",\"name\":\"ALPS Language School\",\"url\":\"https:\/\/alps.edu\/\",\"logo\":{\"@type\":\"ImageObject\",\"inLanguage\":\"tr\",\"@id\":\"https:\/\/alps.edu\/#\/schema\/logo\/image\/\",\"url\":\"https:\/\/alps.edu\/wp-content\/uploads\/2020\/04\/alps-logo.png\",\"contentUrl\":\"https:\/\/alps.edu\/wp-content\/uploads\/2020\/04\/alps-logo.png\",\"width\":256,\"height\":181,\"caption\":\"ALPS Language School\"},\"image\":{\"@id\":\"https:\/\/alps.edu\/#\/schema\/logo\/image\/\"},\"sameAs\":[\"https:\/\/www.facebook.com\/ALPS.Language.School\/\",\"https:\/\/x.com\/ALPS_School\",\"https:\/\/www.linkedin.com\/school\/alps-language-school\/\"]}]}<\/script>\n<!-- \/ Yoast SEO plugin. -->","yoast_head_json":{"title":"Te\u015fekk\u00fcr Ederiz - Transfer Ba\u015fvurusu - ALPS Dil Okulu","robots":{"index":"index","follow":"follow","max-snippet":"max-snippet:-1","max-image-preview":"max-image-preview:large","max-video-preview":"max-video-preview:-1"},"canonical":"https:\/\/alps.edu\/tr\/tesekkur-ederim-aktarma\/","og_locale":"tr_TR","og_type":"article","og_title":"Thank You - Transfer Application - ALPS Language School","og_description":"Thank you for your application! ALPS admissions staff will contact you within 1-2 business days. Next steps: Please pay the non-refundable application fee ($150). You can pay online with a credit or debit card, or you can pay with the payment app Zelle (a commonly used payment app in the US &#8211; more info here). [&hellip;]","og_url":"https:\/\/alps.edu\/tr\/tesekkur-ederim-aktarma\/","og_site_name":"ALPS Language School","article_publisher":"https:\/\/www.facebook.com\/ALPS.Language.School\/","article_modified_time":"2026-03-23T22:20:22+00:00","twitter_card":"summary_large_image","twitter_site":"@ALPS_School","twitter_misc":{"Tahmini okuma s\u00fcresi":"2 dakika"},"schema":{"@context":"https:\/\/schema.org","@graph":[{"@type":"WebPage","@id":"https:\/\/alps.edu\/thank-you-transfer\/","url":"https:\/\/alps.edu\/thank-you-transfer\/","name":"Te\u015fekk\u00fcr Ederiz - Transfer Ba\u015fvurusu - ALPS Dil Okulu","isPartOf":{"@id":"https:\/\/alps.edu\/#website"},"datePublished":"2020-09-18T19:28:57+00:00","dateModified":"2026-03-23T22:20:22+00:00","breadcrumb":{"@id":"https:\/\/alps.edu\/thank-you-transfer\/#breadcrumb"},"inLanguage":"tr","potentialAction":[{"@type":"ReadAction","target":["https:\/\/alps.edu\/thank-you-transfer\/"]}]},{"@type":"BreadcrumbList","@id":"https:\/\/alps.edu\/thank-you-transfer\/#breadcrumb","itemListElement":[{"@type":"ListItem","position":1,"name":"Home","item":"https:\/\/alps.edu\/"},{"@type":"ListItem","position":2,"name":"Thank You &#8211; Transfer Application"}]},{"@type":"WebSite","@id":"https:\/\/alps.edu\/#website","url":"https:\/\/alps.edu\/","name":"ALPS Dil Okulu","description":"Yeti\u015fkinler i\u00e7in Seattle \u0130ngilizce S\u0131n\u0131flar\u0131","publisher":{"@id":"https:\/\/alps.edu\/#organization"},"potentialAction":[{"@type":"SearchAction","target":{"@type":"EntryPoint","urlTemplate":"https:\/\/alps.edu\/?s={search_term_string}"},"query-input":{"@type":"PropertyValueSpecification","valueRequired":true,"valueName":"search_term_string"}}],"inLanguage":"tr"},{"@type":"Organization","@id":"https:\/\/alps.edu\/#organization","name":"ALPS Dil Okulu","url":"https:\/\/alps.edu\/","logo":{"@type":"ImageObject","inLanguage":"tr","@id":"https:\/\/alps.edu\/#\/schema\/logo\/image\/","url":"https:\/\/alps.edu\/wp-content\/uploads\/2020\/04\/alps-logo.png","contentUrl":"https:\/\/alps.edu\/wp-content\/uploads\/2020\/04\/alps-logo.png","width":256,"height":181,"caption":"ALPS Language School"},"image":{"@id":"https:\/\/alps.edu\/#\/schema\/logo\/image\/"},"sameAs":["https:\/\/www.facebook.com\/ALPS.Language.School\/","https:\/\/x.com\/ALPS_School","https:\/\/www.linkedin.com\/school\/alps-language-school\/"]}]}},"_links":{"self":[{"href":"https:\/\/alps.edu\/tr\/wp-json\/wp\/v2\/pages\/1387","targetHints":{"allow":["GET"]}}],"collection":[{"href":"https:\/\/alps.edu\/tr\/wp-json\/wp\/v2\/pages"}],"about":[{"href":"https:\/\/alps.edu\/tr\/wp-json\/wp\/v2\/types\/page"}],"author":[{"embeddable":true,"href":"https:\/\/alps.edu\/tr\/wp-json\/wp\/v2\/users\/2"}],"replies":[{"embeddable":true,"href":"https:\/\/alps.edu\/tr\/wp-json\/wp\/v2\/comments?post=1387"}],"version-history":[{"count":33,"href":"https:\/\/alps.edu\/tr\/wp-json\/wp\/v2\/pages\/1387\/revisions"}],"predecessor-version":[{"id":3794,"href":"https:\/\/alps.edu\/tr\/wp-json\/wp\/v2\/pages\/1387\/revisions\/3794"}],"wp:attachment":[{"href":"https:\/\/alps.edu\/tr\/wp-json\/wp\/v2\/media?parent=1387"}],"curies":[{"name":"wp","href":"https:\/\/api.w.org\/{rel}","templated":true}]}}