{"id":1492,"date":"2021-02-10T15:45:58","date_gmt":"2021-02-10T23:45:58","guid":{"rendered":"https:\/\/alps.edu\/?page_id=1492"},"modified":"2021-02-10T15:45:58","modified_gmt":"2021-02-10T23:45:58","slug":"qr","status":"publish","type":"page","link":"https:\/\/alps.edu\/tr\/qr\/","title":{"rendered":"ALPS&#039;de \u0130ngilizcenizi Geli\u015ftirin"},"content":{"rendered":"<div data-elementor-type=\"wp-page\" data-elementor-id=\"1492\" class=\"elementor elementor-1492\" data-elementor-post-type=\"page\">\n\t\t\t\t\t\t<section data-particle_enable=\"false\" data-particle-mobile-disabled=\"false\" class=\"elementor-section elementor-top-section elementor-element elementor-element-61e48a3 elementor-section-boxed elementor-section-height-default elementor-section-height-default\" data-id=\"61e48a3\" data-element_type=\"section\" data-e-type=\"section\">\n\t\t\t\t\t\t<div class=\"elementor-container elementor-column-gap-default\">\n\t\t\t\t\t<div class=\"elementor-column elementor-col-50 elementor-top-column elementor-element elementor-element-904a38e\" data-id=\"904a38e\" data-element_type=\"column\" data-e-type=\"column\">\n\t\t\t<div class=\"elementor-widget-wrap elementor-element-populated\">\n\t\t\t\t\t\t<div class=\"elementor-element elementor-element-a67e164 elementor-align-center elementor-widget elementor-widget-button\" data-id=\"a67e164\" data-element_type=\"widget\" data-e-type=\"widget\" data-widget_type=\"button.default\">\n\t\t\t\t<div class=\"elementor-widget-container\">\n\t\t\t\t\t\t\t\t\t<div class=\"elementor-button-wrapper\">\n\t\t\t\t\t<a class=\"elementor-button elementor-button-link elementor-size-xl\" href=\"tel:12067206363\">\n\t\t\t\t\t\t<span class=\"elementor-button-content-wrapper\">\n\t\t\t\t\t\t\t\t\t<span class=\"elementor-button-text\">Daha Fazla Bilgi \u0130\u00e7in Bug\u00fcn Bizi Aray\u0131n!<\/span>\n\t\t\t\t\t<\/span>\n\t\t\t\t\t<\/a>\n\t\t\t\t<\/div>\n\t\t\t\t\t\t\t\t<\/div>\n\t\t\t\t<\/div>\n\t\t\t\t<div class=\"elementor-element elementor-element-24315e0 elementor-widget elementor-widget-text-editor\" data-id=\"24315e0\" data-element_type=\"widget\" data-e-type=\"widget\" data-widget_type=\"text-editor.default\">\n\t\t\t\t<div class=\"elementor-widget-container\">\n\t\t\t\t\t\t\t\t\t<p style=\"text-align: center;\">\u015eahsen veya \u00c7evrimi\u00e7i \u00c7al\u0131\u015fma<\/p><p style=\"text-align: center;\">K\u00fc\u00e7\u00fck Grup S\u0131n\u0131flar\u0131 (3-8 \u00d6\u011frenci)<\/p><p style=\"text-align: center;\">ABD&#039;de G\u00fcnl\u00fck Ya\u015fam \u0130\u00e7in Dilbilgisi ve Kelime \u00d6\u011frenin<\/p><p style=\"text-align: center;\">Arkada\u015f canl\u0131s\u0131, misafirperver bir atmosfer<\/p>\t\t\t\t\t\t\t\t<\/div>\n\t\t\t\t<\/div>\n\t\t\t\t<div class=\"elementor-element elementor-element-9d6b3b4 elementor-widget elementor-widget-spacer\" data-id=\"9d6b3b4\" data-element_type=\"widget\" data-e-type=\"widget\" data-widget_type=\"spacer.default\">\n\t\t\t\t<div class=\"elementor-widget-container\">\n\t\t\t\t\t\t\t<div class=\"elementor-spacer\">\n\t\t\t<div class=\"elementor-spacer-inner\"><\/div>\n\t\t<\/div>\n\t\t\t\t\t\t<\/div>\n\t\t\t\t<\/div>\n\t\t\t\t<div class=\"elementor-element elementor-element-947e6e6 elementor-cta--skin-classic elementor-animated-content elementor-bg-transform elementor-bg-transform-zoom-in elementor-widget elementor-widget-call-to-action\" data-id=\"947e6e6\" data-element_type=\"widget\" data-e-type=\"widget\" data-widget_type=\"call-to-action.default\">\n\t\t\t\t<div class=\"elementor-widget-container\">\n\t\t\t\t\t\t\t<a class=\"elementor-cta\" href=\"https:\/\/alps.edu\/tr\/dersler\/\" target=\"_blank\">\n\t\t\t\t\t<div class=\"elementor-cta__bg-wrapper\">\n\t\t\t\t<div class=\"elementor-cta__bg elementor-bg\" style=\"background-image: url(https:\/\/alps.edu\/wp-content\/uploads\/2020\/07\/Group-1-768x606.jpg);\" role=\"img\" aria-label=\"ALPS \u00f6\u011frenci aktivite grubu, Seattle yak\u0131nlar\u0131ndaki Rainier Da\u011f\u0131&#039;nda \u00f6\u011fretmenle birlikte\"><\/div>\n\t\t\t\t<div class=\"elementor-cta__bg-overlay\"><\/div>\n\t\t\t<\/div>\n\t\t\t\t\t\t\t<div class=\"elementor-cta__content\">\n\t\t\t\t\n\t\t\t\t\t\t\t\t\t<h2 class=\"elementor-cta__title elementor-cta__content-item elementor-content-item\">\n\t\t\t\t\t\tKurslar\u0131m\u0131z\t\t\t\t\t<\/h2>\n\t\t\t\t\n\t\t\t\t\t\t\t\t\t<div class=\"elementor-cta__description elementor-cta__content-item elementor-content-item\">\n\t\t\t\t\t\t\u0130ngilizce hedeflerinize ula\u015fmak i\u00e7in esnek kurs se\u00e7eneklerimiz hakk\u0131nda daha fazla bilgi edinin.\t\t\t\t\t<\/div>\n\t\t\t\t\n\t\t\t\t\t\t\t\t\t<div class=\"elementor-cta__button-wrapper elementor-cta__content-item elementor-content-item\">\n\t\t\t\t\t<span class=\"elementor-cta__button elementor-button elementor-size-\">\n\t\t\t\t\t\tBuraya t\u0131klay\u0131n\t\t\t\t\t<\/span>\n\t\t\t\t\t<\/div>\n\t\t\t\t\t\t\t<\/div>\n\t\t\t\t\t\t<\/a>\n\t\t\t\t\t\t<\/div>\n\t\t\t\t<\/div>\n\t\t\t\t<div class=\"elementor-element elementor-element-b4e06fb elementor-widget elementor-widget-spacer\" data-id=\"b4e06fb\" data-element_type=\"widget\" data-e-type=\"widget\" data-widget_type=\"spacer.default\">\n\t\t\t\t<div class=\"elementor-widget-container\">\n\t\t\t\t\t\t\t<div class=\"elementor-spacer\">\n\t\t\t<div class=\"elementor-spacer-inner\"><\/div>\n\t\t<\/div>\n\t\t\t\t\t\t<\/div>\n\t\t\t\t<\/div>\n\t\t\t\t\t<\/div>\n\t\t<\/div>\n\t\t\t\t<div class=\"elementor-column elementor-col-50 elementor-top-column elementor-element elementor-element-6259165\" data-id=\"6259165\" data-element_type=\"column\" data-e-type=\"column\">\n\t\t\t<div class=\"elementor-widget-wrap elementor-element-populated\">\n\t\t\t\t\t\t<div class=\"elementor-element elementor-element-7a8c06e elementor-widget elementor-widget-google_maps\" data-id=\"7a8c06e\" data-element_type=\"widget\" data-e-type=\"widget\" data-widget_type=\"google_maps.default\">\n\t\t\t\t<div class=\"elementor-widget-container\">\n\t\t\t\t\t\t\t<div class=\"elementor-custom-embed\">\n\t\t\t<iframe loading=\"lazy\"\n\t\t\t\t\tsrc=\"https:\/\/maps.google.com\/maps?q=alps%20language%20school%20430%20Broadway%20E%2C%20Seattle%2C%20WA%2098102&#038;t=m&#038;z=10&#038;output=embed&#038;iwloc=near\"\n\t\t\t\t\ttitle=\"alps dil okulu 430 Broadway E, Seattle, WA 98102\"\n\t\t\t\t\taria-label=\"alps dil okulu 430 Broadway E, Seattle, WA 98102\"\n\t\t\t><\/iframe>\n\t\t<\/div>\n\t\t\t\t\t\t<\/div>\n\t\t\t\t<\/div>\n\t\t\t\t\t<\/div>\n\t\t<\/div>\n\t\t\t\t\t<\/div>\n\t\t<\/section>\n\t\t\t\t<section data-particle_enable=\"false\" data-particle-mobile-disabled=\"false\" class=\"elementor-section elementor-top-section elementor-element elementor-element-bed8fa2 elementor-section-boxed elementor-section-height-default elementor-section-height-default\" data-id=\"bed8fa2\" data-element_type=\"section\" data-e-type=\"section\">\n\t\t\t\t\t\t<div class=\"elementor-container elementor-column-gap-default\">\n\t\t\t\t\t<div class=\"elementor-column elementor-col-100 elementor-top-column elementor-element elementor-element-1d47d2a\" data-id=\"1d47d2a\" data-element_type=\"column\" data-e-type=\"column\">\n\t\t\t<div class=\"elementor-widget-wrap\">\n\t\t\t\t\t\t\t<\/div>\n\t\t<\/div>\n\t\t\t\t\t<\/div>\n\t\t<\/section>\n\t\t\t\t<section data-particle_enable=\"false\" data-particle-mobile-disabled=\"false\" class=\"elementor-section elementor-top-section elementor-element elementor-element-ccb0408 elementor-section-boxed elementor-section-height-default elementor-section-height-default\" data-id=\"ccb0408\" data-element_type=\"section\" data-e-type=\"section\">\n\t\t\t\t\t\t<div class=\"elementor-container elementor-column-gap-default\">\n\t\t\t\t\t<div class=\"elementor-column elementor-col-100 elementor-top-column elementor-element elementor-element-f710492\" data-id=\"f710492\" data-element_type=\"column\" data-e-type=\"column\">\n\t\t\t<div class=\"elementor-widget-wrap\">\n\t\t\t\t\t\t\t<\/div>\n\t\t<\/div>\n\t\t\t\t\t<\/div>\n\t\t<\/section>\n\t\t\t\t<\/div>","protected":false},"excerpt":{"rendered":"<p>Daha Fazla Bilgi \u0130\u00e7in Bizi Bug\u00fcn Aray\u0131n! Y\u00fcz y\u00fcze veya \u00c7evrimi\u00e7i K\u00fc\u00e7\u00fck Grup Dersleri (3-8 \u00d6\u011frenci) ABD&#039;de G\u00fcnl\u00fck Ya\u015fam \u0130\u00e7in Dilbilgisi ve Kelime Bilgisi \u00d6\u011frenin Dost\u00e7a, Davetkar Atmosfer Kurslar\u0131m\u0131z \u0130ngilizce hedeflerinize ula\u015fmak i\u00e7in esnek kurs se\u00e7eneklerimiz hakk\u0131nda daha fazla bilgi edinin. Buraya t\u0131klay\u0131n<\/p>","protected":false},"author":2,"featured_media":844,"parent":0,"menu_order":0,"comment_status":"closed","ping_status":"closed","template":"","meta":{"_acf_changed":false,"footnotes":""},"class_list":["post-1492","page","type-page","status-publish","has-post-thumbnail","hentry"],"acf":[],"yoast_head":"<!-- This site is optimized with the Yoast SEO plugin v27.1.1 - https:\/\/yoast.com\/product\/yoast-seo-wordpress\/ -->\n<title>Improve Your English at ALPS - ALPS Language School<\/title>\n<meta name=\"description\" content=\"Improve your English in small group classes (3-8 students) at ALPS Language School in Seattle! Study in person or online.\" \/>\n<meta name=\"robots\" content=\"index, follow, max-snippet:-1, max-image-preview:large, max-video-preview:-1\" \/>\n<link rel=\"canonical\" href=\"https:\/\/alps.edu\/tr\/qr\/\" \/>\n<meta property=\"og:locale\" content=\"tr_TR\" \/>\n<meta property=\"og:type\" content=\"article\" \/>\n<meta property=\"og:title\" content=\"Improve Your English at ALPS - ALPS Language School\" \/>\n<meta property=\"og:description\" content=\"Improve your English in small group classes (3-8 students) at ALPS Language School in Seattle! Study in person or online.\" \/>\n<meta property=\"og:url\" content=\"https:\/\/alps.edu\/tr\/qr\/\" \/>\n<meta property=\"og:site_name\" content=\"ALPS Language School\" \/>\n<meta property=\"article:publisher\" content=\"https:\/\/www.facebook.com\/ALPS.Language.School\/\" \/>\n<meta property=\"og:image\" content=\"https:\/\/alps.edu\/wp-content\/uploads\/2020\/07\/Home-AND-Contact-scaled-e1594793791165.jpg\" \/>\n\t<meta property=\"og:image:width\" content=\"1600\" \/>\n\t<meta property=\"og:image:height\" content=\"1066\" \/>\n\t<meta property=\"og:image:type\" content=\"image\/jpeg\" \/>\n<meta name=\"twitter:card\" content=\"summary_large_image\" \/>\n<meta name=\"twitter:site\" content=\"@ALPS_School\" \/>\n<meta name=\"twitter:label1\" content=\"Tahmini okuma s\u00fcresi\" \/>\n\t<meta name=\"twitter:data1\" content=\"1 dakika\" \/>\n<script type=\"application\/ld+json\" class=\"yoast-schema-graph\">{\"@context\":\"https:\/\/schema.org\",\"@graph\":[{\"@type\":\"WebPage\",\"@id\":\"https:\/\/alps.edu\/qr\/\",\"url\":\"https:\/\/alps.edu\/qr\/\",\"name\":\"Improve Your English at ALPS - ALPS Language School\",\"isPartOf\":{\"@id\":\"https:\/\/alps.edu\/#website\"},\"primaryImageOfPage\":{\"@id\":\"https:\/\/alps.edu\/qr\/#primaryimage\"},\"image\":{\"@id\":\"https:\/\/alps.edu\/qr\/#primaryimage\"},\"thumbnailUrl\":\"https:\/\/alps.edu\/wp-content\/uploads\/2020\/07\/Home-AND-Contact-scaled-e1594793791165.jpg\",\"datePublished\":\"2021-02-10T23:45:58+00:00\",\"description\":\"Improve your English in small group classes (3-8 students) at ALPS Language School in Seattle! Study in person or online.\",\"breadcrumb\":{\"@id\":\"https:\/\/alps.edu\/qr\/#breadcrumb\"},\"inLanguage\":\"tr\",\"potentialAction\":[{\"@type\":\"ReadAction\",\"target\":[\"https:\/\/alps.edu\/qr\/\"]}]},{\"@type\":\"ImageObject\",\"inLanguage\":\"tr\",\"@id\":\"https:\/\/alps.edu\/qr\/#primaryimage\",\"url\":\"https:\/\/alps.edu\/wp-content\/uploads\/2020\/07\/Home-AND-Contact-scaled-e1594793791165.jpg\",\"contentUrl\":\"https:\/\/alps.edu\/wp-content\/uploads\/2020\/07\/Home-AND-Contact-scaled-e1594793791165.jpg\",\"width\":1600,\"height\":1066},{\"@type\":\"BreadcrumbList\",\"@id\":\"https:\/\/alps.edu\/qr\/#breadcrumb\",\"itemListElement\":[{\"@type\":\"ListItem\",\"position\":1,\"name\":\"Home\",\"item\":\"https:\/\/alps.edu\/\"},{\"@type\":\"ListItem\",\"position\":2,\"name\":\"Improve Your English at ALPS\"}]},{\"@type\":\"WebSite\",\"@id\":\"https:\/\/alps.edu\/#website\",\"url\":\"https:\/\/alps.edu\/\",\"name\":\"ALPS Language School\",\"description\":\"Seattle English Classes for Adults\",\"publisher\":{\"@id\":\"https:\/\/alps.edu\/#organization\"},\"potentialAction\":[{\"@type\":\"SearchAction\",\"target\":{\"@type\":\"EntryPoint\",\"urlTemplate\":\"https:\/\/alps.edu\/?s={search_term_string}\"},\"query-input\":{\"@type\":\"PropertyValueSpecification\",\"valueRequired\":true,\"valueName\":\"search_term_string\"}}],\"inLanguage\":\"tr\"},{\"@type\":\"Organization\",\"@id\":\"https:\/\/alps.edu\/#organization\",\"name\":\"ALPS Language School\",\"url\":\"https:\/\/alps.edu\/\",\"logo\":{\"@type\":\"ImageObject\",\"inLanguage\":\"tr\",\"@id\":\"https:\/\/alps.edu\/#\/schema\/logo\/image\/\",\"url\":\"https:\/\/alps.edu\/wp-content\/uploads\/2020\/04\/alps-logo.png\",\"contentUrl\":\"https:\/\/alps.edu\/wp-content\/uploads\/2020\/04\/alps-logo.png\",\"width\":256,\"height\":181,\"caption\":\"ALPS Language School\"},\"image\":{\"@id\":\"https:\/\/alps.edu\/#\/schema\/logo\/image\/\"},\"sameAs\":[\"https:\/\/www.facebook.com\/ALPS.Language.School\/\",\"https:\/\/x.com\/ALPS_School\",\"https:\/\/www.linkedin.com\/school\/alps-language-school\/\"]}]}<\/script>\n<!-- \/ Yoast SEO plugin. -->","yoast_head_json":{"title":"\u0130ngilizcenizi ALPS&#039;de Geli\u015ftirin - ALPS Dil Okulu","description":"Seattle&#039;daki ALPS Dil Okulunda k\u00fc\u00e7\u00fck grup s\u0131n\u0131flar\u0131nda (3-8 \u00f6\u011frenci) \u0130ngilizcenizi geli\u015ftirin! \u015eahsen veya \u00e7evrimi\u00e7i olarak \u00e7al\u0131\u015f\u0131n.","robots":{"index":"index","follow":"follow","max-snippet":"max-snippet:-1","max-image-preview":"max-image-preview:large","max-video-preview":"max-video-preview:-1"},"canonical":"https:\/\/alps.edu\/tr\/qr\/","og_locale":"tr_TR","og_type":"article","og_title":"Improve Your English at ALPS - ALPS Language School","og_description":"Improve your English in small group classes (3-8 students) at ALPS Language School in Seattle! Study in person or online.","og_url":"https:\/\/alps.edu\/tr\/qr\/","og_site_name":"ALPS Language School","article_publisher":"https:\/\/www.facebook.com\/ALPS.Language.School\/","og_image":[{"width":1600,"height":1066,"url":"https:\/\/alps.edu\/wp-content\/uploads\/2020\/07\/Home-AND-Contact-scaled-e1594793791165.jpg","type":"image\/jpeg"}],"twitter_card":"summary_large_image","twitter_site":"@ALPS_School","twitter_misc":{"Tahmini okuma s\u00fcresi":"1 dakika"},"schema":{"@context":"https:\/\/schema.org","@graph":[{"@type":"WebPage","@id":"https:\/\/alps.edu\/qr\/","url":"https:\/\/alps.edu\/qr\/","name":"\u0130ngilizcenizi ALPS&#039;de Geli\u015ftirin - ALPS Dil Okulu","isPartOf":{"@id":"https:\/\/alps.edu\/#website"},"primaryImageOfPage":{"@id":"https:\/\/alps.edu\/qr\/#primaryimage"},"image":{"@id":"https:\/\/alps.edu\/qr\/#primaryimage"},"thumbnailUrl":"https:\/\/alps.edu\/wp-content\/uploads\/2020\/07\/Home-AND-Contact-scaled-e1594793791165.jpg","datePublished":"2021-02-10T23:45:58+00:00","description":"Seattle&#039;daki ALPS Dil Okulunda k\u00fc\u00e7\u00fck grup s\u0131n\u0131flar\u0131nda (3-8 \u00f6\u011frenci) \u0130ngilizcenizi geli\u015ftirin! \u015eahsen veya \u00e7evrimi\u00e7i olarak \u00e7al\u0131\u015f\u0131n.","breadcrumb":{"@id":"https:\/\/alps.edu\/qr\/#breadcrumb"},"inLanguage":"tr","potentialAction":[{"@type":"ReadAction","target":["https:\/\/alps.edu\/qr\/"]}]},{"@type":"ImageObject","inLanguage":"tr","@id":"https:\/\/alps.edu\/qr\/#primaryimage","url":"https:\/\/alps.edu\/wp-content\/uploads\/2020\/07\/Home-AND-Contact-scaled-e1594793791165.jpg","contentUrl":"https:\/\/alps.edu\/wp-content\/uploads\/2020\/07\/Home-AND-Contact-scaled-e1594793791165.jpg","width":1600,"height":1066},{"@type":"BreadcrumbList","@id":"https:\/\/alps.edu\/qr\/#breadcrumb","itemListElement":[{"@type":"ListItem","position":1,"name":"Home","item":"https:\/\/alps.edu\/"},{"@type":"ListItem","position":2,"name":"Improve Your English at ALPS"}]},{"@type":"WebSite","@id":"https:\/\/alps.edu\/#website","url":"https:\/\/alps.edu\/","name":"ALPS Dil Okulu","description":"Yeti\u015fkinler i\u00e7in Seattle \u0130ngilizce S\u0131n\u0131flar\u0131","publisher":{"@id":"https:\/\/alps.edu\/#organization"},"potentialAction":[{"@type":"SearchAction","target":{"@type":"EntryPoint","urlTemplate":"https:\/\/alps.edu\/?s={search_term_string}"},"query-input":{"@type":"PropertyValueSpecification","valueRequired":true,"valueName":"search_term_string"}}],"inLanguage":"tr"},{"@type":"Organization","@id":"https:\/\/alps.edu\/#organization","name":"ALPS Dil Okulu","url":"https:\/\/alps.edu\/","logo":{"@type":"ImageObject","inLanguage":"tr","@id":"https:\/\/alps.edu\/#\/schema\/logo\/image\/","url":"https:\/\/alps.edu\/wp-content\/uploads\/2020\/04\/alps-logo.png","contentUrl":"https:\/\/alps.edu\/wp-content\/uploads\/2020\/04\/alps-logo.png","width":256,"height":181,"caption":"ALPS Language School"},"image":{"@id":"https:\/\/alps.edu\/#\/schema\/logo\/image\/"},"sameAs":["https:\/\/www.facebook.com\/ALPS.Language.School\/","https:\/\/x.com\/ALPS_School","https:\/\/www.linkedin.com\/school\/alps-language-school\/"]}]}},"_links":{"self":[{"href":"https:\/\/alps.edu\/tr\/wp-json\/wp\/v2\/pages\/1492","targetHints":{"allow":["GET"]}}],"collection":[{"href":"https:\/\/alps.edu\/tr\/wp-json\/wp\/v2\/pages"}],"about":[{"href":"https:\/\/alps.edu\/tr\/wp-json\/wp\/v2\/types\/page"}],"author":[{"embeddable":true,"href":"https:\/\/alps.edu\/tr\/wp-json\/wp\/v2\/users\/2"}],"replies":[{"embeddable":true,"href":"https:\/\/alps.edu\/tr\/wp-json\/wp\/v2\/comments?post=1492"}],"version-history":[{"count":1,"href":"https:\/\/alps.edu\/tr\/wp-json\/wp\/v2\/pages\/1492\/revisions"}],"predecessor-version":[{"id":1493,"href":"https:\/\/alps.edu\/tr\/wp-json\/wp\/v2\/pages\/1492\/revisions\/1493"}],"wp:featuredmedia":[{"embeddable":true,"href":"https:\/\/alps.edu\/tr\/wp-json\/wp\/v2\/media\/844"}],"wp:attachment":[{"href":"https:\/\/alps.edu\/tr\/wp-json\/wp\/v2\/media?parent=1492"}],"curies":[{"name":"wp","href":"https:\/\/api.w.org\/{rel}","templated":true}]}}