{"id":3266,"date":"2025-08-21T16:41:03","date_gmt":"2025-08-21T23:41:03","guid":{"rendered":"https:\/\/alps.edu\/privacy-statement-eu\/"},"modified":"2025-08-21T16:41:03","modified_gmt":"2025-08-21T23:41:03","slug":"ab-gizlilik-bildirimi","status":"publish","type":"page","link":"https:\/\/alps.edu\/tr\/privacy-statement-eu\/","title":{"rendered":"Gizlilik Beyan\u0131 (AB)"},"content":{"rendered":"<!-- Legal document generated by Complianz | GDPR\/CCPA Cookie Consent https:\/\/wordpress.org\/plugins\/complianz-gdpr -->\n<div id=\"cmplz-document\" class=\"cmplz-document privacy-statement cmplz-document-eu\"><p><i>Bu Gizlilik Bildirimi en son 21 A\u011fustos 2025 tarihinde g\u00fcncellendi ve Avrupa Ekonomik Alan kay\u0131tlar\u0131 i\u00e7in ge\u00e7erlidir.<\/i><br \/><br \/><\/p><p><p>Bu gizlilik bildiriminde, yard\u0131mlar\u0131n\u0131zla ilgili elde etti\u011fimiz verilerle <a href=\"https:\/\/alps.edu\/tr\">https:\/\/alps.edu\/tr<\/a> boyunca neler yapt\u0131\u011f\u0131m\u0131z\u0131 a\u00e7\u0131kl\u0131yoruz. Bu paketi dikkatlice okuman\u0131z\u0131 tavsiye ederiz. \u0130\u015flemimizde gizlilik mevzuat\u0131n\u0131n gerekliliklerine uyuyoruz. Bu, di\u011fer \u015feylerin yan\u0131 s\u0131ra, \u015fu anlama gelir:<\/p><ul>\n                <li>Ki\u015fisel verileri ama\u00e7lad\u0131\u011f\u0131m\u0131z \u00f6zellikleri a\u00e7\u0131k\u00e7a belirtiriz. Bunu bu gizlilik bildirimi ile yap\u0131yoruz;<\/li>\n                <li>ki\u015fisel veri koleksiyonumuzu yaln\u0131zca me\u015fru \u015fartlar i\u00e7in gerekli olan ki\u015fisel verilerle s\u0131n\u0131rlamay\u0131 hedefliyoruz;<\/li>\n                <li>\u00f6ncelikle sizin onay\u0131n\u0131z\u0131 i\u00e7eren ki\u015fisel bilgilerinizi i\u015flemek i\u00e7in a\u00e7\u0131k onay\u0131n\u0131z\u0131 isteyin;<\/li>\n                <li>ki\u015fisel bilgileri korumak i\u00e7in uygun g\u00fcvenlik \u00f6nlemleri ve ayr\u0131ca ki\u015fisel verileri bizim ad\u0131m\u0131za kaydeden taraflardan talep ediyoruz;<\/li>\n                <li>Bilgileriniz \u00fczerine ki\u015fisel verilerinizin bilgilerini veya bilgilerini veya silinmesini sa\u011flayarak hakk\u0131n\u0131za sayg\u0131 g\u00f6sterir.<\/li>\n            <\/ul><p>Herhangi bir sorunuz varsa veya sizin i\u00e7in hangi verileri saklad\u0131\u011f\u0131m\u0131z\u0131 tam olarak \u00f6\u011frenmek istiyorsan\u0131z, l\u00fctfen benimle ileti\u015fime ge\u00e7in.<\/p><\/p><h2>1. Ama\u00e7, veri ve saklama s\u00fcresi<\/h2>Ki\u015fisel bilgiler, a\u015fa\u011f\u0131dakileri i\u00e7erebilecek ticari faaliyetlerimizle ba\u011flant\u0131l\u0131 bir dizi ama\u00e7 i\u00e7in toplayabilir veya alabiliriz: (geni\u015fletmek i\u00e7in t\u0131klay\u0131n)<details class=\"cmplz-dropdown dropdown-privacy-statement\"><summary><div><h3>1.1 \u0130leti\u015fim - Telefon, posta, e-posta ve\/veya web formlar\u0131 arac\u0131l\u0131\u011f\u0131yla<\/h3><\/div><\/summary><p class=\"cmplz-subtitle\">Bu ama\u00e7la a\u015fa\u011f\u0131daki veriler sistemleri:<\/p><p><ul><li>Ad\u0131 ve soyad\u0131<\/li><li>Sokak ad\u0131 ve \u015fehir veya kasaba ad\u0131 da dahil olmak \u00fczere bir ev veya di\u011fer fiziksel adres<\/li><li>Bir e-posta adresi<\/li><li>Bir telefon numaras\u0131<\/li><li>IP Adresi<\/li><li>Co\u011frafi konum verileri<\/li><li>Do\u011fum tarihi<\/li><li>Cinsiyet<\/li><li>Bir imza<\/li><li>Tarama ge\u00e7mi\u015fi, arama ge\u00e7mi\u015fi ve bir internet web sitesinin bir \u0130nternet Web sitesi, uygulama veya reklamlarla etkile\u015fimine ili\u015fkin bilgiler dahil ancak g\u00f6r\u00fcnt\u00fcleme s\u0131n\u0131rl\u0131 olmad\u0131\u011f\u0131 halde \u0130nternet etkinlik bilgileri<\/li><\/ul><\/p><p class=\"cmplz-subtitle\">Bu verileri i\u015fleyebilece\u011fimiz temel:<\/p><p class=\"cmplz-subtitle\">Saklama s\u00fcresi<\/p><p>Bu veriler, hizmetin sona ermesi \u00fczerine a\u015fa\u011f\u0131daki ay say\u0131lar\u0131 boyunca saklar\u0131z: \u00d6\u011frenci ALPS&#039;te okumay\u0131 b\u0131rakt\u0131ktan 3 y\u0131l sonra<\/p><\/details><details class=\"cmplz-dropdown dropdown-privacy-statement\"><summary><div><h3>1.2 Web sitesinin g\u00fcncellenmesi i\u00e7in bilgilerin toplanmas\u0131 ve analiz edilmesi.<\/h3><\/div><\/summary><p class=\"cmplz-subtitle\">Bu ama\u00e7la a\u015fa\u011f\u0131daki veriler sistemleri:<\/p><p><ul><li>Co\u011frafi konum verileri<\/li><li>IP Adresi<\/li><li>Tarama ge\u00e7mi\u015fi, arama ge\u00e7mi\u015fi ve bir internet web sitesinin bir \u0130nternet Web sitesi, uygulama veya reklamlarla etkile\u015fimine ili\u015fkin bilgiler dahil ancak g\u00f6r\u00fcnt\u00fcleme s\u0131n\u0131rl\u0131 olmad\u0131\u011f\u0131 halde \u0130nternet etkinlik bilgileri<\/li><\/ul><\/p><p class=\"cmplz-subtitle\">Bu verileri i\u015fleyebilece\u011fimiz temel:<\/p><p class=\"cmplz-subtitle\">Saklama s\u00fcresi<\/p><p>Hizmet sona erene kadar bu verileri saklar\u0131z.<\/p><\/details><details class=\"cmplz-dropdown dropdown-privacy-statement\"><summary><div><h3>1.3 Verileri \u00fc\u00e7\u00fcnc\u00fc bir kez de\u011fi\u015ftirmek veya payla\u015fmak<\/h3><\/div><\/summary><p class=\"cmplz-subtitle\">Bu ama\u00e7la a\u015fa\u011f\u0131daki veriler sistemleri:<\/p><p><ul><li>IP Adresi<\/li><li>Tarama ge\u00e7mi\u015fi, arama ge\u00e7mi\u015fi ve bir internet web sitesinin bir \u0130nternet Web sitesi, uygulama veya reklamlarla etkile\u015fimine ili\u015fkin bilgiler dahil ancak g\u00f6r\u00fcnt\u00fcleme s\u0131n\u0131rl\u0131 olmad\u0131\u011f\u0131 halde \u0130nternet etkinlik bilgileri<\/li><li>Co\u011frafi konum verileri<\/li><\/ul><\/p><p class=\"cmplz-subtitle\">Bu verileri i\u015fleyebilece\u011fimiz temel:<\/p><p class=\"cmplz-subtitle\">Saklama s\u00fcresi<\/p><p>Hizmet sona erene kadar bu verileri saklar\u0131z.<\/p><\/details><details class=\"cmplz-dropdown dropdown-privacy-statement\"><summary><div><h3>1.4 Birle\u015fmek sat\u0131n almak istedi\u011fi veya sat\u0131n alma hizmetleri veya \u00fcr\u00fcnlerini desteklemek<\/h3><\/div><\/summary><p class=\"cmplz-subtitle\">Bu ama\u00e7la a\u015fa\u011f\u0131daki veriler sistemleri:<\/p><p><ul><li>Ad\u0131 ve soyad\u0131<\/li><li>Sokak ad\u0131 ve \u015fehir veya kasaba ad\u0131 da dahil olmak \u00fczere bir ev veya di\u011fer fiziksel adres<\/li><li>Bir e-posta adresi<\/li><li>Bir telefon numaras\u0131<\/li><li>IP Adresi<\/li><li>Do\u011fum tarihi<\/li><li>Cinsiyet<\/li><li>Bir imza<\/li><\/ul><\/p><p class=\"cmplz-subtitle\">Bu verileri i\u015fleyebilece\u011fimiz temel:<\/p><p class=\"cmplz-subtitle\">Saklama s\u00fcresi<\/p><p>Bu veriler, hizmetin sona ermesi \u00fczerine a\u015fa\u011f\u0131daki ay say\u0131lar\u0131 boyunca saklar\u0131z: \u00d6\u011frenci ALPS&#039;te okumay\u0131 b\u0131rakt\u0131ktan 3 y\u0131l sonra<\/p><\/details><details class=\"cmplz-dropdown dropdown-privacy-statement\"><summary><div><h3>1.5 \u00d6demeler<\/h3><\/div><\/summary><p class=\"cmplz-subtitle\">Bu ama\u00e7la a\u015fa\u011f\u0131daki veriler sistemleri:<\/p><p><ul><li>Ad\u0131 ve soyad\u0131<\/li><li>Bir e-posta adresi<\/li><li>Sokak ad\u0131 ve \u015fehir veya kasaba ad\u0131 da dahil olmak \u00fczere bir ev veya di\u011fer fiziksel adres<\/li><li>IP Adresi<\/li><\/ul><\/p><p class=\"cmplz-subtitle\">Bu verileri i\u015fleyebilece\u011fimiz temel:<\/p><p><a target=\"_blank\" rel=\"noopener noreferrer nofollow\" href=\"https:\/\/cookiedatabase.org\/legal-bases\/#consent\">Onay verilmesi \u00fczerine.<\/a><\/p><p class=\"cmplz-subtitle\">Saklama s\u00fcresi<\/p><p>Hizmet sona erene kadar bu verileri saklar\u0131z.<\/p><\/details><h2>2. Di\u011fer z\u0131tl\u0131klarla payla\u015fma<\/h2><p>Bu veriler yaln\u0131zca i\u015fleyicilerle ve onaylanmas\u0131 gereken di\u011fer \u00fc\u00e7\u00fcnc\u00fc \u00fclkelerle payla\u015f\u0131yoruz.<\/p><p class=\"cmplz-subtitle\">\u0130\u015flemciler<\/p><p><b>\u0130sim:<\/b>&nbsp;Elementor<br \/>\n            <b>\u00dclke:<\/b>&nbsp;\u0130srail \/ Hollanda<br \/>\n            <b>Ama\u00e7:<\/b>&nbsp;WordPress i\u00e7in sayfa olu\u015fturucu eklentisi<br \/>\n            <b>\u0130sim:<\/b>&nbsp;Elementor Pro<br \/>\n            <b>\u00dclke:<\/b>&nbsp;\u0130srail \/ Hollanda<br \/>\n            <b>Ama\u00e7:<\/b>&nbsp;Geli\u015fmi\u015f web sitesi tasar\u0131m \u00f6zellikleri<br \/>\n            <b>\u0130sim:<\/b>&nbsp;Geli\u015fmi\u015f \u00d6zel Alanlar<br \/>\n            <b>\u00dclke:<\/b>&nbsp;Avustralya \/ ABD<br \/>\n            <b>Ama\u00e7:<\/b>&nbsp;WordPress&#039;e \u00f6zel i\u00e7erik alanlar\u0131 ekler<br \/>\n            <b>\u0130sim:<\/b>&nbsp;WP Rocket<br \/>\n            <b>\u00dclke:<\/b>&nbsp;Fransa<br \/>\n            <b>Ama\u00e7:<\/b>&nbsp;Performans optimizasyonu ve \u00f6nbelle\u011fe alma eklentisi<br \/>\n            <b>\u0130sim:<\/b>&nbsp;Yer\u00e7ekimi Formlar\u0131<br \/>\n            <b>\u00dclke:<\/b>&nbsp;Amerika Birle\u015fik Devletleri<br \/>\n            <b>Ama\u00e7:<\/b>&nbsp;WordPress i\u00e7in form olu\u015fturucu<br \/>\n            <b>\u0130sim:<\/b>&nbsp;WordPress \/ Otomatik<br \/>\n            <b>\u00dclke:<\/b>&nbsp;Amerika Birle\u015fik Devletleri<br \/>\n            <b>Ama\u00e7:<\/b>&nbsp;web sitesi geli\u015ftirme<br \/>\n            <b>\u0130sim:<\/b>&nbsp;Cloudflare<br \/>\n            <b>\u00dclke:<\/b>&nbsp;B\u0130Z<br \/>\n            <b>Ama\u00e7:<\/b>&nbsp;i\u00e7erik da\u011f\u0131t\u0131m a\u011f\u0131 hizmetleri<br \/>\n            <\/p><p class=\"cmplz-subtitle\">\u00dc\u00e7\u00fcnc\u00fc \u015fah\u0131slar<\/p><p>\n                <b>\u0130sim:<\/b>&nbsp;Google reCAPTCHA<br \/>\n                <b>\u00dclke:<\/b>&nbsp;Amerika Birle\u015fik Devletleri<br \/>\n                <b>Ama\u00e7:<\/b>&nbsp;Spam korumas\u0131 (bot alg\u0131lama)<br \/>\n                <b>Do\u011fru:<\/b>&nbsp;IP, fare davran\u0131\u015f\u0131 ve tarama verilerini g\u00f6nderir. Gizlilik politikas\u0131: https:\/\/policies.google.com\/privacy \u015eartlar: https:\/\/policies.google.com\/terms\n            \n                <b>\u0130sim:<\/b>&nbsp;Google Maps<br \/>\n                <b>\u00dclke:<\/b>&nbsp;Amerika Birle\u015fik Devletleri<br \/>\n                <b>Ama\u00e7:<\/b>&nbsp;Konum g\u00f6r\u00fcnt\u00fcleme ve harita yerle\u015ftirme<br \/>\n                <b>Do\u011fru:<\/b>&nbsp;IP, konum ve etkile\u015fim verilerini g\u00f6nderir. Gizlilik politikas\u0131: https:\/\/policies.google.com\/privacy\n            \n                <b>\u0130sim:<\/b>&nbsp;YouTube<br \/>\n                <b>\u00dclke:<\/b>&nbsp;Amerika Birle\u015fik Devletleri<br \/>\n                <b>Ama\u00e7:<\/b>&nbsp;Video yerle\u015ftirme ve oynatma<br \/>\n                <b>Do\u011fru:<\/b>&nbsp;\u00e7erezleri, IP adresini ve kullan\u0131c\u0131 davran\u0131\u015f\u0131n\u0131 g\u00f6nderir. Gizlilik politikas\u0131: https:\/\/policies.google.com\/privacy\n            \n                <b>\u0130sim:<\/b>&nbsp;Paypal<br \/>\n                <b>\u00dclke:<\/b>&nbsp;Amerika Birle\u015fik Devletleri<br \/>\n                <b>Ama\u00e7:<\/b>&nbsp;\u00c7evrimi\u00e7i \u00f6demeler<br \/>\n                <b>Do\u011fru:<\/b>&nbsp;\u00d6deme, ki\u015fisel ve i\u015flem verilerini toplar. Gizlilik politikas\u0131: https:\/\/www.paypal.com\/us\/legalhub\/paypal\/privacy-full\n            \n                <b>\u0130sim:<\/b>&nbsp;Instagram (Meta)<br \/>\n                <b>\u00dclke:<\/b>&nbsp;Amerika Birle\u015fik Devletleri<br \/>\n                <b>Ama\u00e7:<\/b>&nbsp;G\u00f6m\u00fcl\u00fc i\u00e7erik, sosyal payla\u015f\u0131m<br \/>\n                <b>Do\u011fru:<\/b>&nbsp;IP, \u00e7erez ve kullan\u0131c\u0131 davran\u0131\u015flar\u0131n\u0131 toplar. Gizlilik politikas\u0131 (Meta): https:\/\/privacycenter.instagram.com\/policy\n            \n                <b>\u0130sim:<\/b>&nbsp;\u015eerit<br \/>\n                <b>\u00dclke:<\/b>&nbsp;Amerika Birle\u015fik Devletleri<br \/>\n                <b>Ama\u00e7:<\/b>&nbsp;\u00c7evrimi\u00e7i \u00f6deme i\u015flemcisi<br \/>\n                <b>Do\u011fru:<\/b>&nbsp;\u00d6deme verilerini, ki\u015fisel bilgileri ve cihaz\/taray\u0131c\u0131 bilgilerini toplar. Gizlilik politikas\u0131: https:\/\/stripe.com\/privacy\n            <\/p><h2>3. \u00c7erezler<\/h2><p>Web ortamlar\u0131ndaki \u00e7erezler kullan\u0131lmaktad\u0131r. \u00c7erezler hakk\u0131nda daha fazla bilgi i\u00e7in l\u00fctfen <a href=\"https:\/\/alps.edu\/tr\/cookie-policy-eu\/\">\u00c7erez Politikas\u0131<\/a> sayfam\u0131za bak\u0131n.&nbsp;<\/p><h2>4. Bilgilendirme uygulamalar\u0131<\/h2><p><p>Ki\u015fisel bilgiler, kanunlar veya mahkeme emri, bir kolluk kuvvetine yan\u0131t olarak, bunlar\u0131n di\u011fer muhafaza kapsam\u0131nda izin verildi\u011fi \u00f6l\u00e7\u00fcde, bilgi sa\u011flamak veya kamu g\u00fcvenli\u011fi ile ilgili bir konuda soru\u015fturma yapmak i\u00e7in gerekli olmas\u0131 halinde istenir.<\/p><p>Web sitemiz veya aboneli\u011fimiz sat\u0131n al\u0131n\u0131rsa, sat\u0131l\u0131rsa veya bir birle\u015fme veya sat\u0131n alma i\u015flemine dahil olursa, toplan\u0131r\u0131z dan\u0131\u015fmanlar\u0131m\u0131za ve olas\u0131 al\u0131c\u0131lara if\u015fa edilebilir ve yeni sahiplere aktar\u0131l\u0131r.<\/p><\/p><p>Google ile bir Veri \u0130\u015fleme S\u00f6zle\u015fmesi imzaland\u0131.<\/p><p>Google, verileri ba\u015fka herhangi bir Google hizmeti i\u00e7in kullanamaz.<\/p><p>Tam IP adreslerinin birle\u015ftirilmesinden engellenir.<\/p><h2>5. G\u00fcvenlik<\/h2><p>Ki\u015fisel gizlili\u011fin korunmas\u0131 konusunda kararl\u0131y\u0131z. Ki\u015fisel veri kay\u0131t verilerini da\u011f\u0131tma ve bunlara ili\u015fkin yetki s\u0131n\u0131rlamas\u0131n\u0131 s\u0131n\u0131rlamak i\u00e7in uygun g\u00fcvenlik \u00f6demelerini al\u0131n. Bu, verilere yaln\u0131zca gerekli ki\u015filerin eri\u015febilmesini, eri\u015fimin korunmas\u0131n\u0131 ve g\u00fcvenlik kontrollerimizin d\u00fczenli olarak g\u00f6zden ge\u00e7irilmesini sa\u011flar.<\/p><h2>6. \u00dc\u00e7\u00fcnc\u00fc taraf web siteleri<\/h2><p>Bu gizlilik bildirimi, web sitesindeki ba\u011flant\u0131larla ba\u011flanan \u00fc\u00e7\u00fcnc\u00fc taraf web siteleri i\u00e7in ge\u00e7erli de\u011fildir. Bu \u00fc\u00e7\u00fcnc\u00fc ki\u015filerin ki\u015fisel ayarlar\u0131n\u0131n g\u00fcvenilir veya g\u00fcvenli bir \u015fekilde yap\u0131lmas\u0131n\u0131 garanti edemeyiz. Bu web sitelerini kullanmadan \u00f6nce bu web sitelerinin gizlilik bildirimlerini okuman\u0131z\u0131 tavsiye ederiz.<\/p><h2>7. Bu Gizlilik Bildirimindeki De\u011fi\u015fiklikler<\/h2><p>Bu gizlilik bildiriminde de\u011fi\u015fiklik yapma hakk\u0131m\u0131z sakl\u0131d\u0131r. De\u011fi\u015fikliklerden haberdar olmak i\u00e7in bu Gizlilik bildirimine d\u00fczenli olarak ba\u015fvurman\u0131z \u00f6nerilir. Ayr\u0131ca m\u00fcmk\u00fcn olan her yerde sizi aktif olarak bilgilendirece\u011fiz.<\/p><h2>8. Verilerinize ili\u015fkin ayarlar ve s\u0131cakl\u0131klar\u0131n de\u011fi\u015ftirilmesi<\/h2><p>Herhangi bir sorunuz varsa veya hakk\u0131n\u0131zda hangi ki\u015fisel verilerimizin olup olmad\u0131\u011f\u0131n\u0131 bilmek istiyorsan\u0131z, l\u00fctfen benimle ileti\u015fime ge\u00e7in. A\u015fa\u011f\u0131daki bilgileri kullanarak bizimle ileti\u015fime ge\u00e7ebilirsiniz. Haklara g\u00f6re faydalar:<\/p><ul>\n                <li>Ki\u015fisel verilerinizin neden ihtiya\u00e7 duyuldu\u011fu, ne kadar esnek oldu\u011fu ve ne kadar korunaca\u011f\u0131n\u0131 bilme hakk\u0131 kazand\u0131\u011f\u0131.<\/li>\n                <li>Eri\u015fim hakk\u0131: Bizim taraf\u0131m\u0131zdan korunan ki\u015fisel verilere ait hak haklar\u0131.<\/li>\n                <li>g\u00fcncelleme hakk\u0131: ki\u015fisel ayarlar\u0131n de\u011fi\u015ftirilme zaman\u0131n\u0131n tamamlanmas\u0131, d\u00fczeltilmesi, silinmesi veya engellenmesi hakk\u0131 haklar\u0131.<\/li>\n                <li>Bize bilgilerinizi i\u015fleme izniniz varsa, bu r\u0131zay\u0131 iptal etme ve ki\u015fisel silme silme i\u015flemleri vard\u0131r.<\/li>\n                <li>Verilerinizi da\u011f\u0131tma: t\u00fcm ki\u015fisel bak\u0131mlardan talep etme ve b\u00fct\u00fcn\u00fcyle ba\u015fka bir denetleyiciye da\u011f\u0131t\u0131m hakk\u0131 kazanma.<\/li>\n                <li>\u0130tiraz hakk\u0131: i\u015flemlerin yap\u0131lmas\u0131na itiraz edebilirsiniz. \u0130\u015fleme i\u00e7in hakl\u0131 gerek\u00e7eler olmad\u0131k\u00e7a buna uyuyoruz.<\/li>\n            <\/ul><p>L\u00fctfen kimin varl\u0131\u011f\u0131n\u0131n a\u00e7\u0131k\u00e7a g\u00f6r\u00fcnd\u00fc\u011f\u00fcnden emin olun, bu nedenle yanl\u0131\u015f ki\u015fiyi ay\u0131rmad\u0131\u011f\u0131m\u0131zden veya silmedi\u011fimizden emin olabilirsiniz.<\/p><h2>9. \u015eikayet g\u00f6nderme<\/h2><p>Ki\u015fisel verilerinizin i\u015flenme b\u00f6l\u00fcm\u00fcnden memnun de\u011filseniz (\u015fikayet\u00e7iyseniz), Veri Koruma Kurumu&#039;na \u015fikayette bulunma hakk\u0131 kazan\u0131r.<\/p><h2>10. \u0130leti\u015fim detaylar\u0131<\/h2><p>ALPS E\u011fitim Hizmetleri A.\u015e.<br \/>\n        430 Broadway E<br \/>\nSeattle, WA 98102<br \/>\n        Amerika Birle\u015fik Devletleri<br \/>\n        \u0130nternet Sitesi: <a href=\"https:\/\/alps.edu\/tr\">https:\/\/alps.edu\/tr<\/a> <br \/>\n        E-posta <span class=\"cmplz-obfuscate\">bilgi@<span class=\"cmplz-fmail-domain\">ex.com<\/span>alps.edu<\/span> <br \/>\n        Telefon numaras\u0131: +1-206-720-6363<\/p><h2>11. Veri Talepleri<\/h2><p>En s\u0131k iletilen talepler i\u00e7in boyut veri talep formumuzu kullanma imkan\u0131 da sunuyoruz<br \/>\t\t\t<div class=\"cmplz-datarequest cmplz-alert\">\n\t\t\t\t<span class=\"cmplz-close\">\u00d7<\/span>\n\t\t\t\t<span id=\"cmplz-message\"><\/span>\n\t\t\t<\/div>\n\t\t\t<form id=\"cmplz-datarequest-form\" action=\"\">\n\t\t\t\t<input type=\"hidden\" required value=\"eu\" name=\"cmplz_datarequest_region\" id=\"cmplz_datarequest_region\">\n\n\t\t\t\t<label for=\"cmplz_datarequest_firstname\" class=\"cmplz-first-name\">\u0130sim\t\t\t\t\t<input type=\"search\" class=\"datarequest-firstname\" value=\"\" placeholder=\"ad\u0131n\u0131z\" id=\"cmplz_datarequest_firstname\" name=\"cmplz_datarequest_firstname\">\n\t\t\t\t<\/label>\n\t\t\t\t<div>\n\t\t\t\t\t<label for=\"cmplz_datarequest_name\">\u0130sim<\/label>\n\t\t\t\t\t<input type=\"text\" required value=\"\" placeholder=\"Ad\u0131n\u0131z\" id=\"cmplz_datarequest_name\" name=\"cmplz_datarequest_name\">\n\t\t\t\t<\/div>\n\t\t\t\t<div>\n\t\t\t\t\t<label for=\"cmplz_datarequest_email\">E-posta<\/label>\n\t\t\t\t\t<input type=\"email\" required value=\"\" placeholder=\"email@email.com\" id=\"cmplz_datarequest_email\" name=\"cmplz_datarequest_email\">\n\t\t\t\t<\/div>\n\t\t\t\t\t\t\t\t\t\t<div class=\"cmplz_datarequest cmplz_datarequest_request_for_access\">\n\t\t\t\t\t\t\t<label for=\"cmplz_datarequest_request_for_access\">\n\t\t\t\t\t\t\t\t<input type=\"checkbox\" value=\"1\" name=\"cmplz_datarequest_request_for_access\" id=\"cmplz_datarequest_request_for_access\" \/>\n\t\t\t\t\t\t\t\tHakk\u0131n\u0131zda kullanabilece\u011fimiz eri\u015fim i\u00e7in bir uzatma yap\u0131n.\t\t\t\t\t\t\t<\/label>\n\t\t\t\t\t\t<\/div>\n\t\t\t\t\t\t\t\t\t\t<div class=\"cmplz_datarequest cmplz_datarequest_right_to_be_forgotten\">\n\t\t\t\t\t\t\t<label for=\"cmplz_datarequest_right_to_be_forgotten\">\n\t\t\t\t\t\t\t\t<input type=\"checkbox\" value=\"1\" name=\"cmplz_datarequest_right_to_be_forgotten\" id=\"cmplz_datarequest_right_to_be_forgotten\" \/>\n\t\t\t\t\t\t\t\tArt\u0131k ilgili kay\u0131tlar\u0131n silinmesi i\u00e7in bir talebin kesilmesi.\t\t\t\t\t\t\t<\/label>\n\t\t\t\t\t\t<\/div>\n\t\t\t\t\t\t\t\t\t\t<div class=\"cmplz_datarequest cmplz_datarequest_right_to_data_portability\">\n\t\t\t\t\t\t\t<label for=\"cmplz_datarequest_right_to_data_portability\">\n\t\t\t\t\t\t\t\t<input type=\"checkbox\" value=\"1\" name=\"cmplz_datarequest_right_to_data_portability\" id=\"cmplz_datarequest_right_to_data_portability\" \/>\n\t\t\t\t\t\t\t\tHakk\u0131n\u0131zda kay\u0131tl\u0131 olmayan bir veri da\u011f\u0131l\u0131m\u0131n\u0131 almak i\u00e7in bir talep kesmek i\u00e7in.\t\t\t\t\t\t\t<\/label>\n\t\t\t\t\t\t<\/div>\n\t\t\t\t\t\t\t\t<input type=\"button\" id=\"cmplz-datarequest-submit\" value=\"G\u00f6nder\">\n\t\t\t<input type=\"hidden\" name=\"trp-form-language\" value=\"tr\"\/><\/form>\n\n\t\t\t<style>\n\t\t\t\t\/* first-name is honeypot *\/\n\t\t\t\t.cmplz-first-name {\n\t\t\t\t\tposition: absolute !important;\n\t\t\t\t\tleft: -5000px !important;\n\t\t\t\t}\n\t\t\t<\/style>\n\t\t\t<\/p><\/div>","protected":false},"excerpt":{"rendered":"","protected":false},"author":2,"featured_media":0,"parent":0,"menu_order":0,"comment_status":"closed","ping_status":"closed","template":"","meta":{"_acf_changed":false,"footnotes":""},"class_list":["post-3266","page","type-page","status-publish","hentry"],"acf":[],"yoast_head":"<!-- This site is optimized with the Yoast SEO plugin v27.1.1 - https:\/\/yoast.com\/product\/yoast-seo-wordpress\/ -->\n<title>Privacy Statement (EU) - ALPS Language School<\/title>\n<meta name=\"robots\" content=\"index, follow, max-snippet:-1, max-image-preview:large, max-video-preview:-1\" \/>\n<link rel=\"canonical\" href=\"https:\/\/alps.edu\/tr\/ab-gizlilik-bildirimi\/\" \/>\n<meta property=\"og:locale\" content=\"tr_TR\" \/>\n<meta property=\"og:type\" content=\"article\" \/>\n<meta property=\"og:title\" content=\"Privacy Statement (EU) - ALPS Language School\" \/>\n<meta property=\"og:url\" content=\"https:\/\/alps.edu\/tr\/ab-gizlilik-bildirimi\/\" \/>\n<meta property=\"og:site_name\" content=\"ALPS Language School\" \/>\n<meta property=\"article:publisher\" content=\"https:\/\/www.facebook.com\/ALPS.Language.School\/\" \/>\n<meta name=\"twitter:card\" content=\"summary_large_image\" \/>\n<meta name=\"twitter:site\" content=\"@ALPS_School\" \/>\n<script type=\"application\/ld+json\" class=\"yoast-schema-graph\">{\"@context\":\"https:\/\/schema.org\",\"@graph\":[{\"@type\":\"WebPage\",\"@id\":\"https:\/\/alps.edu\/privacy-statement-eu\/\",\"url\":\"https:\/\/alps.edu\/privacy-statement-eu\/\",\"name\":\"Privacy Statement (EU) - ALPS Language School\",\"isPartOf\":{\"@id\":\"https:\/\/alps.edu\/#website\"},\"datePublished\":\"2025-08-21T23:41:03+00:00\",\"breadcrumb\":{\"@id\":\"https:\/\/alps.edu\/privacy-statement-eu\/#breadcrumb\"},\"inLanguage\":\"tr\",\"potentialAction\":[{\"@type\":\"ReadAction\",\"target\":[\"https:\/\/alps.edu\/privacy-statement-eu\/\"]}]},{\"@type\":\"BreadcrumbList\",\"@id\":\"https:\/\/alps.edu\/privacy-statement-eu\/#breadcrumb\",\"itemListElement\":[{\"@type\":\"ListItem\",\"position\":1,\"name\":\"Home\",\"item\":\"https:\/\/alps.edu\/\"},{\"@type\":\"ListItem\",\"position\":2,\"name\":\"Privacy Statement (EU)\"}]},{\"@type\":\"WebSite\",\"@id\":\"https:\/\/alps.edu\/#website\",\"url\":\"https:\/\/alps.edu\/\",\"name\":\"ALPS Language School\",\"description\":\"Seattle English Classes for Adults\",\"publisher\":{\"@id\":\"https:\/\/alps.edu\/#organization\"},\"potentialAction\":[{\"@type\":\"SearchAction\",\"target\":{\"@type\":\"EntryPoint\",\"urlTemplate\":\"https:\/\/alps.edu\/?s={search_term_string}\"},\"query-input\":{\"@type\":\"PropertyValueSpecification\",\"valueRequired\":true,\"valueName\":\"search_term_string\"}}],\"inLanguage\":\"tr\"},{\"@type\":\"Organization\",\"@id\":\"https:\/\/alps.edu\/#organization\",\"name\":\"ALPS Language School\",\"url\":\"https:\/\/alps.edu\/\",\"logo\":{\"@type\":\"ImageObject\",\"inLanguage\":\"tr\",\"@id\":\"https:\/\/alps.edu\/#\/schema\/logo\/image\/\",\"url\":\"https:\/\/alps.edu\/wp-content\/uploads\/2020\/04\/alps-logo.png\",\"contentUrl\":\"https:\/\/alps.edu\/wp-content\/uploads\/2020\/04\/alps-logo.png\",\"width\":256,\"height\":181,\"caption\":\"ALPS Language School\"},\"image\":{\"@id\":\"https:\/\/alps.edu\/#\/schema\/logo\/image\/\"},\"sameAs\":[\"https:\/\/www.facebook.com\/ALPS.Language.School\/\",\"https:\/\/x.com\/ALPS_School\",\"https:\/\/www.linkedin.com\/school\/alps-language-school\/\"]}]}<\/script>\n<!-- \/ Yoast SEO plugin. -->","yoast_head_json":{"title":"Gizlilik Beyan\u0131 (AB) - ALPS Dil Okulu","robots":{"index":"index","follow":"follow","max-snippet":"max-snippet:-1","max-image-preview":"max-image-preview:large","max-video-preview":"max-video-preview:-1"},"canonical":"https:\/\/alps.edu\/tr\/ab-gizlilik-bildirimi\/","og_locale":"tr_TR","og_type":"article","og_title":"Privacy Statement (EU) - ALPS Language School","og_url":"https:\/\/alps.edu\/tr\/ab-gizlilik-bildirimi\/","og_site_name":"ALPS Language School","article_publisher":"https:\/\/www.facebook.com\/ALPS.Language.School\/","twitter_card":"summary_large_image","twitter_site":"@ALPS_School","schema":{"@context":"https:\/\/schema.org","@graph":[{"@type":"WebPage","@id":"https:\/\/alps.edu\/privacy-statement-eu\/","url":"https:\/\/alps.edu\/privacy-statement-eu\/","name":"Gizlilik Beyan\u0131 (AB) - ALPS Dil Okulu","isPartOf":{"@id":"https:\/\/alps.edu\/#website"},"datePublished":"2025-08-21T23:41:03+00:00","breadcrumb":{"@id":"https:\/\/alps.edu\/privacy-statement-eu\/#breadcrumb"},"inLanguage":"tr","potentialAction":[{"@type":"ReadAction","target":["https:\/\/alps.edu\/privacy-statement-eu\/"]}]},{"@type":"BreadcrumbList","@id":"https:\/\/alps.edu\/privacy-statement-eu\/#breadcrumb","itemListElement":[{"@type":"ListItem","position":1,"name":"Home","item":"https:\/\/alps.edu\/"},{"@type":"ListItem","position":2,"name":"Privacy Statement (EU)"}]},{"@type":"WebSite","@id":"https:\/\/alps.edu\/#website","url":"https:\/\/alps.edu\/","name":"ALPS Dil Okulu","description":"Yeti\u015fkinler i\u00e7in Seattle \u0130ngilizce S\u0131n\u0131flar\u0131","publisher":{"@id":"https:\/\/alps.edu\/#organization"},"potentialAction":[{"@type":"SearchAction","target":{"@type":"EntryPoint","urlTemplate":"https:\/\/alps.edu\/?s={search_term_string}"},"query-input":{"@type":"PropertyValueSpecification","valueRequired":true,"valueName":"search_term_string"}}],"inLanguage":"tr"},{"@type":"Organization","@id":"https:\/\/alps.edu\/#organization","name":"ALPS Dil Okulu","url":"https:\/\/alps.edu\/","logo":{"@type":"ImageObject","inLanguage":"tr","@id":"https:\/\/alps.edu\/#\/schema\/logo\/image\/","url":"https:\/\/alps.edu\/wp-content\/uploads\/2020\/04\/alps-logo.png","contentUrl":"https:\/\/alps.edu\/wp-content\/uploads\/2020\/04\/alps-logo.png","width":256,"height":181,"caption":"ALPS Language School"},"image":{"@id":"https:\/\/alps.edu\/#\/schema\/logo\/image\/"},"sameAs":["https:\/\/www.facebook.com\/ALPS.Language.School\/","https:\/\/x.com\/ALPS_School","https:\/\/www.linkedin.com\/school\/alps-language-school\/"]}]}},"_links":{"self":[{"href":"https:\/\/alps.edu\/tr\/wp-json\/wp\/v2\/pages\/3266","targetHints":{"allow":["GET"]}}],"collection":[{"href":"https:\/\/alps.edu\/tr\/wp-json\/wp\/v2\/pages"}],"about":[{"href":"https:\/\/alps.edu\/tr\/wp-json\/wp\/v2\/types\/page"}],"author":[{"embeddable":true,"href":"https:\/\/alps.edu\/tr\/wp-json\/wp\/v2\/users\/2"}],"replies":[{"embeddable":true,"href":"https:\/\/alps.edu\/tr\/wp-json\/wp\/v2\/comments?post=3266"}],"version-history":[{"count":0,"href":"https:\/\/alps.edu\/tr\/wp-json\/wp\/v2\/pages\/3266\/revisions"}],"wp:attachment":[{"href":"https:\/\/alps.edu\/tr\/wp-json\/wp\/v2\/media?parent=3266"}],"curies":[{"name":"wp","href":"https:\/\/api.w.org\/{rel}","templated":true}]}}