{"id":3268,"date":"2025-08-21T16:41:03","date_gmt":"2025-08-21T23:41:03","guid":{"rendered":"https:\/\/alps.edu\/privacy-statement-us\/"},"modified":"2025-08-21T16:41:03","modified_gmt":"2025-08-21T23:41:03","slug":"gizlilik-bildirimi-bize","status":"publish","type":"page","link":"https:\/\/alps.edu\/tr\/privacy-statement-us\/","title":{"rendered":"Gizlilik Beyan\u0131 (ABD)"},"content":{"rendered":"<!-- Legal document generated by Complianz | GDPR\/CCPA Cookie Consent https:\/\/wordpress.org\/plugins\/complianz-gdpr -->\n<div id=\"cmplz-document\" class=\"cmplz-document privacy-statement cmplz-document-us\"><p><i>Bu gizlilik bildirimi en son 21 A\u011fustos 2025 tarihinde de\u011fi\u015ftirilmi\u015f ve en son 21 A\u011fustos 2025 tarihinde kontrol edilmi\u015ftir ve Amerika Birle\u015fik Devletleri vatanda\u015flar\u0131 ve yasal daimi ikamet edenler i\u00e7in ge\u00e7erlidir.<\/i><br \/><br \/><\/p><p>Bu gizlilik bildiriminde, sizinle ilgili olarak elde etti\u011fimiz verilerle ne yapt\u0131\u011f\u0131m\u0131z\u0131 a\u00e7\u0131kl\u0131yoruz. <a href=\"https:\/\/alps.edu\/tr\">https:\/\/alps.edu\/tr<\/a>Bu beyan\u0131 dikkatlice okuman\u0131z\u0131 \u00f6neririz. \u0130\u015flemelerimizde gizlilik mevzuat\u0131n\u0131n gerekliliklerine uyuyoruz. Bu, di\u011fer hususlar\u0131n yan\u0131 s\u0131ra, \u015fu anlama gelir:<ul>\n                <li>Ki\u015fisel verileri hangi ama\u00e7larla i\u015fledi\u011fimizi a\u00e7\u0131k\u00e7a belirtiyoruz. Bunu, bu gizlilik bildirimi arac\u0131l\u0131\u011f\u0131yla yap\u0131yoruz;<\/li>\n                <li>Ki\u015fisel verilerinizin toplanmas\u0131n\u0131 yaln\u0131zca me\u015fru ama\u00e7lar i\u00e7in gerekli olan ki\u015fisel verilerle s\u0131n\u0131rlamay\u0131 hedefliyoruz;<\/li>\n                <li>Ki\u015fisel verilerinizin i\u015flenmesi i\u00e7in \u00f6ncelikle a\u00e7\u0131k r\u0131zan\u0131z\u0131n gerekti\u011fi durumlarda a\u00e7\u0131k r\u0131zan\u0131z\u0131 talep ediyoruz;<\/li>\n                <li>Ki\u015fisel verilerinizi korumak i\u00e7in uygun g\u00fcvenlik \u00f6nlemlerini al\u0131yoruz ve ayr\u0131ca ki\u015fisel verileri bizim ad\u0131m\u0131za i\u015fleyen taraflardan da bunu talep ediyoruz;<\/li>\n                <li>Ki\u015fisel verilerinize eri\u015fme veya talebiniz \u00fczerine bunlar\u0131n d\u00fczeltilmesini veya silinmesini sa\u011flama hakk\u0131n\u0131za sayg\u0131 duyuyoruz.<\/li>\n            <\/ul><\/p><p>Herhangi bir sorunuz varsa veya hakk\u0131n\u0131zda hangi verileri saklad\u0131\u011f\u0131m\u0131z\u0131 tam olarak bilmek istiyorsan\u0131z l\u00fctfen bizimle ileti\u015fime ge\u00e7in.<\/p><h2>1. Verilerin amac\u0131 ve kategorileri<\/h2><p>Ki\u015fisel bilgiler, a\u015fa\u011f\u0131dakileri i\u00e7erebilecek ticari faaliyetlerimizle ba\u011flant\u0131l\u0131 bir dizi ama\u00e7 i\u00e7in toplayabilir veya alabiliriz: (geni\u015fletmek i\u00e7in t\u0131klay\u0131n)<\/b><\/p><details class=\"cmplz-dropdown dropdown-privacy-statement\"><summary><div><h3>1.1 \u0130leti\u015fim - Telefon, posta, e-posta ve\/veya web formlar\u0131 arac\u0131l\u0131\u011f\u0131yla<\/h3><\/div><\/summary><p class=\"cmplz-subtitle\">A\u015fa\u011f\u0131daki veri kategorileri toplanmaktad\u0131r<\/p><p><ul><li>Ad\u0131 ve soyad\u0131<\/li><li>Sokak ad\u0131 ve \u015fehir veya kasaba ad\u0131 da dahil olmak \u00fczere bir ev veya di\u011fer fiziksel adres<\/li><li>Bir e-posta adresi<\/li><li>Bir telefon numaras\u0131<\/li><li>IP Adresi<\/li><li>Co\u011frafi konum verileri<\/li><li>Do\u011fum tarihi<\/li><li>Cinsiyet<\/li><li>Bir imza<\/li><li>Tarama ge\u00e7mi\u015fi, arama ge\u00e7mi\u015fi ve bir internet web sitesinin bir \u0130nternet Web sitesi, uygulama veya reklamlarla etkile\u015fimine ili\u015fkin bilgiler dahil ancak g\u00f6r\u00fcnt\u00fcleme s\u0131n\u0131rl\u0131 olmad\u0131\u011f\u0131 halde \u0130nternet etkinlik bilgileri<\/li><\/ul><\/p><p class=\"cmplz-subtitle\">Saklama s\u00fcresi<\/p><p>Bu veriler, hizmetin sona ermesi \u00fczerine a\u015fa\u011f\u0131daki ay say\u0131lar\u0131 boyunca saklar\u0131z: \u00d6\u011frenci ALPS&#039;te okumay\u0131 b\u0131rakt\u0131ktan 3 y\u0131l sonra<\/p><\/details><details class=\"cmplz-dropdown dropdown-privacy-statement\"><summary><div><h3>1.2 Web sitesinin g\u00fcncellenmesi i\u00e7in bilgilerin toplanmas\u0131 ve analiz edilmesi.<\/h3><\/div><\/summary><p class=\"cmplz-subtitle\">A\u015fa\u011f\u0131daki veri kategorileri toplanmaktad\u0131r<\/p><p><ul><li>Co\u011frafi konum verileri<\/li><li>IP Adresi<\/li><li>Tarama ge\u00e7mi\u015fi, arama ge\u00e7mi\u015fi ve bir internet web sitesinin bir \u0130nternet Web sitesi, uygulama veya reklamlarla etkile\u015fimine ili\u015fkin bilgiler dahil ancak g\u00f6r\u00fcnt\u00fcleme s\u0131n\u0131rl\u0131 olmad\u0131\u011f\u0131 halde \u0130nternet etkinlik bilgileri<\/li><\/ul><\/p><p class=\"cmplz-subtitle\">Saklama s\u00fcresi<\/p><p>Hizmet sona erene kadar bu verileri saklar\u0131z.<\/p><\/details><details class=\"cmplz-dropdown dropdown-privacy-statement\"><summary><div><h3>1.3 Verileri \u00fc\u00e7\u00fcnc\u00fc bir kez de\u011fi\u015ftirmek veya payla\u015fmak<\/h3><\/div><\/summary><p class=\"cmplz-subtitle\">A\u015fa\u011f\u0131daki veri kategorileri toplanmaktad\u0131r<\/p><p><ul><li>IP Adresi<\/li><li>Tarama ge\u00e7mi\u015fi, arama ge\u00e7mi\u015fi ve bir internet web sitesinin bir \u0130nternet Web sitesi, uygulama veya reklamlarla etkile\u015fimine ili\u015fkin bilgiler dahil ancak g\u00f6r\u00fcnt\u00fcleme s\u0131n\u0131rl\u0131 olmad\u0131\u011f\u0131 halde \u0130nternet etkinlik bilgileri<\/li><li>Co\u011frafi konum verileri<\/li><\/ul><\/p><p class=\"cmplz-subtitle\">Saklama s\u00fcresi<\/p><p>Hizmet sona erene kadar bu verileri saklar\u0131z.<\/p><\/details><details class=\"cmplz-dropdown dropdown-privacy-statement\"><summary><div><h3>1.4 Birle\u015fmek sat\u0131n almak istedi\u011fi veya sat\u0131n alma hizmetleri veya \u00fcr\u00fcnlerini desteklemek<\/h3><\/div><\/summary><p class=\"cmplz-subtitle\">A\u015fa\u011f\u0131daki veri kategorileri toplanmaktad\u0131r<\/p><p><ul><li>Ad\u0131 ve soyad\u0131<\/li><li>Sokak ad\u0131 ve \u015fehir veya kasaba ad\u0131 da dahil olmak \u00fczere bir ev veya di\u011fer fiziksel adres<\/li><li>Bir e-posta adresi<\/li><li>Bir telefon numaras\u0131<\/li><li>IP Adresi<\/li><li>Do\u011fum tarihi<\/li><li>Cinsiyet<\/li><li>Bir imza<\/li><\/ul><\/p><p class=\"cmplz-subtitle\">Saklama s\u00fcresi<\/p><p>Bu veriler, hizmetin sona ermesi \u00fczerine a\u015fa\u011f\u0131daki ay say\u0131lar\u0131 boyunca saklar\u0131z: \u00d6\u011frenci ALPS&#039;te okumay\u0131 b\u0131rakt\u0131ktan 3 y\u0131l sonra<\/p><\/details><details class=\"cmplz-dropdown dropdown-privacy-statement\"><summary><div><h3>1.5 \u00d6demeler<\/h3><\/div><\/summary><p class=\"cmplz-subtitle\">A\u015fa\u011f\u0131daki veri kategorileri toplanmaktad\u0131r<\/p><p><ul><li>Ad\u0131 ve soyad\u0131<\/li><li>Bir e-posta adresi<\/li><li>Sokak ad\u0131 ve \u015fehir veya kasaba ad\u0131 da dahil olmak \u00fczere bir ev veya di\u011fer fiziksel adres<\/li><li>IP Adresi<\/li><\/ul><\/p><p class=\"cmplz-subtitle\">Saklama s\u00fcresi<\/p><p>Hizmet sona erene kadar bu verileri saklar\u0131z.<\/p><\/details><h2>2. Di\u011fer taraflarla payla\u015f\u0131m<\/h2><p>Bu verileri yaln\u0131zca a\u015fa\u011f\u0131daki ama\u00e7lar do\u011frultusunda di\u011fer al\u0131c\u0131larla payla\u015f\u0131yor veya if\u015fa ediyoruz:<\/p><p><b>Veri aktar\u0131m\u0131n\u0131n amac\u0131:<\/b>&nbsp;WordPress i\u00e7in sayfa olu\u015fturucu eklentisi<br \/>\n             <b>Bu hizmet sa\u011flay\u0131c\u0131n\u0131n bulundu\u011fu \u00fclke veya eyalet:<\/b>&nbsp;\u0130srail \/ Hollanda<br \/><b>Veri aktar\u0131m\u0131n\u0131n amac\u0131:<\/b>&nbsp;Geli\u015fmi\u015f web sitesi tasar\u0131m \u00f6zellikleri<br \/>\n             <b>Bu hizmet sa\u011flay\u0131c\u0131n\u0131n bulundu\u011fu \u00fclke veya eyalet:<\/b>&nbsp;\u0130srail \/ Hollanda<br \/><b>Veri aktar\u0131m\u0131n\u0131n amac\u0131:<\/b>&nbsp;WordPress&#039;e \u00f6zel i\u00e7erik alanlar\u0131 ekler<br \/>\n             <b>Bu hizmet sa\u011flay\u0131c\u0131n\u0131n bulundu\u011fu \u00fclke veya eyalet:<\/b>&nbsp;Avustralya \/ ABD<br \/><b>Veri aktar\u0131m\u0131n\u0131n amac\u0131:<\/b>&nbsp;Performans optimizasyonu ve \u00f6nbelle\u011fe alma eklentisi<br \/>\n             <b>Bu hizmet sa\u011flay\u0131c\u0131n\u0131n bulundu\u011fu \u00fclke veya eyalet:<\/b>&nbsp;Fransa<br \/><b>Veri aktar\u0131m\u0131n\u0131n amac\u0131:<\/b>&nbsp;WordPress i\u00e7in form olu\u015fturucu<br \/>\n             <b>Bu hizmet sa\u011flay\u0131c\u0131n\u0131n bulundu\u011fu \u00fclke veya eyalet:<\/b>&nbsp;Amerika Birle\u015fik Devletleri<br \/><b>Veri aktar\u0131m\u0131n\u0131n amac\u0131:<\/b>&nbsp;web sitesi geli\u015ftirme<br \/>\n             <b>Bu hizmet sa\u011flay\u0131c\u0131n\u0131n bulundu\u011fu \u00fclke veya eyalet:<\/b>&nbsp;Amerika Birle\u015fik Devletleri<br \/><b>Veri aktar\u0131m\u0131n\u0131n amac\u0131:<\/b>&nbsp;i\u00e7erik da\u011f\u0131t\u0131m a\u011f\u0131 hizmetleri<br \/>\n             <b>Bu hizmet sa\u011flay\u0131c\u0131n\u0131n bulundu\u011fu \u00fclke veya eyalet:<\/b>&nbsp;B\u0130Z<br \/><\/p><p><b>Veri aktar\u0131m\u0131n\u0131n amac\u0131:<\/b>&nbsp;Spam korumas\u0131 (bot alg\u0131lama)<br \/>\n             <b>Bu \u00fc\u00e7\u00fcnc\u00fc taraf\u0131n bulundu\u011fu \u00fclke veya eyalet:<\/b>&nbsp;Amerika Birle\u015fik Devletleri<br \/><b>Veri aktar\u0131m\u0131n\u0131n amac\u0131:<\/b>&nbsp;Konum g\u00f6r\u00fcnt\u00fcleme ve harita yerle\u015ftirme<br \/>\n             <b>Bu \u00fc\u00e7\u00fcnc\u00fc taraf\u0131n bulundu\u011fu \u00fclke veya eyalet:<\/b>&nbsp;Amerika Birle\u015fik Devletleri<br \/><b>Veri aktar\u0131m\u0131n\u0131n amac\u0131:<\/b>&nbsp;Video yerle\u015ftirme ve oynatma<br \/>\n             <b>Bu \u00fc\u00e7\u00fcnc\u00fc taraf\u0131n bulundu\u011fu \u00fclke veya eyalet:<\/b>&nbsp;Amerika Birle\u015fik Devletleri<br \/><b>Veri aktar\u0131m\u0131n\u0131n amac\u0131:<\/b>&nbsp;\u00c7evrimi\u00e7i \u00f6demeler<br \/>\n             <b>Bu \u00fc\u00e7\u00fcnc\u00fc taraf\u0131n bulundu\u011fu \u00fclke veya eyalet:<\/b>&nbsp;Amerika Birle\u015fik Devletleri<br \/><b>Veri aktar\u0131m\u0131n\u0131n amac\u0131:<\/b>&nbsp;G\u00f6m\u00fcl\u00fc i\u00e7erik, sosyal payla\u015f\u0131m<br \/>\n             <b>Bu \u00fc\u00e7\u00fcnc\u00fc taraf\u0131n bulundu\u011fu \u00fclke veya eyalet:<\/b>&nbsp;Amerika Birle\u015fik Devletleri<br \/><b>Veri aktar\u0131m\u0131n\u0131n amac\u0131:<\/b>&nbsp;\u00c7evrimi\u00e7i \u00f6deme i\u015flemcisi<br \/>\n             <b>Bu \u00fc\u00e7\u00fcnc\u00fc taraf\u0131n bulundu\u011fu \u00fclke veya eyalet:<\/b>&nbsp;Amerika Birle\u015fik Devletleri<br \/><\/p><h2>3. A\u00e7\u0131klama uygulamalar\u0131<\/h2><p><p>Ki\u015fisel bilgiler, kanunlar veya mahkeme emri, bir kolluk kuvvetine yan\u0131t olarak, bunlar\u0131n di\u011fer muhafaza kapsam\u0131nda izin verildi\u011fi \u00f6l\u00e7\u00fcde, bilgi sa\u011flamak veya kamu g\u00fcvenli\u011fi ile ilgili bir konuda soru\u015fturma yapmak i\u00e7in gerekli olmas\u0131 halinde istenir.<\/p><p>Web sitemiz veya aboneli\u011fimiz sat\u0131n al\u0131n\u0131rsa, sat\u0131l\u0131rsa veya bir birle\u015fme veya sat\u0131n alma i\u015flemine dahil olursa, toplan\u0131r\u0131z dan\u0131\u015fmanlar\u0131m\u0131za ve olas\u0131 al\u0131c\u0131lara if\u015fa edilebilir ve yeni sahiplere aktar\u0131l\u0131r.<\/p><\/p><h2>4. \u0130zlemeyin sinyallerine ve K\u00fcresel Gizlilik Kontrol\u00fcne nas\u0131l yan\u0131t veriyoruz? <\/h2><p>Web sitemiz, \u0130zlemeyin (DNT) ba\u015fl\u0131k iste\u011fi alan\u0131na yan\u0131t vermiyor ve bu alan\u0131 desteklemiyor.<\/p><h2>5. \u00c7erezler<\/h2><p>Web sitemiz \u00e7erez kullanmaktad\u0131r. \u00c7erezler hakk\u0131nda daha fazla bilgi i\u00e7in l\u00fctfen \u00c7erez Politikam\u0131za bak\u0131n. <a href=\"https:\/\/alps.edu\/tr\/opt-out-preferences\/\">\u00c7\u0131k\u0131\u015f tercihleri<\/a> web sayfas\u0131.&nbsp;<\/p><p>Google ile bir veri i\u015fleme s\u00f6zle\u015fmesi imzalad\u0131k.<\/p><p>Google, verileri ba\u015fka hi\u00e7bir Google hizmetinde kullanamaz.<\/p><p>Tam IP adreslerinin dahil edilmesi taraf\u0131m\u0131zca engellenmektedir.<\/p><h2>6. G\u00fcvenlik<\/h2><p>Ki\u015fisel verilerin g\u00fcvenli\u011fine \u00f6nem veriyoruz. Ki\u015fisel verilerin k\u00f6t\u00fcye kullan\u0131lmas\u0131n\u0131 ve yetkisiz eri\u015fimi s\u0131n\u0131rlamak i\u00e7in uygun g\u00fcvenlik \u00f6nlemleri al\u0131yoruz. Bu sayede, verilerinize yaln\u0131zca gerekli ki\u015filerin eri\u015febilmesini, verilere eri\u015fimin korunmas\u0131n\u0131 ve g\u00fcvenlik \u00f6nlemlerimizin d\u00fczenli olarak g\u00f6zden ge\u00e7irilmesini sa\u011fl\u0131yoruz.<\/p><h2>7. \u00dc\u00e7\u00fcnc\u00fc taraf web siteleri<\/h2><p>Bu gizlilik bildirimi, web sitemizdeki ba\u011flant\u0131larla ba\u011flanan \u00fc\u00e7\u00fcnc\u00fc taraf web siteleri i\u00e7in ge\u00e7erli de\u011fildir. Bu \u00fc\u00e7\u00fcnc\u00fc taraflar\u0131n ki\u015fisel verilerinizi g\u00fcvenilir veya emniyetli bir \u015fekilde i\u015fleyece\u011fini garanti edemeyiz. Bu web sitelerini kullanmadan \u00f6nce gizlilik bildirimlerini okuman\u0131z\u0131 \u00f6neririz.<\/p><h2>8. Bu gizlilik bildirimindeki de\u011fi\u015fiklikler<\/h2><p>Bu gizlilik bildiriminde de\u011fi\u015fiklik yapma hakk\u0131m\u0131z\u0131 sakl\u0131 tutuyoruz. Herhangi bir de\u011fi\u015fiklikten haberdar olmak i\u00e7in bu gizlilik bildirimini d\u00fczenli olarak incelemeniz \u00f6nerilir. Ayr\u0131ca, m\u00fcmk\u00fcn olan her durumda sizi aktif olarak bilgilendirece\u011fiz.<\/p><h2>9. Verilerinize eri\u015fim ve bunlar\u0131 de\u011fi\u015ftirme<\/h2><p>Herhangi bir sorunuz varsa veya hakk\u0131n\u0131zda hangi ki\u015fisel verilere sahip oldu\u011fumuzu \u00f6\u011frenmek istiyorsan\u0131z, l\u00fctfen bizimle ileti\u015fime ge\u00e7in. L\u00fctfen kimli\u011finizi her zaman a\u00e7\u0131k\u00e7a belirtti\u011finizden emin olun, b\u00f6ylece yanl\u0131\u015f ki\u015fiye ait verileri de\u011fi\u015ftirmedi\u011fimizden veya silmedi\u011fimizden emin olabiliriz. Talep edilen bilgileri yaln\u0131zca do\u011frulanabilir bir t\u00fcketici talebi al\u0131nd\u0131\u011f\u0131nda sa\u011flayaca\u011f\u0131z. A\u015fa\u011f\u0131daki bilgileri kullanarak bizimle ileti\u015fime ge\u00e7ebilirsiniz. A\u015fa\u011f\u0131daki haklara sahipsiniz:<\/p><p class=\"cmplz-subtitle\">9.1 Ki\u015fisel verilerinizle ilgili olarak a\u015fa\u011f\u0131daki haklara sahipsiniz<\/p><ol class=\"alphabetic\">\n                        <li>Hakk\u0131n\u0131zda i\u015fledi\u011fimiz verilere eri\u015fim talebinde bulunabilirsiniz.<\/li>\n                        <li>\u0130\u015flemeye itiraz edebilirsiniz.<\/li>\n                        <li>Hakk\u0131n\u0131zda i\u015fledi\u011fimiz verilerin genel olarak kullan\u0131lan bir formatta \u00f6zetini talep edebilirsiniz.<\/li>\n                        <li>Verilerin yanl\u0131\u015f olmas\u0131, olmamas\u0131 veya art\u0131k ge\u00e7erli olmamas\u0131 durumunda d\u00fczeltilmesini veya silinmesini talep edebilir veya verilerin i\u015flenmesinin k\u0131s\u0131tlanmas\u0131n\u0131 isteyebilirsiniz.<\/li>\n                        <li>Talebiniz \u00fczerine i\u015flem yapmay\u0131 reddetti\u011fimizde karar\u0131m\u0131za itiraz edebilir ve itiraz\u0131n\u0131z reddedilirse yetkili makama \u015fikayette bulunabilirsiniz.<\/li>\n                      <\/ol><h2>10. \u00c7ocuklar<\/h2><p>Web sitemiz \u00e7ocuklar\u0131n ilgisini \u00e7ekmek i\u00e7in tasarlanmam\u0131\u015ft\u0131r ve ikamet ettikleri \u00fclkede re\u015fit olmayan \u00e7ocuklardan ki\u015fisel veri toplamay\u0131 ama\u00e7lam\u0131yoruz. Bu nedenle, re\u015fit olmayan \u00e7ocuklar\u0131n bize herhangi bir ki\u015fisel veri g\u00f6ndermemesini rica ediyoruz.<\/p><h2>11. \u0130leti\u015fim bilgileri<\/h2><p>ALPS E\u011fitim Hizmetleri A.\u015e.<br \/>\n        430 Broadway E<br \/>\nSeattle, WA 98102<br \/>\n        Amerika Birle\u015fik Devletleri<br \/>\n        Web sitesi: <a href=\"https:\/\/alps.edu\/tr\">https:\/\/alps.edu\/tr<\/a> <br \/>\n        Email: <span class=\"cmplz-obfuscate\">bilgi@<span class=\"cmplz-fmail-domain\">ex.com<\/span>alps.edu<\/span> <br \/>\n        <br \/>\n        Telefon numaras\u0131: +1-206-720-6363<\/p><h2>12. Veri Talepleri<\/h2><p>En s\u0131k iletilen talepler i\u00e7in ayr\u0131ca veri talebi formumuzu kullanma olana\u011f\u0131 da sunuyoruz<br \/>\t\t\t<div class=\"cmplz-datarequest cmplz-alert\">\n\t\t\t\t<span class=\"cmplz-close\">\u00d7<\/span>\n\t\t\t\t<span id=\"cmplz-message\"><\/span>\n\t\t\t<\/div>\n\t\t\t<form id=\"cmplz-datarequest-form\" action=\"\">\n\t\t\t\t<input type=\"hidden\" required value=\"us\" name=\"cmplz_datarequest_region\" id=\"cmplz_datarequest_region\">\n\n\t\t\t\t<label for=\"cmplz_datarequest_firstname\" class=\"cmplz-first-name\">\u0130sim\t\t\t\t\t<input type=\"search\" class=\"datarequest-firstname\" value=\"\" placeholder=\"ad\u0131n\u0131z\" id=\"cmplz_datarequest_firstname\" name=\"cmplz_datarequest_firstname\">\n\t\t\t\t<\/label>\n\t\t\t\t<div>\n\t\t\t\t\t<label for=\"cmplz_datarequest_name\">\u0130sim<\/label>\n\t\t\t\t\t<input type=\"text\" required value=\"\" placeholder=\"Ad\u0131n\u0131z\" id=\"cmplz_datarequest_name\" name=\"cmplz_datarequest_name\">\n\t\t\t\t<\/div>\n\t\t\t\t<div>\n\t\t\t\t\t<label for=\"cmplz_datarequest_email\">E-posta<\/label>\n\t\t\t\t\t<input type=\"email\" required value=\"\" placeholder=\"email@email.com\" id=\"cmplz_datarequest_email\" name=\"cmplz_datarequest_email\">\n\t\t\t\t<\/div>\n\t\t\t\t\t\t\t\t\t\t<div class=\"cmplz_datarequest cmplz_datarequest_request_for_access\">\n\t\t\t\t\t\t\t<label for=\"cmplz_datarequest_request_for_access\">\n\t\t\t\t\t\t\t\t<input type=\"checkbox\" value=\"1\" name=\"cmplz_datarequest_request_for_access\" id=\"cmplz_datarequest_request_for_access\" \/>\n\t\t\t\t\t\t\t\tHakk\u0131n\u0131zda kullanabilece\u011fimiz eri\u015fim i\u00e7in bir uzatma yap\u0131n.\t\t\t\t\t\t\t<\/label>\n\t\t\t\t\t\t<\/div>\n\t\t\t\t\t\t\t\t\t\t<div class=\"cmplz_datarequest cmplz_datarequest_right_to_be_forgotten\">\n\t\t\t\t\t\t\t<label for=\"cmplz_datarequest_right_to_be_forgotten\">\n\t\t\t\t\t\t\t\t<input type=\"checkbox\" value=\"1\" name=\"cmplz_datarequest_right_to_be_forgotten\" id=\"cmplz_datarequest_right_to_be_forgotten\" \/>\n\t\t\t\t\t\t\t\tArt\u0131k ilgili kay\u0131tlar\u0131n silinmesi i\u00e7in bir talebin kesilmesi.\t\t\t\t\t\t\t<\/label>\n\t\t\t\t\t\t<\/div>\n\t\t\t\t\t\t\t\t\t\t<div class=\"cmplz_datarequest cmplz_datarequest_right_to_data_portability\">\n\t\t\t\t\t\t\t<label for=\"cmplz_datarequest_right_to_data_portability\">\n\t\t\t\t\t\t\t\t<input type=\"checkbox\" value=\"1\" name=\"cmplz_datarequest_right_to_data_portability\" id=\"cmplz_datarequest_right_to_data_portability\" \/>\n\t\t\t\t\t\t\t\tHakk\u0131n\u0131zda kay\u0131tl\u0131 olmayan bir veri da\u011f\u0131l\u0131m\u0131n\u0131 almak i\u00e7in bir talep kesmek i\u00e7in.\t\t\t\t\t\t\t<\/label>\n\t\t\t\t\t\t<\/div>\n\t\t\t\t\t\t\t\t<input type=\"button\" id=\"cmplz-datarequest-submit\" value=\"G\u00f6nder\">\n\t\t\t<input type=\"hidden\" name=\"trp-form-language\" value=\"tr\"\/><\/form>\n\n\t\t\t<style>\n\t\t\t\t\/* first-name is honeypot *\/\n\t\t\t\t.cmplz-first-name {\n\t\t\t\t\tposition: absolute !important;\n\t\t\t\t\tleft: -5000px !important;\n\t\t\t\t}\n\t\t\t<\/style>\n\t\t\t<\/p><\/div>","protected":false},"excerpt":{"rendered":"","protected":false},"author":2,"featured_media":0,"parent":0,"menu_order":0,"comment_status":"closed","ping_status":"closed","template":"","meta":{"_acf_changed":false,"footnotes":""},"class_list":["post-3268","page","type-page","status-publish","hentry"],"acf":[],"yoast_head":"<!-- This site is optimized with the Yoast SEO plugin v27.1.1 - https:\/\/yoast.com\/product\/yoast-seo-wordpress\/ -->\n<title>Privacy Statement (US) - ALPS Language School<\/title>\n<meta name=\"robots\" content=\"index, follow, max-snippet:-1, max-image-preview:large, max-video-preview:-1\" \/>\n<link rel=\"canonical\" href=\"https:\/\/alps.edu\/tr\/gizlilik-bildirimi-bize\/\" \/>\n<meta property=\"og:locale\" content=\"tr_TR\" \/>\n<meta property=\"og:type\" content=\"article\" \/>\n<meta property=\"og:title\" content=\"Privacy Statement (US) - ALPS Language School\" \/>\n<meta property=\"og:url\" content=\"https:\/\/alps.edu\/tr\/gizlilik-bildirimi-bize\/\" \/>\n<meta property=\"og:site_name\" content=\"ALPS Language School\" \/>\n<meta property=\"article:publisher\" content=\"https:\/\/www.facebook.com\/ALPS.Language.School\/\" \/>\n<meta name=\"twitter:card\" content=\"summary_large_image\" \/>\n<meta name=\"twitter:site\" content=\"@ALPS_School\" \/>\n<script type=\"application\/ld+json\" class=\"yoast-schema-graph\">{\"@context\":\"https:\/\/schema.org\",\"@graph\":[{\"@type\":\"WebPage\",\"@id\":\"https:\/\/alps.edu\/privacy-statement-us\/\",\"url\":\"https:\/\/alps.edu\/privacy-statement-us\/\",\"name\":\"Privacy Statement (US) - ALPS Language School\",\"isPartOf\":{\"@id\":\"https:\/\/alps.edu\/#website\"},\"datePublished\":\"2025-08-21T23:41:03+00:00\",\"breadcrumb\":{\"@id\":\"https:\/\/alps.edu\/privacy-statement-us\/#breadcrumb\"},\"inLanguage\":\"tr\",\"potentialAction\":[{\"@type\":\"ReadAction\",\"target\":[\"https:\/\/alps.edu\/privacy-statement-us\/\"]}]},{\"@type\":\"BreadcrumbList\",\"@id\":\"https:\/\/alps.edu\/privacy-statement-us\/#breadcrumb\",\"itemListElement\":[{\"@type\":\"ListItem\",\"position\":1,\"name\":\"Home\",\"item\":\"https:\/\/alps.edu\/\"},{\"@type\":\"ListItem\",\"position\":2,\"name\":\"Privacy Statement (US)\"}]},{\"@type\":\"WebSite\",\"@id\":\"https:\/\/alps.edu\/#website\",\"url\":\"https:\/\/alps.edu\/\",\"name\":\"ALPS Language School\",\"description\":\"Seattle English Classes for Adults\",\"publisher\":{\"@id\":\"https:\/\/alps.edu\/#organization\"},\"potentialAction\":[{\"@type\":\"SearchAction\",\"target\":{\"@type\":\"EntryPoint\",\"urlTemplate\":\"https:\/\/alps.edu\/?s={search_term_string}\"},\"query-input\":{\"@type\":\"PropertyValueSpecification\",\"valueRequired\":true,\"valueName\":\"search_term_string\"}}],\"inLanguage\":\"tr\"},{\"@type\":\"Organization\",\"@id\":\"https:\/\/alps.edu\/#organization\",\"name\":\"ALPS Language School\",\"url\":\"https:\/\/alps.edu\/\",\"logo\":{\"@type\":\"ImageObject\",\"inLanguage\":\"tr\",\"@id\":\"https:\/\/alps.edu\/#\/schema\/logo\/image\/\",\"url\":\"https:\/\/alps.edu\/wp-content\/uploads\/2020\/04\/alps-logo.png\",\"contentUrl\":\"https:\/\/alps.edu\/wp-content\/uploads\/2020\/04\/alps-logo.png\",\"width\":256,\"height\":181,\"caption\":\"ALPS Language School\"},\"image\":{\"@id\":\"https:\/\/alps.edu\/#\/schema\/logo\/image\/\"},\"sameAs\":[\"https:\/\/www.facebook.com\/ALPS.Language.School\/\",\"https:\/\/x.com\/ALPS_School\",\"https:\/\/www.linkedin.com\/school\/alps-language-school\/\"]}]}<\/script>\n<!-- \/ Yoast SEO plugin. -->","yoast_head_json":{"title":"Gizlilik Beyan\u0131 (ABD) - ALPS Dil Okulu","robots":{"index":"index","follow":"follow","max-snippet":"max-snippet:-1","max-image-preview":"max-image-preview:large","max-video-preview":"max-video-preview:-1"},"canonical":"https:\/\/alps.edu\/tr\/gizlilik-bildirimi-bize\/","og_locale":"tr_TR","og_type":"article","og_title":"Privacy Statement (US) - ALPS Language School","og_url":"https:\/\/alps.edu\/tr\/gizlilik-bildirimi-bize\/","og_site_name":"ALPS Language School","article_publisher":"https:\/\/www.facebook.com\/ALPS.Language.School\/","twitter_card":"summary_large_image","twitter_site":"@ALPS_School","schema":{"@context":"https:\/\/schema.org","@graph":[{"@type":"WebPage","@id":"https:\/\/alps.edu\/privacy-statement-us\/","url":"https:\/\/alps.edu\/privacy-statement-us\/","name":"Gizlilik Beyan\u0131 (ABD) - ALPS Dil Okulu","isPartOf":{"@id":"https:\/\/alps.edu\/#website"},"datePublished":"2025-08-21T23:41:03+00:00","breadcrumb":{"@id":"https:\/\/alps.edu\/privacy-statement-us\/#breadcrumb"},"inLanguage":"tr","potentialAction":[{"@type":"ReadAction","target":["https:\/\/alps.edu\/privacy-statement-us\/"]}]},{"@type":"BreadcrumbList","@id":"https:\/\/alps.edu\/privacy-statement-us\/#breadcrumb","itemListElement":[{"@type":"ListItem","position":1,"name":"Home","item":"https:\/\/alps.edu\/"},{"@type":"ListItem","position":2,"name":"Privacy Statement (US)"}]},{"@type":"WebSite","@id":"https:\/\/alps.edu\/#website","url":"https:\/\/alps.edu\/","name":"ALPS Dil Okulu","description":"Yeti\u015fkinler i\u00e7in Seattle \u0130ngilizce S\u0131n\u0131flar\u0131","publisher":{"@id":"https:\/\/alps.edu\/#organization"},"potentialAction":[{"@type":"SearchAction","target":{"@type":"EntryPoint","urlTemplate":"https:\/\/alps.edu\/?s={search_term_string}"},"query-input":{"@type":"PropertyValueSpecification","valueRequired":true,"valueName":"search_term_string"}}],"inLanguage":"tr"},{"@type":"Organization","@id":"https:\/\/alps.edu\/#organization","name":"ALPS Dil Okulu","url":"https:\/\/alps.edu\/","logo":{"@type":"ImageObject","inLanguage":"tr","@id":"https:\/\/alps.edu\/#\/schema\/logo\/image\/","url":"https:\/\/alps.edu\/wp-content\/uploads\/2020\/04\/alps-logo.png","contentUrl":"https:\/\/alps.edu\/wp-content\/uploads\/2020\/04\/alps-logo.png","width":256,"height":181,"caption":"ALPS Language School"},"image":{"@id":"https:\/\/alps.edu\/#\/schema\/logo\/image\/"},"sameAs":["https:\/\/www.facebook.com\/ALPS.Language.School\/","https:\/\/x.com\/ALPS_School","https:\/\/www.linkedin.com\/school\/alps-language-school\/"]}]}},"_links":{"self":[{"href":"https:\/\/alps.edu\/tr\/wp-json\/wp\/v2\/pages\/3268","targetHints":{"allow":["GET"]}}],"collection":[{"href":"https:\/\/alps.edu\/tr\/wp-json\/wp\/v2\/pages"}],"about":[{"href":"https:\/\/alps.edu\/tr\/wp-json\/wp\/v2\/types\/page"}],"author":[{"embeddable":true,"href":"https:\/\/alps.edu\/tr\/wp-json\/wp\/v2\/users\/2"}],"replies":[{"embeddable":true,"href":"https:\/\/alps.edu\/tr\/wp-json\/wp\/v2\/comments?post=3268"}],"version-history":[{"count":0,"href":"https:\/\/alps.edu\/tr\/wp-json\/wp\/v2\/pages\/3268\/revisions"}],"wp:attachment":[{"href":"https:\/\/alps.edu\/tr\/wp-json\/wp\/v2\/media?parent=3268"}],"curies":[{"name":"wp","href":"https:\/\/api.w.org\/{rel}","templated":true}]}}