{"id":3580,"date":"2025-11-18T10:48:32","date_gmt":"2025-11-18T18:48:32","guid":{"rendered":"https:\/\/alps.edu\/?page_id=3580"},"modified":"2025-11-24T10:59:45","modified_gmt":"2025-11-24T18:59:45","slug":"odeme-portali","status":"publish","type":"page","link":"https:\/\/alps.edu\/tr\/payment-portal\/","title":{"rendered":"\u00d6deme Portal\u0131"},"content":{"rendered":"<div data-elementor-type=\"wp-page\" data-elementor-id=\"3580\" class=\"elementor elementor-3580\" data-elementor-post-type=\"page\">\n\t\t\t\t\t\t<section data-particle_enable=\"false\" data-particle-mobile-disabled=\"false\" class=\"elementor-section elementor-top-section elementor-element elementor-element-039173d elementor-section-boxed elementor-section-height-default elementor-section-height-default\" data-id=\"039173d\" data-element_type=\"section\" data-e-type=\"section\">\n\t\t\t\t\t\t<div class=\"elementor-container elementor-column-gap-default\">\n\t\t\t\t\t<div class=\"elementor-column elementor-col-100 elementor-top-column elementor-element elementor-element-f3b16c2\" data-id=\"f3b16c2\" data-element_type=\"column\" data-e-type=\"column\">\n\t\t\t<div class=\"elementor-widget-wrap elementor-element-populated\">\n\t\t\t\t\t\t<div class=\"elementor-element elementor-element-8ee0cb6 elementor-widget elementor-widget-heading\" data-id=\"8ee0cb6\" data-element_type=\"widget\" data-e-type=\"widget\" data-widget_type=\"heading.default\">\n\t\t\t\t<div class=\"elementor-widget-container\">\n\t\t\t\t\t<h2 class=\"elementor-heading-title elementor-size-default\">ALPS \u00d6deme Portal\u0131<\/h2>\t\t\t\t<\/div>\n\t\t\t\t<\/div>\n\t\t\t\t\t<\/div>\n\t\t<\/div>\n\t\t\t\t\t<\/div>\n\t\t<\/section>\n\t\t\t\t<section data-particle_enable=\"false\" data-particle-mobile-disabled=\"false\" class=\"elementor-section elementor-top-section elementor-element elementor-element-ec551b5 elementor-section-boxed elementor-section-height-default elementor-section-height-default\" data-id=\"ec551b5\" data-element_type=\"section\" data-e-type=\"section\">\n\t\t\t\t\t\t<div class=\"elementor-container elementor-column-gap-default\">\n\t\t\t\t\t<div class=\"elementor-column elementor-col-100 elementor-top-column elementor-element elementor-element-1acc40d\" data-id=\"1acc40d\" data-element_type=\"column\" data-e-type=\"column\">\n\t\t\t<div class=\"elementor-widget-wrap elementor-element-populated\">\n\t\t\t\t\t\t<div class=\"elementor-element elementor-element-3dd397b elementor-widget elementor-widget-text-editor\" data-id=\"3dd397b\" data-element_type=\"widget\" data-e-type=\"widget\" data-widget_type=\"text-editor.default\">\n\t\t\t\t<div class=\"elementor-widget-container\">\n\t\t\t\t\t\t\t\t\t<p>ALPS, nakit, \u00e7ek, Zelle, havale veya kredi\/banka kart\u0131 ile \u00f6deme kabul etmektedir. Kredi kart\u0131 kabul \u00fccretini kar\u015f\u0131lamak i\u00e7in, kredi kart\u0131yla \u00f6deme yapman\u0131z durumunda 3% tutar\u0131nda bir kredi kart\u0131 \u00fccreti al\u0131yoruz. Bu \u00fccret, s\u00f6z konusu kartlar\u0131n kabul \u00fccretinden fazla de\u011fildir. Zelle, banka kartlar\u0131 veya di\u011fer \u00f6deme y\u00f6ntemleri i\u00e7in herhangi bir \u00fccret al\u0131nmaz.<\/p><p><strong>Zelle ile \u00d6deme Nas\u0131l Yap\u0131l\u0131r?<\/strong><\/p><p>Zelle, ABD&#039;de para transferi yapmak i\u00e7in yayg\u0131n olarak kullan\u0131lan bir \u00f6deme uygulamas\u0131d\u0131r. Zelle arac\u0131l\u0131\u011f\u0131yla para transferi yapmak i\u00e7in bir ABD banka hesab\u0131na ihtiyac\u0131n\u0131z olacak. Zelle&#039;yi internet bankac\u0131l\u0131\u011f\u0131 uygulaman\u0131zdan nas\u0131l kuraca\u011f\u0131n\u0131z\u0131 \u00f6\u011frenebilirsiniz. <a href=\"https:\/\/enroll.zellepay.com\/\" target=\"_blank\" rel=\"noopener\">Burada.<\/a><\/p><p><span style=\"text-decoration: underline;\">ALPS&#039;nin Zelle bilgisi \u015fu \u015fekildedir:<\/span><\/p><p>Alacakl\u0131: ALPS E\u011fitim Hizmetleri A.\u015e.<\/p><p>E-posta: info@alps.edu<\/p><p>Telefon: 206-536-4152<\/p><p><strong>Nakit, \u00c7ek veya Kredi\/Banka Kart\u0131 ile \u015eahsen \u00d6deme Nas\u0131l Yap\u0131l\u0131r?<\/strong><\/p><p>\u00d6demeyi \u015fahsen yapmak i\u00e7in mesai saatleri i\u00e7erisinde okulumuza gelin.<\/p><p><strong>Kredi veya Banka Kart\u0131yla \u00c7evrimi\u00e7i \u00d6deme Nas\u0131l Yap\u0131l\u0131r?<\/strong><\/p><p>Kredi veya banka kart\u0131n\u0131zla online \u00f6deme yapmak i\u00e7in a\u015fa\u011f\u0131daki butona t\u0131klay\u0131n.<\/p>\t\t\t\t\t\t\t\t<\/div>\n\t\t\t\t<\/div>\n\t\t\t\t\t<\/div>\n\t\t<\/div>\n\t\t\t\t\t<\/div>\n\t\t<\/section>\n\t\t\t\t<section data-particle_enable=\"false\" data-particle-mobile-disabled=\"false\" class=\"elementor-section elementor-top-section elementor-element elementor-element-6184568 elementor-section-boxed elementor-section-height-default elementor-section-height-default\" data-id=\"6184568\" data-element_type=\"section\" data-e-type=\"section\">\n\t\t\t\t\t\t<div class=\"elementor-container elementor-column-gap-default\">\n\t\t\t\t\t<div class=\"elementor-column elementor-col-100 elementor-top-column elementor-element elementor-element-3162dae\" data-id=\"3162dae\" data-element_type=\"column\" data-e-type=\"column\">\n\t\t\t<div class=\"elementor-widget-wrap elementor-element-populated\">\n\t\t\t\t\t\t<div class=\"elementor-element elementor-element-9f83c9b elementor-align-center elementor-widget elementor-widget-button\" data-id=\"9f83c9b\" data-element_type=\"widget\" data-e-type=\"widget\" data-widget_type=\"button.default\">\n\t\t\t\t<div class=\"elementor-widget-container\">\n\t\t\t\t\t\t\t\t\t<div class=\"elementor-button-wrapper\">\n\t\t\t\t\t<a class=\"elementor-button elementor-button-link elementor-size-sm\" href=\"https:\/\/cardx.com\/pay-alpslanguage\" target=\"_blank\">\n\t\t\t\t\t\t<span class=\"elementor-button-content-wrapper\">\n\t\t\t\t\t\t\t\t\t<span class=\"elementor-button-text\">Burada Online \u00d6deme Yap\u0131n<\/span>\n\t\t\t\t\t<\/span>\n\t\t\t\t\t<\/a>\n\t\t\t\t<\/div>\n\t\t\t\t\t\t\t\t<\/div>\n\t\t\t\t<\/div>\n\t\t\t\t\t<\/div>\n\t\t<\/div>\n\t\t\t\t\t<\/div>\n\t\t<\/section>\n\t\t\t\t<\/div>","protected":false},"excerpt":{"rendered":"<p>ALPS Payment Portal ALPS accepts payment via cash, check, Zelle, wire transfer, or credit\/debit card. To cover the cost of credit card acceptance, we pass on a 3% credit card fee if you pay with a credit card. This fee is not more than the cost of accepting these cards. There is no fee for [&hellip;]<\/p>\n","protected":false},"author":2,"featured_media":0,"parent":0,"menu_order":0,"comment_status":"closed","ping_status":"closed","template":"","meta":{"_acf_changed":false,"footnotes":""},"class_list":["post-3580","page","type-page","status-publish","hentry"],"acf":[],"yoast_head":"<!-- This site is optimized with the Yoast SEO plugin v27.1.1 - https:\/\/yoast.com\/product\/yoast-seo-wordpress\/ -->\n<title>Payment Portal - ALPS Language School<\/title>\n<meta name=\"robots\" content=\"index, follow, max-snippet:-1, max-image-preview:large, max-video-preview:-1\" \/>\n<link rel=\"canonical\" href=\"https:\/\/alps.edu\/tr\/odeme-portali\/\" \/>\n<meta property=\"og:locale\" content=\"tr_TR\" \/>\n<meta property=\"og:type\" content=\"article\" \/>\n<meta property=\"og:title\" content=\"Payment Portal - ALPS Language School\" \/>\n<meta property=\"og:description\" content=\"ALPS Payment Portal ALPS accepts payment via cash, check, Zelle, wire transfer, or credit\/debit card. To cover the cost of credit card acceptance, we pass on a 3% credit card fee if you pay with a credit card. This fee is not more than the cost of accepting these cards. There is no fee for [&hellip;]\" \/>\n<meta property=\"og:url\" content=\"https:\/\/alps.edu\/tr\/odeme-portali\/\" \/>\n<meta property=\"og:site_name\" content=\"ALPS Language School\" \/>\n<meta property=\"article:publisher\" content=\"https:\/\/www.facebook.com\/ALPS.Language.School\/\" \/>\n<meta property=\"article:modified_time\" content=\"2025-11-24T18:59:45+00:00\" \/>\n<meta name=\"twitter:card\" content=\"summary_large_image\" \/>\n<meta name=\"twitter:site\" content=\"@ALPS_School\" \/>\n<meta name=\"twitter:label1\" content=\"Tahmini okuma s\u00fcresi\" \/>\n\t<meta name=\"twitter:data1\" content=\"1 dakika\" \/>\n<script type=\"application\/ld+json\" class=\"yoast-schema-graph\">{\"@context\":\"https:\/\/schema.org\",\"@graph\":[{\"@type\":\"WebPage\",\"@id\":\"https:\/\/alps.edu\/payment-portal\/\",\"url\":\"https:\/\/alps.edu\/payment-portal\/\",\"name\":\"Payment Portal - ALPS Language School\",\"isPartOf\":{\"@id\":\"https:\/\/alps.edu\/#website\"},\"datePublished\":\"2025-11-18T18:48:32+00:00\",\"dateModified\":\"2025-11-24T18:59:45+00:00\",\"breadcrumb\":{\"@id\":\"https:\/\/alps.edu\/payment-portal\/#breadcrumb\"},\"inLanguage\":\"tr\",\"potentialAction\":[{\"@type\":\"ReadAction\",\"target\":[\"https:\/\/alps.edu\/payment-portal\/\"]}]},{\"@type\":\"BreadcrumbList\",\"@id\":\"https:\/\/alps.edu\/payment-portal\/#breadcrumb\",\"itemListElement\":[{\"@type\":\"ListItem\",\"position\":1,\"name\":\"Home\",\"item\":\"https:\/\/alps.edu\/\"},{\"@type\":\"ListItem\",\"position\":2,\"name\":\"Payment Portal\"}]},{\"@type\":\"WebSite\",\"@id\":\"https:\/\/alps.edu\/#website\",\"url\":\"https:\/\/alps.edu\/\",\"name\":\"ALPS Language School\",\"description\":\"Seattle English Classes for Adults\",\"publisher\":{\"@id\":\"https:\/\/alps.edu\/#organization\"},\"potentialAction\":[{\"@type\":\"SearchAction\",\"target\":{\"@type\":\"EntryPoint\",\"urlTemplate\":\"https:\/\/alps.edu\/?s={search_term_string}\"},\"query-input\":{\"@type\":\"PropertyValueSpecification\",\"valueRequired\":true,\"valueName\":\"search_term_string\"}}],\"inLanguage\":\"tr\"},{\"@type\":\"Organization\",\"@id\":\"https:\/\/alps.edu\/#organization\",\"name\":\"ALPS Language School\",\"url\":\"https:\/\/alps.edu\/\",\"logo\":{\"@type\":\"ImageObject\",\"inLanguage\":\"tr\",\"@id\":\"https:\/\/alps.edu\/#\/schema\/logo\/image\/\",\"url\":\"https:\/\/alps.edu\/wp-content\/uploads\/2020\/04\/alps-logo.png\",\"contentUrl\":\"https:\/\/alps.edu\/wp-content\/uploads\/2020\/04\/alps-logo.png\",\"width\":256,\"height\":181,\"caption\":\"ALPS Language School\"},\"image\":{\"@id\":\"https:\/\/alps.edu\/#\/schema\/logo\/image\/\"},\"sameAs\":[\"https:\/\/www.facebook.com\/ALPS.Language.School\/\",\"https:\/\/x.com\/ALPS_School\",\"https:\/\/www.linkedin.com\/school\/alps-language-school\/\"]}]}<\/script>\n<!-- \/ Yoast SEO plugin. -->","yoast_head_json":{"title":"\u00d6deme Portal\u0131 - ALPS Dil Okulu","robots":{"index":"index","follow":"follow","max-snippet":"max-snippet:-1","max-image-preview":"max-image-preview:large","max-video-preview":"max-video-preview:-1"},"canonical":"https:\/\/alps.edu\/tr\/odeme-portali\/","og_locale":"tr_TR","og_type":"article","og_title":"Payment Portal - ALPS Language School","og_description":"ALPS Payment Portal ALPS accepts payment via cash, check, Zelle, wire transfer, or credit\/debit card. To cover the cost of credit card acceptance, we pass on a 3% credit card fee if you pay with a credit card. This fee is not more than the cost of accepting these cards. There is no fee for [&hellip;]","og_url":"https:\/\/alps.edu\/tr\/odeme-portali\/","og_site_name":"ALPS Language School","article_publisher":"https:\/\/www.facebook.com\/ALPS.Language.School\/","article_modified_time":"2025-11-24T18:59:45+00:00","twitter_card":"summary_large_image","twitter_site":"@ALPS_School","twitter_misc":{"Tahmini okuma s\u00fcresi":"1 dakika"},"schema":{"@context":"https:\/\/schema.org","@graph":[{"@type":"WebPage","@id":"https:\/\/alps.edu\/payment-portal\/","url":"https:\/\/alps.edu\/payment-portal\/","name":"\u00d6deme Portal\u0131 - ALPS Dil Okulu","isPartOf":{"@id":"https:\/\/alps.edu\/#website"},"datePublished":"2025-11-18T18:48:32+00:00","dateModified":"2025-11-24T18:59:45+00:00","breadcrumb":{"@id":"https:\/\/alps.edu\/payment-portal\/#breadcrumb"},"inLanguage":"tr","potentialAction":[{"@type":"ReadAction","target":["https:\/\/alps.edu\/payment-portal\/"]}]},{"@type":"BreadcrumbList","@id":"https:\/\/alps.edu\/payment-portal\/#breadcrumb","itemListElement":[{"@type":"ListItem","position":1,"name":"Home","item":"https:\/\/alps.edu\/"},{"@type":"ListItem","position":2,"name":"Payment Portal"}]},{"@type":"WebSite","@id":"https:\/\/alps.edu\/#website","url":"https:\/\/alps.edu\/","name":"ALPS Dil Okulu","description":"Yeti\u015fkinler i\u00e7in Seattle \u0130ngilizce S\u0131n\u0131flar\u0131","publisher":{"@id":"https:\/\/alps.edu\/#organization"},"potentialAction":[{"@type":"SearchAction","target":{"@type":"EntryPoint","urlTemplate":"https:\/\/alps.edu\/?s={search_term_string}"},"query-input":{"@type":"PropertyValueSpecification","valueRequired":true,"valueName":"search_term_string"}}],"inLanguage":"tr"},{"@type":"Organization","@id":"https:\/\/alps.edu\/#organization","name":"ALPS Dil Okulu","url":"https:\/\/alps.edu\/","logo":{"@type":"ImageObject","inLanguage":"tr","@id":"https:\/\/alps.edu\/#\/schema\/logo\/image\/","url":"https:\/\/alps.edu\/wp-content\/uploads\/2020\/04\/alps-logo.png","contentUrl":"https:\/\/alps.edu\/wp-content\/uploads\/2020\/04\/alps-logo.png","width":256,"height":181,"caption":"ALPS Language School"},"image":{"@id":"https:\/\/alps.edu\/#\/schema\/logo\/image\/"},"sameAs":["https:\/\/www.facebook.com\/ALPS.Language.School\/","https:\/\/x.com\/ALPS_School","https:\/\/www.linkedin.com\/school\/alps-language-school\/"]}]}},"_links":{"self":[{"href":"https:\/\/alps.edu\/tr\/wp-json\/wp\/v2\/pages\/3580","targetHints":{"allow":["GET"]}}],"collection":[{"href":"https:\/\/alps.edu\/tr\/wp-json\/wp\/v2\/pages"}],"about":[{"href":"https:\/\/alps.edu\/tr\/wp-json\/wp\/v2\/types\/page"}],"author":[{"embeddable":true,"href":"https:\/\/alps.edu\/tr\/wp-json\/wp\/v2\/users\/2"}],"replies":[{"embeddable":true,"href":"https:\/\/alps.edu\/tr\/wp-json\/wp\/v2\/comments?post=3580"}],"version-history":[{"count":58,"href":"https:\/\/alps.edu\/tr\/wp-json\/wp\/v2\/pages\/3580\/revisions"}],"predecessor-version":[{"id":3643,"href":"https:\/\/alps.edu\/tr\/wp-json\/wp\/v2\/pages\/3580\/revisions\/3643"}],"wp:attachment":[{"href":"https:\/\/alps.edu\/tr\/wp-json\/wp\/v2\/media?parent=3580"}],"curies":[{"name":"wp","href":"https:\/\/api.w.org\/{rel}","templated":true}]}}