{"id":1387,"date":"2020-09-18T12:28:57","date_gmt":"2020-09-18T19:28:57","guid":{"rendered":"https:\/\/alps.edu\/?page_id=1387"},"modified":"2026-03-23T15:20:22","modified_gmt":"2026-03-23T22:20:22","slug":"cam-on-ban-chuyen","status":"publish","type":"page","link":"https:\/\/alps.edu\/vi\/thank-you-transfer\/","title":{"rendered":"C\u1ea3m \u01a1n b\u1ea1n \u2013 \u0110\u01a1n xin chuy\u1ec3n tr\u01b0\u1eddng"},"content":{"rendered":"<div data-elementor-type=\"wp-page\" data-elementor-id=\"1387\" class=\"elementor elementor-1387\" data-elementor-post-type=\"page\">\n\t\t\t\t\t\t<section data-particle_enable=\"false\" data-particle-mobile-disabled=\"false\" class=\"elementor-section elementor-top-section elementor-element elementor-element-e2745fc elementor-section-boxed elementor-section-height-default elementor-section-height-default\" data-id=\"e2745fc\" data-element_type=\"section\" data-e-type=\"section\">\n\t\t\t\t\t\t<div class=\"elementor-container elementor-column-gap-default\">\n\t\t\t\t\t<div class=\"elementor-column elementor-col-100 elementor-top-column elementor-element elementor-element-35e1ec5\" data-id=\"35e1ec5\" data-element_type=\"column\" data-e-type=\"column\">\n\t\t\t<div class=\"elementor-widget-wrap elementor-element-populated\">\n\t\t\t\t\t\t<div data-dce-title-color=\"#000000\" class=\"elementor-element elementor-element-423a7dbf elementor-widget elementor-widget-heading\" data-id=\"423a7dbf\" data-element_type=\"widget\" data-e-type=\"widget\" data-widget_type=\"heading.default\">\n\t\t\t\t<div class=\"elementor-widget-container\">\n\t\t\t\t\t<h2 class=\"elementor-heading-title elementor-size-default\">C\u1ea3m \u01a1n b\u1ea1n \u0111\u00e3 s\u1eed d\u1ee5ng \u1ee9ng d\u1ee5ng n\u00e0y!<\/h2>\t\t\t\t<\/div>\n\t\t\t\t<\/div>\n\t\t\t\t<div class=\"elementor-element elementor-element-7a6345d3 elementor-widget elementor-widget-text-editor\" data-id=\"7a6345d3\" data-element_type=\"widget\" data-e-type=\"widget\" data-widget_type=\"text-editor.default\">\n\t\t\t\t<div class=\"elementor-widget-container\">\n\t\t\t\t\t\t\t\t\t<p><strong>Nh\u00e2n vi\u00ean tuy\u1ec3n sinh c\u1ee7a ALPS s\u1ebd li\u00ean h\u1ec7 v\u1edbi b\u1ea1n trong v\u00f2ng 1-2 ng\u00e0y l\u00e0m vi\u1ec7c.<\/strong><\/p><p><span style=\"text-decoration: underline;\"><strong>B\u01b0\u1edbc ti\u1ebfp theo:<\/strong><\/span><\/p><p>Vui l\u00f2ng thanh to\u00e1n ph\u00ed \u0111\u0103ng k\u00fd kh\u00f4ng ho\u00e0n l\u1ea1i ($150). B\u1ea1n c\u00f3 th\u1ec3 thanh to\u00e1n tr\u1ef1c tuy\u1ebfn b\u1eb1ng th\u1ebb t\u00edn d\u1ee5ng ho\u1eb7c th\u1ebb ghi n\u1ee3, ho\u1eb7c thanh to\u00e1n qua \u1ee9ng d\u1ee5ng thanh to\u00e1n Zelle (m\u1ed9t \u1ee9ng d\u1ee5ng thanh to\u00e1n ph\u1ed5 bi\u1ebfn t\u1ea1i Hoa K\u1ef3 \u2013 th\u00f4ng tin th\u00eam) <a href=\"https:\/\/enroll.zellepay.com\/\" target=\"_blank\" rel=\"noopener\">\u0111\u00e2y<\/a>).<\/p><form action=\"https:\/\/www.paypal.com\/cgi-bin\/webscr\" method=\"post\" target=\"_top\"><input name=\"cmd\" type=\"hidden\" value=\"_s-xclick\" \/><\/form>\t\t\t\t\t\t\t\t<\/div>\n\t\t\t\t<\/div>\n\t\t\t\t<section data-particle_enable=\"false\" data-particle-mobile-disabled=\"false\" class=\"elementor-section elementor-inner-section elementor-element elementor-element-f53f72c elementor-section-boxed elementor-section-height-default elementor-section-height-default\" data-id=\"f53f72c\" data-element_type=\"section\" data-e-type=\"section\">\n\t\t\t\t\t\t<div class=\"elementor-container elementor-column-gap-default\">\n\t\t\t\t\t<div class=\"elementor-column elementor-col-50 elementor-inner-column elementor-element elementor-element-8a8b835\" data-id=\"8a8b835\" data-element_type=\"column\" data-e-type=\"column\">\n\t\t\t<div class=\"elementor-widget-wrap elementor-element-populated\">\n\t\t\t\t\t\t<div class=\"elementor-element elementor-element-70dc8dd elementor-widget elementor-widget-heading\" data-id=\"70dc8dd\" data-element_type=\"widget\" data-e-type=\"widget\" data-widget_type=\"heading.default\">\n\t\t\t\t<div class=\"elementor-widget-container\">\n\t\t\t\t\t<h2 class=\"elementor-heading-title elementor-size-default\">Thanh to\u00e1n tr\u1ef1c tuy\u1ebfn b\u1eb1ng th\u1ebb t\u00edn d\u1ee5ng\/th\u1ebb ghi n\u1ee3<\/h2>\t\t\t\t<\/div>\n\t\t\t\t<\/div>\n\t\t\t\t<div class=\"elementor-element elementor-element-9da1087 elementor-align-center elementor-widget elementor-widget-button\" data-id=\"9da1087\" data-element_type=\"widget\" data-e-type=\"widget\" data-widget_type=\"button.default\">\n\t\t\t\t<div class=\"elementor-widget-container\">\n\t\t\t\t\t\t\t\t\t<div class=\"elementor-button-wrapper\">\n\t\t\t\t\t<a class=\"elementor-button elementor-button-link elementor-size-xl\" href=\"https:\/\/paynow.cardx.com\/alpslanguage?amount=150\" target=\"_blank\">\n\t\t\t\t\t\t<span class=\"elementor-button-content-wrapper\">\n\t\t\t\t\t\t\t\t\t<span class=\"elementor-button-text\">Thanh to\u00e1n $150 t\u1ea1i \u0111\u00e2y<\/span>\n\t\t\t\t\t<\/span>\n\t\t\t\t\t<\/a>\n\t\t\t\t<\/div>\n\t\t\t\t\t\t\t\t<\/div>\n\t\t\t\t<\/div>\n\t\t\t\t<div class=\"elementor-element elementor-element-54a0179 elementor-widget elementor-widget-spacer\" data-id=\"54a0179\" data-element_type=\"widget\" data-e-type=\"widget\" data-widget_type=\"spacer.default\">\n\t\t\t\t<div class=\"elementor-widget-container\">\n\t\t\t\t\t\t\t<div class=\"elementor-spacer\">\n\t\t\t<div class=\"elementor-spacer-inner\"><\/div>\n\t\t<\/div>\n\t\t\t\t\t\t<\/div>\n\t\t\t\t<\/div>\n\t\t\t\t\t<\/div>\n\t\t<\/div>\n\t\t\t\t<div class=\"elementor-column elementor-col-50 elementor-inner-column elementor-element elementor-element-874aee3\" data-id=\"874aee3\" data-element_type=\"column\" data-e-type=\"column\">\n\t\t\t<div class=\"elementor-widget-wrap elementor-element-populated\">\n\t\t\t\t\t\t<div class=\"elementor-element elementor-element-4ae7e72 elementor-widget elementor-widget-heading\" data-id=\"4ae7e72\" data-element_type=\"widget\" data-e-type=\"widget\" data-widget_type=\"heading.default\">\n\t\t\t\t<div class=\"elementor-widget-container\">\n\t\t\t\t\t<h2 class=\"elementor-heading-title elementor-size-default\">Thanh to\u00e1n b\u1eb1ng Zelle<\/h2>\t\t\t\t<\/div>\n\t\t\t\t<\/div>\n\t\t\t\t<div class=\"elementor-element elementor-element-4e21867 elementor-widget elementor-widget-text-editor\" data-id=\"4e21867\" data-element_type=\"widget\" data-e-type=\"widget\" data-widget_type=\"text-editor.default\">\n\t\t\t\t<div class=\"elementor-widget-container\">\n\t\t\t\t\t\t\t\t\t<p>Th\u1ebb Zelle c\u1ee7a ALPS:\u00a0<strong>d\u00e3y Alps-Seattle<\/strong><\/p>\t\t\t\t\t\t\t\t<\/div>\n\t\t\t\t<\/div>\n\t\t\t\t<div class=\"elementor-element elementor-element-3045513 elementor-widget elementor-widget-spacer\" data-id=\"3045513\" data-element_type=\"widget\" data-e-type=\"widget\" data-widget_type=\"spacer.default\">\n\t\t\t\t<div class=\"elementor-widget-container\">\n\t\t\t\t\t\t\t<div class=\"elementor-spacer\">\n\t\t\t<div class=\"elementor-spacer-inner\"><\/div>\n\t\t<\/div>\n\t\t\t\t\t\t<\/div>\n\t\t\t\t<\/div>\n\t\t\t\t\t<\/div>\n\t\t<\/div>\n\t\t\t\t\t<\/div>\n\t\t<\/section>\n\t\t\t\t<div class=\"elementor-element elementor-element-6f2d4ca elementor-widget elementor-widget-heading\" data-id=\"6f2d4ca\" data-element_type=\"widget\" data-e-type=\"widget\" data-widget_type=\"heading.default\">\n\t\t\t\t<div class=\"elementor-widget-container\">\n\t\t\t\t\t<h2 class=\"elementor-heading-title elementor-size-default\">G\u1eedi t\u00e0i li\u1ec7u<\/h2>\t\t\t\t<\/div>\n\t\t\t\t<\/div>\n\t\t\t\t<div class=\"elementor-element elementor-element-9d36935 elementor-widget elementor-widget-text-editor\" data-id=\"9d36935\" data-element_type=\"widget\" data-e-type=\"widget\" data-widget_type=\"text-editor.default\">\n\t\t\t\t<div class=\"elementor-widget-container\">\n\t\t\t\t\t\t\t\t\t<p>Vui l\u00f2ng g\u1eedi c\u00e1c t\u00e0i li\u1ec7u sau qua email t\u1edbi <a href=\"mailto:info@alps.edu\">info@alps.edu<\/a>:<\/p><p><strong>1. B\u1ea3n sao trang \u1ea3nh h\u1ed9 chi\u1ebfu, visa F-1 v\u00e0 <a href=\"https:\/\/i94.cbp.dhs.gov\/I94\/#\/home\" target=\"_blank\" rel=\"noopener\">I-94 m\u1edbi nh\u1ea5t<\/a><\/strong><\/p><p style=\"padding-left: 40px;\">N\u1ebfu b\u1ea1n c\u00f3 b\u1ea5t k\u1ef3 ng\u01b0\u1eddi ph\u1ee5 thu\u1ed9c F-2 n\u00e0o, vui l\u00f2ng g\u1eedi b\u1ea3n sao trang \u1ea3nh h\u1ed9 chi\u1ebfu, th\u1ecb th\u1ef1c F-2 v\u00e0 I-94 g\u1ea7n \u0111\u00e2y nh\u1ea5t c\u1ee7a h\u1ecd.<\/p><p><strong>2. H\u1ed3 s\u01a1 t\u00e0i ch\u00ednh<\/strong><\/p><ul><li>\u0110\u00e2y ph\u1ea3i l\u00e0 c\u00f4ng v\u0103n c\u1ee7a ng\u00e2n h\u00e0ng, tr\u00ean gi\u1ea5y c\u00f3 in t\u00ean ng\u00e2n h\u00e0ng, c\u00f3 ch\u1eef k\u00fd c\u1ee7a nh\u00e2n vi\u00ean ng\u00e2n h\u00e0ng, ch\u1ee9ng minh r\u1eb1ng b\u1ea1n c\u00f3 \u0111\u1ee7 ti\u1ec1n \u0111\u1ec3 trang tr\u1ea3i h\u1ecdc ph\u00ed v\u00e0 chi ph\u00ed sinh ho\u1ea1t. Ho\u1eb7c, n\u00f3 c\u00f3 th\u1ec3 l\u00e0 b\u1ea3n sao k\u00ea ng\u00e2n h\u00e0ng t\u1eeb m\u1ed9t ng\u00e2n h\u00e0ng \u1edf M\u1ef9.<\/li><li>Gi\u1ea5y t\u1edd t\u00e0i ch\u00ednh c\u1ee7a b\u1ea1n ph\u1ea3i th\u1ec3 hi\u1ec7n s\u1ed1 d\u01b0 \u00edt nh\u1ea5t <strong>$2800 USD (ho\u1eb7c s\u1ed1 ti\u1ec1n ngo\u1ea1i t\u1ec7 t\u01b0\u01a1ng \u0111\u01b0\u01a1ng) cho kh\u00f3a h\u1ecdc k\u00e9o d\u00e0i 4 tu\u1ea7n m\u00e0 b\u1ea1n d\u1ef1 \u0111\u1ecbnh theo h\u1ecdc.<\/strong> V\u00ed d\u1ee5, n\u1ebfu b\u1ea1n d\u1ef1 \u0111\u1ecbnh h\u1ecdc trong 12 tu\u1ea7n, b\u1ea1n ph\u1ea3i ch\u1ee9ng minh s\u1ed1 d\u01b0 t\u00e0i kho\u1ea3n \u00edt nh\u1ea5t l\u00e0 $8400.<\/li><li>Ch\u1ee9ng t\u1eeb t\u00e0i ch\u00ednh c\u00f3 th\u1ec3 l\u00e0 t\u00e0i kho\u1ea3n ng\u00e2n h\u00e0ng c\u00e1 nh\u00e2n c\u1ee7a b\u1ea1n ho\u1eb7c t\u00e0i kho\u1ea3n c\u1ee7a gia \u0111\u00ecnh\/ng\u01b0\u1eddi b\u1ea3o tr\u1ee3.<\/li><li>Ng\u00e0y tr\u00ean t\u00e0i li\u1ec7u t\u00e0i ch\u00ednh c\u1ee7a b\u1ea1n ph\u1ea3i d\u01b0\u1edbi 6 th\u00e1ng.<\/li><li>N\u1ebfu b\u1ea1n c\u00f3 b\u1ea5t k\u1ef3 ng\u01b0\u1eddi ph\u1ee5 thu\u1ed9c F-2 n\u00e0o, t\u00e0i li\u1ec7u t\u00e0i ch\u00ednh c\u1ee7a b\u1ea1n ph\u1ea3i hi\u1ec3n th\u1ecb th\u00eam $500 cho m\u1ed7i ng\u01b0\u1eddi ph\u1ee5 thu\u1ed9c F-2 trong 4 tu\u1ea7n m\u00e0 b\u1ea1n d\u1ef1 \u0111\u1ecbnh h\u1ecdc.<\/li><\/ul><p><strong>3. Tuy\u00ean b\u1ed1 tr\u00e1ch nhi\u1ec7m t\u00e0i ch\u00ednh (ch\u1ec9 d\u00e0nh cho sinh vi\u00ean c\u00f3 nh\u00e0 t\u00e0i tr\u1ee3)<\/strong><\/p><p style=\"padding-left: 40px;\">N\u1ebfu ch\u1ee7 t\u00e0i kho\u1ea3n tr\u00ean ch\u1ee9ng t\u1eeb t\u00e0i ch\u00ednh c\u1ee7a b\u1ea1n c\u00f3 h\u1ecd kh\u00e1c v\u1edbi b\u1ea1n, vui l\u00f2ng y\u00eau c\u1ea7u ch\u1ee7 t\u00e0i kho\u1ea3n \u0111i\u1ec1n v\u00e0 k\u00fd t\u00ean v\u00e0o <a href=\"https:\/\/alps.edu\/wp-content\/uploads\/2021\/03\/Financial-Responsibility-Statement.pdf\">Tuy\u00ean b\u1ed1 tr\u00e1ch nhi\u1ec7m t\u00e0i ch\u00ednh.<\/a> Kh\u00f4ng c\u1ea7n thi\u1ebft ph\u1ea3i \u0111i\u1ec1n bi\u1ec3u m\u1eabu n\u00e0y n\u1ebfu b\u1ea1n v\u00e0 ng\u01b0\u1eddi b\u1ea3o tr\u1ee3 c\u1ee7a b\u1ea1n c\u00f3 c\u00f9ng h\u1ecd.<\/p><p>Vui l\u00f2ng li\u00ean h\u1ec7 <a href=\"mailto:info@alps.edu\">info@alps.edu<\/a> v\u1edbi b\u1ea5t k\u1ef3 c\u00e2u h\u1ecfi n\u00e0o v\u1ec1 \u0111\u01a1n \u0111\u0103ng k\u00fd c\u1ee7a b\u1ea1n. Ch\u00fang t\u00f4i r\u1ea5t mong \u0111\u01b0\u1ee3c b\u1ea1n h\u1ecdc c\u00f9ng ch\u00fang t\u00f4i!<\/p>\t\t\t\t\t\t\t\t<\/div>\n\t\t\t\t<\/div>\n\t\t\t\t\t<\/div>\n\t\t<\/div>\n\t\t\t\t\t<\/div>\n\t\t<\/section>\n\t\t\t\t<\/div>","protected":false},"excerpt":{"rendered":"<p>Thank you for your application! ALPS admissions staff will contact you within 1-2 business days. Next steps: Please pay the non-refundable application fee ($150). You can pay online with a credit or debit card, or you can pay with the payment app Zelle (a commonly used payment app in the US &#8211; more info here). [&hellip;]<\/p>\n","protected":false},"author":2,"featured_media":0,"parent":0,"menu_order":0,"comment_status":"closed","ping_status":"closed","template":"","meta":{"_acf_changed":false,"footnotes":""},"class_list":["post-1387","page","type-page","status-publish","hentry"],"acf":[],"yoast_head":"<!-- This site is optimized with the Yoast SEO plugin v27.1.1 - https:\/\/yoast.com\/product\/yoast-seo-wordpress\/ -->\n<title>Thank You - Transfer Application - ALPS Language School<\/title>\n<meta name=\"robots\" content=\"index, follow, max-snippet:-1, max-image-preview:large, max-video-preview:-1\" \/>\n<link rel=\"canonical\" href=\"https:\/\/alps.edu\/vi\/cam-on-ban-chuyen\/\" \/>\n<meta property=\"og:locale\" content=\"vi_VN\" \/>\n<meta property=\"og:type\" content=\"article\" \/>\n<meta property=\"og:title\" content=\"Thank You - Transfer Application - ALPS Language School\" \/>\n<meta property=\"og:description\" content=\"Thank you for your application! ALPS admissions staff will contact you within 1-2 business days. Next steps: Please pay the non-refundable application fee ($150). You can pay online with a credit or debit card, or you can pay with the payment app Zelle (a commonly used payment app in the US &#8211; more info here). [&hellip;]\" \/>\n<meta property=\"og:url\" content=\"https:\/\/alps.edu\/vi\/cam-on-ban-chuyen\/\" \/>\n<meta property=\"og:site_name\" content=\"ALPS Language School\" \/>\n<meta property=\"article:publisher\" content=\"https:\/\/www.facebook.com\/ALPS.Language.School\/\" \/>\n<meta property=\"article:modified_time\" content=\"2026-03-23T22:20:22+00:00\" \/>\n<meta name=\"twitter:card\" content=\"summary_large_image\" \/>\n<meta name=\"twitter:site\" content=\"@ALPS_School\" \/>\n<meta name=\"twitter:label1\" content=\"\u01af\u1edbc t\u00ednh th\u1eddi gian \u0111\u1ecdc\" \/>\n\t<meta name=\"twitter:data1\" content=\"2 ph\u00fat\" \/>\n<script type=\"application\/ld+json\" class=\"yoast-schema-graph\">{\"@context\":\"https:\/\/schema.org\",\"@graph\":[{\"@type\":\"WebPage\",\"@id\":\"https:\/\/alps.edu\/thank-you-transfer\/\",\"url\":\"https:\/\/alps.edu\/thank-you-transfer\/\",\"name\":\"Thank You - Transfer Application - ALPS Language School\",\"isPartOf\":{\"@id\":\"https:\/\/alps.edu\/#website\"},\"datePublished\":\"2020-09-18T19:28:57+00:00\",\"dateModified\":\"2026-03-23T22:20:22+00:00\",\"breadcrumb\":{\"@id\":\"https:\/\/alps.edu\/thank-you-transfer\/#breadcrumb\"},\"inLanguage\":\"vi\",\"potentialAction\":[{\"@type\":\"ReadAction\",\"target\":[\"https:\/\/alps.edu\/thank-you-transfer\/\"]}]},{\"@type\":\"BreadcrumbList\",\"@id\":\"https:\/\/alps.edu\/thank-you-transfer\/#breadcrumb\",\"itemListElement\":[{\"@type\":\"ListItem\",\"position\":1,\"name\":\"Home\",\"item\":\"https:\/\/alps.edu\/\"},{\"@type\":\"ListItem\",\"position\":2,\"name\":\"Thank You &#8211; Transfer Application\"}]},{\"@type\":\"WebSite\",\"@id\":\"https:\/\/alps.edu\/#website\",\"url\":\"https:\/\/alps.edu\/\",\"name\":\"ALPS Language School\",\"description\":\"Seattle English Classes for Adults\",\"publisher\":{\"@id\":\"https:\/\/alps.edu\/#organization\"},\"potentialAction\":[{\"@type\":\"SearchAction\",\"target\":{\"@type\":\"EntryPoint\",\"urlTemplate\":\"https:\/\/alps.edu\/?s={search_term_string}\"},\"query-input\":{\"@type\":\"PropertyValueSpecification\",\"valueRequired\":true,\"valueName\":\"search_term_string\"}}],\"inLanguage\":\"vi\"},{\"@type\":\"Organization\",\"@id\":\"https:\/\/alps.edu\/#organization\",\"name\":\"ALPS Language School\",\"url\":\"https:\/\/alps.edu\/\",\"logo\":{\"@type\":\"ImageObject\",\"inLanguage\":\"vi\",\"@id\":\"https:\/\/alps.edu\/#\/schema\/logo\/image\/\",\"url\":\"https:\/\/alps.edu\/wp-content\/uploads\/2020\/04\/alps-logo.png\",\"contentUrl\":\"https:\/\/alps.edu\/wp-content\/uploads\/2020\/04\/alps-logo.png\",\"width\":256,\"height\":181,\"caption\":\"ALPS Language School\"},\"image\":{\"@id\":\"https:\/\/alps.edu\/#\/schema\/logo\/image\/\"},\"sameAs\":[\"https:\/\/www.facebook.com\/ALPS.Language.School\/\",\"https:\/\/x.com\/ALPS_School\",\"https:\/\/www.linkedin.com\/school\/alps-language-school\/\"]}]}<\/script>\n<!-- \/ Yoast SEO plugin. -->","yoast_head_json":{"title":"C\u1ea3m \u01a1n - \u0110\u01a1n xin chuy\u1ec3n tr\u01b0\u1eddng - Tr\u01b0\u1eddng ng\u00f4n ng\u1eef ALPS","robots":{"index":"index","follow":"follow","max-snippet":"max-snippet:-1","max-image-preview":"max-image-preview:large","max-video-preview":"max-video-preview:-1"},"canonical":"https:\/\/alps.edu\/vi\/cam-on-ban-chuyen\/","og_locale":"vi_VN","og_type":"article","og_title":"Thank You - Transfer Application - ALPS Language School","og_description":"Thank you for your application! ALPS admissions staff will contact you within 1-2 business days. Next steps: Please pay the non-refundable application fee ($150). You can pay online with a credit or debit card, or you can pay with the payment app Zelle (a commonly used payment app in the US &#8211; more info here). [&hellip;]","og_url":"https:\/\/alps.edu\/vi\/cam-on-ban-chuyen\/","og_site_name":"ALPS Language School","article_publisher":"https:\/\/www.facebook.com\/ALPS.Language.School\/","article_modified_time":"2026-03-23T22:20:22+00:00","twitter_card":"summary_large_image","twitter_site":"@ALPS_School","twitter_misc":{"\u01af\u1edbc t\u00ednh th\u1eddi gian \u0111\u1ecdc":"2 ph\u00fat"},"schema":{"@context":"https:\/\/schema.org","@graph":[{"@type":"WebPage","@id":"https:\/\/alps.edu\/thank-you-transfer\/","url":"https:\/\/alps.edu\/thank-you-transfer\/","name":"C\u1ea3m \u01a1n - \u0110\u01a1n xin chuy\u1ec3n tr\u01b0\u1eddng - Tr\u01b0\u1eddng ng\u00f4n ng\u1eef ALPS","isPartOf":{"@id":"https:\/\/alps.edu\/#website"},"datePublished":"2020-09-18T19:28:57+00:00","dateModified":"2026-03-23T22:20:22+00:00","breadcrumb":{"@id":"https:\/\/alps.edu\/thank-you-transfer\/#breadcrumb"},"inLanguage":"vi","potentialAction":[{"@type":"ReadAction","target":["https:\/\/alps.edu\/thank-you-transfer\/"]}]},{"@type":"BreadcrumbList","@id":"https:\/\/alps.edu\/thank-you-transfer\/#breadcrumb","itemListElement":[{"@type":"ListItem","position":1,"name":"Home","item":"https:\/\/alps.edu\/"},{"@type":"ListItem","position":2,"name":"Thank You &#8211; Transfer Application"}]},{"@type":"WebSite","@id":"https:\/\/alps.edu\/#website","url":"https:\/\/alps.edu\/","name":"Tr\u01b0\u1eddng ng\u00f4n ng\u1eef ALPS","description":"L\u1edbp h\u1ecdc ti\u1ebfng Anh Seattle d\u00e0nh cho ng\u01b0\u1eddi l\u1edbn","publisher":{"@id":"https:\/\/alps.edu\/#organization"},"potentialAction":[{"@type":"SearchAction","target":{"@type":"EntryPoint","urlTemplate":"https:\/\/alps.edu\/?s={search_term_string}"},"query-input":{"@type":"PropertyValueSpecification","valueRequired":true,"valueName":"search_term_string"}}],"inLanguage":"vi"},{"@type":"Organization","@id":"https:\/\/alps.edu\/#organization","name":"Tr\u01b0\u1eddng ng\u00f4n ng\u1eef ALPS","url":"https:\/\/alps.edu\/","logo":{"@type":"ImageObject","inLanguage":"vi","@id":"https:\/\/alps.edu\/#\/schema\/logo\/image\/","url":"https:\/\/alps.edu\/wp-content\/uploads\/2020\/04\/alps-logo.png","contentUrl":"https:\/\/alps.edu\/wp-content\/uploads\/2020\/04\/alps-logo.png","width":256,"height":181,"caption":"ALPS Language School"},"image":{"@id":"https:\/\/alps.edu\/#\/schema\/logo\/image\/"},"sameAs":["https:\/\/www.facebook.com\/ALPS.Language.School\/","https:\/\/x.com\/ALPS_School","https:\/\/www.linkedin.com\/school\/alps-language-school\/"]}]}},"_links":{"self":[{"href":"https:\/\/alps.edu\/vi\/wp-json\/wp\/v2\/pages\/1387","targetHints":{"allow":["GET"]}}],"collection":[{"href":"https:\/\/alps.edu\/vi\/wp-json\/wp\/v2\/pages"}],"about":[{"href":"https:\/\/alps.edu\/vi\/wp-json\/wp\/v2\/types\/page"}],"author":[{"embeddable":true,"href":"https:\/\/alps.edu\/vi\/wp-json\/wp\/v2\/users\/2"}],"replies":[{"embeddable":true,"href":"https:\/\/alps.edu\/vi\/wp-json\/wp\/v2\/comments?post=1387"}],"version-history":[{"count":33,"href":"https:\/\/alps.edu\/vi\/wp-json\/wp\/v2\/pages\/1387\/revisions"}],"predecessor-version":[{"id":3794,"href":"https:\/\/alps.edu\/vi\/wp-json\/wp\/v2\/pages\/1387\/revisions\/3794"}],"wp:attachment":[{"href":"https:\/\/alps.edu\/vi\/wp-json\/wp\/v2\/media?parent=1387"}],"curies":[{"name":"wp","href":"https:\/\/api.w.org\/{rel}","templated":true}]}}