{"id":1492,"date":"2021-02-10T15:45:58","date_gmt":"2021-02-10T23:45:58","guid":{"rendered":"https:\/\/alps.edu\/?page_id=1492"},"modified":"2021-02-10T15:45:58","modified_gmt":"2021-02-10T23:45:58","slug":"qr","status":"publish","type":"page","link":"https:\/\/alps.edu\/vi\/qr\/","title":{"rendered":"C\u1ea3i thi\u1ec7n ti\u1ebfng Anh c\u1ee7a b\u1ea1n t\u1ea1i ALPS"},"content":{"rendered":"<div data-elementor-type=\"wp-page\" data-elementor-id=\"1492\" class=\"elementor elementor-1492\" data-elementor-post-type=\"page\">\n\t\t\t\t\t\t<section data-particle_enable=\"false\" data-particle-mobile-disabled=\"false\" class=\"elementor-section elementor-top-section elementor-element elementor-element-61e48a3 elementor-section-boxed elementor-section-height-default elementor-section-height-default\" data-id=\"61e48a3\" data-element_type=\"section\" data-e-type=\"section\">\n\t\t\t\t\t\t<div class=\"elementor-container elementor-column-gap-default\">\n\t\t\t\t\t<div class=\"elementor-column elementor-col-50 elementor-top-column elementor-element elementor-element-904a38e\" data-id=\"904a38e\" data-element_type=\"column\" data-e-type=\"column\">\n\t\t\t<div class=\"elementor-widget-wrap elementor-element-populated\">\n\t\t\t\t\t\t<div class=\"elementor-element elementor-element-a67e164 elementor-align-center elementor-widget elementor-widget-button\" data-id=\"a67e164\" data-element_type=\"widget\" data-e-type=\"widget\" data-widget_type=\"button.default\">\n\t\t\t\t<div class=\"elementor-widget-container\">\n\t\t\t\t\t\t\t\t\t<div class=\"elementor-button-wrapper\">\n\t\t\t\t\t<a class=\"elementor-button elementor-button-link elementor-size-xl\" href=\"tel:12067206363\">\n\t\t\t\t\t\t<span class=\"elementor-button-content-wrapper\">\n\t\t\t\t\t\t\t\t\t<span class=\"elementor-button-text\">H\u00e3y g\u1ecdi cho ch\u00fang t\u00f4i ngay h\u00f4m nay \u0111\u1ec3 bi\u1ebft th\u00eam th\u00f4ng tin chi ti\u1ebft!<\/span>\n\t\t\t\t\t<\/span>\n\t\t\t\t\t<\/a>\n\t\t\t\t<\/div>\n\t\t\t\t\t\t\t\t<\/div>\n\t\t\t\t<\/div>\n\t\t\t\t<div class=\"elementor-element elementor-element-24315e0 elementor-widget elementor-widget-text-editor\" data-id=\"24315e0\" data-element_type=\"widget\" data-e-type=\"widget\" data-widget_type=\"text-editor.default\">\n\t\t\t\t<div class=\"elementor-widget-container\">\n\t\t\t\t\t\t\t\t\t<p style=\"text-align: center;\">H\u1ecdc tr\u1ef1c ti\u1ebfp ho\u1eb7c tr\u1ef1c tuy\u1ebfn<\/p><p style=\"text-align: center;\">L\u1edbp h\u1ecdc nh\u00f3m nh\u1ecf (3-8 h\u1ecdc sinh)<\/p><p style=\"text-align: center;\">H\u1ecdc Ng\u1eef Ph\u00e1p V\u00e0 T\u1eeb V\u1ef1ng Cu\u1ed9c S\u1ed1ng H\u00e0ng Ng\u00e0y \u1ede M\u1ef9<\/p><p style=\"text-align: center;\">Kh\u00f4ng kh\u00ed th\u00e2n thi\u1ec7n, ch\u00e0o \u0111\u00f3n<\/p>\t\t\t\t\t\t\t\t<\/div>\n\t\t\t\t<\/div>\n\t\t\t\t<div class=\"elementor-element elementor-element-9d6b3b4 elementor-widget elementor-widget-spacer\" data-id=\"9d6b3b4\" data-element_type=\"widget\" data-e-type=\"widget\" data-widget_type=\"spacer.default\">\n\t\t\t\t<div class=\"elementor-widget-container\">\n\t\t\t\t\t\t\t<div class=\"elementor-spacer\">\n\t\t\t<div class=\"elementor-spacer-inner\"><\/div>\n\t\t<\/div>\n\t\t\t\t\t\t<\/div>\n\t\t\t\t<\/div>\n\t\t\t\t<div class=\"elementor-element elementor-element-947e6e6 elementor-cta--skin-classic elementor-animated-content elementor-bg-transform elementor-bg-transform-zoom-in elementor-widget elementor-widget-call-to-action\" data-id=\"947e6e6\" data-element_type=\"widget\" data-e-type=\"widget\" data-widget_type=\"call-to-action.default\">\n\t\t\t\t<div class=\"elementor-widget-container\">\n\t\t\t\t\t\t\t<a class=\"elementor-cta\" href=\"https:\/\/alps.edu\/vi\/cac-khoa-hoc\/\" target=\"_blank\">\n\t\t\t\t\t<div class=\"elementor-cta__bg-wrapper\">\n\t\t\t\t<div class=\"elementor-cta__bg elementor-bg\" style=\"background-image: url(https:\/\/alps.edu\/wp-content\/uploads\/2020\/07\/Group-1-768x606.jpg);\" role=\"img\" aria-label=\"Ho\u1ea1t \u0111\u1ed9ng nh\u00f3m h\u1ecdc sinh ALPS c\u1ee7a h\u1ecdc sinh t\u1ea1i Mount Rainier g\u1ea7n Seattle v\u1edbi gi\u00e1o vi\u00ean\"><\/div>\n\t\t\t\t<div class=\"elementor-cta__bg-overlay\"><\/div>\n\t\t\t<\/div>\n\t\t\t\t\t\t\t<div class=\"elementor-cta__content\">\n\t\t\t\t\n\t\t\t\t\t\t\t\t\t<h2 class=\"elementor-cta__title elementor-cta__content-item elementor-content-item\">\n\t\t\t\t\t\tKh\u00f3a h\u1ecdc c\u1ee7a ch\u00fang t\u00f4i\t\t\t\t\t<\/h2>\n\t\t\t\t\n\t\t\t\t\t\t\t\t\t<div class=\"elementor-cta__description elementor-cta__content-item elementor-content-item\">\n\t\t\t\t\t\tT\u00ecm hi\u1ec3u th\u00eam v\u1ec1 c\u00e1c l\u1ef1a ch\u1ecdn kh\u00f3a h\u1ecdc linh ho\u1ea1t c\u1ee7a ch\u00fang t\u00f4i \u0111\u1ec3 \u0111\u00e1p \u1ee9ng m\u1ee5c ti\u00eau ti\u1ebfng Anh c\u1ee7a b\u1ea1n.\t\t\t\t\t<\/div>\n\t\t\t\t\n\t\t\t\t\t\t\t\t\t<div class=\"elementor-cta__button-wrapper elementor-cta__content-item elementor-content-item\">\n\t\t\t\t\t<span class=\"elementor-cta__button elementor-button elementor-size-\">\n\t\t\t\t\t\tB\u1ea5m v\u00e0o \u0111\u00e2y\t\t\t\t\t<\/span>\n\t\t\t\t\t<\/div>\n\t\t\t\t\t\t\t<\/div>\n\t\t\t\t\t\t<\/a>\n\t\t\t\t\t\t<\/div>\n\t\t\t\t<\/div>\n\t\t\t\t<div class=\"elementor-element elementor-element-b4e06fb elementor-widget elementor-widget-spacer\" data-id=\"b4e06fb\" data-element_type=\"widget\" data-e-type=\"widget\" data-widget_type=\"spacer.default\">\n\t\t\t\t<div class=\"elementor-widget-container\">\n\t\t\t\t\t\t\t<div class=\"elementor-spacer\">\n\t\t\t<div class=\"elementor-spacer-inner\"><\/div>\n\t\t<\/div>\n\t\t\t\t\t\t<\/div>\n\t\t\t\t<\/div>\n\t\t\t\t\t<\/div>\n\t\t<\/div>\n\t\t\t\t<div class=\"elementor-column elementor-col-50 elementor-top-column elementor-element elementor-element-6259165\" data-id=\"6259165\" data-element_type=\"column\" data-e-type=\"column\">\n\t\t\t<div class=\"elementor-widget-wrap elementor-element-populated\">\n\t\t\t\t\t\t<div class=\"elementor-element elementor-element-7a8c06e elementor-widget elementor-widget-google_maps\" data-id=\"7a8c06e\" data-element_type=\"widget\" data-e-type=\"widget\" data-widget_type=\"google_maps.default\">\n\t\t\t\t<div class=\"elementor-widget-container\">\n\t\t\t\t\t\t\t<div class=\"elementor-custom-embed\">\n\t\t\t<iframe loading=\"lazy\"\n\t\t\t\t\tsrc=\"https:\/\/maps.google.com\/maps?q=alps%20language%20school%20430%20Broadway%20E%2C%20Seattle%2C%20WA%2098102&#038;t=m&#038;z=10&#038;output=embed&#038;iwloc=near\"\n\t\t\t\t\ttitle=\"tr\u01b0\u1eddng ng\u00f4n ng\u1eef Alps 430 Broadway E, Seattle, WA 98102\"\n\t\t\t\t\taria-label=\"tr\u01b0\u1eddng ng\u00f4n ng\u1eef Alps 430 Broadway E, Seattle, WA 98102\"\n\t\t\t><\/iframe>\n\t\t<\/div>\n\t\t\t\t\t\t<\/div>\n\t\t\t\t<\/div>\n\t\t\t\t\t<\/div>\n\t\t<\/div>\n\t\t\t\t\t<\/div>\n\t\t<\/section>\n\t\t\t\t<section data-particle_enable=\"false\" data-particle-mobile-disabled=\"false\" class=\"elementor-section elementor-top-section elementor-element elementor-element-bed8fa2 elementor-section-boxed elementor-section-height-default elementor-section-height-default\" data-id=\"bed8fa2\" data-element_type=\"section\" data-e-type=\"section\">\n\t\t\t\t\t\t<div class=\"elementor-container elementor-column-gap-default\">\n\t\t\t\t\t<div class=\"elementor-column elementor-col-100 elementor-top-column elementor-element elementor-element-1d47d2a\" data-id=\"1d47d2a\" data-element_type=\"column\" data-e-type=\"column\">\n\t\t\t<div class=\"elementor-widget-wrap\">\n\t\t\t\t\t\t\t<\/div>\n\t\t<\/div>\n\t\t\t\t\t<\/div>\n\t\t<\/section>\n\t\t\t\t<section data-particle_enable=\"false\" data-particle-mobile-disabled=\"false\" class=\"elementor-section elementor-top-section elementor-element elementor-element-ccb0408 elementor-section-boxed elementor-section-height-default elementor-section-height-default\" data-id=\"ccb0408\" data-element_type=\"section\" data-e-type=\"section\">\n\t\t\t\t\t\t<div class=\"elementor-container elementor-column-gap-default\">\n\t\t\t\t\t<div class=\"elementor-column elementor-col-100 elementor-top-column elementor-element elementor-element-f710492\" data-id=\"f710492\" data-element_type=\"column\" data-e-type=\"column\">\n\t\t\t<div class=\"elementor-widget-wrap\">\n\t\t\t\t\t\t\t<\/div>\n\t\t<\/div>\n\t\t\t\t\t<\/div>\n\t\t<\/section>\n\t\t\t\t<\/div>","protected":false},"excerpt":{"rendered":"<p>H\u00e3y g\u1ecdi cho ch\u00fang t\u00f4i ngay h\u00f4m nay \u0111\u1ec3 bi\u1ebft th\u00eam th\u00f4ng tin chi ti\u1ebft! H\u1ecdc tr\u1ef1c ti\u1ebfp ho\u1eb7c l\u1edbp h\u1ecdc nh\u00f3m nh\u1ecf tr\u1ef1c tuy\u1ebfn (3-8 h\u1ecdc sinh) H\u1ecdc ng\u1eef ph\u00e1p v\u00e0 t\u1eeb v\u1ef1ng cho cu\u1ed9c s\u1ed1ng h\u00e0ng ng\u00e0y \u1edf Hoa K\u1ef3 Kh\u00f4ng kh\u00ed th\u00e2n thi\u1ec7n, ch\u00e0o \u0111\u00f3n C\u00e1c kh\u00f3a h\u1ecdc c\u1ee7a ch\u00fang t\u00f4i T\u00ecm hi\u1ec3u th\u00eam v\u1ec1 c\u00e1c l\u1ef1a ch\u1ecdn kh\u00f3a h\u1ecdc linh ho\u1ea1t c\u1ee7a ch\u00fang t\u00f4i \u0111\u1ec3 \u0111\u00e1p \u1ee9ng m\u1ee5c ti\u00eau ti\u1ebfng Anh c\u1ee7a b\u1ea1n. B\u1ea5m v\u00e0o \u0111\u00e2y<\/p>","protected":false},"author":2,"featured_media":844,"parent":0,"menu_order":0,"comment_status":"closed","ping_status":"closed","template":"","meta":{"_acf_changed":false,"footnotes":""},"class_list":["post-1492","page","type-page","status-publish","has-post-thumbnail","hentry"],"acf":[],"yoast_head":"<!-- This site is optimized with the Yoast SEO plugin v27.5 - https:\/\/yoast.com\/product\/yoast-seo-wordpress\/ -->\n<title>Improve Your English at ALPS - ALPS Language School<\/title>\n<meta name=\"description\" content=\"Improve your English in small group classes (3-8 students) at ALPS Language School in Seattle! Study in person or online.\" \/>\n<meta name=\"robots\" content=\"index, follow, max-snippet:-1, max-image-preview:large, max-video-preview:-1\" \/>\n<link rel=\"canonical\" href=\"https:\/\/alps.edu\/vi\/qr\/\" \/>\n<meta property=\"og:locale\" content=\"vi_VN\" \/>\n<meta property=\"og:type\" content=\"article\" \/>\n<meta property=\"og:title\" content=\"Improve Your English at ALPS - ALPS Language School\" \/>\n<meta property=\"og:description\" content=\"Improve your English in small group classes (3-8 students) at ALPS Language School in Seattle! Study in person or online.\" \/>\n<meta property=\"og:url\" content=\"https:\/\/alps.edu\/vi\/qr\/\" \/>\n<meta property=\"og:site_name\" content=\"ALPS Language School\" \/>\n<meta property=\"article:publisher\" content=\"https:\/\/www.facebook.com\/ALPS.Language.School\/\" \/>\n<meta property=\"og:image\" content=\"https:\/\/alps.edu\/wp-content\/uploads\/2020\/07\/Home-AND-Contact-scaled-e1594793791165.jpg\" \/>\n\t<meta property=\"og:image:width\" content=\"1600\" \/>\n\t<meta property=\"og:image:height\" content=\"1066\" \/>\n\t<meta property=\"og:image:type\" content=\"image\/jpeg\" \/>\n<meta name=\"twitter:card\" content=\"summary_large_image\" \/>\n<meta name=\"twitter:site\" content=\"@ALPS_School\" \/>\n<meta name=\"twitter:label1\" content=\"\u01af\u1edbc t\u00ednh th\u1eddi gian \u0111\u1ecdc\" \/>\n\t<meta name=\"twitter:data1\" content=\"1 ph\u00fat\" \/>\n<script type=\"application\/ld+json\" class=\"yoast-schema-graph\">{\"@context\":\"https:\\\/\\\/schema.org\",\"@graph\":[{\"@type\":\"WebPage\",\"@id\":\"https:\\\/\\\/alps.edu\\\/qr\\\/\",\"url\":\"https:\\\/\\\/alps.edu\\\/qr\\\/\",\"name\":\"Improve Your English at ALPS - ALPS Language School\",\"isPartOf\":{\"@id\":\"https:\\\/\\\/alps.edu\\\/#website\"},\"primaryImageOfPage\":{\"@id\":\"https:\\\/\\\/alps.edu\\\/qr\\\/#primaryimage\"},\"image\":{\"@id\":\"https:\\\/\\\/alps.edu\\\/qr\\\/#primaryimage\"},\"thumbnailUrl\":\"https:\\\/\\\/alps.edu\\\/wp-content\\\/uploads\\\/2020\\\/07\\\/Home-AND-Contact-scaled-e1594793791165.jpg\",\"datePublished\":\"2021-02-10T23:45:58+00:00\",\"description\":\"Improve your English in small group classes (3-8 students) at ALPS Language School in Seattle! Study in person or online.\",\"breadcrumb\":{\"@id\":\"https:\\\/\\\/alps.edu\\\/qr\\\/#breadcrumb\"},\"inLanguage\":\"vi\",\"potentialAction\":[{\"@type\":\"ReadAction\",\"target\":[\"https:\\\/\\\/alps.edu\\\/qr\\\/\"]}]},{\"@type\":\"ImageObject\",\"inLanguage\":\"vi\",\"@id\":\"https:\\\/\\\/alps.edu\\\/qr\\\/#primaryimage\",\"url\":\"https:\\\/\\\/alps.edu\\\/wp-content\\\/uploads\\\/2020\\\/07\\\/Home-AND-Contact-scaled-e1594793791165.jpg\",\"contentUrl\":\"https:\\\/\\\/alps.edu\\\/wp-content\\\/uploads\\\/2020\\\/07\\\/Home-AND-Contact-scaled-e1594793791165.jpg\",\"width\":1600,\"height\":1066},{\"@type\":\"BreadcrumbList\",\"@id\":\"https:\\\/\\\/alps.edu\\\/qr\\\/#breadcrumb\",\"itemListElement\":[{\"@type\":\"ListItem\",\"position\":1,\"name\":\"Home\",\"item\":\"https:\\\/\\\/alps.edu\\\/\"},{\"@type\":\"ListItem\",\"position\":2,\"name\":\"Improve Your English at ALPS\"}]},{\"@type\":\"WebSite\",\"@id\":\"https:\\\/\\\/alps.edu\\\/#website\",\"url\":\"https:\\\/\\\/alps.edu\\\/\",\"name\":\"ALPS Language School\",\"description\":\"Seattle English Classes for Adults\",\"publisher\":{\"@id\":\"https:\\\/\\\/alps.edu\\\/#organization\"},\"potentialAction\":[{\"@type\":\"SearchAction\",\"target\":{\"@type\":\"EntryPoint\",\"urlTemplate\":\"https:\\\/\\\/alps.edu\\\/?s={search_term_string}\"},\"query-input\":{\"@type\":\"PropertyValueSpecification\",\"valueRequired\":true,\"valueName\":\"search_term_string\"}}],\"inLanguage\":\"vi\"},{\"@type\":\"Organization\",\"@id\":\"https:\\\/\\\/alps.edu\\\/#organization\",\"name\":\"ALPS Language School\",\"url\":\"https:\\\/\\\/alps.edu\\\/\",\"logo\":{\"@type\":\"ImageObject\",\"inLanguage\":\"vi\",\"@id\":\"https:\\\/\\\/alps.edu\\\/#\\\/schema\\\/logo\\\/image\\\/\",\"url\":\"https:\\\/\\\/alps.edu\\\/wp-content\\\/uploads\\\/2020\\\/04\\\/alps-logo.png\",\"contentUrl\":\"https:\\\/\\\/alps.edu\\\/wp-content\\\/uploads\\\/2020\\\/04\\\/alps-logo.png\",\"width\":256,\"height\":181,\"caption\":\"ALPS Language School\"},\"image\":{\"@id\":\"https:\\\/\\\/alps.edu\\\/#\\\/schema\\\/logo\\\/image\\\/\"},\"sameAs\":[\"https:\\\/\\\/www.facebook.com\\\/ALPS.Language.School\\\/\",\"https:\\\/\\\/x.com\\\/ALPS_School\",\"https:\\\/\\\/www.linkedin.com\\\/school\\\/alps-language-school\\\/\"]}]}<\/script>\n<!-- \/ Yoast SEO plugin. -->","yoast_head_json":{"title":"C\u1ea3i thi\u1ec7n ti\u1ebfng Anh c\u1ee7a b\u1ea1n t\u1ea1i ALPS - Tr\u01b0\u1eddng Ng\u00f4n ng\u1eef ALPS","description":"C\u1ea3i thi\u1ec7n ti\u1ebfng Anh c\u1ee7a b\u1ea1n trong c\u00e1c l\u1edbp h\u1ecdc nh\u00f3m nh\u1ecf (3-8 h\u1ecdc sinh) t\u1ea1i Tr\u01b0\u1eddng Ng\u00f4n ng\u1eef ALPS \u1edf Seattle! H\u1ecdc tr\u1ef1c ti\u1ebfp ho\u1eb7c tr\u1ef1c tuy\u1ebfn.","robots":{"index":"index","follow":"follow","max-snippet":"max-snippet:-1","max-image-preview":"max-image-preview:large","max-video-preview":"max-video-preview:-1"},"canonical":"https:\/\/alps.edu\/vi\/qr\/","og_locale":"vi_VN","og_type":"article","og_title":"Improve Your English at ALPS - ALPS Language School","og_description":"Improve your English in small group classes (3-8 students) at ALPS Language School in Seattle! Study in person or online.","og_url":"https:\/\/alps.edu\/vi\/qr\/","og_site_name":"ALPS Language School","article_publisher":"https:\/\/www.facebook.com\/ALPS.Language.School\/","og_image":[{"width":1600,"height":1066,"url":"https:\/\/alps.edu\/wp-content\/uploads\/2020\/07\/Home-AND-Contact-scaled-e1594793791165.jpg","type":"image\/jpeg"}],"twitter_card":"summary_large_image","twitter_site":"@ALPS_School","twitter_misc":{"\u01af\u1edbc t\u00ednh th\u1eddi gian \u0111\u1ecdc":"1 ph\u00fat"},"schema":{"@context":"https:\/\/schema.org","@graph":[{"@type":"WebPage","@id":"https:\/\/alps.edu\/qr\/","url":"https:\/\/alps.edu\/qr\/","name":"C\u1ea3i thi\u1ec7n ti\u1ebfng Anh c\u1ee7a b\u1ea1n t\u1ea1i ALPS - Tr\u01b0\u1eddng Ng\u00f4n ng\u1eef ALPS","isPartOf":{"@id":"https:\/\/alps.edu\/#website"},"primaryImageOfPage":{"@id":"https:\/\/alps.edu\/qr\/#primaryimage"},"image":{"@id":"https:\/\/alps.edu\/qr\/#primaryimage"},"thumbnailUrl":"https:\/\/alps.edu\/wp-content\/uploads\/2020\/07\/Home-AND-Contact-scaled-e1594793791165.jpg","datePublished":"2021-02-10T23:45:58+00:00","description":"C\u1ea3i thi\u1ec7n ti\u1ebfng Anh c\u1ee7a b\u1ea1n trong c\u00e1c l\u1edbp h\u1ecdc nh\u00f3m nh\u1ecf (3-8 h\u1ecdc sinh) t\u1ea1i Tr\u01b0\u1eddng Ng\u00f4n ng\u1eef ALPS \u1edf Seattle! H\u1ecdc tr\u1ef1c ti\u1ebfp ho\u1eb7c tr\u1ef1c tuy\u1ebfn.","breadcrumb":{"@id":"https:\/\/alps.edu\/qr\/#breadcrumb"},"inLanguage":"vi","potentialAction":[{"@type":"ReadAction","target":["https:\/\/alps.edu\/qr\/"]}]},{"@type":"ImageObject","inLanguage":"vi","@id":"https:\/\/alps.edu\/qr\/#primaryimage","url":"https:\/\/alps.edu\/wp-content\/uploads\/2020\/07\/Home-AND-Contact-scaled-e1594793791165.jpg","contentUrl":"https:\/\/alps.edu\/wp-content\/uploads\/2020\/07\/Home-AND-Contact-scaled-e1594793791165.jpg","width":1600,"height":1066},{"@type":"BreadcrumbList","@id":"https:\/\/alps.edu\/qr\/#breadcrumb","itemListElement":[{"@type":"ListItem","position":1,"name":"Home","item":"https:\/\/alps.edu\/"},{"@type":"ListItem","position":2,"name":"Improve Your English at ALPS"}]},{"@type":"WebSite","@id":"https:\/\/alps.edu\/#website","url":"https:\/\/alps.edu\/","name":"Tr\u01b0\u1eddng ng\u00f4n ng\u1eef ALPS","description":"L\u1edbp h\u1ecdc ti\u1ebfng Anh Seattle d\u00e0nh cho ng\u01b0\u1eddi l\u1edbn","publisher":{"@id":"https:\/\/alps.edu\/#organization"},"potentialAction":[{"@type":"SearchAction","target":{"@type":"EntryPoint","urlTemplate":"https:\/\/alps.edu\/?s={search_term_string}"},"query-input":{"@type":"PropertyValueSpecification","valueRequired":true,"valueName":"search_term_string"}}],"inLanguage":"vi"},{"@type":"Organization","@id":"https:\/\/alps.edu\/#organization","name":"Tr\u01b0\u1eddng ng\u00f4n ng\u1eef ALPS","url":"https:\/\/alps.edu\/","logo":{"@type":"ImageObject","inLanguage":"vi","@id":"https:\/\/alps.edu\/#\/schema\/logo\/image\/","url":"https:\/\/alps.edu\/wp-content\/uploads\/2020\/04\/alps-logo.png","contentUrl":"https:\/\/alps.edu\/wp-content\/uploads\/2020\/04\/alps-logo.png","width":256,"height":181,"caption":"ALPS Language School"},"image":{"@id":"https:\/\/alps.edu\/#\/schema\/logo\/image\/"},"sameAs":["https:\/\/www.facebook.com\/ALPS.Language.School\/","https:\/\/x.com\/ALPS_School","https:\/\/www.linkedin.com\/school\/alps-language-school\/"]}]}},"_links":{"self":[{"href":"https:\/\/alps.edu\/vi\/wp-json\/wp\/v2\/pages\/1492","targetHints":{"allow":["GET"]}}],"collection":[{"href":"https:\/\/alps.edu\/vi\/wp-json\/wp\/v2\/pages"}],"about":[{"href":"https:\/\/alps.edu\/vi\/wp-json\/wp\/v2\/types\/page"}],"author":[{"embeddable":true,"href":"https:\/\/alps.edu\/vi\/wp-json\/wp\/v2\/users\/2"}],"replies":[{"embeddable":true,"href":"https:\/\/alps.edu\/vi\/wp-json\/wp\/v2\/comments?post=1492"}],"version-history":[{"count":1,"href":"https:\/\/alps.edu\/vi\/wp-json\/wp\/v2\/pages\/1492\/revisions"}],"predecessor-version":[{"id":1493,"href":"https:\/\/alps.edu\/vi\/wp-json\/wp\/v2\/pages\/1492\/revisions\/1493"}],"wp:featuredmedia":[{"embeddable":true,"href":"https:\/\/alps.edu\/vi\/wp-json\/wp\/v2\/media\/844"}],"wp:attachment":[{"href":"https:\/\/alps.edu\/vi\/wp-json\/wp\/v2\/media?parent=1492"}],"curies":[{"name":"wp","href":"https:\/\/api.w.org\/{rel}","templated":true}]}}