{"id":1642,"date":"2021-04-07T11:28:47","date_gmt":"2021-04-07T18:28:47","guid":{"rendered":"https:\/\/alps.edu\/?page_id=1642"},"modified":"2021-04-07T13:03:14","modified_gmt":"2021-04-07T20:03:14","slug":"hoc-tieng-anh-seattle-dai-loan","status":"publish","type":"page","link":"https:\/\/alps.edu\/vi\/study-english-seattle-taiwan\/","title":{"rendered":"\u5728\u7f8e\u570b\u897f\u96c5\u5716\u5b78\u7fd2\u82f1\u8a9e"},"content":{"rendered":"<div data-elementor-type=\"wp-page\" data-elementor-id=\"1642\" class=\"elementor elementor-1642\" data-elementor-post-type=\"page\">\n\t\t\t\t\t\t<section data-particle_enable=\"false\" data-particle-mobile-disabled=\"false\" class=\"elementor-section elementor-top-section elementor-element elementor-element-61e48a3 elementor-section-boxed elementor-section-height-default elementor-section-height-default\" data-id=\"61e48a3\" data-element_type=\"section\" data-e-type=\"section\">\n\t\t\t\t\t\t<div class=\"elementor-container elementor-column-gap-default\">\n\t\t\t\t\t<div class=\"elementor-column elementor-col-50 elementor-top-column elementor-element elementor-element-904a38e\" data-id=\"904a38e\" data-element_type=\"column\" data-e-type=\"column\">\n\t\t\t<div class=\"elementor-widget-wrap elementor-element-populated\">\n\t\t\t\t\t\t<div class=\"elementor-element elementor-element-24315e0 elementor-widget elementor-widget-text-editor\" data-id=\"24315e0\" data-element_type=\"widget\" data-e-type=\"widget\" data-widget_type=\"text-editor.default\">\n\t\t\t\t<div class=\"elementor-widget-container\">\n\t\t\t\t\t\t\t\t\t<h1 style=\"text-align: center;\"><strong><a href=\"https:\/\/alps.edu\/zh\/\" target=\"_blank\" rel=\"noopener\">ALPS\u8a9e\u8a00\u5b78\u6821<\/a><\/strong><br \/>\u7f8e\u570b\u897f\u96c5\u5716\u6210\u4eba\u82f1\u8a9e\u8ab2<\/h1><h2>\u8ab2\u7a0b\u4ecb\u7d39<\/h2><p><strong><a href=\"https:\/\/alps.edu\/zh\/courses\/\" target=\"_blank\" rel=\"noopener\">\u5718\u9ad4\u8ab2\u7a0b<\/a><\/strong><\/p><p>\u5c0f\u73ed\u6559\u5b78(\u6700\u591a8\u4eba)<\/p><p><strong>\u807d\u8207\u8aaa<\/strong>\u4e5f\u5305\u542b\u4e86\u6587\u6cd5,\u95b1\u8b80\u8207\u5beb\u4f5c\u7684\u529f\u8ab2,\u9078\u4fee\u8ab2\u7a0b\u5247\u6709\u7247\u8a9e\u3001\u8afa\u8a9e\u3001\u65e5\u5e38\u751f\u6d3b\u82f1\u8a9e,\u7d1a\u6578\u7531\u521d\u7d1a\u81f3\u9ad8\u7d1a\u3002<\/p><p><strong>\u95b1\u8b80\u8207\u5beb\u4f5c\u3001\u6258\u798f\u8207\u591a\u76ca\u6e96\u5099\u8ab2\u7a0b<\/strong>\u91dd\u5c0d\u9700\u8981\u5b78\u8853\u95b1\u8b80\u3001\u5beb\u4f5c\u8207\u5b57\u5f59\u767c\u5c55\u8a13\u7df4\u7684\u5b78\u751f\u6240\u8a2d\u8a08\u7684\u8ab2\u7a0b,\u7d1a\u6578\u7531\u521d\u7d1a\u81f3\u9ad8\u7d1a\u3002<\/p><hr \/><p><a href=\"https:\/\/alps.edu\/zh\/housing\/\" target=\"_blank\" rel=\"noopener\"><strong>\u4f4f\u5bbf\u548c\u63a5\u6a5f\u670d\u52d9<\/strong><\/a><\/p><p>ALPS\u8a9e\u8a00\u5b78\u6821\u70ba\u5b78\u751f\u5b89\u6392\u4f4f\u5bbf\u5bb6\u5ead\u6216\u516c\u5bd3 \u2013 \u4e00\u500b\u7368\u7acb\u7684\u4f4f\u5bbf\u5bb6\u5ead\u7d44\u7e54\u3002\u8a72\u7d44\u7e54\u8207ALPS\u8a9e\u8a00\u5b78\u6821\u70ba\u4e0d\u540cB\u1ea1n c\u00f3 th\u1ec3 l\u00e0m \u0111\u01b0\u1ee3c \u0111i\u1ec1u \u0111\u00f3. .<\/p><p>B\u1ea1n c\u00f3 th\u1ec3 l\u00e0m \u0111\u01b0\u1ee3c \u0111i\u1ec1u \u0111\u00f3\u4f4f\u5bbf\u5bb6\u5ead\u540c\u4f4f\u3002<\/p><p>B\u1ea1n c\u00f3 th\u1ec3 l\u00e0m \u0111i\u1ec1u \u0111\u00f3 b\u1eb1ng c\u00e1ch s\u1eed d\u1ee5ng n\u00f3. B\u1ea1n c\u00f3 th\u1ec3 l\u00e0m \u0111\u01b0\u1ee3c \u0111i\u1ec1u \u0111\u00f3 kh\u00f4ng? B\u1ea1n c\u00f3 th\u1ec3 l\u00e0m \u0111i\u1ec1u \u0111\u00f3 b\u1eb1ng c\u00e1ch B\u1ea1n c\u00f3 th\u1ec3 l\u00e0m \u0111i\u1ec1u \u0111\u00f3 b\u1eb1ng c\u00e1ch s\u1eed d\u1ee5ng n\u00f3. B\u1ea1n c\u00f3 th\u1ec3 l\u00e0m \u0111\u01b0\u1ee3c \u0111i\u1ec1u \u0111\u00f3.\u548c\u6bcf\u500b\u6708\u7684\u4f4f\u5bbf\u8cbb\u8207\u4f19\u98df\u8cbb\u3002<\/p>\t\t\t\t\t\t\t\t<\/div>\n\t\t\t\t<\/div>\n\t\t\t\t<div class=\"elementor-element elementor-element-a67e164 elementor-align-center elementor-widget elementor-widget-button\" data-id=\"a67e164\" data-element_type=\"widget\" data-e-type=\"widget\" data-widget_type=\"button.default\">\n\t\t\t\t<div class=\"elementor-widget-container\">\n\t\t\t\t\t\t\t\t\t<div class=\"elementor-button-wrapper\">\n\t\t\t\t\t<a class=\"elementor-button elementor-button-link elementor-size-xl\" href=\"https:\/\/alps.edu\/zh\/contact\/\">\n\t\t\t\t\t\t<span class=\"elementor-button-content-wrapper\">\n\t\t\t\t\t\t\t\t\t<span class=\"elementor-button-text\">\u7acb\u5373\u806f\u7d61\u6211\u5011<\/span>\n\t\t\t\t\t<\/span>\n\t\t\t\t\t<\/a>\n\t\t\t\t<\/div>\n\t\t\t\t\t\t\t\t<\/div>\n\t\t\t\t<\/div>\n\t\t\t\t<div class=\"elementor-element elementor-element-9d6b3b4 elementor-widget elementor-widget-spacer\" data-id=\"9d6b3b4\" data-element_type=\"widget\" data-e-type=\"widget\" data-widget_type=\"spacer.default\">\n\t\t\t\t<div class=\"elementor-widget-container\">\n\t\t\t\t\t\t\t<div class=\"elementor-spacer\">\n\t\t\t<div class=\"elementor-spacer-inner\"><\/div>\n\t\t<\/div>\n\t\t\t\t\t\t<\/div>\n\t\t\t\t<\/div>\n\t\t\t\t<div class=\"elementor-element elementor-element-947e6e6 elementor-cta--skin-classic elementor-animated-content elementor-bg-transform elementor-bg-transform-zoom-in elementor-widget elementor-widget-call-to-action\" data-id=\"947e6e6\" data-element_type=\"widget\" data-e-type=\"widget\" data-widget_type=\"call-to-action.default\">\n\t\t\t\t<div class=\"elementor-widget-container\">\n\t\t\t\t\t\t\t<a class=\"elementor-cta\" href=\"https:\/\/alps.edu\/zh\/prices\/\" target=\"_blank\">\n\t\t\t\t\t<div class=\"elementor-cta__bg-wrapper\">\n\t\t\t\t<div class=\"elementor-cta__bg elementor-bg\" style=\"background-image: url(https:\/\/alps.edu\/wp-content\/uploads\/2020\/07\/Seattle-Ferry-Trip-768x511.jpg);\" role=\"img\" aria-label=\"H\u1ecdc sinh ALPS trong ho\u1ea1t \u0111\u1ed9ng c\u1ee7a tr\u01b0\u1eddng H\u00ecnh \u1ea3nh nh\u00f3m ph\u00e0 Seattle\"><\/div>\n\t\t\t\t<div class=\"elementor-cta__bg-overlay\"><\/div>\n\t\t\t<\/div>\n\t\t\t\t\t\t\t<div class=\"elementor-cta__content\">\n\t\t\t\t\n\t\t\t\t\n\t\t\t\t\n\t\t\t\t\t\t\t\t\t<div class=\"elementor-cta__button-wrapper elementor-cta__content-item elementor-content-item\">\n\t\t\t\t\t<span class=\"elementor-cta__button elementor-button elementor-size-\">\n\t\t\t\t\t\t\u50f9\u683c\t\t\t\t\t<\/span>\n\t\t\t\t\t<\/div>\n\t\t\t\t\t\t\t<\/div>\n\t\t\t\t\t\t<\/a>\n\t\t\t\t\t\t<\/div>\n\t\t\t\t<\/div>\n\t\t\t\t<div class=\"elementor-element elementor-element-6ec1604 elementor-cta--skin-classic elementor-animated-content elementor-bg-transform elementor-bg-transform-zoom-in elementor-widget elementor-widget-call-to-action\" data-id=\"6ec1604\" data-element_type=\"widget\" data-e-type=\"widget\" data-widget_type=\"call-to-action.default\">\n\t\t\t\t<div class=\"elementor-widget-container\">\n\t\t\t\t\t\t\t<a class=\"elementor-cta\" href=\"https:\/\/alps.edu\/zh\/courses\/\" target=\"_blank\">\n\t\t\t\t\t<div class=\"elementor-cta__bg-wrapper\">\n\t\t\t\t<div class=\"elementor-cta__bg elementor-bg\" style=\"background-image: url(https:\/\/alps.edu\/wp-content\/uploads\/2020\/07\/Group-1-768x606.jpg);\" role=\"img\" aria-label=\"Ho\u1ea1t \u0111\u1ed9ng nh\u00f3m h\u1ecdc sinh ALPS c\u1ee7a h\u1ecdc sinh t\u1ea1i Mount Rainier g\u1ea7n Seattle v\u1edbi gi\u00e1o vi\u00ean\"><\/div>\n\t\t\t\t<div class=\"elementor-cta__bg-overlay\"><\/div>\n\t\t\t<\/div>\n\t\t\t\t\t\t\t<div class=\"elementor-cta__content\">\n\t\t\t\t\n\t\t\t\t\n\t\t\t\t\n\t\t\t\t\t\t\t\t\t<div class=\"elementor-cta__button-wrapper elementor-cta__content-item elementor-content-item\">\n\t\t\t\t\t<span class=\"elementor-cta__button elementor-button elementor-size-\">\n\t\t\t\t\t\t\u8ab2\u7a0b\u4ecb\u7d39\t\t\t\t\t<\/span>\n\t\t\t\t\t<\/div>\n\t\t\t\t\t\t\t<\/div>\n\t\t\t\t\t\t<\/a>\n\t\t\t\t\t\t<\/div>\n\t\t\t\t<\/div>\n\t\t\t\t<div class=\"elementor-element elementor-element-b4e06fb elementor-widget elementor-widget-spacer\" data-id=\"b4e06fb\" data-element_type=\"widget\" data-e-type=\"widget\" data-widget_type=\"spacer.default\">\n\t\t\t\t<div class=\"elementor-widget-container\">\n\t\t\t\t\t\t\t<div class=\"elementor-spacer\">\n\t\t\t<div class=\"elementor-spacer-inner\"><\/div>\n\t\t<\/div>\n\t\t\t\t\t\t<\/div>\n\t\t\t\t<\/div>\n\t\t\t\t\t<\/div>\n\t\t<\/div>\n\t\t\t\t<div class=\"elementor-column elementor-col-50 elementor-top-column elementor-element elementor-element-6259165\" data-id=\"6259165\" data-element_type=\"column\" data-e-type=\"column\">\n\t\t\t<div class=\"elementor-widget-wrap elementor-element-populated\">\n\t\t\t\t\t\t<div class=\"elementor-element elementor-element-7a8c06e elementor-widget elementor-widget-google_maps\" data-id=\"7a8c06e\" data-element_type=\"widget\" data-e-type=\"widget\" data-widget_type=\"google_maps.default\">\n\t\t\t\t<div class=\"elementor-widget-container\">\n\t\t\t\t\t\t\t<div class=\"elementor-custom-embed\">\n\t\t\t<iframe loading=\"lazy\"\n\t\t\t\t\tsrc=\"https:\/\/maps.google.com\/maps?q=alps%20language%20school%20430%20Broadway%20E%2C%20Seattle%2C%20WA%2098102&#038;t=m&#038;z=10&#038;output=embed&#038;iwloc=near\"\n\t\t\t\t\ttitle=\"tr\u01b0\u1eddng ng\u00f4n ng\u1eef Alps 430 Broadway E, Seattle, WA 98102\"\n\t\t\t\t\taria-label=\"tr\u01b0\u1eddng ng\u00f4n ng\u1eef Alps 430 Broadway E, Seattle, WA 98102\"\n\t\t\t><\/iframe>\n\t\t<\/div>\n\t\t\t\t\t\t<\/div>\n\t\t\t\t<\/div>\n\t\t\t\t\t<\/div>\n\t\t<\/div>\n\t\t\t\t\t<\/div>\n\t\t<\/section>\n\t\t\t\t<section data-particle_enable=\"false\" data-particle-mobile-disabled=\"false\" class=\"elementor-section elementor-top-section elementor-element elementor-element-bed8fa2 elementor-section-boxed elementor-section-height-default elementor-section-height-default\" data-id=\"bed8fa2\" data-element_type=\"section\" data-e-type=\"section\">\n\t\t\t\t\t\t<div class=\"elementor-container elementor-column-gap-default\">\n\t\t\t\t\t<div class=\"elementor-column elementor-col-100 elementor-top-column elementor-element elementor-element-1d47d2a\" data-id=\"1d47d2a\" data-element_type=\"column\" data-e-type=\"column\">\n\t\t\t<div class=\"elementor-widget-wrap\">\n\t\t\t\t\t\t\t<\/div>\n\t\t<\/div>\n\t\t\t\t\t<\/div>\n\t\t<\/section>\n\t\t\t\t<section data-particle_enable=\"false\" data-particle-mobile-disabled=\"false\" class=\"elementor-section elementor-top-section elementor-element elementor-element-ccb0408 elementor-section-boxed elementor-section-height-default elementor-section-height-default\" data-id=\"ccb0408\" data-element_type=\"section\" data-e-type=\"section\">\n\t\t\t\t\t\t<div class=\"elementor-container elementor-column-gap-default\">\n\t\t\t\t\t<div class=\"elementor-column elementor-col-100 elementor-top-column elementor-element elementor-element-f710492\" data-id=\"f710492\" data-element_type=\"column\" data-e-type=\"column\">\n\t\t\t<div class=\"elementor-widget-wrap\">\n\t\t\t\t\t\t\t<\/div>\n\t\t<\/div>\n\t\t\t\t\t<\/div>\n\t\t<\/section>\n\t\t\t\t<\/div>","protected":false},"excerpt":{"rendered":"<p>ALPS\u8a9e\u8a00\u5b78\u6821\u7f8e\u570b\u897f\u96c5\u5716\u6210\u4eba\u82f1\u8a9e\u8ab2 \u8ab2\u7a0b\u4ecb\u7d39 \u5718\u9ad4\u8ab2\u7a0b \u5c0f\u73ed\u6559\u5b78(\u6700\u591a8\u4eba) \u807d\u8207\u8aaa\u7684\u8a13\u7df4\u5305\u542b\u82f1\u8a9e\u7684\u807d\u8207\u8aaa\u7684\u7df4\u7fd2\u5916,\u4e5f\u5305\u542b\u4e86\u6587\u6cd5\u3001\u95b1\u8b80\u8207\u5beb\u4f5c\u7684\u529f\u8ab2,\u9078\u4fee\u8ab2\u7a0b\u5247\u6709\u7247\u95b1\u8b80\u8207\u5beb\u4f5c\u3001\u6258\u798f\u8207\u591a\u76ca\u6e96\u5099\u8ab2\u7a0b\u91dd\u5c0d\u9700\u8981\u5b78\u8853\u95b1\u4f4f\u5bbfC\u00f4ng ty cung c\u1ea5p d\u1ecbch v\u1ee5 ALPS \u2013 \u4e00\u500b\u7368\u7acb\u7684\u4f4f\u5bbf\u5bb6\u5ead\u7d44\u7e54\u3002\u8a72\u7d44\u7e54\u8207ALPS\u8a9e\u8a00\u5b78\u6821\u4f4f\u5728\u7f8e\u570b\u4eba\u5bb6\u88cf\u6216\u516c\u5bd3\u88e1\u9762\u3002\u5927\u591a\u6578\u7684\u5b78\u751f\u504f\u611bB\u1ea1n c\u00f3 th\u1ec3 l\u00e0m \u0111i\u1ec1u \u0111\u00f3 m\u1ed9t c\u00e1ch d\u1ec5 d\u00e0ng.\u5118\u53ef\u80fdB\u1ea1n c\u00f3 th\u1ec3 l\u00e0m \u0111\u01b0\u1ee3c \u0111i\u1ec1u \u0111\u00f3.\u4f19\u98df,\u5b78\u751f\u5011\u88ab\u9f13\u52f5\u53c3\u52a0\u5bb6\u5ead\u7684\u6d3b\u52d5\u3002\u5b78\u751f\u53ef\u80fd\u5c45\u4f4f\u5728\u4e00\u68df\u623f\u5b50\u6216\u4e00\u68df\u516c\u5bd3\u3002 B\u1ea1n c\u00f3 th\u1ec3 l\u00e0m \u0111\u01b0\u1ee3c \u0111i\u1ec1u \u0111\u00f3 kh\u00f4ng? C\u00f4ng ty cung c\u1ea5p d\u1ecbch v\u1ee5 h\u1ed7 tr\u1ee3 kh\u00e1ch h\u00e0ng B\u1ea1n c\u00f3 th\u1ec3 l\u00e0m \u0111i\u1ec1u \u0111\u00f3 b\u1eb1ng c\u00e1ch s\u1eed d\u1ee5ng m\u1ed9t c\u00f4ng c\u1ee5 h\u1ed7 tr\u1ee3.\u7533\u8acb\u4f4f\u5bbf\u5bb6\u5ead\u8005,\u9808\u652f\u4ed8\u4f4f\u5bbf\u5b89\u6392\u8cbb\u548c\u6bcf\u500b\u5bbf\u8cbb\u8207\u4f19\u98df\u8cbb\u3002\u806f\u7d61\u6211\u5011 \u50f9\u683c \u8ab2\u7a0b\u4ecb\u7d39<\/p>","protected":false},"author":2,"featured_media":844,"parent":0,"menu_order":0,"comment_status":"closed","ping_status":"closed","template":"","meta":{"_acf_changed":false,"footnotes":""},"class_list":["post-1642","page","type-page","status-publish","has-post-thumbnail","hentry"],"acf":[],"yoast_head":"<!-- This site is optimized with the Yoast SEO plugin v27.1.1 - https:\/\/yoast.com\/product\/yoast-seo-wordpress\/ -->\n<title>\u5728\u7f8e\u570b\u897f\u96c5\u5716\u5b78\u7fd2\u82f1\u8a9e - ALPS Language School<\/title>\n<meta name=\"description\" content=\"ESL \ud504\ub85c\uadf8\ub7a8 | \uc720\ucc3d\ud558\uac8c \uc601\uc5b4 \ud68c\ud654 \ubc30\uc6b0\uae30. | \ub2e8\uccb4 \ubc0f \uac1c\uc778 \uc5b8\uc5b4 \uacfc\uc815 \uc81c\uacf5. | \uc18c\uaddc\ubaa8 \uadf8\ub8f9 \uc218\uc5c5\uc73c\ub85c \uc544\uce74\ub370\ubbf9 \uc601\uc5b4\ub97c. | \ube60\ub974\uac8c \ubc30\uc6b8 \uc218 \uc788\uc2b5\ub2c8\ub2e4! \uc778\uc6d0 \ucd5c\ub300 8\uba85. | \uc9c0\uae08 \ub4f1\ub85d\ud558\uc138\uc694!\" \/>\n<meta name=\"robots\" content=\"index, follow, max-snippet:-1, max-image-preview:large, max-video-preview:-1\" \/>\n<link rel=\"canonical\" href=\"https:\/\/alps.edu\/vi\/hoc-tieng-anh-seattle-dai-loan\/\" \/>\n<meta property=\"og:locale\" content=\"vi_VN\" \/>\n<meta property=\"og:type\" content=\"article\" \/>\n<meta property=\"og:title\" content=\"\u5728\u7f8e\u570b\u897f\u96c5\u5716\u5b78\u7fd2\u82f1\u8a9e - ALPS Language School\" \/>\n<meta property=\"og:description\" content=\"ESL \ud504\ub85c\uadf8\ub7a8 | \uc720\ucc3d\ud558\uac8c \uc601\uc5b4 \ud68c\ud654 \ubc30\uc6b0\uae30. | \ub2e8\uccb4 \ubc0f \uac1c\uc778 \uc5b8\uc5b4 \uacfc\uc815 \uc81c\uacf5. | \uc18c\uaddc\ubaa8 \uadf8\ub8f9 \uc218\uc5c5\uc73c\ub85c \uc544\uce74\ub370\ubbf9 \uc601\uc5b4\ub97c. | \ube60\ub974\uac8c \ubc30\uc6b8 \uc218 \uc788\uc2b5\ub2c8\ub2e4! \uc778\uc6d0 \ucd5c\ub300 8\uba85. | \uc9c0\uae08 \ub4f1\ub85d\ud558\uc138\uc694!\" \/>\n<meta property=\"og:url\" content=\"https:\/\/alps.edu\/vi\/hoc-tieng-anh-seattle-dai-loan\/\" \/>\n<meta property=\"og:site_name\" content=\"ALPS Language School\" \/>\n<meta property=\"article:publisher\" content=\"https:\/\/www.facebook.com\/ALPS.Language.School\/\" \/>\n<meta property=\"article:modified_time\" content=\"2021-04-07T20:03:14+00:00\" \/>\n<meta property=\"og:image\" content=\"https:\/\/alps.edu\/wp-content\/uploads\/2020\/07\/Home-AND-Contact-scaled-e1594793791165.jpg\" \/>\n\t<meta property=\"og:image:width\" content=\"1600\" \/>\n\t<meta property=\"og:image:height\" content=\"1066\" \/>\n\t<meta property=\"og:image:type\" content=\"image\/jpeg\" \/>\n<meta name=\"twitter:card\" content=\"summary_large_image\" \/>\n<meta name=\"twitter:site\" content=\"@ALPS_School\" \/>\n<meta name=\"twitter:label1\" content=\"\u01af\u1edbc t\u00ednh th\u1eddi gian \u0111\u1ecdc\" \/>\n\t<meta name=\"twitter:data1\" content=\"1 ph\u00fat\" \/>\n<script type=\"application\/ld+json\" class=\"yoast-schema-graph\">{\"@context\":\"https:\/\/schema.org\",\"@graph\":[{\"@type\":\"WebPage\",\"@id\":\"https:\/\/alps.edu\/study-english-seattle-taiwan\/\",\"url\":\"https:\/\/alps.edu\/study-english-seattle-taiwan\/\",\"name\":\"\u5728\u7f8e\u570b\u897f\u96c5\u5716\u5b78\u7fd2\u82f1\u8a9e - ALPS Language School\",\"isPartOf\":{\"@id\":\"https:\/\/alps.edu\/#website\"},\"primaryImageOfPage\":{\"@id\":\"https:\/\/alps.edu\/study-english-seattle-taiwan\/#primaryimage\"},\"image\":{\"@id\":\"https:\/\/alps.edu\/study-english-seattle-taiwan\/#primaryimage\"},\"thumbnailUrl\":\"https:\/\/alps.edu\/wp-content\/uploads\/2020\/07\/Home-AND-Contact-scaled-e1594793791165.jpg\",\"datePublished\":\"2021-04-07T18:28:47+00:00\",\"dateModified\":\"2021-04-07T20:03:14+00:00\",\"description\":\"ESL \ud504\ub85c\uadf8\ub7a8 | \uc720\ucc3d\ud558\uac8c \uc601\uc5b4 \ud68c\ud654 \ubc30\uc6b0\uae30. | \ub2e8\uccb4 \ubc0f \uac1c\uc778 \uc5b8\uc5b4 \uacfc\uc815 \uc81c\uacf5. | \uc18c\uaddc\ubaa8 \uadf8\ub8f9 \uc218\uc5c5\uc73c\ub85c \uc544\uce74\ub370\ubbf9 \uc601\uc5b4\ub97c. | \ube60\ub974\uac8c \ubc30\uc6b8 \uc218 \uc788\uc2b5\ub2c8\ub2e4! \uc778\uc6d0 \ucd5c\ub300 8\uba85. | \uc9c0\uae08 \ub4f1\ub85d\ud558\uc138\uc694!\",\"breadcrumb\":{\"@id\":\"https:\/\/alps.edu\/study-english-seattle-taiwan\/#breadcrumb\"},\"inLanguage\":\"vi\",\"potentialAction\":[{\"@type\":\"ReadAction\",\"target\":[\"https:\/\/alps.edu\/study-english-seattle-taiwan\/\"]}]},{\"@type\":\"ImageObject\",\"inLanguage\":\"vi\",\"@id\":\"https:\/\/alps.edu\/study-english-seattle-taiwan\/#primaryimage\",\"url\":\"https:\/\/alps.edu\/wp-content\/uploads\/2020\/07\/Home-AND-Contact-scaled-e1594793791165.jpg\",\"contentUrl\":\"https:\/\/alps.edu\/wp-content\/uploads\/2020\/07\/Home-AND-Contact-scaled-e1594793791165.jpg\",\"width\":1600,\"height\":1066},{\"@type\":\"BreadcrumbList\",\"@id\":\"https:\/\/alps.edu\/study-english-seattle-taiwan\/#breadcrumb\",\"itemListElement\":[{\"@type\":\"ListItem\",\"position\":1,\"name\":\"Home\",\"item\":\"https:\/\/alps.edu\/\"},{\"@type\":\"ListItem\",\"position\":2,\"name\":\"\u5728\u7f8e\u570b\u897f\u96c5\u5716\u5b78\u7fd2\u82f1\u8a9e\"}]},{\"@type\":\"WebSite\",\"@id\":\"https:\/\/alps.edu\/#website\",\"url\":\"https:\/\/alps.edu\/\",\"name\":\"ALPS Language School\",\"description\":\"Seattle English Classes for Adults\",\"publisher\":{\"@id\":\"https:\/\/alps.edu\/#organization\"},\"potentialAction\":[{\"@type\":\"SearchAction\",\"target\":{\"@type\":\"EntryPoint\",\"urlTemplate\":\"https:\/\/alps.edu\/?s={search_term_string}\"},\"query-input\":{\"@type\":\"PropertyValueSpecification\",\"valueRequired\":true,\"valueName\":\"search_term_string\"}}],\"inLanguage\":\"vi\"},{\"@type\":\"Organization\",\"@id\":\"https:\/\/alps.edu\/#organization\",\"name\":\"ALPS Language School\",\"url\":\"https:\/\/alps.edu\/\",\"logo\":{\"@type\":\"ImageObject\",\"inLanguage\":\"vi\",\"@id\":\"https:\/\/alps.edu\/#\/schema\/logo\/image\/\",\"url\":\"https:\/\/alps.edu\/wp-content\/uploads\/2020\/04\/alps-logo.png\",\"contentUrl\":\"https:\/\/alps.edu\/wp-content\/uploads\/2020\/04\/alps-logo.png\",\"width\":256,\"height\":181,\"caption\":\"ALPS Language School\"},\"image\":{\"@id\":\"https:\/\/alps.edu\/#\/schema\/logo\/image\/\"},\"sameAs\":[\"https:\/\/www.facebook.com\/ALPS.Language.School\/\",\"https:\/\/x.com\/ALPS_School\",\"https:\/\/www.linkedin.com\/school\/alps-language-school\/\"]}]}<\/script>\n<!-- \/ Yoast SEO plugin. -->","yoast_head_json":{"title":"\u5728\u7f8e\u570b\u897f\u96c5\u5716\u5b78\u7fd2\u82f1\u8a9e - Tr\u01b0\u1eddng Ng\u00f4n ng\u1eef ALPS","description":"ESL \ud504\ub85c\uadf8\ub7a8 | \uc720\ucc3d\ud558\uac8c \uc601\uc5b4 \ud68c\ud654 \ubc30\uc6b0\uae30. | B\u1ea1n c\u00f3 th\u1ec3 l\u00e0m \u0111i\u1ec1u \u0111\u00f3. | \uc18c\uaddc\ubaa8 \uadf8\ub8f9 \uc218\uc5c5\uc73c\ub85c \uc544\uce74\ub370\ubbf9 \uc601\uc5b4\ub97c. | \ube60\ub974\uac8c \ubc30\uc6b8 \uc218 \uc788\uc2b5\ub2c8\ub2e4! \uc778\uc6d0 \ucd5c\ub300 8\uba85. | \uc9c0\uae08 \ub4f1\ub85d\ud558\uc138\uc694!","robots":{"index":"index","follow":"follow","max-snippet":"max-snippet:-1","max-image-preview":"max-image-preview:large","max-video-preview":"max-video-preview:-1"},"canonical":"https:\/\/alps.edu\/vi\/hoc-tieng-anh-seattle-dai-loan\/","og_locale":"vi_VN","og_type":"article","og_title":"\u5728\u7f8e\u570b\u897f\u96c5\u5716\u5b78\u7fd2\u82f1\u8a9e - ALPS Language School","og_description":"ESL \ud504\ub85c\uadf8\ub7a8 | \uc720\ucc3d\ud558\uac8c \uc601\uc5b4 \ud68c\ud654 \ubc30\uc6b0\uae30. | \ub2e8\uccb4 \ubc0f \uac1c\uc778 \uc5b8\uc5b4 \uacfc\uc815 \uc81c\uacf5. | \uc18c\uaddc\ubaa8 \uadf8\ub8f9 \uc218\uc5c5\uc73c\ub85c \uc544\uce74\ub370\ubbf9 \uc601\uc5b4\ub97c. | \ube60\ub974\uac8c \ubc30\uc6b8 \uc218 \uc788\uc2b5\ub2c8\ub2e4! \uc778\uc6d0 \ucd5c\ub300 8\uba85. | \uc9c0\uae08 \ub4f1\ub85d\ud558\uc138\uc694!","og_url":"https:\/\/alps.edu\/vi\/hoc-tieng-anh-seattle-dai-loan\/","og_site_name":"ALPS Language School","article_publisher":"https:\/\/www.facebook.com\/ALPS.Language.School\/","article_modified_time":"2021-04-07T20:03:14+00:00","og_image":[{"width":1600,"height":1066,"url":"https:\/\/alps.edu\/wp-content\/uploads\/2020\/07\/Home-AND-Contact-scaled-e1594793791165.jpg","type":"image\/jpeg"}],"twitter_card":"summary_large_image","twitter_site":"@ALPS_School","twitter_misc":{"\u01af\u1edbc t\u00ednh th\u1eddi gian \u0111\u1ecdc":"1 ph\u00fat"},"schema":{"@context":"https:\/\/schema.org","@graph":[{"@type":"WebPage","@id":"https:\/\/alps.edu\/study-english-seattle-taiwan\/","url":"https:\/\/alps.edu\/study-english-seattle-taiwan\/","name":"\u5728\u7f8e\u570b\u897f\u96c5\u5716\u5b78\u7fd2\u82f1\u8a9e - Tr\u01b0\u1eddng Ng\u00f4n ng\u1eef ALPS","isPartOf":{"@id":"https:\/\/alps.edu\/#website"},"primaryImageOfPage":{"@id":"https:\/\/alps.edu\/study-english-seattle-taiwan\/#primaryimage"},"image":{"@id":"https:\/\/alps.edu\/study-english-seattle-taiwan\/#primaryimage"},"thumbnailUrl":"https:\/\/alps.edu\/wp-content\/uploads\/2020\/07\/Home-AND-Contact-scaled-e1594793791165.jpg","datePublished":"2021-04-07T18:28:47+00:00","dateModified":"2021-04-07T20:03:14+00:00","description":"ESL \ud504\ub85c\uadf8\ub7a8 | \uc720\ucc3d\ud558\uac8c \uc601\uc5b4 \ud68c\ud654 \ubc30\uc6b0\uae30. | B\u1ea1n c\u00f3 th\u1ec3 l\u00e0m \u0111i\u1ec1u \u0111\u00f3. | \uc18c\uaddc\ubaa8 \uadf8\ub8f9 \uc218\uc5c5\uc73c\ub85c \uc544\uce74\ub370\ubbf9 \uc601\uc5b4\ub97c. | \ube60\ub974\uac8c \ubc30\uc6b8 \uc218 \uc788\uc2b5\ub2c8\ub2e4! \uc778\uc6d0 \ucd5c\ub300 8\uba85. | \uc9c0\uae08 \ub4f1\ub85d\ud558\uc138\uc694!","breadcrumb":{"@id":"https:\/\/alps.edu\/study-english-seattle-taiwan\/#breadcrumb"},"inLanguage":"vi","potentialAction":[{"@type":"ReadAction","target":["https:\/\/alps.edu\/study-english-seattle-taiwan\/"]}]},{"@type":"ImageObject","inLanguage":"vi","@id":"https:\/\/alps.edu\/study-english-seattle-taiwan\/#primaryimage","url":"https:\/\/alps.edu\/wp-content\/uploads\/2020\/07\/Home-AND-Contact-scaled-e1594793791165.jpg","contentUrl":"https:\/\/alps.edu\/wp-content\/uploads\/2020\/07\/Home-AND-Contact-scaled-e1594793791165.jpg","width":1600,"height":1066},{"@type":"BreadcrumbList","@id":"https:\/\/alps.edu\/study-english-seattle-taiwan\/#breadcrumb","itemListElement":[{"@type":"ListItem","position":1,"name":"Home","item":"https:\/\/alps.edu\/"},{"@type":"ListItem","position":2,"name":"\u5728\u7f8e\u570b\u897f\u96c5\u5716\u5b78\u7fd2\u82f1\u8a9e"}]},{"@type":"WebSite","@id":"https:\/\/alps.edu\/#website","url":"https:\/\/alps.edu\/","name":"Tr\u01b0\u1eddng ng\u00f4n ng\u1eef ALPS","description":"L\u1edbp h\u1ecdc ti\u1ebfng Anh Seattle d\u00e0nh cho ng\u01b0\u1eddi l\u1edbn","publisher":{"@id":"https:\/\/alps.edu\/#organization"},"potentialAction":[{"@type":"SearchAction","target":{"@type":"EntryPoint","urlTemplate":"https:\/\/alps.edu\/?s={search_term_string}"},"query-input":{"@type":"PropertyValueSpecification","valueRequired":true,"valueName":"search_term_string"}}],"inLanguage":"vi"},{"@type":"Organization","@id":"https:\/\/alps.edu\/#organization","name":"Tr\u01b0\u1eddng ng\u00f4n ng\u1eef ALPS","url":"https:\/\/alps.edu\/","logo":{"@type":"ImageObject","inLanguage":"vi","@id":"https:\/\/alps.edu\/#\/schema\/logo\/image\/","url":"https:\/\/alps.edu\/wp-content\/uploads\/2020\/04\/alps-logo.png","contentUrl":"https:\/\/alps.edu\/wp-content\/uploads\/2020\/04\/alps-logo.png","width":256,"height":181,"caption":"ALPS Language School"},"image":{"@id":"https:\/\/alps.edu\/#\/schema\/logo\/image\/"},"sameAs":["https:\/\/www.facebook.com\/ALPS.Language.School\/","https:\/\/x.com\/ALPS_School","https:\/\/www.linkedin.com\/school\/alps-language-school\/"]}]}},"_links":{"self":[{"href":"https:\/\/alps.edu\/vi\/wp-json\/wp\/v2\/pages\/1642","targetHints":{"allow":["GET"]}}],"collection":[{"href":"https:\/\/alps.edu\/vi\/wp-json\/wp\/v2\/pages"}],"about":[{"href":"https:\/\/alps.edu\/vi\/wp-json\/wp\/v2\/types\/page"}],"author":[{"embeddable":true,"href":"https:\/\/alps.edu\/vi\/wp-json\/wp\/v2\/users\/2"}],"replies":[{"embeddable":true,"href":"https:\/\/alps.edu\/vi\/wp-json\/wp\/v2\/comments?post=1642"}],"version-history":[{"count":7,"href":"https:\/\/alps.edu\/vi\/wp-json\/wp\/v2\/pages\/1642\/revisions"}],"predecessor-version":[{"id":1657,"href":"https:\/\/alps.edu\/vi\/wp-json\/wp\/v2\/pages\/1642\/revisions\/1657"}],"wp:featuredmedia":[{"embeddable":true,"href":"https:\/\/alps.edu\/vi\/wp-json\/wp\/v2\/media\/844"}],"wp:attachment":[{"href":"https:\/\/alps.edu\/vi\/wp-json\/wp\/v2\/media?parent=1642"}],"curies":[{"name":"wp","href":"https:\/\/api.w.org\/{rel}","templated":true}]}}