{"id":1664,"date":"2021-04-07T14:51:31","date_gmt":"2021-04-07T21:51:31","guid":{"rendered":"https:\/\/alps.edu\/?page_id=1664"},"modified":"2021-04-07T14:53:46","modified_gmt":"2021-04-07T21:53:46","slug":"luyen-thi-ielts-day-nui-seattle-tieng-anh","status":"publish","type":"page","link":"https:\/\/alps.edu\/vi\/ielts-exam-preparation-alps-seattle-english\/","title":{"rendered":"Luy\u1ec7n thi IELTS t\u1ea1i ALPS"},"content":{"rendered":"<div data-elementor-type=\"wp-page\" data-elementor-id=\"1664\" class=\"elementor elementor-1664\" data-elementor-post-type=\"page\">\n\t\t\t\t\t\t<section data-particle_enable=\"false\" data-particle-mobile-disabled=\"false\" class=\"elementor-section elementor-top-section elementor-element elementor-element-61e48a3 elementor-section-boxed elementor-section-height-default elementor-section-height-default\" data-id=\"61e48a3\" data-element_type=\"section\" data-e-type=\"section\">\n\t\t\t\t\t\t<div class=\"elementor-container elementor-column-gap-default\">\n\t\t\t\t\t<div class=\"elementor-column elementor-col-50 elementor-top-column elementor-element elementor-element-904a38e\" data-id=\"904a38e\" data-element_type=\"column\" data-e-type=\"column\">\n\t\t\t<div class=\"elementor-widget-wrap elementor-element-populated\">\n\t\t\t\t\t\t<div class=\"elementor-element elementor-element-24315e0 elementor-widget elementor-widget-text-editor\" data-id=\"24315e0\" data-element_type=\"widget\" data-e-type=\"widget\" data-widget_type=\"text-editor.default\">\n\t\t\t\t<div class=\"elementor-widget-container\">\n\t\t\t\t\t\t\t\t\t<h1 style=\"text-align: center;\"><a href=\"https:\/\/alps.edu\/vi\/\" target=\"_blank\" rel=\"noopener\">Tr\u01b0\u1eddng ng\u00f4n ng\u1eef ALPS<\/a><\/h1><p style=\"text-align: center;\">Seattle, WA<\/p><h2 style=\"text-align: center;\">Kh\u00f3a h\u1ecdc luy\u1ec7n thi IELTS<\/h2><p style=\"text-align: center;\">H\u1ecdc tr\u1ef1c ti\u1ebfp ho\u1eb7c tr\u1ef1c tuy\u1ebfn<\/p><p style=\"text-align: center;\">L\u1edbp h\u1ecdc nh\u00f3m nh\u1ecf (3-8 h\u1ecdc sinh)<\/p><p style=\"text-align: center;\">T\u00ecm hi\u1ec3u c\u00e1c chi\u1ebfn l\u01b0\u1ee3c ki\u1ec3m tra cho b\u00e0i ki\u1ec3m tra c\u1ee7a b\u1ea1n<\/p><p style=\"text-align: center;\">Luy\u1ec7n t\u1eadp c\u00e1c b\u00e0i t\u1eadp \u0110\u1ecdc, Nghe, N\u00f3i v\u00e0 Vi\u1ebft theo phong c\u00e1ch IELTS<\/p><p style=\"text-align: center;\">H\u1ecdc chuy\u00ean s\u00e2u: 2 ti\u1ebft m\u1ed7i ng\u00e0y, t\u1eeb th\u1ee9 Hai \u0111\u1ebfn th\u1ee9 S\u00e1u<\/p><p style=\"text-align: center;\">$675 H\u1ecdc ph\u00ed m\u1ed7i kh\u00f3a 4 tu\u1ea7n<\/p>\t\t\t\t\t\t\t\t<\/div>\n\t\t\t\t<\/div>\n\t\t\t\t<div class=\"elementor-element elementor-element-a67e164 elementor-align-center elementor-widget elementor-widget-button\" data-id=\"a67e164\" data-element_type=\"widget\" data-e-type=\"widget\" data-widget_type=\"button.default\">\n\t\t\t\t<div class=\"elementor-widget-container\">\n\t\t\t\t\t\t\t\t\t<div class=\"elementor-button-wrapper\">\n\t\t\t\t\t<a class=\"elementor-button elementor-button-link elementor-size-xl\" href=\"https:\/\/alps.edu\/vi\/lien-he\/\" target=\"_blank\">\n\t\t\t\t\t\t<span class=\"elementor-button-content-wrapper\">\n\t\t\t\t\t\t\t\t\t<span class=\"elementor-button-text\">Li\u00ean h\u1ec7 ngay h\u00f4m nay \u0111\u1ec3 bi\u1ebft th\u00eam th\u00f4ng tin!<\/span>\n\t\t\t\t\t<\/span>\n\t\t\t\t\t<\/a>\n\t\t\t\t<\/div>\n\t\t\t\t\t\t\t\t<\/div>\n\t\t\t\t<\/div>\n\t\t\t\t<div class=\"elementor-element elementor-element-9d6b3b4 elementor-widget elementor-widget-spacer\" data-id=\"9d6b3b4\" data-element_type=\"widget\" data-e-type=\"widget\" data-widget_type=\"spacer.default\">\n\t\t\t\t<div class=\"elementor-widget-container\">\n\t\t\t\t\t\t\t<div class=\"elementor-spacer\">\n\t\t\t<div class=\"elementor-spacer-inner\"><\/div>\n\t\t<\/div>\n\t\t\t\t\t\t<\/div>\n\t\t\t\t<\/div>\n\t\t\t\t<div class=\"elementor-element elementor-element-947e6e6 elementor-cta--skin-classic elementor-animated-content elementor-bg-transform elementor-bg-transform-zoom-in elementor-widget elementor-widget-call-to-action\" data-id=\"947e6e6\" data-element_type=\"widget\" data-e-type=\"widget\" data-widget_type=\"call-to-action.default\">\n\t\t\t\t<div class=\"elementor-widget-container\">\n\t\t\t\t\t\t\t<a class=\"elementor-cta\" href=\"https:\/\/alps.edu\/vi\/khoa-hoc\/luyen-thi-chuyen-sau-toefl-hoac-ielts\/\" target=\"_blank\">\n\t\t\t\t\t<div class=\"elementor-cta__bg-wrapper\">\n\t\t\t\t<div class=\"elementor-cta__bg elementor-bg\" style=\"background-image: url(https:\/\/alps.edu\/wp-content\/uploads\/2020\/07\/About-Us-Mission-768x512.jpg);\" role=\"img\" aria-label=\"\"><\/div>\n\t\t\t\t<div class=\"elementor-cta__bg-overlay\"><\/div>\n\t\t\t<\/div>\n\t\t\t\t\t\t\t<div class=\"elementor-cta__content\">\n\t\t\t\t\n\t\t\t\t\t\t\t\t\t<h2 class=\"elementor-cta__title elementor-cta__content-item elementor-content-item\">\n\t\t\t\t\t\tLuy\u1ec7n thi chuy\u00ean s\u00e2u - IELTS\t\t\t\t\t<\/h2>\n\t\t\t\t\n\t\t\t\t\t\t\t\t\t<div class=\"elementor-cta__description elementor-cta__content-item elementor-content-item\">\n\t\t\t\t\t\tTh\u00f4ng tin chi ti\u1ebft kh\u00f3a h\u1ecdc\t\t\t\t\t<\/div>\n\t\t\t\t\n\t\t\t\t\t\t\t\t\t<div class=\"elementor-cta__button-wrapper elementor-cta__content-item elementor-content-item\">\n\t\t\t\t\t<span class=\"elementor-cta__button elementor-button elementor-size-\">\n\t\t\t\t\t\tB\u1ea5m v\u00e0o \u0111\u00e2y\t\t\t\t\t<\/span>\n\t\t\t\t\t<\/div>\n\t\t\t\t\t\t\t<\/div>\n\t\t\t\t\t\t<\/a>\n\t\t\t\t\t\t<\/div>\n\t\t\t\t<\/div>\n\t\t\t\t<div class=\"elementor-element elementor-element-4494393 elementor-cta--skin-classic elementor-animated-content elementor-bg-transform elementor-bg-transform-zoom-in elementor-widget elementor-widget-call-to-action\" data-id=\"4494393\" data-element_type=\"widget\" data-e-type=\"widget\" data-widget_type=\"call-to-action.default\">\n\t\t\t\t<div class=\"elementor-widget-container\">\n\t\t\t\t\t\t\t<a class=\"elementor-cta\" href=\"https:\/\/alps.edu\/vi\/ve-chung-toi\/\" target=\"_blank\">\n\t\t\t\t\t<div class=\"elementor-cta__bg-wrapper\">\n\t\t\t\t<div class=\"elementor-cta__bg elementor-bg\" style=\"background-image: url(https:\/\/alps.edu\/wp-content\/uploads\/2020\/07\/Seattle-Ferry-Trip-768x511.jpg);\" role=\"img\" aria-label=\"H\u1ecdc sinh ALPS trong ho\u1ea1t \u0111\u1ed9ng c\u1ee7a tr\u01b0\u1eddng H\u00ecnh \u1ea3nh nh\u00f3m ph\u00e0 Seattle\"><\/div>\n\t\t\t\t<div class=\"elementor-cta__bg-overlay\"><\/div>\n\t\t\t<\/div>\n\t\t\t\t\t\t\t<div class=\"elementor-cta__content\">\n\t\t\t\t\n\t\t\t\t\t\t\t\t\t<h2 class=\"elementor-cta__title elementor-cta__content-item elementor-content-item\">\n\t\t\t\t\t\tGi\u1edbi thi\u1ec7u v\u1ec1 tr\u01b0\u1eddng c\u1ee7a ch\u00fang t\u00f4i\t\t\t\t\t<\/h2>\n\t\t\t\t\n\t\t\t\t\t\t\t\t\t<div class=\"elementor-cta__description elementor-cta__content-item elementor-content-item\">\n\t\t\t\t\t\tT\u00ecm hi\u1ec3u th\u00eam v\u1ec1 tr\u01b0\u1eddng h\u1ecdc v\u00e0 ph\u01b0\u01a1ng ph\u00e1p gi\u1ea3ng d\u1ea1y c\u1ee7a ch\u00fang t\u00f4i.\t\t\t\t\t<\/div>\n\t\t\t\t\n\t\t\t\t\t\t\t\t\t<div class=\"elementor-cta__button-wrapper elementor-cta__content-item elementor-content-item\">\n\t\t\t\t\t<span class=\"elementor-cta__button elementor-button elementor-size-\">\n\t\t\t\t\t\tB\u1ea5m v\u00e0o \u0111\u00e2y\t\t\t\t\t<\/span>\n\t\t\t\t\t<\/div>\n\t\t\t\t\t\t\t<\/div>\n\t\t\t\t\t\t<\/a>\n\t\t\t\t\t\t<\/div>\n\t\t\t\t<\/div>\n\t\t\t\t<div class=\"elementor-element elementor-element-b4e06fb elementor-widget elementor-widget-spacer\" data-id=\"b4e06fb\" data-element_type=\"widget\" data-e-type=\"widget\" data-widget_type=\"spacer.default\">\n\t\t\t\t<div class=\"elementor-widget-container\">\n\t\t\t\t\t\t\t<div class=\"elementor-spacer\">\n\t\t\t<div class=\"elementor-spacer-inner\"><\/div>\n\t\t<\/div>\n\t\t\t\t\t\t<\/div>\n\t\t\t\t<\/div>\n\t\t\t\t\t<\/div>\n\t\t<\/div>\n\t\t\t\t<div class=\"elementor-column elementor-col-50 elementor-top-column elementor-element elementor-element-6259165\" data-id=\"6259165\" data-element_type=\"column\" data-e-type=\"column\">\n\t\t\t<div class=\"elementor-widget-wrap elementor-element-populated\">\n\t\t\t\t\t\t<div class=\"elementor-element elementor-element-7a8c06e elementor-widget elementor-widget-google_maps\" data-id=\"7a8c06e\" data-element_type=\"widget\" data-e-type=\"widget\" data-widget_type=\"google_maps.default\">\n\t\t\t\t<div class=\"elementor-widget-container\">\n\t\t\t\t\t\t\t<div class=\"elementor-custom-embed\">\n\t\t\t<iframe loading=\"lazy\"\n\t\t\t\t\tsrc=\"https:\/\/maps.google.com\/maps?q=alps%20language%20school%20430%20Broadway%20E%2C%20Seattle%2C%20WA%2098102&#038;t=m&#038;z=10&#038;output=embed&#038;iwloc=near\"\n\t\t\t\t\ttitle=\"tr\u01b0\u1eddng ng\u00f4n ng\u1eef Alps 430 Broadway E, Seattle, WA 98102\"\n\t\t\t\t\taria-label=\"tr\u01b0\u1eddng ng\u00f4n ng\u1eef Alps 430 Broadway E, Seattle, WA 98102\"\n\t\t\t><\/iframe>\n\t\t<\/div>\n\t\t\t\t\t\t<\/div>\n\t\t\t\t<\/div>\n\t\t\t\t\t<\/div>\n\t\t<\/div>\n\t\t\t\t\t<\/div>\n\t\t<\/section>\n\t\t\t\t<section data-particle_enable=\"false\" data-particle-mobile-disabled=\"false\" class=\"elementor-section elementor-top-section elementor-element elementor-element-bed8fa2 elementor-section-boxed elementor-section-height-default elementor-section-height-default\" data-id=\"bed8fa2\" data-element_type=\"section\" data-e-type=\"section\">\n\t\t\t\t\t\t<div class=\"elementor-container elementor-column-gap-default\">\n\t\t\t\t\t<div class=\"elementor-column elementor-col-100 elementor-top-column elementor-element elementor-element-1d47d2a\" data-id=\"1d47d2a\" data-element_type=\"column\" data-e-type=\"column\">\n\t\t\t<div class=\"elementor-widget-wrap\">\n\t\t\t\t\t\t\t<\/div>\n\t\t<\/div>\n\t\t\t\t\t<\/div>\n\t\t<\/section>\n\t\t\t\t<section data-particle_enable=\"false\" data-particle-mobile-disabled=\"false\" class=\"elementor-section elementor-top-section elementor-element elementor-element-ccb0408 elementor-section-boxed elementor-section-height-default elementor-section-height-default\" data-id=\"ccb0408\" data-element_type=\"section\" data-e-type=\"section\">\n\t\t\t\t\t\t<div class=\"elementor-container elementor-column-gap-default\">\n\t\t\t\t\t<div class=\"elementor-column elementor-col-100 elementor-top-column elementor-element elementor-element-f710492\" data-id=\"f710492\" data-element_type=\"column\" data-e-type=\"column\">\n\t\t\t<div class=\"elementor-widget-wrap\">\n\t\t\t\t\t\t\t<\/div>\n\t\t<\/div>\n\t\t\t\t\t<\/div>\n\t\t<\/section>\n\t\t\t\t<\/div>","protected":false},"excerpt":{"rendered":"<p>ALPS Language School Seattle, WA IELTS Exam Preparation Courses Study In Person Or Online Small Group Classes (3-8 Students) Learn Test Strategies For Your Exam Practice IELTS-Style Reading, Listening, Speaking, and Writing Tasks Study Intensively: 2 Periods Per Day, Monday-Friday $675 Tuition Per 4-Week Session Contact Us Today For More Information! Intensive Test Prep &#8211; [&hellip;]<\/p>\n","protected":false},"author":2,"featured_media":844,"parent":0,"menu_order":0,"comment_status":"closed","ping_status":"closed","template":"","meta":{"_acf_changed":false,"footnotes":""},"class_list":["post-1664","page","type-page","status-publish","has-post-thumbnail","hentry"],"acf":[],"yoast_head":"<!-- This site is optimized with the Yoast SEO plugin v27.1.1 - https:\/\/yoast.com\/product\/yoast-seo-wordpress\/ -->\n<title>Prepare for the IELTS Exam at ALPS - ALPS Language School<\/title>\n<meta name=\"description\" content=\"Prepare for your IELTS exam at ALPS! Small class sizes and individualized focus (3-8 students, 8 students maximum). 4-week sessions.\" \/>\n<meta name=\"robots\" content=\"index, follow, max-snippet:-1, max-image-preview:large, max-video-preview:-1\" \/>\n<link rel=\"canonical\" href=\"https:\/\/alps.edu\/vi\/luyen-thi-ielts-day-nui-seattle-tieng-anh\/\" \/>\n<meta property=\"og:locale\" content=\"vi_VN\" \/>\n<meta property=\"og:type\" content=\"article\" \/>\n<meta property=\"og:title\" content=\"Prepare for the IELTS Exam at ALPS - ALPS Language School\" \/>\n<meta property=\"og:description\" content=\"Prepare for your IELTS exam at ALPS! Small class sizes and individualized focus (3-8 students, 8 students maximum). 4-week sessions.\" \/>\n<meta property=\"og:url\" content=\"https:\/\/alps.edu\/vi\/luyen-thi-ielts-day-nui-seattle-tieng-anh\/\" \/>\n<meta property=\"og:site_name\" content=\"ALPS Language School\" \/>\n<meta property=\"article:publisher\" content=\"https:\/\/www.facebook.com\/ALPS.Language.School\/\" \/>\n<meta property=\"article:modified_time\" content=\"2021-04-07T21:53:46+00:00\" \/>\n<meta property=\"og:image\" content=\"https:\/\/alps.edu\/wp-content\/uploads\/2020\/07\/Home-AND-Contact-scaled-e1594793791165.jpg\" \/>\n\t<meta property=\"og:image:width\" content=\"1600\" \/>\n\t<meta property=\"og:image:height\" content=\"1066\" \/>\n\t<meta property=\"og:image:type\" content=\"image\/jpeg\" \/>\n<meta name=\"twitter:card\" content=\"summary_large_image\" \/>\n<meta name=\"twitter:site\" content=\"@ALPS_School\" \/>\n<meta name=\"twitter:label1\" content=\"\u01af\u1edbc t\u00ednh th\u1eddi gian \u0111\u1ecdc\" \/>\n\t<meta name=\"twitter:data1\" content=\"1 ph\u00fat\" \/>\n<script type=\"application\/ld+json\" class=\"yoast-schema-graph\">{\"@context\":\"https:\/\/schema.org\",\"@graph\":[{\"@type\":\"WebPage\",\"@id\":\"https:\/\/alps.edu\/ielts-exam-preparation-alps-seattle-english\/\",\"url\":\"https:\/\/alps.edu\/ielts-exam-preparation-alps-seattle-english\/\",\"name\":\"Prepare for the IELTS Exam at ALPS - ALPS Language School\",\"isPartOf\":{\"@id\":\"https:\/\/alps.edu\/#website\"},\"primaryImageOfPage\":{\"@id\":\"https:\/\/alps.edu\/ielts-exam-preparation-alps-seattle-english\/#primaryimage\"},\"image\":{\"@id\":\"https:\/\/alps.edu\/ielts-exam-preparation-alps-seattle-english\/#primaryimage\"},\"thumbnailUrl\":\"https:\/\/alps.edu\/wp-content\/uploads\/2020\/07\/Home-AND-Contact-scaled-e1594793791165.jpg\",\"datePublished\":\"2021-04-07T21:51:31+00:00\",\"dateModified\":\"2021-04-07T21:53:46+00:00\",\"description\":\"Prepare for your IELTS exam at ALPS! Small class sizes and individualized focus (3-8 students, 8 students maximum). 4-week sessions.\",\"breadcrumb\":{\"@id\":\"https:\/\/alps.edu\/ielts-exam-preparation-alps-seattle-english\/#breadcrumb\"},\"inLanguage\":\"vi\",\"potentialAction\":[{\"@type\":\"ReadAction\",\"target\":[\"https:\/\/alps.edu\/ielts-exam-preparation-alps-seattle-english\/\"]}]},{\"@type\":\"ImageObject\",\"inLanguage\":\"vi\",\"@id\":\"https:\/\/alps.edu\/ielts-exam-preparation-alps-seattle-english\/#primaryimage\",\"url\":\"https:\/\/alps.edu\/wp-content\/uploads\/2020\/07\/Home-AND-Contact-scaled-e1594793791165.jpg\",\"contentUrl\":\"https:\/\/alps.edu\/wp-content\/uploads\/2020\/07\/Home-AND-Contact-scaled-e1594793791165.jpg\",\"width\":1600,\"height\":1066},{\"@type\":\"BreadcrumbList\",\"@id\":\"https:\/\/alps.edu\/ielts-exam-preparation-alps-seattle-english\/#breadcrumb\",\"itemListElement\":[{\"@type\":\"ListItem\",\"position\":1,\"name\":\"Home\",\"item\":\"https:\/\/alps.edu\/\"},{\"@type\":\"ListItem\",\"position\":2,\"name\":\"Prepare for the IELTS Exam at ALPS\"}]},{\"@type\":\"WebSite\",\"@id\":\"https:\/\/alps.edu\/#website\",\"url\":\"https:\/\/alps.edu\/\",\"name\":\"ALPS Language School\",\"description\":\"Seattle English Classes for Adults\",\"publisher\":{\"@id\":\"https:\/\/alps.edu\/#organization\"},\"potentialAction\":[{\"@type\":\"SearchAction\",\"target\":{\"@type\":\"EntryPoint\",\"urlTemplate\":\"https:\/\/alps.edu\/?s={search_term_string}\"},\"query-input\":{\"@type\":\"PropertyValueSpecification\",\"valueRequired\":true,\"valueName\":\"search_term_string\"}}],\"inLanguage\":\"vi\"},{\"@type\":\"Organization\",\"@id\":\"https:\/\/alps.edu\/#organization\",\"name\":\"ALPS Language School\",\"url\":\"https:\/\/alps.edu\/\",\"logo\":{\"@type\":\"ImageObject\",\"inLanguage\":\"vi\",\"@id\":\"https:\/\/alps.edu\/#\/schema\/logo\/image\/\",\"url\":\"https:\/\/alps.edu\/wp-content\/uploads\/2020\/04\/alps-logo.png\",\"contentUrl\":\"https:\/\/alps.edu\/wp-content\/uploads\/2020\/04\/alps-logo.png\",\"width\":256,\"height\":181,\"caption\":\"ALPS Language School\"},\"image\":{\"@id\":\"https:\/\/alps.edu\/#\/schema\/logo\/image\/\"},\"sameAs\":[\"https:\/\/www.facebook.com\/ALPS.Language.School\/\",\"https:\/\/x.com\/ALPS_School\",\"https:\/\/www.linkedin.com\/school\/alps-language-school\/\"]}]}<\/script>\n<!-- \/ Yoast SEO plugin. -->","yoast_head_json":{"title":"Luy\u1ec7n thi IELTS t\u1ea1i ALPS - Tr\u01b0\u1eddng ngo\u1ea1i ng\u1eef ALPS","description":"Chu\u1ea9n b\u1ecb cho k\u1ef3 thi IELTS c\u1ee7a b\u1ea1n t\u1ea1i ALPS! Quy m\u00f4 l\u1edbp h\u1ecdc nh\u1ecf v\u00e0 t\u1eadp trung v\u00e0o t\u1eebng c\u00e1 nh\u00e2n (3-8 h\u1ecdc sinh, t\u1ed1i \u0111a 8 h\u1ecdc sinh). Phi\u00ean 4 tu\u1ea7n.","robots":{"index":"index","follow":"follow","max-snippet":"max-snippet:-1","max-image-preview":"max-image-preview:large","max-video-preview":"max-video-preview:-1"},"canonical":"https:\/\/alps.edu\/vi\/luyen-thi-ielts-day-nui-seattle-tieng-anh\/","og_locale":"vi_VN","og_type":"article","og_title":"Prepare for the IELTS Exam at ALPS - ALPS Language School","og_description":"Prepare for your IELTS exam at ALPS! Small class sizes and individualized focus (3-8 students, 8 students maximum). 4-week sessions.","og_url":"https:\/\/alps.edu\/vi\/luyen-thi-ielts-day-nui-seattle-tieng-anh\/","og_site_name":"ALPS Language School","article_publisher":"https:\/\/www.facebook.com\/ALPS.Language.School\/","article_modified_time":"2021-04-07T21:53:46+00:00","og_image":[{"width":1600,"height":1066,"url":"https:\/\/alps.edu\/wp-content\/uploads\/2020\/07\/Home-AND-Contact-scaled-e1594793791165.jpg","type":"image\/jpeg"}],"twitter_card":"summary_large_image","twitter_site":"@ALPS_School","twitter_misc":{"\u01af\u1edbc t\u00ednh th\u1eddi gian \u0111\u1ecdc":"1 ph\u00fat"},"schema":{"@context":"https:\/\/schema.org","@graph":[{"@type":"WebPage","@id":"https:\/\/alps.edu\/ielts-exam-preparation-alps-seattle-english\/","url":"https:\/\/alps.edu\/ielts-exam-preparation-alps-seattle-english\/","name":"Luy\u1ec7n thi IELTS t\u1ea1i ALPS - Tr\u01b0\u1eddng ngo\u1ea1i ng\u1eef ALPS","isPartOf":{"@id":"https:\/\/alps.edu\/#website"},"primaryImageOfPage":{"@id":"https:\/\/alps.edu\/ielts-exam-preparation-alps-seattle-english\/#primaryimage"},"image":{"@id":"https:\/\/alps.edu\/ielts-exam-preparation-alps-seattle-english\/#primaryimage"},"thumbnailUrl":"https:\/\/alps.edu\/wp-content\/uploads\/2020\/07\/Home-AND-Contact-scaled-e1594793791165.jpg","datePublished":"2021-04-07T21:51:31+00:00","dateModified":"2021-04-07T21:53:46+00:00","description":"Chu\u1ea9n b\u1ecb cho k\u1ef3 thi IELTS c\u1ee7a b\u1ea1n t\u1ea1i ALPS! Quy m\u00f4 l\u1edbp h\u1ecdc nh\u1ecf v\u00e0 t\u1eadp trung v\u00e0o t\u1eebng c\u00e1 nh\u00e2n (3-8 h\u1ecdc sinh, t\u1ed1i \u0111a 8 h\u1ecdc sinh). Phi\u00ean 4 tu\u1ea7n.","breadcrumb":{"@id":"https:\/\/alps.edu\/ielts-exam-preparation-alps-seattle-english\/#breadcrumb"},"inLanguage":"vi","potentialAction":[{"@type":"ReadAction","target":["https:\/\/alps.edu\/ielts-exam-preparation-alps-seattle-english\/"]}]},{"@type":"ImageObject","inLanguage":"vi","@id":"https:\/\/alps.edu\/ielts-exam-preparation-alps-seattle-english\/#primaryimage","url":"https:\/\/alps.edu\/wp-content\/uploads\/2020\/07\/Home-AND-Contact-scaled-e1594793791165.jpg","contentUrl":"https:\/\/alps.edu\/wp-content\/uploads\/2020\/07\/Home-AND-Contact-scaled-e1594793791165.jpg","width":1600,"height":1066},{"@type":"BreadcrumbList","@id":"https:\/\/alps.edu\/ielts-exam-preparation-alps-seattle-english\/#breadcrumb","itemListElement":[{"@type":"ListItem","position":1,"name":"Home","item":"https:\/\/alps.edu\/"},{"@type":"ListItem","position":2,"name":"Prepare for the IELTS Exam at ALPS"}]},{"@type":"WebSite","@id":"https:\/\/alps.edu\/#website","url":"https:\/\/alps.edu\/","name":"Tr\u01b0\u1eddng ng\u00f4n ng\u1eef ALPS","description":"L\u1edbp h\u1ecdc ti\u1ebfng Anh Seattle d\u00e0nh cho ng\u01b0\u1eddi l\u1edbn","publisher":{"@id":"https:\/\/alps.edu\/#organization"},"potentialAction":[{"@type":"SearchAction","target":{"@type":"EntryPoint","urlTemplate":"https:\/\/alps.edu\/?s={search_term_string}"},"query-input":{"@type":"PropertyValueSpecification","valueRequired":true,"valueName":"search_term_string"}}],"inLanguage":"vi"},{"@type":"Organization","@id":"https:\/\/alps.edu\/#organization","name":"Tr\u01b0\u1eddng ng\u00f4n ng\u1eef ALPS","url":"https:\/\/alps.edu\/","logo":{"@type":"ImageObject","inLanguage":"vi","@id":"https:\/\/alps.edu\/#\/schema\/logo\/image\/","url":"https:\/\/alps.edu\/wp-content\/uploads\/2020\/04\/alps-logo.png","contentUrl":"https:\/\/alps.edu\/wp-content\/uploads\/2020\/04\/alps-logo.png","width":256,"height":181,"caption":"ALPS Language School"},"image":{"@id":"https:\/\/alps.edu\/#\/schema\/logo\/image\/"},"sameAs":["https:\/\/www.facebook.com\/ALPS.Language.School\/","https:\/\/x.com\/ALPS_School","https:\/\/www.linkedin.com\/school\/alps-language-school\/"]}]}},"_links":{"self":[{"href":"https:\/\/alps.edu\/vi\/wp-json\/wp\/v2\/pages\/1664","targetHints":{"allow":["GET"]}}],"collection":[{"href":"https:\/\/alps.edu\/vi\/wp-json\/wp\/v2\/pages"}],"about":[{"href":"https:\/\/alps.edu\/vi\/wp-json\/wp\/v2\/types\/page"}],"author":[{"embeddable":true,"href":"https:\/\/alps.edu\/vi\/wp-json\/wp\/v2\/users\/2"}],"replies":[{"embeddable":true,"href":"https:\/\/alps.edu\/vi\/wp-json\/wp\/v2\/comments?post=1664"}],"version-history":[{"count":4,"href":"https:\/\/alps.edu\/vi\/wp-json\/wp\/v2\/pages\/1664\/revisions"}],"predecessor-version":[{"id":1668,"href":"https:\/\/alps.edu\/vi\/wp-json\/wp\/v2\/pages\/1664\/revisions\/1668"}],"wp:featuredmedia":[{"embeddable":true,"href":"https:\/\/alps.edu\/vi\/wp-json\/wp\/v2\/media\/844"}],"wp:attachment":[{"href":"https:\/\/alps.edu\/vi\/wp-json\/wp\/v2\/media?parent=1664"}],"curies":[{"name":"wp","href":"https:\/\/api.w.org\/{rel}","templated":true}]}}