{"id":2327,"date":"2023-06-02T18:19:28","date_gmt":"2023-06-03T01:19:28","guid":{"rendered":"https:\/\/alps.edu\/?page_id=2327"},"modified":"2023-06-02T18:21:57","modified_gmt":"2023-06-03T01:21:57","slug":"cam-on-ung-dung-dai-ly","status":"publish","type":"page","link":"https:\/\/alps.edu\/vi\/thank-you-agent-application\/","title":{"rendered":"C\u1ea3m \u01a1n \u2013 \u1ee8ng d\u1ee5ng \u0111\u1ea1i l\u00fd"},"content":{"rendered":"<div data-elementor-type=\"wp-page\" data-elementor-id=\"2327\" class=\"elementor elementor-2327\" data-elementor-post-type=\"page\">\n\t\t\t\t\t\t<section data-particle_enable=\"false\" data-particle-mobile-disabled=\"false\" class=\"elementor-section elementor-top-section elementor-element elementor-element-e2745fc elementor-section-boxed elementor-section-height-default elementor-section-height-default\" data-id=\"e2745fc\" data-element_type=\"section\" data-e-type=\"section\">\n\t\t\t\t\t\t<div class=\"elementor-container elementor-column-gap-default\">\n\t\t\t\t\t<div class=\"elementor-column elementor-col-100 elementor-top-column elementor-element elementor-element-35e1ec5\" data-id=\"35e1ec5\" data-element_type=\"column\" data-e-type=\"column\">\n\t\t\t<div class=\"elementor-widget-wrap elementor-element-populated\">\n\t\t\t\t\t\t<div data-dce-title-color=\"#000000\" class=\"elementor-element elementor-element-423a7dbf elementor-widget elementor-widget-heading\" data-id=\"423a7dbf\" data-element_type=\"widget\" data-e-type=\"widget\" data-widget_type=\"heading.default\">\n\t\t\t\t<div class=\"elementor-widget-container\">\n\t\t\t\t\t<h2 class=\"elementor-heading-title elementor-size-default\">C\u1ea3m \u01a1n b\u1ea1n \u0111\u00e3 s\u1eed d\u1ee5ng \u1ee9ng d\u1ee5ng n\u00e0y!<\/h2>\t\t\t\t<\/div>\n\t\t\t\t<\/div>\n\t\t\t\t<div class=\"elementor-element elementor-element-7a6345d3 elementor-widget elementor-widget-text-editor\" data-id=\"7a6345d3\" data-element_type=\"widget\" data-e-type=\"widget\" data-widget_type=\"text-editor.default\">\n\t\t\t\t<div class=\"elementor-widget-container\">\n\t\t\t\t\t\t\t\t\t<p>ALPS s\u1ebd li\u00ean h\u1ec7 v\u1edbi nh\u1eefng ng\u01b0\u1eddi gi\u1edbi thi\u1ec7u c\u1ee7a b\u1ea1n v\u00e0 li\u00ean h\u1ec7 v\u1edbi b\u1ea1n trong v\u00f2ng 1 tu\u1ea7n v\u1ec1 c\u00e1c b\u01b0\u1edbc ti\u1ebfp theo c\u1ee7a b\u1ea1n \u0111\u1ec3 thi\u1ebft l\u1eadp quan h\u1ec7 \u0111\u1ed1i t\u00e1c v\u1edbi tr\u01b0\u1eddng h\u1ecdc c\u1ee7a ch\u00fang t\u00f4i.<\/p><p>N\u1ebfu b\u1ea1n kh\u00f4ng nh\u1eadn \u0111\u01b0\u1ee3c email trong v\u00f2ng 1 tu\u1ea7n, vui l\u00f2ng ki\u1ec3m tra th\u01b0 m\u1ee5c SPAM ho\u1eb7c JUNK c\u1ee7a b\u1ea1n \u0111\u1ec3 t\u00ecm email t\u1eeb <a href=\"mailto:info@alps.edu\">info@alps.edu<\/a>.<\/p><p>C\u1ea3m \u01a1n b\u1ea1n r\u1ea5t nhi\u1ec1u v\u00e0 ch\u00fang t\u00f4i mong \u0111\u01b0\u1ee3c h\u1ee3p t\u00e1c v\u1edbi \u0111\u1ea1i l\u00fd c\u1ee7a b\u1ea1n!<\/p>\t\t\t\t\t\t\t\t<\/div>\n\t\t\t\t<\/div>\n\t\t\t\t\t<\/div>\n\t\t<\/div>\n\t\t\t\t\t<\/div>\n\t\t<\/section>\n\t\t\t\t<\/div>","protected":false},"excerpt":{"rendered":"<p>Thank you for your application! ALPS will reach out to your references and contact you within 1 week about your next steps to form a partnership with our school. If you do not receive an email within 1 week, please check your SPAM or JUNK folders for an email from info@alps.edu. Thank you very much, [&hellip;]<\/p>\n","protected":false},"author":2,"featured_media":0,"parent":0,"menu_order":0,"comment_status":"closed","ping_status":"closed","template":"","meta":{"_acf_changed":false,"footnotes":""},"class_list":["post-2327","page","type-page","status-publish","hentry"],"acf":[],"yoast_head":"<!-- This site is optimized with the Yoast SEO plugin v27.1.1 - https:\/\/yoast.com\/product\/yoast-seo-wordpress\/ -->\n<title>Thank You - Agency Application - ALPS Language School<\/title>\n<meta name=\"robots\" content=\"index, follow, max-snippet:-1, max-image-preview:large, max-video-preview:-1\" \/>\n<link rel=\"canonical\" href=\"https:\/\/alps.edu\/vi\/cam-on-ung-dung-dai-ly\/\" \/>\n<meta property=\"og:locale\" content=\"vi_VN\" \/>\n<meta property=\"og:type\" content=\"article\" \/>\n<meta property=\"og:title\" content=\"Thank You - Agency Application - ALPS Language School\" \/>\n<meta property=\"og:description\" content=\"Thank you for your application! ALPS will reach out to your references and contact you within 1 week about your next steps to form a partnership with our school. If you do not receive an email within 1 week, please check your SPAM or JUNK folders for an email from info@alps.edu. Thank you very much, [&hellip;]\" \/>\n<meta property=\"og:url\" content=\"https:\/\/alps.edu\/vi\/cam-on-ung-dung-dai-ly\/\" \/>\n<meta property=\"og:site_name\" content=\"ALPS Language School\" \/>\n<meta property=\"article:publisher\" content=\"https:\/\/www.facebook.com\/ALPS.Language.School\/\" \/>\n<meta property=\"article:modified_time\" content=\"2023-06-03T01:21:57+00:00\" \/>\n<meta name=\"twitter:card\" content=\"summary_large_image\" \/>\n<meta name=\"twitter:site\" content=\"@ALPS_School\" \/>\n<meta name=\"twitter:label1\" content=\"\u01af\u1edbc t\u00ednh th\u1eddi gian \u0111\u1ecdc\" \/>\n\t<meta name=\"twitter:data1\" content=\"1 ph\u00fat\" \/>\n<script type=\"application\/ld+json\" class=\"yoast-schema-graph\">{\"@context\":\"https:\/\/schema.org\",\"@graph\":[{\"@type\":\"WebPage\",\"@id\":\"https:\/\/alps.edu\/thank-you-agent-application\/\",\"url\":\"https:\/\/alps.edu\/thank-you-agent-application\/\",\"name\":\"Thank You - Agency Application - ALPS Language School\",\"isPartOf\":{\"@id\":\"https:\/\/alps.edu\/#website\"},\"datePublished\":\"2023-06-03T01:19:28+00:00\",\"dateModified\":\"2023-06-03T01:21:57+00:00\",\"breadcrumb\":{\"@id\":\"https:\/\/alps.edu\/thank-you-agent-application\/#breadcrumb\"},\"inLanguage\":\"vi\",\"potentialAction\":[{\"@type\":\"ReadAction\",\"target\":[\"https:\/\/alps.edu\/thank-you-agent-application\/\"]}]},{\"@type\":\"BreadcrumbList\",\"@id\":\"https:\/\/alps.edu\/thank-you-agent-application\/#breadcrumb\",\"itemListElement\":[{\"@type\":\"ListItem\",\"position\":1,\"name\":\"Home\",\"item\":\"https:\/\/alps.edu\/\"},{\"@type\":\"ListItem\",\"position\":2,\"name\":\"Thank You &#8211; Agency Application\"}]},{\"@type\":\"WebSite\",\"@id\":\"https:\/\/alps.edu\/#website\",\"url\":\"https:\/\/alps.edu\/\",\"name\":\"ALPS Language School\",\"description\":\"Seattle English Classes for Adults\",\"publisher\":{\"@id\":\"https:\/\/alps.edu\/#organization\"},\"potentialAction\":[{\"@type\":\"SearchAction\",\"target\":{\"@type\":\"EntryPoint\",\"urlTemplate\":\"https:\/\/alps.edu\/?s={search_term_string}\"},\"query-input\":{\"@type\":\"PropertyValueSpecification\",\"valueRequired\":true,\"valueName\":\"search_term_string\"}}],\"inLanguage\":\"vi\"},{\"@type\":\"Organization\",\"@id\":\"https:\/\/alps.edu\/#organization\",\"name\":\"ALPS Language School\",\"url\":\"https:\/\/alps.edu\/\",\"logo\":{\"@type\":\"ImageObject\",\"inLanguage\":\"vi\",\"@id\":\"https:\/\/alps.edu\/#\/schema\/logo\/image\/\",\"url\":\"https:\/\/alps.edu\/wp-content\/uploads\/2020\/04\/alps-logo.png\",\"contentUrl\":\"https:\/\/alps.edu\/wp-content\/uploads\/2020\/04\/alps-logo.png\",\"width\":256,\"height\":181,\"caption\":\"ALPS Language School\"},\"image\":{\"@id\":\"https:\/\/alps.edu\/#\/schema\/logo\/image\/\"},\"sameAs\":[\"https:\/\/www.facebook.com\/ALPS.Language.School\/\",\"https:\/\/x.com\/ALPS_School\",\"https:\/\/www.linkedin.com\/school\/alps-language-school\/\"]}]}<\/script>\n<!-- \/ Yoast SEO plugin. -->","yoast_head_json":{"title":"C\u1ea3m \u01a1n b\u1ea1n - \u0110\u01a1n \u0111\u0103ng k\u00fd \u0111\u1ea1i l\u00fd - Tr\u01b0\u1eddng ng\u00f4n ng\u1eef ALPS","robots":{"index":"index","follow":"follow","max-snippet":"max-snippet:-1","max-image-preview":"max-image-preview:large","max-video-preview":"max-video-preview:-1"},"canonical":"https:\/\/alps.edu\/vi\/cam-on-ung-dung-dai-ly\/","og_locale":"vi_VN","og_type":"article","og_title":"Thank You - Agency Application - ALPS Language School","og_description":"Thank you for your application! ALPS will reach out to your references and contact you within 1 week about your next steps to form a partnership with our school. If you do not receive an email within 1 week, please check your SPAM or JUNK folders for an email from info@alps.edu. Thank you very much, [&hellip;]","og_url":"https:\/\/alps.edu\/vi\/cam-on-ung-dung-dai-ly\/","og_site_name":"ALPS Language School","article_publisher":"https:\/\/www.facebook.com\/ALPS.Language.School\/","article_modified_time":"2023-06-03T01:21:57+00:00","twitter_card":"summary_large_image","twitter_site":"@ALPS_School","twitter_misc":{"\u01af\u1edbc t\u00ednh th\u1eddi gian \u0111\u1ecdc":"1 ph\u00fat"},"schema":{"@context":"https:\/\/schema.org","@graph":[{"@type":"WebPage","@id":"https:\/\/alps.edu\/thank-you-agent-application\/","url":"https:\/\/alps.edu\/thank-you-agent-application\/","name":"C\u1ea3m \u01a1n b\u1ea1n - \u0110\u01a1n \u0111\u0103ng k\u00fd \u0111\u1ea1i l\u00fd - Tr\u01b0\u1eddng ng\u00f4n ng\u1eef ALPS","isPartOf":{"@id":"https:\/\/alps.edu\/#website"},"datePublished":"2023-06-03T01:19:28+00:00","dateModified":"2023-06-03T01:21:57+00:00","breadcrumb":{"@id":"https:\/\/alps.edu\/thank-you-agent-application\/#breadcrumb"},"inLanguage":"vi","potentialAction":[{"@type":"ReadAction","target":["https:\/\/alps.edu\/thank-you-agent-application\/"]}]},{"@type":"BreadcrumbList","@id":"https:\/\/alps.edu\/thank-you-agent-application\/#breadcrumb","itemListElement":[{"@type":"ListItem","position":1,"name":"Home","item":"https:\/\/alps.edu\/"},{"@type":"ListItem","position":2,"name":"Thank You &#8211; Agency Application"}]},{"@type":"WebSite","@id":"https:\/\/alps.edu\/#website","url":"https:\/\/alps.edu\/","name":"Tr\u01b0\u1eddng ng\u00f4n ng\u1eef ALPS","description":"L\u1edbp h\u1ecdc ti\u1ebfng Anh Seattle d\u00e0nh cho ng\u01b0\u1eddi l\u1edbn","publisher":{"@id":"https:\/\/alps.edu\/#organization"},"potentialAction":[{"@type":"SearchAction","target":{"@type":"EntryPoint","urlTemplate":"https:\/\/alps.edu\/?s={search_term_string}"},"query-input":{"@type":"PropertyValueSpecification","valueRequired":true,"valueName":"search_term_string"}}],"inLanguage":"vi"},{"@type":"Organization","@id":"https:\/\/alps.edu\/#organization","name":"Tr\u01b0\u1eddng ng\u00f4n ng\u1eef ALPS","url":"https:\/\/alps.edu\/","logo":{"@type":"ImageObject","inLanguage":"vi","@id":"https:\/\/alps.edu\/#\/schema\/logo\/image\/","url":"https:\/\/alps.edu\/wp-content\/uploads\/2020\/04\/alps-logo.png","contentUrl":"https:\/\/alps.edu\/wp-content\/uploads\/2020\/04\/alps-logo.png","width":256,"height":181,"caption":"ALPS Language School"},"image":{"@id":"https:\/\/alps.edu\/#\/schema\/logo\/image\/"},"sameAs":["https:\/\/www.facebook.com\/ALPS.Language.School\/","https:\/\/x.com\/ALPS_School","https:\/\/www.linkedin.com\/school\/alps-language-school\/"]}]}},"_links":{"self":[{"href":"https:\/\/alps.edu\/vi\/wp-json\/wp\/v2\/pages\/2327","targetHints":{"allow":["GET"]}}],"collection":[{"href":"https:\/\/alps.edu\/vi\/wp-json\/wp\/v2\/pages"}],"about":[{"href":"https:\/\/alps.edu\/vi\/wp-json\/wp\/v2\/types\/page"}],"author":[{"embeddable":true,"href":"https:\/\/alps.edu\/vi\/wp-json\/wp\/v2\/users\/2"}],"replies":[{"embeddable":true,"href":"https:\/\/alps.edu\/vi\/wp-json\/wp\/v2\/comments?post=2327"}],"version-history":[{"count":4,"href":"https:\/\/alps.edu\/vi\/wp-json\/wp\/v2\/pages\/2327\/revisions"}],"predecessor-version":[{"id":2331,"href":"https:\/\/alps.edu\/vi\/wp-json\/wp\/v2\/pages\/2327\/revisions\/2331"}],"wp:attachment":[{"href":"https:\/\/alps.edu\/vi\/wp-json\/wp\/v2\/media?parent=2327"}],"curies":[{"name":"wp","href":"https:\/\/api.w.org\/{rel}","templated":true}]}}