{"id":3580,"date":"2025-11-18T10:48:32","date_gmt":"2025-11-18T18:48:32","guid":{"rendered":"https:\/\/alps.edu\/?page_id=3580"},"modified":"2025-11-24T10:59:45","modified_gmt":"2025-11-24T18:59:45","slug":"cong-thanh-toan","status":"publish","type":"page","link":"https:\/\/alps.edu\/vi\/payment-portal\/","title":{"rendered":"C\u1ed5ng thanh to\u00e1n"},"content":{"rendered":"<div data-elementor-type=\"wp-page\" data-elementor-id=\"3580\" class=\"elementor elementor-3580\" data-elementor-post-type=\"page\">\n\t\t\t\t\t\t<section data-particle_enable=\"false\" data-particle-mobile-disabled=\"false\" class=\"elementor-section elementor-top-section elementor-element elementor-element-039173d elementor-section-boxed elementor-section-height-default elementor-section-height-default\" data-id=\"039173d\" data-element_type=\"section\" data-e-type=\"section\">\n\t\t\t\t\t\t<div class=\"elementor-container elementor-column-gap-default\">\n\t\t\t\t\t<div class=\"elementor-column elementor-col-100 elementor-top-column elementor-element elementor-element-f3b16c2\" data-id=\"f3b16c2\" data-element_type=\"column\" data-e-type=\"column\">\n\t\t\t<div class=\"elementor-widget-wrap elementor-element-populated\">\n\t\t\t\t\t\t<div class=\"elementor-element elementor-element-8ee0cb6 elementor-widget elementor-widget-heading\" data-id=\"8ee0cb6\" data-element_type=\"widget\" data-e-type=\"widget\" data-widget_type=\"heading.default\">\n\t\t\t\t<div class=\"elementor-widget-container\">\n\t\t\t\t\t<h2 class=\"elementor-heading-title elementor-size-default\">C\u1ed5ng thanh to\u00e1n ALPS<\/h2>\t\t\t\t<\/div>\n\t\t\t\t<\/div>\n\t\t\t\t\t<\/div>\n\t\t<\/div>\n\t\t\t\t\t<\/div>\n\t\t<\/section>\n\t\t\t\t<section data-particle_enable=\"false\" data-particle-mobile-disabled=\"false\" class=\"elementor-section elementor-top-section elementor-element elementor-element-ec551b5 elementor-section-boxed elementor-section-height-default elementor-section-height-default\" data-id=\"ec551b5\" data-element_type=\"section\" data-e-type=\"section\">\n\t\t\t\t\t\t<div class=\"elementor-container elementor-column-gap-default\">\n\t\t\t\t\t<div class=\"elementor-column elementor-col-100 elementor-top-column elementor-element elementor-element-1acc40d\" data-id=\"1acc40d\" data-element_type=\"column\" data-e-type=\"column\">\n\t\t\t<div class=\"elementor-widget-wrap elementor-element-populated\">\n\t\t\t\t\t\t<div class=\"elementor-element elementor-element-3dd397b elementor-widget elementor-widget-text-editor\" data-id=\"3dd397b\" data-element_type=\"widget\" data-e-type=\"widget\" data-widget_type=\"text-editor.default\">\n\t\t\t\t<div class=\"elementor-widget-container\">\n\t\t\t\t\t\t\t\t\t<p>ALPS ch\u1ea5p nh\u1eadn thanh to\u00e1n b\u1eb1ng ti\u1ec1n m\u1eb7t, s\u00e9c, Zelle, chuy\u1ec3n kho\u1ea3n ng\u00e2n h\u00e0ng ho\u1eb7c th\u1ebb t\u00edn d\u1ee5ng\/th\u1ebb ghi n\u1ee3. \u0110\u1ec3 trang tr\u1ea3i chi ph\u00ed ch\u1ea5p nh\u1eadn th\u1ebb t\u00edn d\u1ee5ng, ch\u00fang t\u00f4i s\u1ebd t\u00ednh ph\u00ed th\u1ebb t\u00edn d\u1ee5ng 3% n\u1ebfu b\u1ea1n thanh to\u00e1n b\u1eb1ng th\u1ebb t\u00edn d\u1ee5ng. Kho\u1ea3n ph\u00ed n\u00e0y kh\u00f4ng cao h\u01a1n chi ph\u00ed ch\u1ea5p nh\u1eadn c\u00e1c lo\u1ea1i th\u1ebb n\u00e0y. Kh\u00f4ng t\u00ednh ph\u00ed \u0111\u1ed1i v\u1edbi Zelle, th\u1ebb ghi n\u1ee3 ho\u1eb7c c\u00e1c ph\u01b0\u01a1ng th\u1ee9c thanh to\u00e1n kh\u00e1c.<\/p><p><strong>C\u00e1ch thanh to\u00e1n b\u1eb1ng Zelle<\/strong><\/p><p>Zelle l\u00e0 m\u1ed9t \u1ee9ng d\u1ee5ng thanh to\u00e1n th\u01b0\u1eddng \u0111\u01b0\u1ee3c s\u1eed d\u1ee5ng \u0111\u1ec3 chuy\u1ec3n ti\u1ec1n t\u1ea1i Hoa K\u1ef3. B\u1ea1n s\u1ebd c\u1ea7n m\u1ed9t t\u00e0i kho\u1ea3n ng\u00e2n h\u00e0ng Hoa K\u1ef3 \u0111\u1ec3 chuy\u1ec3n ti\u1ec1n qua Zelle. B\u1ea1n c\u00f3 th\u1ec3 t\u00ecm hi\u1ec3u c\u00e1ch thi\u1ebft l\u1eadp Zelle tr\u00ean \u1ee9ng d\u1ee5ng ng\u00e2n h\u00e0ng tr\u1ef1c tuy\u1ebfn c\u1ee7a m\u00ecnh. <a href=\"https:\/\/enroll.zellepay.com\/\" target=\"_blank\" rel=\"noopener\">\u0111\u00e2y.<\/a><\/p><p><span style=\"text-decoration: underline;\">Th\u00f4ng tin Zelle c\u1ee7a ALPS l\u00e0:<\/span><\/p><p>Ng\u01b0\u1eddi nh\u1eadn thanh to\u00e1n: ALPS Education Services Inc<\/p><p>Email: info@alps.edu<\/p><p>\u0110i\u1ec7n tho\u1ea1i: 206-536-4152<\/p><p><strong>C\u00e1ch thanh to\u00e1n tr\u1ef1c ti\u1ebfp b\u1eb1ng ti\u1ec1n m\u1eb7t, s\u00e9c ho\u1eb7c th\u1ebb t\u00edn d\u1ee5ng\/th\u1ebb ghi n\u1ee3<\/strong><\/p><p>\u0110\u1ebfn tr\u1ef1c ti\u1ebfp tr\u01b0\u1eddng trong gi\u1edd l\u00e0m vi\u1ec7c \u0111\u1ec3 thanh to\u00e1n tr\u1ef1c ti\u1ebfp.<\/p><p><strong>C\u00e1ch thanh to\u00e1n tr\u1ef1c tuy\u1ebfn b\u1eb1ng th\u1ebb t\u00edn d\u1ee5ng ho\u1eb7c th\u1ebb ghi n\u1ee3<\/strong><\/p><p>Nh\u1ea5p v\u00e0o n\u00fat b\u00ean d\u01b0\u1edbi \u0111\u1ec3 thanh to\u00e1n tr\u1ef1c tuy\u1ebfn b\u1eb1ng th\u1ebb t\u00edn d\u1ee5ng ho\u1eb7c th\u1ebb ghi n\u1ee3.<\/p>\t\t\t\t\t\t\t\t<\/div>\n\t\t\t\t<\/div>\n\t\t\t\t\t<\/div>\n\t\t<\/div>\n\t\t\t\t\t<\/div>\n\t\t<\/section>\n\t\t\t\t<section data-particle_enable=\"false\" data-particle-mobile-disabled=\"false\" class=\"elementor-section elementor-top-section elementor-element elementor-element-6184568 elementor-section-boxed elementor-section-height-default elementor-section-height-default\" data-id=\"6184568\" data-element_type=\"section\" data-e-type=\"section\">\n\t\t\t\t\t\t<div class=\"elementor-container elementor-column-gap-default\">\n\t\t\t\t\t<div class=\"elementor-column elementor-col-100 elementor-top-column elementor-element elementor-element-3162dae\" data-id=\"3162dae\" data-element_type=\"column\" data-e-type=\"column\">\n\t\t\t<div class=\"elementor-widget-wrap elementor-element-populated\">\n\t\t\t\t\t\t<div class=\"elementor-element elementor-element-9f83c9b elementor-align-center elementor-widget elementor-widget-button\" data-id=\"9f83c9b\" data-element_type=\"widget\" data-e-type=\"widget\" data-widget_type=\"button.default\">\n\t\t\t\t<div class=\"elementor-widget-container\">\n\t\t\t\t\t\t\t\t\t<div class=\"elementor-button-wrapper\">\n\t\t\t\t\t<a class=\"elementor-button elementor-button-link elementor-size-sm\" href=\"https:\/\/cardx.com\/pay-alpslanguage\" target=\"_blank\">\n\t\t\t\t\t\t<span class=\"elementor-button-content-wrapper\">\n\t\t\t\t\t\t\t\t\t<span class=\"elementor-button-text\">Thanh to\u00e1n tr\u1ef1c tuy\u1ebfn t\u1ea1i \u0111\u00e2y<\/span>\n\t\t\t\t\t<\/span>\n\t\t\t\t\t<\/a>\n\t\t\t\t<\/div>\n\t\t\t\t\t\t\t\t<\/div>\n\t\t\t\t<\/div>\n\t\t\t\t\t<\/div>\n\t\t<\/div>\n\t\t\t\t\t<\/div>\n\t\t<\/section>\n\t\t\t\t<\/div>","protected":false},"excerpt":{"rendered":"<p>ALPS Payment Portal ALPS accepts payment via cash, check, Zelle, wire transfer, or credit\/debit card. To cover the cost of credit card acceptance, we pass on a 3% credit card fee if you pay with a credit card. This fee is not more than the cost of accepting these cards. There is no fee for [&hellip;]<\/p>\n","protected":false},"author":2,"featured_media":0,"parent":0,"menu_order":0,"comment_status":"closed","ping_status":"closed","template":"","meta":{"_acf_changed":false,"footnotes":""},"class_list":["post-3580","page","type-page","status-publish","hentry"],"acf":[],"yoast_head":"<!-- This site is optimized with the Yoast SEO plugin v27.1.1 - https:\/\/yoast.com\/product\/yoast-seo-wordpress\/ -->\n<title>Payment Portal - ALPS Language School<\/title>\n<meta name=\"robots\" content=\"index, follow, max-snippet:-1, max-image-preview:large, max-video-preview:-1\" \/>\n<link rel=\"canonical\" href=\"https:\/\/alps.edu\/vi\/cong-thanh-toan\/\" \/>\n<meta property=\"og:locale\" content=\"vi_VN\" \/>\n<meta property=\"og:type\" content=\"article\" \/>\n<meta property=\"og:title\" content=\"Payment Portal - ALPS Language School\" \/>\n<meta property=\"og:description\" content=\"ALPS Payment Portal ALPS accepts payment via cash, check, Zelle, wire transfer, or credit\/debit card. To cover the cost of credit card acceptance, we pass on a 3% credit card fee if you pay with a credit card. This fee is not more than the cost of accepting these cards. There is no fee for [&hellip;]\" \/>\n<meta property=\"og:url\" content=\"https:\/\/alps.edu\/vi\/cong-thanh-toan\/\" \/>\n<meta property=\"og:site_name\" content=\"ALPS Language School\" \/>\n<meta property=\"article:publisher\" content=\"https:\/\/www.facebook.com\/ALPS.Language.School\/\" \/>\n<meta property=\"article:modified_time\" content=\"2025-11-24T18:59:45+00:00\" \/>\n<meta name=\"twitter:card\" content=\"summary_large_image\" \/>\n<meta name=\"twitter:site\" content=\"@ALPS_School\" \/>\n<meta name=\"twitter:label1\" content=\"\u01af\u1edbc t\u00ednh th\u1eddi gian \u0111\u1ecdc\" \/>\n\t<meta name=\"twitter:data1\" content=\"1 ph\u00fat\" \/>\n<script type=\"application\/ld+json\" class=\"yoast-schema-graph\">{\"@context\":\"https:\/\/schema.org\",\"@graph\":[{\"@type\":\"WebPage\",\"@id\":\"https:\/\/alps.edu\/payment-portal\/\",\"url\":\"https:\/\/alps.edu\/payment-portal\/\",\"name\":\"Payment Portal - ALPS Language School\",\"isPartOf\":{\"@id\":\"https:\/\/alps.edu\/#website\"},\"datePublished\":\"2025-11-18T18:48:32+00:00\",\"dateModified\":\"2025-11-24T18:59:45+00:00\",\"breadcrumb\":{\"@id\":\"https:\/\/alps.edu\/payment-portal\/#breadcrumb\"},\"inLanguage\":\"vi\",\"potentialAction\":[{\"@type\":\"ReadAction\",\"target\":[\"https:\/\/alps.edu\/payment-portal\/\"]}]},{\"@type\":\"BreadcrumbList\",\"@id\":\"https:\/\/alps.edu\/payment-portal\/#breadcrumb\",\"itemListElement\":[{\"@type\":\"ListItem\",\"position\":1,\"name\":\"Home\",\"item\":\"https:\/\/alps.edu\/\"},{\"@type\":\"ListItem\",\"position\":2,\"name\":\"Payment Portal\"}]},{\"@type\":\"WebSite\",\"@id\":\"https:\/\/alps.edu\/#website\",\"url\":\"https:\/\/alps.edu\/\",\"name\":\"ALPS Language School\",\"description\":\"Seattle English Classes for Adults\",\"publisher\":{\"@id\":\"https:\/\/alps.edu\/#organization\"},\"potentialAction\":[{\"@type\":\"SearchAction\",\"target\":{\"@type\":\"EntryPoint\",\"urlTemplate\":\"https:\/\/alps.edu\/?s={search_term_string}\"},\"query-input\":{\"@type\":\"PropertyValueSpecification\",\"valueRequired\":true,\"valueName\":\"search_term_string\"}}],\"inLanguage\":\"vi\"},{\"@type\":\"Organization\",\"@id\":\"https:\/\/alps.edu\/#organization\",\"name\":\"ALPS Language School\",\"url\":\"https:\/\/alps.edu\/\",\"logo\":{\"@type\":\"ImageObject\",\"inLanguage\":\"vi\",\"@id\":\"https:\/\/alps.edu\/#\/schema\/logo\/image\/\",\"url\":\"https:\/\/alps.edu\/wp-content\/uploads\/2020\/04\/alps-logo.png\",\"contentUrl\":\"https:\/\/alps.edu\/wp-content\/uploads\/2020\/04\/alps-logo.png\",\"width\":256,\"height\":181,\"caption\":\"ALPS Language School\"},\"image\":{\"@id\":\"https:\/\/alps.edu\/#\/schema\/logo\/image\/\"},\"sameAs\":[\"https:\/\/www.facebook.com\/ALPS.Language.School\/\",\"https:\/\/x.com\/ALPS_School\",\"https:\/\/www.linkedin.com\/school\/alps-language-school\/\"]}]}<\/script>\n<!-- \/ Yoast SEO plugin. -->","yoast_head_json":{"title":"C\u1ed5ng thanh to\u00e1n - Tr\u01b0\u1eddng Ng\u00f4n ng\u1eef ALPS","robots":{"index":"index","follow":"follow","max-snippet":"max-snippet:-1","max-image-preview":"max-image-preview:large","max-video-preview":"max-video-preview:-1"},"canonical":"https:\/\/alps.edu\/vi\/cong-thanh-toan\/","og_locale":"vi_VN","og_type":"article","og_title":"Payment Portal - ALPS Language School","og_description":"ALPS Payment Portal ALPS accepts payment via cash, check, Zelle, wire transfer, or credit\/debit card. To cover the cost of credit card acceptance, we pass on a 3% credit card fee if you pay with a credit card. This fee is not more than the cost of accepting these cards. There is no fee for [&hellip;]","og_url":"https:\/\/alps.edu\/vi\/cong-thanh-toan\/","og_site_name":"ALPS Language School","article_publisher":"https:\/\/www.facebook.com\/ALPS.Language.School\/","article_modified_time":"2025-11-24T18:59:45+00:00","twitter_card":"summary_large_image","twitter_site":"@ALPS_School","twitter_misc":{"\u01af\u1edbc t\u00ednh th\u1eddi gian \u0111\u1ecdc":"1 ph\u00fat"},"schema":{"@context":"https:\/\/schema.org","@graph":[{"@type":"WebPage","@id":"https:\/\/alps.edu\/payment-portal\/","url":"https:\/\/alps.edu\/payment-portal\/","name":"C\u1ed5ng thanh to\u00e1n - Tr\u01b0\u1eddng Ng\u00f4n ng\u1eef ALPS","isPartOf":{"@id":"https:\/\/alps.edu\/#website"},"datePublished":"2025-11-18T18:48:32+00:00","dateModified":"2025-11-24T18:59:45+00:00","breadcrumb":{"@id":"https:\/\/alps.edu\/payment-portal\/#breadcrumb"},"inLanguage":"vi","potentialAction":[{"@type":"ReadAction","target":["https:\/\/alps.edu\/payment-portal\/"]}]},{"@type":"BreadcrumbList","@id":"https:\/\/alps.edu\/payment-portal\/#breadcrumb","itemListElement":[{"@type":"ListItem","position":1,"name":"Home","item":"https:\/\/alps.edu\/"},{"@type":"ListItem","position":2,"name":"Payment Portal"}]},{"@type":"WebSite","@id":"https:\/\/alps.edu\/#website","url":"https:\/\/alps.edu\/","name":"Tr\u01b0\u1eddng ng\u00f4n ng\u1eef ALPS","description":"L\u1edbp h\u1ecdc ti\u1ebfng Anh Seattle d\u00e0nh cho ng\u01b0\u1eddi l\u1edbn","publisher":{"@id":"https:\/\/alps.edu\/#organization"},"potentialAction":[{"@type":"SearchAction","target":{"@type":"EntryPoint","urlTemplate":"https:\/\/alps.edu\/?s={search_term_string}"},"query-input":{"@type":"PropertyValueSpecification","valueRequired":true,"valueName":"search_term_string"}}],"inLanguage":"vi"},{"@type":"Organization","@id":"https:\/\/alps.edu\/#organization","name":"Tr\u01b0\u1eddng ng\u00f4n ng\u1eef ALPS","url":"https:\/\/alps.edu\/","logo":{"@type":"ImageObject","inLanguage":"vi","@id":"https:\/\/alps.edu\/#\/schema\/logo\/image\/","url":"https:\/\/alps.edu\/wp-content\/uploads\/2020\/04\/alps-logo.png","contentUrl":"https:\/\/alps.edu\/wp-content\/uploads\/2020\/04\/alps-logo.png","width":256,"height":181,"caption":"ALPS Language School"},"image":{"@id":"https:\/\/alps.edu\/#\/schema\/logo\/image\/"},"sameAs":["https:\/\/www.facebook.com\/ALPS.Language.School\/","https:\/\/x.com\/ALPS_School","https:\/\/www.linkedin.com\/school\/alps-language-school\/"]}]}},"_links":{"self":[{"href":"https:\/\/alps.edu\/vi\/wp-json\/wp\/v2\/pages\/3580","targetHints":{"allow":["GET"]}}],"collection":[{"href":"https:\/\/alps.edu\/vi\/wp-json\/wp\/v2\/pages"}],"about":[{"href":"https:\/\/alps.edu\/vi\/wp-json\/wp\/v2\/types\/page"}],"author":[{"embeddable":true,"href":"https:\/\/alps.edu\/vi\/wp-json\/wp\/v2\/users\/2"}],"replies":[{"embeddable":true,"href":"https:\/\/alps.edu\/vi\/wp-json\/wp\/v2\/comments?post=3580"}],"version-history":[{"count":58,"href":"https:\/\/alps.edu\/vi\/wp-json\/wp\/v2\/pages\/3580\/revisions"}],"predecessor-version":[{"id":3643,"href":"https:\/\/alps.edu\/vi\/wp-json\/wp\/v2\/pages\/3580\/revisions\/3643"}],"wp:attachment":[{"href":"https:\/\/alps.edu\/vi\/wp-json\/wp\/v2\/media?parent=3580"}],"curies":[{"name":"wp","href":"https:\/\/api.w.org\/{rel}","templated":true}]}}