{"id":864,"date":"2020-07-20T10:36:22","date_gmt":"2020-07-20T17:36:22","guid":{"rendered":"https:\/\/alps.edu\/?page_id=864"},"modified":"2025-12-06T12:05:58","modified_gmt":"2025-12-06T20:05:58","slug":"cac-hoat-dong","status":"publish","type":"page","link":"https:\/\/alps.edu\/vi\/activities\/","title":{"rendered":"C\u00e1c ho\u1ea1t \u0111\u1ed9ng"},"content":{"rendered":"\t\t<div data-elementor-type=\"wp-page\" data-elementor-id=\"864\" class=\"elementor elementor-864\" data-elementor-post-type=\"page\">\n\t\t\t\t\t\t<section data-particle_enable=\"false\" data-particle-mobile-disabled=\"false\" class=\"elementor-section elementor-top-section elementor-element elementor-element-71c20333 elementor-section-boxed elementor-section-height-default elementor-section-height-default\" data-id=\"71c20333\" data-element_type=\"section\" data-e-type=\"section\">\n\t\t\t\t\t\t<div class=\"elementor-container elementor-column-gap-default\">\n\t\t\t\t\t<div class=\"elementor-column elementor-col-50 elementor-top-column elementor-element elementor-element-44db105\" data-id=\"44db105\" data-element_type=\"column\" data-e-type=\"column\">\n\t\t\t<div class=\"elementor-widget-wrap elementor-element-populated\">\n\t\t\t\t\t\t<div class=\"elementor-element elementor-element-1ecfb709 elementor-widget elementor-widget-table-of-contents\" data-id=\"1ecfb709\" data-element_type=\"widget\" data-e-type=\"widget\" data-settings=\"{&quot;exclude_headings_by_selector&quot;:[],&quot;marker_view&quot;:&quot;bullets&quot;,&quot;motion_fx_motion_fx_scrolling&quot;:&quot;yes&quot;,&quot;motion_fx_range&quot;:&quot;viewport&quot;,&quot;sticky&quot;:&quot;top&quot;,&quot;sticky_offset&quot;:100,&quot;sticky_parent&quot;:&quot;yes&quot;,&quot;no_headings_message&quot;:&quot;No headings were found on this page.&quot;,&quot;headings_by_tags&quot;:[&quot;h2&quot;,&quot;h3&quot;,&quot;h4&quot;,&quot;h5&quot;,&quot;h6&quot;],&quot;icon&quot;:{&quot;value&quot;:&quot;fas fa-circle&quot;,&quot;library&quot;:&quot;fa-solid&quot;},&quot;min_height&quot;:{&quot;unit&quot;:&quot;px&quot;,&quot;size&quot;:&quot;&quot;,&quot;sizes&quot;:[]},&quot;min_height_tablet&quot;:{&quot;unit&quot;:&quot;px&quot;,&quot;size&quot;:&quot;&quot;,&quot;sizes&quot;:[]},&quot;min_height_mobile&quot;:{&quot;unit&quot;:&quot;px&quot;,&quot;size&quot;:&quot;&quot;,&quot;sizes&quot;:[]},&quot;motion_fx_devices&quot;:[&quot;desktop&quot;,&quot;tablet&quot;,&quot;mobile&quot;],&quot;sticky_on&quot;:[&quot;desktop&quot;,&quot;tablet&quot;,&quot;mobile&quot;],&quot;sticky_effects_offset&quot;:0,&quot;sticky_anchor_link_offset&quot;:0}\" data-widget_type=\"table-of-contents.default\">\n\t\t\t\t<div class=\"elementor-widget-container\">\n\t\t\t\t\t\t\t<div class=\"elementor-toc__header\">\n\t\t\t<h2 class=\"elementor-toc__header-title\">\n\t\t\t\tSections\t\t\t<\/h2>\n\t\t\t\t\t<\/div>\n\t\t<div id=\"elementor-toc__1ecfb709\" class=\"elementor-toc__body\">\n\t\t\t<div class=\"elementor-toc__spinner-container\">\n\t\t\t\t<i class=\"elementor-toc__spinner eicon-animation-spin eicon-loading\" aria-hidden=\"true\"><\/i>\t\t\t<\/div>\n\t\t<\/div>\n\t\t\t\t\t\t<\/div>\n\t\t\t\t<\/div>\n\t\t\t\t\t<\/div>\n\t\t<\/div>\n\t\t\t\t<div class=\"elementor-column elementor-col-50 elementor-top-column elementor-element elementor-element-7c535e14\" data-id=\"7c535e14\" data-element_type=\"column\" data-e-type=\"column\">\n\t\t\t<div class=\"elementor-widget-wrap elementor-element-populated\">\n\t\t\t\t\t\t<div data-dce-title-color=\"#000000\" class=\"elementor-element elementor-element-1079dfe elementor-widget elementor-widget-heading\" data-id=\"1079dfe\" data-element_type=\"widget\" data-e-type=\"widget\" data-widget_type=\"heading.default\">\n\t\t\t\t<div class=\"elementor-widget-container\">\n\t\t\t\t\t<h2 class=\"elementor-heading-title elementor-size-default\">School Activities<\/h2>\t\t\t\t<\/div>\n\t\t\t\t<\/div>\n\t\t\t\t<div class=\"elementor-element elementor-element-76b60ddc elementor-widget elementor-widget-text-editor\" data-id=\"76b60ddc\" data-element_type=\"widget\" data-e-type=\"widget\" data-widget_type=\"text-editor.default\">\n\t\t\t\t<div class=\"elementor-widget-container\">\n\t\t\t\t\t\t\t\t\t<p style=\"font-weight: 400;\"><strong>Practice English, Explore Seattle &amp; Washington State, Build Community<\/strong><\/p><p style=\"font-weight: 400;\">Gain a deeper knowledge of American culture and discover wonderful Seattle and Washington State. Practice English and build community with the other members of the school. <a href=\"https:\/\/alps.edu\/contact\/\" target=\"_blank\" rel=\"noopener\">Contact us<\/a> to find out what activities we will have during your stay.<\/p><p style=\"font-weight: 400;\"><strong>Each 4-week session an ALPS teacher leads cultural activities around the Seattle area. Activities can include:<\/strong><\/p><ul><li style=\"font-weight: 400;\">Social hours with games and conversation in local cafes and pubs<\/li><li style=\"font-size: 16px;\">Visits to local cultural attractions, museums or tourist attractions<\/li><li style=\"font-size: 16px;\">Movies<\/li><li style=\"font-size: 16px;\">Sporting events<\/li><li style=\"font-size: 16px;\">Picnics or BBQs in Seattle\u2019s beautiful parks<\/li><li style=\"font-weight: 400;\">Final Friday gathering with prizes<\/li><\/ul><p style=\"font-weight: 400;\">All students pay the\u00a0<a href=\"https:\/\/alps.edu\/prices\/\" data-saferedirecturl=\"https:\/\/www.google.com\/url?q=https:\/\/alps.edu\/prices\/&amp;source=gmail&amp;ust=1673046046112000&amp;usg=AOvVaw0yyhcM-ysvoG7kcZr39xOl\">Facility &amp;\u00a0Activity Fee<\/a> to cover the cost of our activity coordinators.\u00a0\u00a0Students pay for their own transportation, entry fees (if applicable), food, beverages, etc.<\/p>\t\t\t\t\t\t\t\t<\/div>\n\t\t\t\t<\/div>\n\t\t\t\t<div class=\"elementor-element elementor-element-832427a dce_masking-none elementor-widget elementor-widget-image\" data-id=\"832427a\" data-element_type=\"widget\" data-e-type=\"widget\" data-widget_type=\"image.default\">\n\t\t\t\t<div class=\"elementor-widget-container\">\n\t\t\t\t\t\t\t\t\t\t\t\t<figure class=\"wp-caption\">\n\t\t\t\t\t\t\t\t\t\t<img fetchpriority=\"high\" decoding=\"async\" width=\"768\" height=\"606\" src=\"https:\/\/alps.edu\/wp-content\/uploads\/2020\/07\/Group-1-768x606.jpg\" class=\"attachment-medium_large size-medium_large wp-image-1074\" alt=\"ALPS student activity group of students at Mount Rainier near Seattle with teacher\" srcset=\"https:\/\/alps.edu\/wp-content\/uploads\/2020\/07\/Group-1-768x606.jpg 768w, https:\/\/alps.edu\/wp-content\/uploads\/2020\/07\/Group-1-300x237.jpg 300w, https:\/\/alps.edu\/wp-content\/uploads\/2020\/07\/Group-1-1024x808.jpg 1024w, https:\/\/alps.edu\/wp-content\/uploads\/2020\/07\/Group-1-1536x1212.jpg 1536w, https:\/\/alps.edu\/wp-content\/uploads\/2020\/07\/Group-1-e1596228400544.jpg 1545w\" sizes=\"(max-width: 768px) 100vw, 768px\" \/>\t\t\t\t\t\t\t\t\t\t\t<figcaption class=\"widget-image-caption wp-caption-text\">Mount Rainier Field Trip<\/figcaption>\n\t\t\t\t\t\t\t\t\t\t<\/figure>\n\t\t\t\t\t\t\t\t\t<\/div>\n\t\t\t\t<\/div>\n\t\t\t\t<div class=\"elementor-element elementor-element-2f1eaf0d elementor-widget elementor-widget-spacer\" data-id=\"2f1eaf0d\" data-element_type=\"widget\" data-e-type=\"widget\" data-widget_type=\"spacer.default\">\n\t\t\t\t<div class=\"elementor-widget-container\">\n\t\t\t\t\t\t\t<div class=\"elementor-spacer\">\n\t\t\t<div class=\"elementor-spacer-inner\"><\/div>\n\t\t<\/div>\n\t\t\t\t\t\t<\/div>\n\t\t\t\t<\/div>\n\t\t\t\t<div class=\"elementor-element elementor-element-f76d03c dce_masking-none elementor-widget elementor-widget-image\" data-id=\"f76d03c\" data-element_type=\"widget\" data-e-type=\"widget\" data-widget_type=\"image.default\">\n\t\t\t\t<div class=\"elementor-widget-container\">\n\t\t\t\t\t\t\t\t\t\t\t\t<figure class=\"wp-caption\">\n\t\t\t\t\t\t\t\t\t\t<img decoding=\"async\" width=\"768\" height=\"455\" src=\"https:\/\/alps.edu\/wp-content\/uploads\/2020\/07\/Mariners-baseball-768x455.jpg\" class=\"attachment-medium_large size-medium_large wp-image-1075\" alt=\"large group of ALPS students practicing English on school activity at Mariners Major League Baseball game in Seattle\" srcset=\"https:\/\/alps.edu\/wp-content\/uploads\/2020\/07\/Mariners-baseball-768x455.jpg 768w, https:\/\/alps.edu\/wp-content\/uploads\/2020\/07\/Mariners-baseball-300x178.jpg 300w, https:\/\/alps.edu\/wp-content\/uploads\/2020\/07\/Mariners-baseball-1024x607.jpg 1024w, https:\/\/alps.edu\/wp-content\/uploads\/2020\/07\/Mariners-baseball-1536x910.jpg 1536w, https:\/\/alps.edu\/wp-content\/uploads\/2020\/07\/Mariners-baseball-e1596228389710.jpg 1600w\" sizes=\"(max-width: 768px) 100vw, 768px\" \/>\t\t\t\t\t\t\t\t\t\t\t<figcaption class=\"widget-image-caption wp-caption-text\">Mariners Major League Baseball Game<\/figcaption>\n\t\t\t\t\t\t\t\t\t\t<\/figure>\n\t\t\t\t\t\t\t\t\t<\/div>\n\t\t\t\t<\/div>\n\t\t\t\t<div class=\"elementor-element elementor-element-d0c709e elementor-widget elementor-widget-spacer\" data-id=\"d0c709e\" data-element_type=\"widget\" data-e-type=\"widget\" data-widget_type=\"spacer.default\">\n\t\t\t\t<div class=\"elementor-widget-container\">\n\t\t\t\t\t\t\t<div class=\"elementor-spacer\">\n\t\t\t<div class=\"elementor-spacer-inner\"><\/div>\n\t\t<\/div>\n\t\t\t\t\t\t<\/div>\n\t\t\t\t<\/div>\n\t\t\t\t<div class=\"elementor-element elementor-element-1fd627b dce_masking-none elementor-widget elementor-widget-image\" data-id=\"1fd627b\" data-element_type=\"widget\" data-e-type=\"widget\" data-widget_type=\"image.default\">\n\t\t\t\t<div class=\"elementor-widget-container\">\n\t\t\t\t\t\t\t\t\t\t\t\t<figure class=\"wp-caption\">\n\t\t\t\t\t\t\t\t\t\t<img decoding=\"async\" width=\"768\" height=\"498\" src=\"https:\/\/alps.edu\/wp-content\/uploads\/2020\/07\/Microsoft-Visitor-Center-768x498.jpg\" class=\"attachment-medium_large size-medium_large wp-image-1077\" alt=\"group of ALPS students on school activity at Microsoft headquarters visitors center near Seattle\" srcset=\"https:\/\/alps.edu\/wp-content\/uploads\/2020\/07\/Microsoft-Visitor-Center-768x498.jpg 768w, https:\/\/alps.edu\/wp-content\/uploads\/2020\/07\/Microsoft-Visitor-Center-300x195.jpg 300w, https:\/\/alps.edu\/wp-content\/uploads\/2020\/07\/Microsoft-Visitor-Center-1024x664.jpg 1024w, https:\/\/alps.edu\/wp-content\/uploads\/2020\/07\/Microsoft-Visitor-Center-1536x996.jpg 1536w, https:\/\/alps.edu\/wp-content\/uploads\/2020\/07\/Microsoft-Visitor-Center-e1596228380244.jpg 1600w\" sizes=\"(max-width: 768px) 100vw, 768px\" \/>\t\t\t\t\t\t\t\t\t\t\t<figcaption class=\"widget-image-caption wp-caption-text\">Microsoft Visitor Center<\/figcaption>\n\t\t\t\t\t\t\t\t\t\t<\/figure>\n\t\t\t\t\t\t\t\t\t<\/div>\n\t\t\t\t<\/div>\n\t\t\t\t<div class=\"elementor-element elementor-element-f1a9fe7 elementor-widget elementor-widget-spacer\" data-id=\"f1a9fe7\" data-element_type=\"widget\" data-e-type=\"widget\" data-widget_type=\"spacer.default\">\n\t\t\t\t<div class=\"elementor-widget-container\">\n\t\t\t\t\t\t\t<div class=\"elementor-spacer\">\n\t\t\t<div class=\"elementor-spacer-inner\"><\/div>\n\t\t<\/div>\n\t\t\t\t\t\t<\/div>\n\t\t\t\t<\/div>\n\t\t\t\t<div class=\"elementor-element elementor-element-a78379f dce_masking-none elementor-widget elementor-widget-image\" data-id=\"a78379f\" data-element_type=\"widget\" data-e-type=\"widget\" data-widget_type=\"image.default\">\n\t\t\t\t<div class=\"elementor-widget-container\">\n\t\t\t\t\t\t\t\t\t\t\t\t<figure class=\"wp-caption\">\n\t\t\t\t\t\t\t\t\t\t<img loading=\"lazy\" decoding=\"async\" width=\"768\" height=\"511\" src=\"https:\/\/alps.edu\/wp-content\/uploads\/2020\/07\/Seattle-Ferry-Trip-768x511.jpg\" class=\"attachment-medium_large size-medium_large wp-image-1080\" alt=\"ALPS students on school activity Seattle ferry group picture\" srcset=\"https:\/\/alps.edu\/wp-content\/uploads\/2020\/07\/Seattle-Ferry-Trip-768x511.jpg 768w, https:\/\/alps.edu\/wp-content\/uploads\/2020\/07\/Seattle-Ferry-Trip-300x200.jpg 300w, https:\/\/alps.edu\/wp-content\/uploads\/2020\/07\/Seattle-Ferry-Trip-1024x681.jpg 1024w, https:\/\/alps.edu\/wp-content\/uploads\/2020\/07\/Seattle-Ferry-Trip-391x260.jpg 391w, https:\/\/alps.edu\/wp-content\/uploads\/2020\/07\/Seattle-Ferry-Trip-1536x1022.jpg 1536w, https:\/\/alps.edu\/wp-content\/uploads\/2020\/07\/Seattle-Ferry-Trip-e1596228340541.jpg 1600w\" sizes=\"(max-width: 768px) 100vw, 768px\" \/>\t\t\t\t\t\t\t\t\t\t\t<figcaption class=\"widget-image-caption wp-caption-text\">Seattle Ferry to Bainbridge Island<\/figcaption>\n\t\t\t\t\t\t\t\t\t\t<\/figure>\n\t\t\t\t\t\t\t\t\t<\/div>\n\t\t\t\t<\/div>\n\t\t\t\t<div class=\"elementor-element elementor-element-3d238e2 elementor-widget elementor-widget-spacer\" data-id=\"3d238e2\" data-element_type=\"widget\" data-e-type=\"widget\" data-widget_type=\"spacer.default\">\n\t\t\t\t<div class=\"elementor-widget-container\">\n\t\t\t\t\t\t\t<div class=\"elementor-spacer\">\n\t\t\t<div class=\"elementor-spacer-inner\"><\/div>\n\t\t<\/div>\n\t\t\t\t\t\t<\/div>\n\t\t\t\t<\/div>\n\t\t\t\t<div class=\"elementor-element elementor-element-cdf83df dce_masking-none elementor-widget elementor-widget-image\" data-id=\"cdf83df\" data-element_type=\"widget\" data-e-type=\"widget\" data-widget_type=\"image.default\">\n\t\t\t\t<div class=\"elementor-widget-container\">\n\t\t\t\t\t\t\t\t\t\t\t\t<figure class=\"wp-caption\">\n\t\t\t\t\t\t\t\t\t\t<img loading=\"lazy\" decoding=\"async\" width=\"768\" height=\"576\" src=\"https:\/\/alps.edu\/wp-content\/uploads\/2020\/07\/Starbucks-Reserve-768x576.jpg\" class=\"attachment-medium_large size-medium_large wp-image-1081\" alt=\"ALPS school activity group picture of students practicing English and drinking coffee at Starbucks Reserve in Seattle\" srcset=\"https:\/\/alps.edu\/wp-content\/uploads\/2020\/07\/Starbucks-Reserve-768x576.jpg 768w, https:\/\/alps.edu\/wp-content\/uploads\/2020\/07\/Starbucks-Reserve-300x225.jpg 300w, https:\/\/alps.edu\/wp-content\/uploads\/2020\/07\/Starbucks-Reserve-1024x768.jpg 1024w, https:\/\/alps.edu\/wp-content\/uploads\/2020\/07\/Starbucks-Reserve-1536x1152.jpg 1536w, https:\/\/alps.edu\/wp-content\/uploads\/2020\/07\/Starbucks-Reserve-e1596228317361.jpg 1600w\" sizes=\"(max-width: 768px) 100vw, 768px\" \/>\t\t\t\t\t\t\t\t\t\t\t<figcaption class=\"widget-image-caption wp-caption-text\">Starbucks Reserve Roastery<\/figcaption>\n\t\t\t\t\t\t\t\t\t\t<\/figure>\n\t\t\t\t\t\t\t\t\t<\/div>\n\t\t\t\t<\/div>\n\t\t\t\t<div class=\"elementor-element elementor-element-bbca219 elementor-widget elementor-widget-spacer\" data-id=\"bbca219\" data-element_type=\"widget\" data-e-type=\"widget\" data-widget_type=\"spacer.default\">\n\t\t\t\t<div class=\"elementor-widget-container\">\n\t\t\t\t\t\t\t<div class=\"elementor-spacer\">\n\t\t\t<div class=\"elementor-spacer-inner\"><\/div>\n\t\t<\/div>\n\t\t\t\t\t\t<\/div>\n\t\t\t\t<\/div>\n\t\t\t\t<div class=\"elementor-element elementor-element-220b1f3 dce_masking-none elementor-widget elementor-widget-video\" data-id=\"220b1f3\" data-element_type=\"widget\" data-e-type=\"widget\" data-settings=\"{&quot;youtube_url&quot;:&quot;https:\\\/\\\/www.youtube.com\\\/watch?v=GgAx3_ke7ak&quot;,&quot;lazy_load&quot;:&quot;yes&quot;,&quot;video_type&quot;:&quot;youtube&quot;,&quot;controls&quot;:&quot;yes&quot;}\" data-widget_type=\"video.default\">\n\t\t\t\t<div class=\"elementor-widget-container\">\n\t\t\t\t\t\t\t<div class=\"elementor-wrapper elementor-open-inline\">\n\t\t\t<div class=\"elementor-video\"><\/div>\t\t<\/div>\n\t\t\t\t\t\t<\/div>\n\t\t\t\t<\/div>\n\t\t\t\t\t<\/div>\n\t\t<\/div>\n\t\t\t\t\t<\/div>\n\t\t<\/section>\n\t\t\t\t<\/div>\n\t\t","protected":false},"excerpt":{"rendered":"<p>Sections School Activities Practice English, Explore Seattle &amp; Washington State, Build Community Gain a deeper knowledge of American culture and discover wonderful Seattle and Washington State. Practice English and build community with the other members of the school. Contact us to find out what activities we will have during your stay. Each 4-week session an [&hellip;]<\/p>\n","protected":false},"author":1,"featured_media":0,"parent":0,"menu_order":0,"comment_status":"closed","ping_status":"closed","template":"","meta":{"_acf_changed":false,"footnotes":""},"class_list":["post-864","page","type-page","status-publish","hentry"],"acf":[],"yoast_head":"<!-- This site is optimized with the Yoast SEO plugin v27.1.1 - https:\/\/yoast.com\/product\/yoast-seo-wordpress\/ -->\n<title>Activities | School Excursions - ALPS Language School<\/title>\n<meta name=\"description\" content=\"Explore the Seattle area and practice speaking English on ALPS school activities! Activities are led by an ALPS teacher and are English only.\" \/>\n<meta name=\"robots\" content=\"index, follow, max-snippet:-1, max-image-preview:large, max-video-preview:-1\" \/>\n<link rel=\"canonical\" href=\"https:\/\/alps.edu\/vi\/cac-hoat-dong\/\" \/>\n<meta property=\"og:locale\" content=\"vi_VN\" \/>\n<meta property=\"og:type\" content=\"article\" \/>\n<meta property=\"og:title\" content=\"Activities | School Excursions - ALPS Language School\" \/>\n<meta property=\"og:description\" content=\"Explore the Seattle area and practice speaking English on ALPS school activities! Activities are led by an ALPS teacher and are English only.\" \/>\n<meta property=\"og:url\" content=\"https:\/\/alps.edu\/vi\/cac-hoat-dong\/\" \/>\n<meta property=\"og:site_name\" content=\"ALPS Language School\" \/>\n<meta property=\"article:publisher\" content=\"https:\/\/www.facebook.com\/ALPS.Language.School\/\" \/>\n<meta property=\"article:modified_time\" content=\"2025-12-06T20:05:58+00:00\" \/>\n<meta property=\"og:image\" content=\"https:\/\/alps.edu\/wp-content\/uploads\/2020\/07\/Group-1-e1596228400544.jpg\" \/>\n\t<meta property=\"og:image:width\" content=\"1545\" \/>\n\t<meta property=\"og:image:height\" content=\"1219\" \/>\n\t<meta property=\"og:image:type\" content=\"image\/jpeg\" \/>\n<meta name=\"twitter:card\" content=\"summary_large_image\" \/>\n<meta name=\"twitter:site\" content=\"@ALPS_School\" \/>\n<meta name=\"twitter:label1\" content=\"\u01af\u1edbc t\u00ednh th\u1eddi gian \u0111\u1ecdc\" \/>\n\t<meta name=\"twitter:data1\" content=\"2 ph\u00fat\" \/>\n<script type=\"application\/ld+json\" class=\"yoast-schema-graph\">{\"@context\":\"https:\/\/schema.org\",\"@graph\":[{\"@type\":\"WebPage\",\"@id\":\"https:\/\/alps.edu\/activities\/\",\"url\":\"https:\/\/alps.edu\/activities\/\",\"name\":\"Activities | School Excursions - ALPS Language School\",\"isPartOf\":{\"@id\":\"https:\/\/alps.edu\/#website\"},\"primaryImageOfPage\":{\"@id\":\"https:\/\/alps.edu\/activities\/#primaryimage\"},\"image\":{\"@id\":\"https:\/\/alps.edu\/activities\/#primaryimage\"},\"thumbnailUrl\":\"https:\/\/alps.edu\/wp-content\/uploads\/2020\/07\/Group-1-768x606.jpg\",\"datePublished\":\"2020-07-20T17:36:22+00:00\",\"dateModified\":\"2025-12-06T20:05:58+00:00\",\"description\":\"Explore the Seattle area and practice speaking English on ALPS school activities! Activities are led by an ALPS teacher and are English only.\",\"breadcrumb\":{\"@id\":\"https:\/\/alps.edu\/activities\/#breadcrumb\"},\"inLanguage\":\"vi\",\"potentialAction\":[{\"@type\":\"ReadAction\",\"target\":[\"https:\/\/alps.edu\/activities\/\"]}]},{\"@type\":\"ImageObject\",\"inLanguage\":\"vi\",\"@id\":\"https:\/\/alps.edu\/activities\/#primaryimage\",\"url\":\"https:\/\/alps.edu\/wp-content\/uploads\/2020\/07\/Group-1-768x606.jpg\",\"contentUrl\":\"https:\/\/alps.edu\/wp-content\/uploads\/2020\/07\/Group-1-768x606.jpg\"},{\"@type\":\"BreadcrumbList\",\"@id\":\"https:\/\/alps.edu\/activities\/#breadcrumb\",\"itemListElement\":[{\"@type\":\"ListItem\",\"position\":1,\"name\":\"Home\",\"item\":\"https:\/\/alps.edu\/\"},{\"@type\":\"ListItem\",\"position\":2,\"name\":\"Activities\"}]},{\"@type\":\"WebSite\",\"@id\":\"https:\/\/alps.edu\/#website\",\"url\":\"https:\/\/alps.edu\/\",\"name\":\"ALPS Language School\",\"description\":\"Seattle English Classes for Adults\",\"publisher\":{\"@id\":\"https:\/\/alps.edu\/#organization\"},\"potentialAction\":[{\"@type\":\"SearchAction\",\"target\":{\"@type\":\"EntryPoint\",\"urlTemplate\":\"https:\/\/alps.edu\/?s={search_term_string}\"},\"query-input\":{\"@type\":\"PropertyValueSpecification\",\"valueRequired\":true,\"valueName\":\"search_term_string\"}}],\"inLanguage\":\"vi\"},{\"@type\":\"Organization\",\"@id\":\"https:\/\/alps.edu\/#organization\",\"name\":\"ALPS Language School\",\"url\":\"https:\/\/alps.edu\/\",\"logo\":{\"@type\":\"ImageObject\",\"inLanguage\":\"vi\",\"@id\":\"https:\/\/alps.edu\/#\/schema\/logo\/image\/\",\"url\":\"https:\/\/alps.edu\/wp-content\/uploads\/2020\/04\/alps-logo.png\",\"contentUrl\":\"https:\/\/alps.edu\/wp-content\/uploads\/2020\/04\/alps-logo.png\",\"width\":256,\"height\":181,\"caption\":\"ALPS Language School\"},\"image\":{\"@id\":\"https:\/\/alps.edu\/#\/schema\/logo\/image\/\"},\"sameAs\":[\"https:\/\/www.facebook.com\/ALPS.Language.School\/\",\"https:\/\/x.com\/ALPS_School\",\"https:\/\/www.linkedin.com\/school\/alps-language-school\/\"]}]}<\/script>\n<!-- \/ Yoast SEO plugin. -->","yoast_head_json":{"title":"Ho\u1ea1t \u0111\u1ed9ng | Tham Quan Tr\u01b0\u1eddng H\u1ecdc - Tr\u01b0\u1eddng Ng\u00f4n Ng\u1eef ALPS","description":"Kh\u00e1m ph\u00e1 khu v\u1ef1c Seattle v\u00e0 th\u1ef1c h\u00e0nh n\u00f3i ti\u1ebfng Anh trong c\u00e1c ho\u1ea1t \u0111\u1ed9ng c\u1ee7a tr\u01b0\u1eddng ALPS! C\u00e1c ho\u1ea1t \u0111\u1ed9ng \u0111\u01b0\u1ee3c h\u01b0\u1edbng d\u1eabn b\u1edfi gi\u00e1o vi\u00ean ALPS v\u00e0 ch\u1ec9 b\u1eb1ng ti\u1ebfng Anh.","robots":{"index":"index","follow":"follow","max-snippet":"max-snippet:-1","max-image-preview":"max-image-preview:large","max-video-preview":"max-video-preview:-1"},"canonical":"https:\/\/alps.edu\/vi\/cac-hoat-dong\/","og_locale":"vi_VN","og_type":"article","og_title":"Activities | School Excursions - ALPS Language School","og_description":"Explore the Seattle area and practice speaking English on ALPS school activities! Activities are led by an ALPS teacher and are English only.","og_url":"https:\/\/alps.edu\/vi\/cac-hoat-dong\/","og_site_name":"ALPS Language School","article_publisher":"https:\/\/www.facebook.com\/ALPS.Language.School\/","article_modified_time":"2025-12-06T20:05:58+00:00","og_image":[{"width":1545,"height":1219,"url":"https:\/\/alps.edu\/wp-content\/uploads\/2020\/07\/Group-1-e1596228400544.jpg","type":"image\/jpeg"}],"twitter_card":"summary_large_image","twitter_site":"@ALPS_School","twitter_misc":{"\u01af\u1edbc t\u00ednh th\u1eddi gian \u0111\u1ecdc":"2 ph\u00fat"},"schema":{"@context":"https:\/\/schema.org","@graph":[{"@type":"WebPage","@id":"https:\/\/alps.edu\/activities\/","url":"https:\/\/alps.edu\/activities\/","name":"Ho\u1ea1t \u0111\u1ed9ng | Tham Quan Tr\u01b0\u1eddng H\u1ecdc - Tr\u01b0\u1eddng Ng\u00f4n Ng\u1eef ALPS","isPartOf":{"@id":"https:\/\/alps.edu\/#website"},"primaryImageOfPage":{"@id":"https:\/\/alps.edu\/activities\/#primaryimage"},"image":{"@id":"https:\/\/alps.edu\/activities\/#primaryimage"},"thumbnailUrl":"https:\/\/alps.edu\/wp-content\/uploads\/2020\/07\/Group-1-768x606.jpg","datePublished":"2020-07-20T17:36:22+00:00","dateModified":"2025-12-06T20:05:58+00:00","description":"Kh\u00e1m ph\u00e1 khu v\u1ef1c Seattle v\u00e0 th\u1ef1c h\u00e0nh n\u00f3i ti\u1ebfng Anh trong c\u00e1c ho\u1ea1t \u0111\u1ed9ng c\u1ee7a tr\u01b0\u1eddng ALPS! C\u00e1c ho\u1ea1t \u0111\u1ed9ng \u0111\u01b0\u1ee3c h\u01b0\u1edbng d\u1eabn b\u1edfi gi\u00e1o vi\u00ean ALPS v\u00e0 ch\u1ec9 b\u1eb1ng ti\u1ebfng Anh.","breadcrumb":{"@id":"https:\/\/alps.edu\/activities\/#breadcrumb"},"inLanguage":"vi","potentialAction":[{"@type":"ReadAction","target":["https:\/\/alps.edu\/activities\/"]}]},{"@type":"ImageObject","inLanguage":"vi","@id":"https:\/\/alps.edu\/activities\/#primaryimage","url":"https:\/\/alps.edu\/wp-content\/uploads\/2020\/07\/Group-1-768x606.jpg","contentUrl":"https:\/\/alps.edu\/wp-content\/uploads\/2020\/07\/Group-1-768x606.jpg"},{"@type":"BreadcrumbList","@id":"https:\/\/alps.edu\/activities\/#breadcrumb","itemListElement":[{"@type":"ListItem","position":1,"name":"Home","item":"https:\/\/alps.edu\/"},{"@type":"ListItem","position":2,"name":"Activities"}]},{"@type":"WebSite","@id":"https:\/\/alps.edu\/#website","url":"https:\/\/alps.edu\/","name":"Tr\u01b0\u1eddng ng\u00f4n ng\u1eef ALPS","description":"L\u1edbp h\u1ecdc ti\u1ebfng Anh Seattle d\u00e0nh cho ng\u01b0\u1eddi l\u1edbn","publisher":{"@id":"https:\/\/alps.edu\/#organization"},"potentialAction":[{"@type":"SearchAction","target":{"@type":"EntryPoint","urlTemplate":"https:\/\/alps.edu\/?s={search_term_string}"},"query-input":{"@type":"PropertyValueSpecification","valueRequired":true,"valueName":"search_term_string"}}],"inLanguage":"vi"},{"@type":"Organization","@id":"https:\/\/alps.edu\/#organization","name":"Tr\u01b0\u1eddng ng\u00f4n ng\u1eef ALPS","url":"https:\/\/alps.edu\/","logo":{"@type":"ImageObject","inLanguage":"vi","@id":"https:\/\/alps.edu\/#\/schema\/logo\/image\/","url":"https:\/\/alps.edu\/wp-content\/uploads\/2020\/04\/alps-logo.png","contentUrl":"https:\/\/alps.edu\/wp-content\/uploads\/2020\/04\/alps-logo.png","width":256,"height":181,"caption":"ALPS Language School"},"image":{"@id":"https:\/\/alps.edu\/#\/schema\/logo\/image\/"},"sameAs":["https:\/\/www.facebook.com\/ALPS.Language.School\/","https:\/\/x.com\/ALPS_School","https:\/\/www.linkedin.com\/school\/alps-language-school\/"]}]}},"_links":{"self":[{"href":"https:\/\/alps.edu\/vi\/wp-json\/wp\/v2\/pages\/864","targetHints":{"allow":["GET"]}}],"collection":[{"href":"https:\/\/alps.edu\/vi\/wp-json\/wp\/v2\/pages"}],"about":[{"href":"https:\/\/alps.edu\/vi\/wp-json\/wp\/v2\/types\/page"}],"author":[{"embeddable":true,"href":"https:\/\/alps.edu\/vi\/wp-json\/wp\/v2\/users\/1"}],"replies":[{"embeddable":true,"href":"https:\/\/alps.edu\/vi\/wp-json\/wp\/v2\/comments?post=864"}],"version-history":[{"count":79,"href":"https:\/\/alps.edu\/vi\/wp-json\/wp\/v2\/pages\/864\/revisions"}],"predecessor-version":[{"id":3735,"href":"https:\/\/alps.edu\/vi\/wp-json\/wp\/v2\/pages\/864\/revisions\/3735"}],"wp:attachment":[{"href":"https:\/\/alps.edu\/vi\/wp-json\/wp\/v2\/media?parent=864"}],"curies":[{"name":"wp","href":"https:\/\/api.w.org\/{rel}","templated":true}]}}